{"id":9087,"date":"2018-01-22T18:59:34","date_gmt":"2018-01-22T17:59:34","guid":{"rendered":"http:\/\/coachingpartner.net\/cp\/?page_id=9087"},"modified":"2024-08-08T17:43:09","modified_gmt":"2024-08-08T16:43:09","slug":"skap-en-felles-visjon","status":"publish","type":"page","link":"https:\/\/coachingpartner.net\/cp\/nb\/skap-en-felles-visjon\/","title":{"rendered":"Skap felles visjon for bedriften"},"content":{"rendered":"<div id=\"pl-9087\"  class=\"panel-layout\" ><div id=\"pg-9087-0\"  class=\"panel-grid panel-no-style\" ><div id=\"pgc-9087-0-0\"  class=\"panel-grid-cell panel-grid-cell-empty\" ><\/div><div id=\"pgc-9087-0-1\"  class=\"panel-grid-cell panel-grid-cell-mobile-last\" ><div id=\"panel-9087-0-1-0\" class=\"so-panel widget widget_text panel-first-child panel-last-child\" data-index=\"0\" >\t\t\t<div class=\"textwidget\"><p class=\"titles_center_orange\" style=\"font-weight:400\">Skap felles visjon for bedriften<\/p>\n<\/div>\n\t\t<\/div><\/div><div id=\"pgc-9087-0-2\"  class=\"panel-grid-cell panel-grid-cell-empty\" ><\/div><\/div><div id=\"pg-9087-1\"  class=\"panel-grid panel-no-style\" ><div id=\"pgc-9087-1-0\"  class=\"panel-grid-cell\" ><div id=\"panel-9087-1-0-0\" class=\"so-panel widget widget_text panel-first-child panel-last-child\" data-index=\"1\" >\t\t\t<div class=\"textwidget\"><center>\n<img decoding=\"async\" src=\"https:\/\/coachingpartner.net\/cp\/wp-content\/uploads\/2017\/11\/matthaeus-39965-e1517189534965.jpg\" width=\"80%\" \/>\n<br>\n<span style=\"font-size:14px; color: #828282; text-align: right !important; font-weight: 100; font-style: italic;\">Bilde: matthaeus, <a href=\"https:\/\/unsplash.com\/photos\/zTsfXOZw6nY\" target=\"_blank\">unsplash.com<\/a><\/span>\n<\/center>\n<\/div>\n\t\t<\/div><\/div><\/div><div id=\"pg-9087-2\"  class=\"panel-grid panel-no-style\" ><div id=\"pgc-9087-2-0\"  class=\"panel-grid-cell panel-grid-cell-empty\" ><\/div><div id=\"pgc-9087-2-1\"  class=\"panel-grid-cell panel-grid-cell-empty panel-grid-cell-mobile-last\" ><\/div><div id=\"pgc-9087-2-2\"  class=\"panel-grid-cell panel-grid-cell-empty\" ><\/div><\/div><div id=\"pg-9087-3\"  class=\"panel-grid panel-no-style\" ><div id=\"pgc-9087-3-0\"  class=\"panel-grid-cell panel-grid-cell-empty\" ><\/div><div id=\"pgc-9087-3-1\"  class=\"panel-grid-cell panel-grid-cell-mobile-last\" ><div id=\"panel-9087-3-1-0\" class=\"so-panel widget widget_text panel-first-child panel-last-child\" data-index=\"2\" >\t\t\t<div class=\"textwidget\"><p class=\"titles_center_orange\" style=\"color: #40a56d; margin-bottom: 40px;\">Om prosessen<\/p>\n<p class=\"text_center\" style=\"text-align: center !important; font-size: 19px;\n    line-height: 30px !important;\n    font-weight: 100;\">I disse workshopene engasjerer vi alle teammedlemmer i \u00e5 re-skape bedriftens visjon gjennom individuell og felles utforskning samt oppsummering av hva som er likt og ulikt p\u00e5 individuelt, team og bedriftsniv\u00e5. Gjennom prosessen f\u00e5r deltagerne en sterk felles forankring til visjon, misjon og overordnede m\u00e5lsetninger<\/p><\/div>\n\t\t<\/div><\/div><div id=\"pgc-9087-3-2\"  class=\"panel-grid-cell panel-grid-cell-empty\" ><\/div><\/div><div id=\"pg-9087-4\"  class=\"panel-grid panel-no-style\" ><div id=\"pgc-9087-4-0\"  class=\"panel-grid-cell panel-grid-cell-empty\" ><\/div><div id=\"pgc-9087-4-1\"  class=\"panel-grid-cell panel-grid-cell-empty panel-grid-cell-mobile-last\" ><\/div><div id=\"pgc-9087-4-2\"  class=\"panel-grid-cell panel-grid-cell-empty\" ><\/div><\/div><div id=\"pg-9087-5\"  class=\"panel-grid panel-no-style\" ><div id=\"pgc-9087-5-0\"  class=\"panel-grid-cell panel-grid-cell-empty\" ><\/div><div id=\"pgc-9087-5-1\"  class=\"panel-grid-cell panel-grid-cell-mobile-last\" ><div id=\"panel-9087-5-1-0\" class=\"so-panel widget widget_text panel-first-child\" data-index=\"3\" >\t\t\t<div class=\"textwidget\"><p class=\"titles_center_orange\">Prosessens innhold<\/p>\n<\/div>\n\t\t<\/div><div id=\"panel-9087-5-1-1\" class=\"so-panel widget widget_text panel-last-child\" data-index=\"4\" >\t\t\t<div class=\"textwidget\"><p class=\"bullets_left_green\" style=\"color: #444 !important;\">\u2022 Alle deler sin visjon og sine m\u00e5l for bedriften samt \u00f8nsker for egen rolle i bedriften i fremtiden<\/p>\n<p class=\"bullets_left_green\" style=\"color: #444 !important;\">\u2022 Kreative \u00f8velser individuelt og i grupper for \u00e5 skape felles forst\u00e5else av hvorfor bedriften eksisterer og hva den ideelt \u00f8nsker \u00e5 oppn\u00e5<\/p>\n<p class=\"bullets_left_green\" style=\"color: #444 !important;\">\u2022 Oppsummere og avklare likheter og ulikheter individuelt og p\u00e5 tvers av team<\/p>\n<p class=\"bullets_left_green\" style=\"color: #444 !important;\">\u2022 Oppsummering av felles visjon, misjon og overordnede m\u00e5lsetninger for bedriften<\/p>\n<\/div>\n\t\t<\/div><\/div><div id=\"pgc-9087-5-2\"  class=\"panel-grid-cell panel-grid-cell-empty\" ><\/div><\/div><div id=\"pg-9087-6\"  class=\"panel-grid panel-no-style\" ><div id=\"pgc-9087-6-0\"  class=\"panel-grid-cell panel-grid-cell-empty\" ><\/div><div id=\"pgc-9087-6-1\"  class=\"panel-grid-cell panel-grid-cell-empty panel-grid-cell-mobile-last\" ><\/div><div id=\"pgc-9087-6-2\"  class=\"panel-grid-cell panel-grid-cell-empty\" ><\/div><\/div><div id=\"pg-9087-7\"  class=\"panel-grid panel-no-style\" ><div id=\"pgc-9087-7-0\"  class=\"panel-grid-cell panel-grid-cell-empty\" ><\/div><div id=\"pgc-9087-7-1\"  class=\"panel-grid-cell panel-grid-cell-empty panel-grid-cell-mobile-last\" ><\/div><div id=\"pgc-9087-7-2\"  class=\"panel-grid-cell panel-grid-cell-empty\" ><\/div><\/div><div id=\"pg-9087-8\"  class=\"panel-grid panel-no-style\" ><div id=\"pgc-9087-8-0\"  class=\"panel-grid-cell panel-grid-cell-empty\" ><\/div><div id=\"pgc-9087-8-1\"  class=\"panel-grid-cell panel-grid-cell-mobile-last\" ><div id=\"panel-9087-8-1-0\" class=\"so-panel widget widget_text panel-first-child panel-last-child\" data-index=\"5\" >\t\t\t<div class=\"textwidget\"><p class=\"titles_center_orange\" style=\"margin-bottom: 40px;\">M\u00e5lgruppe<\/p>\n<center><p style=\"text-align: left !important; font-size: 20px;\n    line-height: 30px !important;\n    font-weight: 100;\">Sm\u00e5 og mellomstore bedrifter som \u00f8nsker \u00e5 skape en felles visjon for \u00e5 skape samhandling, forpliktelse og synergier som kan ta bedriften til neste niv\u00e5. Workshopene holdes p\u00e5 teamniv\u00e5 med 4-15 deltagere per workshop. For st\u00f8rre organisasjonsendringer kan disse workshopen gjennomf\u00f8res tvers av flere team hvor oppsummering og viktigste innsikter kan rapporteres p\u00e5 organisasjonsniv\u00e5.<\/p>\n<\/center><\/div>\n\t\t<\/div><\/div><div id=\"pgc-9087-8-2\"  class=\"panel-grid-cell panel-grid-cell-empty\" ><\/div><\/div><div id=\"pg-9087-9\"  class=\"panel-grid panel-no-style\" ><div id=\"pgc-9087-9-0\"  class=\"panel-grid-cell panel-grid-cell-empty\" ><\/div><div id=\"pgc-9087-9-1\"  class=\"panel-grid-cell panel-grid-cell-empty panel-grid-cell-mobile-last\" ><\/div><div id=\"pgc-9087-9-2\"  class=\"panel-grid-cell panel-grid-cell-empty\" ><\/div><\/div><div id=\"pg-9087-10\"  class=\"panel-grid panel-no-style\" ><div id=\"pgc-9087-10-0\"  class=\"panel-grid-cell panel-grid-cell-empty\" ><\/div><div id=\"pgc-9087-10-1\"  class=\"panel-grid-cell panel-grid-cell-empty panel-grid-cell-mobile-last\" ><\/div><div id=\"pgc-9087-10-2\"  class=\"panel-grid-cell panel-grid-cell-empty\" ><\/div><\/div><div id=\"pg-9087-11\"  class=\"panel-grid panel-no-style\" ><div id=\"pgc-9087-11-0\"  class=\"panel-grid-cell panel-grid-cell-empty\" ><\/div><div id=\"pgc-9087-11-1\"  class=\"panel-grid-cell panel-grid-cell-mobile-last\" ><div id=\"panel-9087-11-1-0\" class=\"so-panel widget widget_text panel-first-child\" data-index=\"6\" >\t\t\t<div class=\"textwidget\"><p class=\"titles_center_orange\">Hva vil dere f\u00e5 ut av denne prosessen?<\/p>\n<\/div>\n\t\t<\/div><div id=\"panel-9087-11-1-1\" class=\"so-panel widget widget_text panel-last-child\" data-index=\"7\" >\t\t\t<div class=\"textwidget\"><p class=\"bullets_left_green\" style=\"color: #444 !important;\">\u2022 Felles visjon og misjon og f\u00f8lelse av felles eierskap til bedriften<\/p>\n<p class=\"bullets_left_green\" style=\"color: #444 !important;\">\u2022 Tydelig forst\u00e5else av hvorfor bedriften eksisterer inkludert kjerneverdier og felles idealer for fremtiden<\/p>\n<p class=\"bullets_left_green\" style=\"color: #444 !important;\">\u2022 Strategi for hvordan oversette visjon, misjon og overordnede m\u00e5l til ny operasjonell praksis og ny kommunikasjon internt og ekstern<\/p><\/div>\n\t\t<\/div><\/div><div id=\"pgc-9087-11-2\"  class=\"panel-grid-cell panel-grid-cell-empty\" ><\/div><\/div><div id=\"pg-9087-12\"  class=\"panel-grid panel-no-style\" ><div id=\"pgc-9087-12-0\"  class=\"panel-grid-cell panel-grid-cell-empty\" ><\/div><div id=\"pgc-9087-12-1\"  class=\"panel-grid-cell panel-grid-cell-empty panel-grid-cell-mobile-last\" ><\/div><div id=\"pgc-9087-12-2\"  class=\"panel-grid-cell panel-grid-cell-empty\" ><\/div><\/div><div id=\"pg-9087-13\"  class=\"panel-grid panel-no-style\" ><div id=\"pgc-9087-13-0\"  class=\"panel-grid-cell panel-grid-cell-empty\" ><\/div><div id=\"pgc-9087-13-1\"  class=\"panel-grid-cell panel-grid-cell-empty panel-grid-cell-mobile-last\" ><\/div><div id=\"pgc-9087-13-2\"  class=\"panel-grid-cell panel-grid-cell-empty\" ><\/div><\/div><div id=\"pg-9087-14\"  class=\"panel-grid panel-no-style\" ><div id=\"pgc-9087-14-0\"  class=\"panel-grid-cell panel-grid-cell-empty\" ><\/div><div id=\"pgc-9087-14-1\"  class=\"panel-grid-cell panel-grid-cell-mobile-last\" ><div id=\"panel-9087-14-1-0\" class=\"so-panel widget widget_text panel-first-child panel-last-child\" data-index=\"8\" >\t\t\t<div class=\"textwidget\"><p class=\"titles_center_orange\">Praktisk info<\/p><\/div>\n\t\t<\/div><\/div><div id=\"pgc-9087-14-2\"  class=\"panel-grid-cell panel-grid-cell-empty\" ><\/div><\/div><div id=\"pg-9087-15\"  class=\"panel-grid panel-no-style\" ><div id=\"pgc-9087-15-0\"  class=\"panel-grid-cell\" ><div id=\"panel-9087-15-0-0\" class=\"so-panel widget widget_text panel-first-child panel-last-child\" data-index=\"9\" >\t\t\t<div class=\"textwidget\"><p class=\"cita_right_green\">Format<\/p>\n<p class=\"texto_right\" style=\"    font-size: 20px;\n    line-height: 30px !important;\n    font-weight: 100;\">Forberedende refleksjonsoppgaver for alle deltagere. Teamworkshops med kreative \u00f8velser som g\u00e5r i dybden av hvorfor bedriften eksisterer og skaper felles forst\u00e5else for bedriftens visjon, misjon, verdier og overordnede m\u00e5lsetninger<\/p><\/div>\n\t\t<\/div><\/div><div id=\"pgc-9087-15-1\"  class=\"panel-grid-cell\" ><div id=\"panel-9087-15-1-0\" class=\"so-panel widget widget_text panel-first-child panel-last-child\" data-index=\"10\" >\t\t\t<div class=\"textwidget\"><span class=\"texto_center\"><img decoding=\"async\" class=\"bola_naranaja\" src=\"https:\/\/coachingpartner.net\/cp\/wp-content\/uploads\/2015\/08\/bola_naranja_03.png\" width=\"11px\">\n<img decoding=\"async\" class=\"raya\" src=\"https:\/\/coachingpartner.net\/cp\/wp-content\/uploads\/2015\/08\/ralla_pixel_07.png\" height=\"83px\" width=\"9px\">\n<img decoding=\"async\" class=\"bola_naranaja\" src=\"https:\/\/coachingpartner.net\/cp\/wp-content\/uploads\/2015\/08\/bola_naranja_03.png\" width=\"11px\">\n<img decoding=\"async\" class=\"raya\" src=\"https:\/\/coachingpartner.net\/cp\/wp-content\/uploads\/2015\/08\/ralla_pixel_07.png\" height=\"50px\" width=\"9px\">\n<\/span><\/div>\n\t\t<\/div><\/div><div id=\"pgc-9087-15-2\"  class=\"panel-grid-cell\" ><div id=\"panel-9087-15-2-0\" class=\"so-panel widget widget_text panel-first-child panel-last-child\" data-index=\"11\" ><div class=\"panel-widget-style panel-widget-style-for-9087-15-2-0\" >\t\t\t<div class=\"textwidget\"><p class=\"cita_left_green\">Time<\/p>\n<p class=\"texto_justificado\" style=\"    font-size: 20px;\n    line-height: 30px !important;\n    font-weight: 100;\n    text-align: left !important;\">3 x halvdags workshops. Format og lengde tilpasses etter behov<\/p><\/div>\n\t\t<\/div><\/div><\/div><\/div><div id=\"pg-9087-16\"  class=\"panel-grid panel-no-style\" ><div id=\"pgc-9087-16-0\"  class=\"panel-grid-cell\" ><div id=\"panel-9087-16-0-0\" class=\"so-panel widget widget_text panel-first-child panel-last-child\" data-index=\"12\" >\t\t\t<div class=\"textwidget\"><center><a class=\"vinculo_center_big_green\" href=\"https:\/\/coachingpartner.net\/cp\/nb\/kontakt\/\">Ta kontakt med oss for mer informasjon<\/a><\/center>\n\n<\/div>\n\t\t<\/div><\/div><\/div><div id=\"pg-9087-17\"  class=\"panel-grid panel-no-style\" ><div id=\"pgc-9087-17-0\"  class=\"panel-grid-cell panel-grid-cell-empty\" ><\/div><div id=\"pgc-9087-17-1\"  class=\"panel-grid-cell panel-grid-cell-empty panel-grid-cell-mobile-last\" ><\/div><div id=\"pgc-9087-17-2\"  class=\"panel-grid-cell panel-grid-cell-empty\" ><\/div><\/div><div id=\"pg-9087-18\"  class=\"panel-grid panel-no-style\" ><div id=\"pgc-9087-18-0\"  class=\"panel-grid-cell panel-grid-cell-empty\" ><\/div><div id=\"pgc-9087-18-1\"  class=\"panel-grid-cell panel-grid-cell-empty panel-grid-cell-mobile-last\" ><\/div><div id=\"pgc-9087-18-2\"  class=\"panel-grid-cell panel-grid-cell-empty\" ><\/div><\/div><div id=\"pg-9087-19\"  class=\"panel-grid panel-no-style\" ><div id=\"pgc-9087-19-0\"  class=\"panel-grid-cell panel-grid-cell-empty\" ><\/div><div id=\"pgc-9087-19-1\"  class=\"panel-grid-cell panel-grid-cell-mobile-last\" ><div id=\"panel-9087-19-1-0\" class=\"so-panel widget widget_text panel-first-child panel-last-child\" data-index=\"13\" >\t\t\t<div class=\"textwidget\"><p class=\"titles_center_orange\">Hva sier tidligere kunder?<\/p><\/div>\n\t\t<\/div><\/div><div id=\"pgc-9087-19-2\"  class=\"panel-grid-cell panel-grid-cell-empty\" ><\/div><\/div><div id=\"pg-9087-20\"  class=\"panel-grid panel-no-style\" ><div id=\"pgc-9087-20-0\"  class=\"panel-grid-cell\" ><div id=\"panel-9087-20-0-0\" class=\"so-panel widget widget_text panel-first-child panel-last-child\" data-index=\"14\" >\t\t\t<div class=\"textwidget\"><right>\n<center> <img decoding=\"async\" src=\"https:\/\/coachingpartner.net\/cp\/wp-content\/uploads\/2018\/03\/inge.jpg\"><\/center> \n<p  style=\"font-size:20px; line-height: 30px !important; font-weight: 100; text-align: right !important;\">\"Det har v\u00e6rt en morsom, utfordrende og l\u00e6rerik prosess og vi anbefaler coachingpartner p\u00e5 det varmeste til andre bedrifter som vil jobbe med teamutvikling\"\n<br>\n<span style=\"font-size:14px; text-align: right !important;\">- Ingeborg Dahl-Hilstad, Personskadeforbundet<\/span>\n <\/p>\n<\/right><\/div>\n\t\t<\/div><\/div><div id=\"pgc-9087-20-1\"  class=\"panel-grid-cell\" ><div id=\"panel-9087-20-1-0\" class=\"so-panel widget widget_text panel-first-child panel-last-child\" data-index=\"15\" >\t\t\t<div class=\"textwidget\"><span class=\"texto_center\">\n<div class=\"espacio_bola2\"><\/div>\n<img decoding=\"async\" class=\"raya\" src=\"https:\/\/coachingpartner.net\/cp\/wp-content\/uploads\/2015\/08\/ralla_pixel_07.png\" height=\"338px\" width=\"9px\">\n<\/span>\n<\/div>\n\t\t<\/div><\/div><div id=\"pgc-9087-20-2\"  class=\"panel-grid-cell\" ><div id=\"panel-9087-20-2-0\" class=\"so-panel widget widget_text panel-first-child panel-last-child\" data-index=\"16\" ><div class=\"panel-widget-style panel-widget-style-for-9087-20-2-0\" >\t\t\t<div class=\"textwidget\"><left>\n<p class=\"cita_left_green\">Slik beskriver teamledere v\u00e5re workshops:<\/p>\n<p style=\"text-align: left !important;\">\n<span style=\"font-size:20px; line-height: 30px !important; font-weight: 100; text-align: left  !important;\">\u201cEngasjerende, innsiktsfulle \u00f8velser, \u00f8ye\u00e5pnende, personlige og faglige innsikter, kreativt, g\u00f8y, trygt for alle \u00e5 dele, str\u00e5lende fasilitering\u201d \n<\/span>\n<br>\n<span style=\"font-size:14px; font-weight: 100;\"> Teamledere og deltagere p\u00e5 tidligere teamworkshops<\/span>\n <\/p>\n<\/left>\n  <\/div>\n\t\t<\/div><\/div><\/div><\/div><div id=\"pg-9087-21\"  class=\"panel-grid panel-no-style\" ><div id=\"pgc-9087-21-0\"  class=\"panel-grid-cell panel-grid-cell-empty\" ><\/div><div id=\"pgc-9087-21-1\"  class=\"panel-grid-cell panel-grid-cell-empty panel-grid-cell-mobile-last\" ><\/div><div id=\"pgc-9087-21-2\"  class=\"panel-grid-cell panel-grid-cell-empty\" ><\/div><\/div><div id=\"pg-9087-22\"  class=\"panel-grid panel-no-style\" ><div id=\"pgc-9087-22-0\"  class=\"panel-grid-cell panel-grid-cell-empty\" ><\/div><div id=\"pgc-9087-22-1\"  class=\"panel-grid-cell panel-grid-cell-empty panel-grid-cell-mobile-last\" ><\/div><div id=\"pgc-9087-22-2\"  class=\"panel-grid-cell panel-grid-cell-empty\" ><\/div><\/div><div id=\"pg-9087-23\"  class=\"panel-grid panel-no-style\" ><div id=\"pgc-9087-23-0\"  class=\"panel-grid-cell panel-grid-cell-empty\" ><\/div><div id=\"pgc-9087-23-1\"  class=\"panel-grid-cell panel-grid-cell-mobile-last\" ><div id=\"panel-9087-23-1-0\" class=\"so-panel widget widget_text panel-first-child panel-last-child\" data-index=\"17\" >\t\t\t<div class=\"textwidget\"><p>&nbsp;<\/p>\n<center> <img decoding=\"async\" src=\"https:\/\/coachingpartner.net\/cp\/wp-content\/uploads\/2015\/10\/teamd_2_08.jpg\"><\/center> \n<p style=\"font-size:20px; line-height: 30px !important; font-weight: 100; text-align: center !important; margin-bottom: -20px;\">\n\u201cIUM is continuously working on competence development and chose to work with Coachingpartner in 2012. As part of \u201cIUM school\u201d Coachingpartner created a tailor made programme for our advisors where the theme was motivation and self confidence. The day was a big success. The informal, yet professional approach to the team created an open atmosphere . All participants have taken advantage of techniques and learnings created on the day and are using these in their daily work. We look forward to working with Coachingpartner on further competence development in the future.\u201d<\/p>\n<p class=\"author_right_green\" style=\"margin-bottom: -20px;\">Rachel \u00d8ver\u00e5s, ex IUM, n\u00e5 Supertanker<\/p>\n\n<\/div>\n\t\t<\/div><\/div><div id=\"pgc-9087-23-2\"  class=\"panel-grid-cell panel-grid-cell-empty\" ><\/div><\/div><div id=\"pg-9087-24\"  class=\"panel-grid panel-no-style\" ><div id=\"pgc-9087-24-0\"  class=\"panel-grid-cell panel-grid-cell-empty\" ><\/div><div id=\"pgc-9087-24-1\"  class=\"panel-grid-cell panel-grid-cell-empty panel-grid-cell-mobile-last\" ><\/div><div id=\"pgc-9087-24-2\"  class=\"panel-grid-cell panel-grid-cell-empty\" ><\/div><\/div><div id=\"pg-9087-25\"  class=\"panel-grid panel-no-style\" ><div id=\"pgc-9087-25-0\"  class=\"panel-grid-cell panel-grid-cell-empty\" ><\/div><div id=\"pgc-9087-25-1\"  class=\"panel-grid-cell panel-grid-cell-empty panel-grid-cell-mobile-last\" ><\/div><div id=\"pgc-9087-25-2\"  class=\"panel-grid-cell panel-grid-cell-empty\" ><\/div><\/div><div id=\"pg-9087-26\"  class=\"panel-grid panel-no-style\" ><div id=\"pgc-9087-26-0\"  class=\"panel-grid-cell panel-grid-cell-empty\" ><\/div><div id=\"pgc-9087-26-1\"  class=\"panel-grid-cell panel-grid-cell-empty panel-grid-cell-mobile-last\" ><\/div><div id=\"pgc-9087-26-2\"  class=\"panel-grid-cell panel-grid-cell-empty\" ><\/div><\/div><div id=\"pg-9087-27\"  class=\"panel-grid panel-no-style\" ><div id=\"pgc-9087-27-0\"  class=\"panel-grid-cell\" ><div id=\"panel-9087-27-0-0\" class=\"so-panel widget widget_text panel-first-child panel-last-child\" data-index=\"18\" >\t\t\t<div class=\"textwidget\"><p class=\"titles_center_orange\" style=\"margin-bottom: 40px;\">Bilde fra tidligere workshop<\/p>\n<center>\n<img decoding=\"async\" src=\"https:\/\/coachingpartner.net\/cp\/wp-content\/uploads\/2018\/01\/Screen-Shot-2018-01-28-at-20.47.39.png\" style=\"width: 70%;\"\/>\n<br>\n<span style=\"font-size:14px; color: #828282; text-align: right !important; font-weight: 100; font-style: italic;\">Workshop med rekrutteringsfirmaet<a href=\"http:\/\/www.ilovemyjob.co.uk\" target=\"_blank\">\"I love my job\"<\/a><\/span>\n<\/center>\n\n<\/div>\n\t\t<\/div><\/div><\/div><div id=\"pg-9087-28\"  class=\"panel-grid panel-no-style\" ><div id=\"pgc-9087-28-0\"  class=\"panel-grid-cell panel-grid-cell-empty\" ><\/div><div id=\"pgc-9087-28-1\"  class=\"panel-grid-cell panel-grid-cell-empty panel-grid-cell-mobile-last\" ><\/div><div id=\"pgc-9087-28-2\"  class=\"panel-grid-cell panel-grid-cell-empty\" ><\/div><\/div><div id=\"pg-9087-29\"  class=\"panel-grid panel-no-style\" ><div id=\"pgc-9087-29-0\"  class=\"panel-grid-cell panel-grid-cell-empty\" ><\/div><div id=\"pgc-9087-29-1\"  class=\"panel-grid-cell panel-grid-cell-empty panel-grid-cell-mobile-last\" ><\/div><div id=\"pgc-9087-29-2\"  class=\"panel-grid-cell panel-grid-cell-empty\" ><\/div><\/div><div id=\"pg-9087-30\"  class=\"panel-grid panel-no-style\" ><div id=\"pgc-9087-30-0\"  class=\"panel-grid-cell\" ><div id=\"panel-9087-30-0-0\" class=\"so-panel widget widget_text panel-first-child panel-last-child\" data-index=\"19\" >\t\t\t<div class=\"textwidget\"><p class=\"titles_center_orange\">Flere bilder fra tidligere team workshops<\/p><\/div>\n\t\t<\/div><\/div><\/div><div id=\"pg-9087-31\"  class=\"panel-grid panel-no-style\" ><div id=\"pgc-9087-31-0\"  class=\"panel-grid-cell\" ><div id=\"panel-9087-31-0-0\" class=\"so-panel widget widget_text panel-first-child panel-last-child\" data-index=\"20\" >\t\t\t<div class=\"textwidget\"><center> <a href=\"https:\/\/coachingpartner.net\/cp\/wp-content\/uploads\/2018\/01\/Screen-Shot-2018-01-28-at-20.49.19.png\"><img decoding=\"async\" src=\"https:\/\/coachingpartner.net\/cp\/wp-content\/uploads\/2018\/01\/Screen-Shot-2018-01-28-at-20.49.19.png\"><\/a><\/center> <\/div>\n\t\t<\/div><\/div><div id=\"pgc-9087-31-1\"  class=\"panel-grid-cell\" ><div id=\"panel-9087-31-1-0\" class=\"so-panel widget widget_text panel-first-child panel-last-child\" data-index=\"21\" >\t\t\t<div class=\"textwidget\"><center> <a href=\"https:\/\/coachingpartner.net\/cp\/wp-content\/uploads\/2018\/01\/Coachingpartner_14.jpg\"><img decoding=\"async\" src=\"https:\/\/coachingpartner.net\/cp\/wp-content\/uploads\/2018\/01\/Coachingpartner_14.jpg\"><\/a><\/center> <\/div>\n\t\t<\/div><\/div><div id=\"pgc-9087-31-2\"  class=\"panel-grid-cell\" ><div id=\"panel-9087-31-2-0\" class=\"so-panel widget widget_text panel-first-child panel-last-child\" data-index=\"22\" >\t\t\t<div class=\"textwidget\"><center><a href=\"https:\/\/coachingpartner.net\/cp\/wp-content\/uploads\/2018\/01\/Coachingpartner_15.jpg\"><img decoding=\"async\" src=\"https:\/\/coachingpartner.net\/cp\/wp-content\/uploads\/2018\/01\/Coachingpartner_15.jpg\"><\/a><\/center> <\/div>\n\t\t<\/div><\/div><\/div><div id=\"pg-9087-32\"  class=\"panel-grid panel-no-style\" ><div id=\"pgc-9087-32-0\"  class=\"panel-grid-cell panel-grid-cell-empty\" ><\/div><div id=\"pgc-9087-32-1\"  class=\"panel-grid-cell panel-grid-cell-empty panel-grid-cell-mobile-last\" ><\/div><div id=\"pgc-9087-32-2\"  class=\"panel-grid-cell panel-grid-cell-empty\" ><\/div><\/div><div id=\"pg-9087-33\"  class=\"panel-grid panel-no-style\" ><div id=\"pgc-9087-33-0\"  class=\"panel-grid-cell\" ><div id=\"panel-9087-33-0-0\" class=\"so-panel widget widget_text panel-first-child panel-last-child\" data-index=\"23\" >\t\t\t<div class=\"textwidget\"><p class=\"titles_center_green\" style=\"line-height: 43px; margin-top: 58px;\">\u00d8nsker dere mer informasjon?<\/p>\n<center><a class=\"vinculo_center_big_green\" href=\"https:\/\/coachingpartner.net\/cp\/nb\/kontakt\/\"> Ta gjerne kontakt med oss!<\/a><\/center>\n\n<\/div>\n\t\t<\/div><\/div><\/div><div id=\"pg-9087-34\"  class=\"panel-grid panel-no-style\" ><div id=\"pgc-9087-34-0\"  class=\"panel-grid-cell panel-grid-cell-empty\" ><\/div><div id=\"pgc-9087-34-1\"  class=\"panel-grid-cell panel-grid-cell-empty panel-grid-cell-mobile-last\" ><\/div><div id=\"pgc-9087-34-2\"  class=\"panel-grid-cell panel-grid-cell-empty\" ><\/div><\/div><\/div><!-- AddThis Advanced Settings generic via filter on the_content --><!-- AddThis Share Buttons generic via filter on the_content -->","protected":false},"excerpt":{"rendered":"<p>Skap felles visjon for bedriften Bilde: matthaeus, unsplash.com<!-- AddThis Advanced Settings generic via filter on get_the_excerpt --><!-- AddThis Share Buttons generic via filter on get_the_excerpt --><\/p>\n","protected":false},"author":1,"featured_media":0,"parent":0,"menu_order":0,"comment_status":"closed","ping_status":"closed","template":"page-templates\/full-width.php","meta":{"_exactmetrics_skip_tracking":false,"_exactmetrics_sitenote_active":false,"_exactmetrics_sitenote_note":"","_exactmetrics_sitenote_category":0,"footnotes":""},"class_list":["post-9087","page","type-page","status-publish","hentry"],"wps_subtitle":"","_links":{"self":[{"href":"https:\/\/coachingpartner.net\/cp\/wp-json\/wp\/v2\/pages\/9087","targetHints":{"allow":["GET"]}}],"collection":[{"href":"https:\/\/coachingpartner.net\/cp\/wp-json\/wp\/v2\/pages"}],"about":[{"href":"https:\/\/coachingpartner.net\/cp\/wp-json\/wp\/v2\/types\/page"}],"author":[{"embeddable":true,"href":"https:\/\/coachingpartner.net\/cp\/wp-json\/wp\/v2\/users\/1"}],"replies":[{"embeddable":true,"href":"https:\/\/coachingpartner.net\/cp\/wp-json\/wp\/v2\/comments?post=9087"}],"version-history":[{"count":5,"href":"https:\/\/coachingpartner.net\/cp\/wp-json\/wp\/v2\/pages\/9087\/revisions"}],"predecessor-version":[{"id":53397,"href":"https:\/\/coachingpartner.net\/cp\/wp-json\/wp\/v2\/pages\/9087\/revisions\/53397"}],"wp:attachment":[{"href":"https:\/\/coachingpartner.net\/cp\/wp-json\/wp\/v2\/media?parent=9087"}],"curies":[{"name":"wp","href":"https:\/\/api.w.org\/{rel}","templated":true}]}}