{"id":9081,"date":"2018-01-22T18:56:49","date_gmt":"2018-01-22T17:56:49","guid":{"rendered":"http:\/\/coachingpartner.net\/cp\/?page_id=9081"},"modified":"2024-08-15T17:11:37","modified_gmt":"2024-08-15T16:11:37","slug":"kommuniser-bedre-teamet","status":"publish","type":"page","link":"https:\/\/coachingpartner.net\/cp\/nb\/kommuniser-bedre-teamet\/","title":{"rendered":"Teambuilding: Bli bedre kjent med teamet"},"content":{"rendered":"<div id=\"pl-9081\"  class=\"panel-layout\" ><div id=\"pg-9081-0\"  class=\"panel-grid panel-no-style\" ><div id=\"pgc-9081-0-0\"  class=\"panel-grid-cell panel-grid-cell-empty\" ><\/div><div id=\"pgc-9081-0-1\"  class=\"panel-grid-cell panel-grid-cell-mobile-last\" ><div id=\"panel-9081-0-1-0\" class=\"so-panel widget widget_text panel-first-child panel-last-child\" data-index=\"0\" >\t\t\t<div class=\"textwidget\"><p class=\"titles_center_orange\" style=\"font-weight:400\">Teambuilding: Bli bedre kjent med teamet<\/p>\n<\/div>\n\t\t<\/div><\/div><div id=\"pgc-9081-0-2\"  class=\"panel-grid-cell panel-grid-cell-empty\" ><\/div><\/div><div id=\"pg-9081-1\"  class=\"panel-grid panel-no-style\" ><div id=\"pgc-9081-1-0\"  class=\"panel-grid-cell\" ><div id=\"panel-9081-1-0-0\" class=\"so-panel widget widget_text panel-first-child panel-last-child\" data-index=\"1\" >\t\t\t<div class=\"textwidget\"><center>\n<img decoding=\"async\" src=\"https:\/\/coachingpartner.net\/cp\/wp-content\/uploads\/2014\/09\/a-1024x741.jpg\" width=\"80%\" \/>\n<br>\n<\/center>\n<\/div>\n\t\t<\/div><\/div><\/div><div id=\"pg-9081-2\"  class=\"panel-grid panel-no-style\" ><div id=\"pgc-9081-2-0\"  class=\"panel-grid-cell panel-grid-cell-empty\" ><\/div><div id=\"pgc-9081-2-1\"  class=\"panel-grid-cell panel-grid-cell-empty panel-grid-cell-mobile-last\" ><\/div><div id=\"pgc-9081-2-2\"  class=\"panel-grid-cell panel-grid-cell-empty\" ><\/div><\/div><div id=\"pg-9081-3\"  class=\"panel-grid panel-no-style\" ><div id=\"pgc-9081-3-0\"  class=\"panel-grid-cell panel-grid-cell-empty\" ><\/div><div id=\"pgc-9081-3-1\"  class=\"panel-grid-cell panel-grid-cell-mobile-last\" ><div id=\"panel-9081-3-1-0\" class=\"so-panel widget widget_text panel-first-child panel-last-child\" data-index=\"2\" >\t\t\t<div class=\"textwidget\"><p class=\"text_center\" style=\"text-align: center !important; font-size: 19px;\n    line-height: 30px !important;\n    font-weight: 100;\">I denne teambuildingworkshopen har vi fokus p\u00e5 \u00e5 ha det g\u00f8y, jobbe kreativt og lekent, og samtidig bli bedre kjent med hverandre gjennom spennende verkt\u00f8y som vil hjelpe dere \u00e5 samarbeide bedre i teamet.\n<p class=\"text_center\" style=\"text-align: center !important; font-size: 19px;\n    line-height: 30px !important;\n    font-weight: 100;\">\nFor \u00e5 skape best mulig samspill i teamet er det viktig at dere kjenner hverandre godt, forst\u00e5r hverandres styrker og ulikheter, og hvordan dere kan bruke denne forst\u00e5elsen til \u00e5 skape bedre samspill i teamet.\n\n<\/div>\n\t\t<\/div><\/div><div id=\"pgc-9081-3-2\"  class=\"panel-grid-cell panel-grid-cell-empty\" ><\/div><\/div><div id=\"pg-9081-4\"  class=\"panel-grid panel-no-style\" ><div id=\"pgc-9081-4-0\"  class=\"panel-grid-cell panel-grid-cell-empty\" ><\/div><div id=\"pgc-9081-4-1\"  class=\"panel-grid-cell panel-grid-cell-empty panel-grid-cell-mobile-last\" ><\/div><div id=\"pgc-9081-4-2\"  class=\"panel-grid-cell panel-grid-cell-empty\" ><\/div><\/div><div id=\"pg-9081-5\"  class=\"panel-grid panel-no-style\" ><div id=\"pgc-9081-5-0\"  class=\"panel-grid-cell panel-grid-cell-empty\" ><\/div><div id=\"pgc-9081-5-1\"  class=\"panel-grid-cell panel-grid-cell-mobile-last\" ><div id=\"panel-9081-5-1-0\" class=\"so-panel widget widget_text panel-first-child\" data-index=\"3\" >\t\t\t<div class=\"textwidget\"><p class=\"titles_center_orange\">Teambuildingens innhold<\/p>\n<\/div>\n\t\t<\/div><div id=\"panel-9081-5-1-1\" class=\"so-panel widget widget_text panel-last-child\" data-index=\"4\" >\t\t\t<div class=\"textwidget\"><p class=\"bullets_left_green\" style=\"color: #444 !important;\">\u2022 Lett oppvarming med morsomme og kreative \u00f8velser med blant \u00b4speed dating\u00b4 hvor dere blir bedre kjent med hverandre samtidig som latteren sitter l\u00f8st\n<p class=\"bullets_left_green\" style=\"color: #444 !important;\">\u2022 Kreative \u00f8velser for \u00e5 forst\u00e5 hverandres ulike m\u00e5ter \u00e5 samarbeide p\u00e5 med inndeling i grupper og kort refleksjon sammen\n<p class=\"bullets_left_green\" style=\"color: #444 !important;\">\u2022 Internasjonalt anerkjent teamkartleggingsverkt\u00f8y med et kort sp\u00f8rreskjema og inndeling i mindre grupper som utforsker resultatene og deler med hverandre\n<p class=\"bullets_left_green\" style=\"color: #444 !important;\">\u2022 Utforske ulike m\u00e5ter \u00e5 kommunisere og samarbeide i teamet<\/p>\n<p class=\"bullets_left_green\" style=\"color: #444 !important;\">\u2022 Noen \u00b4take aways\u00b4 som dere kan implementere i teamet i n\u00e6rmeste fremtid<\/p><\/div>\n\t\t<\/div><\/div><div id=\"pgc-9081-5-2\"  class=\"panel-grid-cell panel-grid-cell-empty\" ><\/div><\/div><div id=\"pg-9081-6\"  class=\"panel-grid panel-no-style\" ><div id=\"pgc-9081-6-0\"  class=\"panel-grid-cell panel-grid-cell-empty\" ><\/div><div id=\"pgc-9081-6-1\"  class=\"panel-grid-cell panel-grid-cell-empty panel-grid-cell-mobile-last\" ><\/div><div id=\"pgc-9081-6-2\"  class=\"panel-grid-cell panel-grid-cell-empty\" ><\/div><\/div><div id=\"pg-9081-7\"  class=\"panel-grid panel-no-style\" ><div id=\"pgc-9081-7-0\"  class=\"panel-grid-cell panel-grid-cell-empty\" ><\/div><div id=\"pgc-9081-7-1\"  class=\"panel-grid-cell panel-grid-cell-empty panel-grid-cell-mobile-last\" ><\/div><div id=\"pgc-9081-7-2\"  class=\"panel-grid-cell panel-grid-cell-empty\" ><\/div><\/div><div id=\"pg-9081-8\"  class=\"panel-grid panel-no-style\" ><div id=\"pgc-9081-8-0\"  class=\"panel-grid-cell panel-grid-cell-empty\" ><\/div><div id=\"pgc-9081-8-1\"  class=\"panel-grid-cell panel-grid-cell-mobile-last\" ><div id=\"panel-9081-8-1-0\" class=\"so-panel widget widget_text panel-first-child panel-last-child\" data-index=\"5\" >\t\t\t<div class=\"textwidget\"><p class=\"titles_center_orange\" style=\"margin-bottom: 40px;\">M\u00e5lgruppe<\/p>\n<center><p style=\"text-align: left !important; font-size: 20px;\n    line-height: 30px !important;\n    font-weight: 100;\">Denne teambuildingworkshopen er for alle team som \u00f8nsker \u00e5 bli bedre kjent med hverandre for \u00e5 forbedre kommunikasjon, relasjoner og samspill i teamet. Vi gj\u00f8r vanligvis denne workshopen for team best\u00e5ende av 4-20 teammedlemmer, men vi kan ha opp til 40 deltagere p\u00e5 \u00e8n og samme workshop.<\/p>\n<\/center><\/div>\n\t\t<\/div><\/div><div id=\"pgc-9081-8-2\"  class=\"panel-grid-cell panel-grid-cell-empty\" ><\/div><\/div><div id=\"pg-9081-9\"  class=\"panel-grid panel-no-style\" ><div id=\"pgc-9081-9-0\"  class=\"panel-grid-cell panel-grid-cell-empty\" ><\/div><div id=\"pgc-9081-9-1\"  class=\"panel-grid-cell panel-grid-cell-empty panel-grid-cell-mobile-last\" ><\/div><div id=\"pgc-9081-9-2\"  class=\"panel-grid-cell panel-grid-cell-empty\" ><\/div><\/div><div id=\"pg-9081-10\"  class=\"panel-grid panel-no-style\" ><div id=\"pgc-9081-10-0\"  class=\"panel-grid-cell panel-grid-cell-empty\" ><\/div><div id=\"pgc-9081-10-1\"  class=\"panel-grid-cell panel-grid-cell-empty panel-grid-cell-mobile-last\" ><\/div><div id=\"pgc-9081-10-2\"  class=\"panel-grid-cell panel-grid-cell-empty\" ><\/div><\/div><div id=\"pg-9081-11\"  class=\"panel-grid panel-no-style\" ><div id=\"pgc-9081-11-0\"  class=\"panel-grid-cell panel-grid-cell-empty\" ><\/div><div id=\"pgc-9081-11-1\"  class=\"panel-grid-cell panel-grid-cell-mobile-last\" ><div id=\"panel-9081-11-1-0\" class=\"so-panel widget widget_text panel-first-child\" data-index=\"6\" >\t\t\t<div class=\"textwidget\"><p class=\"titles_center_orange\">Hva vil dere f\u00e5 ut av denne teambuildingsworkshopen?<\/p>\n<\/div>\n\t\t<\/div><div id=\"panel-9081-11-1-1\" class=\"so-panel widget widget_text panel-last-child\" data-index=\"7\" >\t\t\t<div class=\"textwidget\"><p class=\"bullets_left_green\" style=\"color: #444 !important;\">\u2022 Bli bedre kjent, ha det g\u00f8y og bygge bedre relasjoner til de andre i teamet<\/p>\n<p class=\"bullets_left_green\" style=\"color: #444 !important;\">\u2022 Bedre forst\u00e5else av  teammedlemmenes preferanser for samarbeid og kommunikasjon <\/p>\n<p class=\"bullets_left_green\" style=\"color: #444 !important;\">\u2022 Konkrete nye handlinger for \u00e5 forbedre samarbeidet i teamet<\/p><\/div>\n\t\t<\/div><\/div><div id=\"pgc-9081-11-2\"  class=\"panel-grid-cell panel-grid-cell-empty\" ><\/div><\/div><div id=\"pg-9081-12\"  class=\"panel-grid panel-no-style\" ><div id=\"pgc-9081-12-0\"  class=\"panel-grid-cell panel-grid-cell-empty\" ><\/div><div id=\"pgc-9081-12-1\"  class=\"panel-grid-cell panel-grid-cell-empty panel-grid-cell-mobile-last\" ><\/div><div id=\"pgc-9081-12-2\"  class=\"panel-grid-cell panel-grid-cell-empty\" ><\/div><\/div><div id=\"pg-9081-13\"  class=\"panel-grid panel-no-style\" ><div id=\"pgc-9081-13-0\"  class=\"panel-grid-cell panel-grid-cell-empty\" ><\/div><div id=\"pgc-9081-13-1\"  class=\"panel-grid-cell panel-grid-cell-empty panel-grid-cell-mobile-last\" ><\/div><div id=\"pgc-9081-13-2\"  class=\"panel-grid-cell panel-grid-cell-empty\" ><\/div><\/div><div id=\"pg-9081-14\"  class=\"panel-grid panel-no-style\" ><div id=\"pgc-9081-14-0\"  class=\"panel-grid-cell\" ><div id=\"panel-9081-14-0-0\" class=\"so-panel widget widget_text panel-first-child panel-last-child\" data-index=\"8\" >\t\t\t<div class=\"textwidget\"><p class=\"titles_center_orange\">Praktisk info<\/p><\/div>\n\t\t<\/div><\/div><\/div><div id=\"pg-9081-15\"  class=\"panel-grid panel-no-style\" ><div id=\"pgc-9081-15-0\"  class=\"panel-grid-cell\" ><div id=\"panel-9081-15-0-0\" class=\"so-panel widget widget_text panel-first-child panel-last-child\" data-index=\"9\" >\t\t\t<div class=\"textwidget\"><p class=\"cita_right_green\">Format<\/p>\n<p class=\"texto_right\" style=\"    font-size: 20px;\n    line-height: 30px !important;\n    font-weight: 100;\">Bli bedre kjent gjennom kreative og morsomme \u00f8velser \u00b4i rommet\u00b4. Inndeling i flere mindre grupper som blir bedre kjent og jobber sammen. Deling av innsikter med hverandre underveis p\u00e5 tvers av gruppene<\/p><\/div>\n\t\t<\/div><\/div><div id=\"pgc-9081-15-1\"  class=\"panel-grid-cell\" ><div id=\"panel-9081-15-1-0\" class=\"so-panel widget widget_text panel-first-child panel-last-child\" data-index=\"10\" >\t\t\t<div class=\"textwidget\"><span class=\"texto_center\"><img decoding=\"async\" class=\"bola_naranaja\" src=\"https:\/\/coachingpartner.net\/cp\/wp-content\/uploads\/2015\/08\/bola_naranja_03.png\" width=\"11px\">\n<img decoding=\"async\" class=\"raya\" src=\"https:\/\/coachingpartner.net\/cp\/wp-content\/uploads\/2015\/08\/ralla_pixel_07.png\" height=\"83px\" width=\"9px\">\n<img decoding=\"async\" class=\"bola_naranaja\" src=\"https:\/\/coachingpartner.net\/cp\/wp-content\/uploads\/2015\/08\/bola_naranja_03.png\" width=\"11px\">\n<img decoding=\"async\" class=\"raya\" src=\"https:\/\/coachingpartner.net\/cp\/wp-content\/uploads\/2015\/08\/ralla_pixel_07.png\" height=\"50px\" width=\"9px\">\n<\/span><\/div>\n\t\t<\/div><\/div><div id=\"pgc-9081-15-2\"  class=\"panel-grid-cell\" ><div id=\"panel-9081-15-2-0\" class=\"so-panel widget widget_text panel-first-child panel-last-child\" data-index=\"11\" ><div class=\"panel-widget-style panel-widget-style-for-9081-15-2-0\" >\t\t\t<div class=\"textwidget\"><p class=\"cita_left_green\">Tid<\/p>\n<p class=\"texto_justificado\" style=\"    font-size: 20px;\n    line-height: 30px !important;\n    font-weight: 100;\n    text-align: left !important;\">Typisk 2,5-3 timer. Formatet kan tilpasses til 1,5 time eller halv dags workshop etter deres behov. Kan ogs\u00e5 inng\u00e5 som en del av et opplegg dere har for en teamdag\/fagdag\/konferansedag<\/p>\n<\/div>\n\t\t<\/div><\/div><\/div><\/div><div id=\"pg-9081-16\"  class=\"panel-grid panel-no-style\" ><div id=\"pgc-9081-16-0\"  class=\"panel-grid-cell\" ><div id=\"panel-9081-16-0-0\" class=\"so-panel widget widget_text panel-first-child panel-last-child\" data-index=\"12\" >\t\t\t<div class=\"textwidget\"><center><a class=\"vinculo_center_big_green\" href=\"https:\/\/coachingpartner.net\/cp\/nb\/kontakt\/\">Ta kontakt med oss for mer informasjon<\/a><\/center><\/div>\n\t\t<\/div><\/div><\/div><div id=\"pg-9081-17\"  class=\"panel-grid panel-no-style\" ><div id=\"pgc-9081-17-0\"  class=\"panel-grid-cell panel-grid-cell-empty\" ><\/div><div id=\"pgc-9081-17-1\"  class=\"panel-grid-cell panel-grid-cell-empty panel-grid-cell-mobile-last\" ><\/div><div id=\"pgc-9081-17-2\"  class=\"panel-grid-cell panel-grid-cell-empty\" ><\/div><\/div><div id=\"pg-9081-18\"  class=\"panel-grid panel-no-style\" ><div id=\"pgc-9081-18-0\"  class=\"panel-grid-cell panel-grid-cell-empty\" ><\/div><div id=\"pgc-9081-18-1\"  class=\"panel-grid-cell panel-grid-cell-empty panel-grid-cell-mobile-last\" ><\/div><div id=\"pgc-9081-18-2\"  class=\"panel-grid-cell panel-grid-cell-empty\" ><\/div><\/div><div id=\"pg-9081-19\"  class=\"panel-grid panel-no-style\" ><div id=\"pgc-9081-19-0\"  class=\"panel-grid-cell panel-grid-cell-empty\" ><\/div><div id=\"pgc-9081-19-1\"  class=\"panel-grid-cell panel-grid-cell-mobile-last\" ><div id=\"panel-9081-19-1-0\" class=\"so-panel widget widget_text panel-first-child panel-last-child\" data-index=\"13\" >\t\t\t<div class=\"textwidget\"><p class=\"titles_center_orange\">Hva sier tidligere kunder?<\/p><\/div>\n\t\t<\/div><\/div><div id=\"pgc-9081-19-2\"  class=\"panel-grid-cell panel-grid-cell-empty\" ><\/div><\/div><div id=\"pg-9081-20\"  class=\"panel-grid panel-no-style\" ><div id=\"pgc-9081-20-0\"  class=\"panel-grid-cell\" ><div id=\"panel-9081-20-0-0\" class=\"so-panel widget widget_text panel-first-child panel-last-child\" data-index=\"14\" >\t\t\t<div class=\"textwidget\"><center> <img decoding=\"async\" src=\"https:\/\/coachingpartner.net\/cp\/wp-content\/uploads\/2018\/03\/vegard2.jpg\"><\/center> \n<right>\n<p  style=\"font-size:20px; line-height: 30px !important; font-weight: 100; text-align: right !important;\">\"Gjennom workshopen ble vi bevisst p\u00e5 hvor ulikt hver og en av oss tenker kommunikasjon og hvordan dette kan v\u00e6re en stor risiko, men ogs\u00e5 en stor mulighet for teamet.\nVi brukte denne bevisstheten til \u00e5 forberede oss bedre til m\u00f8ter internt og med kunden. Disse endringene bidro til bedre kommunikasjon internt og sterkere relasjoner til v\u00e5r kunde\"\n<br>\n<span style=\"font-size:14px; text-align: right !important;\">- Vegard Skuterud, Partner Skuterud Kl\u00f8vstad<\/br>\nTidligere KANTAR TNS<\/span>\n <\/p>\n<\/right>\n<\/div>\n\t\t<\/div><\/div><div id=\"pgc-9081-20-1\"  class=\"panel-grid-cell\" ><div id=\"panel-9081-20-1-0\" class=\"so-panel widget widget_text panel-first-child panel-last-child\" data-index=\"15\" >\t\t\t<div class=\"textwidget\"><span class=\"texto_center\">\n<div class=\"espacio_bola2\"><\/div>\n<img decoding=\"async\" class=\"raya\" src=\"https:\/\/coachingpartner.net\/cp\/wp-content\/uploads\/2015\/08\/ralla_pixel_07.png\" height=\"492px\" width=\"9px\">\n<\/span>\n<\/div>\n\t\t<\/div><\/div><div id=\"pgc-9081-20-2\"  class=\"panel-grid-cell\" ><div id=\"panel-9081-20-2-0\" class=\"so-panel widget widget_text panel-first-child panel-last-child\" data-index=\"16\" ><div class=\"panel-widget-style panel-widget-style-for-9081-20-2-0\" >\t\t\t<div class=\"textwidget\"><left>\n<p class=\"cita_left_green\">Slik beskriver teamledere v\u00e5re workshops:<\/p>\n<p style=\"text-align: left !important;\">\n<span style=\"font-size:20px; line-height: 30px !important; font-weight: 100; text-align: left  !important;\">\u201cEngasjerende, innsiktsfulle \u00f8velser, \u00f8ye\u00e5pnende, personlige og faglige innsikter som gj\u00f8r en forskjell, kreativt, g\u00f8y, trygt for alle \u00e5 dele, str\u00e5lende fasilitering\u201d<\/span>\n<br>\n<span style=\"font-size:14px; font-weight: 100;\">- Teamledere og deltagere p\u00e5 tidligere team workshops<\/span>\n <\/p>\n<\/left>\n  <\/div>\n\t\t<\/div><\/div><\/div><\/div><div id=\"pg-9081-21\"  class=\"panel-grid panel-no-style\" ><div id=\"pgc-9081-21-0\"  class=\"panel-grid-cell panel-grid-cell-empty\" ><\/div><div id=\"pgc-9081-21-1\"  class=\"panel-grid-cell panel-grid-cell-empty panel-grid-cell-mobile-last\" ><\/div><div id=\"pgc-9081-21-2\"  class=\"panel-grid-cell panel-grid-cell-empty\" ><\/div><\/div><div id=\"pg-9081-22\"  class=\"panel-grid panel-no-style\" ><div id=\"pgc-9081-22-0\"  class=\"panel-grid-cell panel-grid-cell-empty\" ><\/div><div id=\"pgc-9081-22-1\"  class=\"panel-grid-cell panel-grid-cell-mobile-last\" ><div id=\"panel-9081-22-1-0\" class=\"so-panel widget widget_text panel-first-child panel-last-child\" data-index=\"17\" >\t\t\t<div class=\"textwidget\"><p>&nbsp;<\/p>\n<center> <img decoding=\"async\" src=\"https:\/\/coachingpartner.net\/cp\/wp-content\/uploads\/2015\/10\/teamd_2_07.jpg\"><\/center> \n<p style=\"font-size:20px; line-height: 30px !important; font-weight: 100; text-align: center !important; margin-bottom: -20px;\">\n\u201c\u2026their focus is on strengthening connections between team members, helping understand differences and synergies in teams as well as facilitating scenarios and future directions to improve focus and performance. I strongly recommend Coachingpartner to any company that want to work on team development and performance!\u201d<\/p>\n<p class=\"author_right_green\" style=\"margin-bottom: -20px;\">Stein Aarland, CEO TNS KANTAR, Oslo<\/p>\n<\/div>\n\t\t<\/div><\/div><div id=\"pgc-9081-22-2\"  class=\"panel-grid-cell panel-grid-cell-empty\" ><\/div><\/div><div id=\"pg-9081-23\"  class=\"panel-grid panel-no-style\" ><div id=\"pgc-9081-23-0\"  class=\"panel-grid-cell panel-grid-cell-empty\" ><\/div><div id=\"pgc-9081-23-1\"  class=\"panel-grid-cell panel-grid-cell-mobile-last\" ><div id=\"panel-9081-23-1-0\" class=\"so-panel widget widget_text panel-first-child panel-last-child\" data-index=\"18\" >\t\t\t<div class=\"textwidget\"><p>&nbsp;<\/p>\n<center> <img decoding=\"async\" src=\"https:\/\/coachingpartner.net\/cp\/wp-content\/uploads\/2015\/10\/teamd_2_08.jpg\"><\/center> \n<p style=\"font-size:20px; line-height: 30px !important; font-weight: 100; text-align: center !important; margin-bottom: -20px;\">\n\u201cIUM is continuously working on competence development and chose to work with Coachingpartner. As part of \u201cIUM school\u201d Coachingpartner created a tailor made programme for our advisors where the theme was motivation and self confidence. The day was a big success. The informal, yet professional approach to the team created an open atmosphere . All participants have taken advantage of techniques and learnings created on the day and are using these in their daily work. We look forward to working with Coachingpartner on further competence development in the future.\u201d<\/p>\n<p class=\"author_right_green\" style=\"margin-bottom: -20px;\">Rachel \u00d8ver\u00e5s, ex IUM, now Willder<\/p>\n<\/div>\n\t\t<\/div><\/div><div id=\"pgc-9081-23-2\"  class=\"panel-grid-cell panel-grid-cell-empty\" ><\/div><\/div><div id=\"pg-9081-24\"  class=\"panel-grid panel-no-style\" ><div id=\"pgc-9081-24-0\"  class=\"panel-grid-cell panel-grid-cell-empty\" ><\/div><div id=\"pgc-9081-24-1\"  class=\"panel-grid-cell panel-grid-cell-empty panel-grid-cell-mobile-last\" ><\/div><div id=\"pgc-9081-24-2\"  class=\"panel-grid-cell panel-grid-cell-empty\" ><\/div><\/div><div id=\"pg-9081-25\"  class=\"panel-grid panel-no-style\" ><div id=\"pgc-9081-25-0\"  class=\"panel-grid-cell panel-grid-cell-empty\" ><\/div><div id=\"pgc-9081-25-1\"  class=\"panel-grid-cell panel-grid-cell-empty panel-grid-cell-mobile-last\" ><\/div><div id=\"pgc-9081-25-2\"  class=\"panel-grid-cell panel-grid-cell-empty\" ><\/div><\/div><div id=\"pg-9081-26\"  class=\"panel-grid panel-no-style\" ><div id=\"pgc-9081-26-0\"  class=\"panel-grid-cell panel-grid-cell-empty\" ><\/div><div id=\"pgc-9081-26-1\"  class=\"panel-grid-cell panel-grid-cell-empty panel-grid-cell-mobile-last\" ><\/div><div id=\"pgc-9081-26-2\"  class=\"panel-grid-cell panel-grid-cell-empty\" ><\/div><\/div><div id=\"pg-9081-27\"  class=\"panel-grid panel-no-style\" ><div id=\"pgc-9081-27-0\"  class=\"panel-grid-cell\" ><div id=\"panel-9081-27-0-0\" class=\"so-panel widget widget_text panel-first-child panel-last-child\" data-index=\"19\" >\t\t\t<div class=\"textwidget\"><p class=\"titles_center_orange\" style=\"margin-bottom: 40px;\">Bilde fra tidligere workshop<\/p>\n<center>\n<img decoding=\"async\" src=\"https:\/\/coachingpartner.net\/cp\/wp-content\/uploads\/2017\/05\/Photo-13-09-2017-19-34-23.jpg\" style=\"width: 80%;\"\/>\n<br>\n<\/center><\/div>\n\t\t<\/div><\/div><\/div><div id=\"pg-9081-28\"  class=\"panel-grid panel-no-style\" ><div id=\"pgc-9081-28-0\"  class=\"panel-grid-cell panel-grid-cell-empty\" ><\/div><div id=\"pgc-9081-28-1\"  class=\"panel-grid-cell panel-grid-cell-empty panel-grid-cell-mobile-last\" ><\/div><div id=\"pgc-9081-28-2\"  class=\"panel-grid-cell panel-grid-cell-empty\" ><\/div><\/div><div id=\"pg-9081-29\"  class=\"panel-grid panel-no-style\" ><div id=\"pgc-9081-29-0\"  class=\"panel-grid-cell panel-grid-cell-empty\" ><\/div><div id=\"pgc-9081-29-1\"  class=\"panel-grid-cell panel-grid-cell-empty panel-grid-cell-mobile-last\" ><\/div><div id=\"pgc-9081-29-2\"  class=\"panel-grid-cell panel-grid-cell-empty\" ><\/div><\/div><div id=\"pg-9081-30\"  class=\"panel-grid panel-no-style\" ><div id=\"pgc-9081-30-0\"  class=\"panel-grid-cell\" ><div id=\"panel-9081-30-0-0\" class=\"so-panel widget widget_text panel-first-child panel-last-child\" data-index=\"20\" >\t\t\t<div class=\"textwidget\"><p class=\"titles_center_orange\">Flere bilder fra tidligere workshops<\/p><\/div>\n\t\t<\/div><\/div><\/div><div id=\"pg-9081-31\"  class=\"panel-grid panel-no-style\" ><div id=\"pgc-9081-31-0\"  class=\"panel-grid-cell\" ><div id=\"panel-9081-31-0-0\" class=\"so-panel widget widget_text panel-first-child panel-last-child\" data-index=\"21\" >\t\t\t<div class=\"textwidget\"><center> <a href=\"https:\/\/coachingpartner.net\/cp\/wp-content\/uploads\/2015\/11\/IMG_4597.jpg\"><img decoding=\"async\" src=\"https:\/\/coachingpartner.net\/cp\/wp-content\/uploads\/2015\/11\/IMG_4597.jpg\"><\/a><\/center> <\/div>\n\t\t<\/div><\/div><div id=\"pgc-9081-31-1\"  class=\"panel-grid-cell\" ><div id=\"panel-9081-31-1-0\" class=\"so-panel widget widget_text panel-first-child panel-last-child\" data-index=\"22\" >\t\t\t<div class=\"textwidget\"><center> <a href=\"https:\/\/coachingpartner.net\/cp\/wp-content\/uploads\/2015\/11\/Christine_lederseminar.jpg\"><img decoding=\"async\" src=\"https:\/\/coachingpartner.net\/cp\/wp-content\/uploads\/2015\/11\/Christine_lederseminar.jpg\"><\/a><\/center> <\/div>\n\t\t<\/div><\/div><div id=\"pgc-9081-31-2\"  class=\"panel-grid-cell\" ><div id=\"panel-9081-31-2-0\" class=\"so-panel widget widget_text panel-first-child panel-last-child\" data-index=\"23\" >\t\t\t<div class=\"textwidget\"><center><a href=\"https:\/\/coachingpartner.net\/cp\/wp-content\/uploads\/2018\/11\/Urbangrowthvision.jpg\"><img decoding=\"async\" src=\"https:\/\/coachingpartner.net\/cp\/wp-content\/uploads\/2018\/11\/Urbangrowthvision.jpg\"><\/a><\/center> \n\n<\/div>\n\t\t<\/div><\/div><\/div><div id=\"pg-9081-32\"  class=\"panel-grid panel-no-style\" ><div id=\"pgc-9081-32-0\"  class=\"panel-grid-cell panel-grid-cell-empty\" ><\/div><div id=\"pgc-9081-32-1\"  class=\"panel-grid-cell panel-grid-cell-empty panel-grid-cell-mobile-last\" ><\/div><div id=\"pgc-9081-32-2\"  class=\"panel-grid-cell panel-grid-cell-empty\" ><\/div><\/div><div id=\"pg-9081-33\"  class=\"panel-grid panel-no-style\" ><div id=\"pgc-9081-33-0\"  class=\"panel-grid-cell\" ><div id=\"panel-9081-33-0-0\" class=\"so-panel widget widget_text panel-first-child panel-last-child\" data-index=\"24\" >\t\t\t<div class=\"textwidget\"><p class=\"titles_center_green\" style=\"line-height: 43px; margin-top: 58px;\">\u00d8nsker dere mer informasjon?<\/p>\n<center><a class=\"vinculo_center_big_green\" href=\"https:\/\/coachingpartner.net\/cp\/nb\/kontakt\/\">Ta gjerne kontakt med oss!\n<\/a><\/center>\n\n<\/div>\n\t\t<\/div><\/div><\/div><div id=\"pg-9081-34\"  class=\"panel-grid panel-no-style\" ><div id=\"pgc-9081-34-0\"  class=\"panel-grid-cell panel-grid-cell-empty\" ><\/div><div id=\"pgc-9081-34-1\"  class=\"panel-grid-cell panel-grid-cell-empty panel-grid-cell-mobile-last\" ><\/div><div id=\"pgc-9081-34-2\"  class=\"panel-grid-cell panel-grid-cell-empty\" ><\/div><\/div><\/div><!-- AddThis Advanced Settings generic via filter on the_content --><!-- AddThis Share Buttons generic via filter on the_content -->","protected":false},"excerpt":{"rendered":"<p>Teambuilding: Bli bedre kjent med teamet<!-- AddThis Advanced Settings generic via filter on get_the_excerpt --><!-- AddThis Share Buttons generic via filter on get_the_excerpt --><\/p>\n","protected":false},"author":1,"featured_media":0,"parent":0,"menu_order":0,"comment_status":"closed","ping_status":"closed","template":"page-templates\/full-width.php","meta":{"_exactmetrics_skip_tracking":false,"_exactmetrics_sitenote_active":false,"_exactmetrics_sitenote_note":"","_exactmetrics_sitenote_category":0,"footnotes":""},"class_list":["post-9081","page","type-page","status-publish","hentry"],"wps_subtitle":"","_links":{"self":[{"href":"https:\/\/coachingpartner.net\/cp\/wp-json\/wp\/v2\/pages\/9081","targetHints":{"allow":["GET"]}}],"collection":[{"href":"https:\/\/coachingpartner.net\/cp\/wp-json\/wp\/v2\/pages"}],"about":[{"href":"https:\/\/coachingpartner.net\/cp\/wp-json\/wp\/v2\/types\/page"}],"author":[{"embeddable":true,"href":"https:\/\/coachingpartner.net\/cp\/wp-json\/wp\/v2\/users\/1"}],"replies":[{"embeddable":true,"href":"https:\/\/coachingpartner.net\/cp\/wp-json\/wp\/v2\/comments?post=9081"}],"version-history":[{"count":5,"href":"https:\/\/coachingpartner.net\/cp\/wp-json\/wp\/v2\/pages\/9081\/revisions"}],"predecessor-version":[{"id":53421,"href":"https:\/\/coachingpartner.net\/cp\/wp-json\/wp\/v2\/pages\/9081\/revisions\/53421"}],"wp:attachment":[{"href":"https:\/\/coachingpartner.net\/cp\/wp-json\/wp\/v2\/media?parent=9081"}],"curies":[{"name":"wp","href":"https:\/\/api.w.org\/{rel}","templated":true}]}}