{"id":9074,"date":"2018-01-22T18:51:24","date_gmt":"2018-01-22T17:51:24","guid":{"rendered":"http:\/\/coachingpartner.net\/cp\/?page_id=9074"},"modified":"2018-09-07T19:01:50","modified_gmt":"2018-09-07T18:01:50","slug":"team-diagnose","status":"publish","type":"page","link":"https:\/\/coachingpartner.net\/cp\/nb\/team-diagnose\/","title":{"rendered":"Team diagnose"},"content":{"rendered":"<div id=\"pl-9074\"  class=\"panel-layout\" ><div id=\"pg-9074-0\"  class=\"panel-grid panel-no-style\" ><div id=\"pgc-9074-0-0\"  class=\"panel-grid-cell panel-grid-cell-empty\" ><\/div><div id=\"pgc-9074-0-1\"  class=\"panel-grid-cell panel-grid-cell-mobile-last\" ><div id=\"panel-9074-0-1-0\" class=\"so-panel widget widget_text panel-first-child panel-last-child\" data-index=\"0\" >\t\t\t<div class=\"textwidget\"><p class=\"titles_center_orange\" style=\"font-weight:400\">Team diagnose<\/p>\n<\/div>\n\t\t<\/div><\/div><div id=\"pgc-9074-0-2\"  class=\"panel-grid-cell panel-grid-cell-empty\" ><\/div><\/div><div id=\"pg-9074-1\"  class=\"panel-grid panel-no-style\" ><div id=\"pgc-9074-1-0\"  class=\"panel-grid-cell\" ><div id=\"panel-9074-1-0-0\" class=\"so-panel widget widget_text panel-first-child panel-last-child\" data-index=\"1\" >\t\t\t<div class=\"textwidget\"><center>\n<img decoding=\"async\" src=\"https:\/\/coachingpartner.net\/cp\/wp-content\/uploads\/2015\/11\/teamcoaching_passion-2.jpg\" width=\"80%\" \/>\n<br>\n<\/center>\n<\/div>\n\t\t<\/div><\/div><\/div><div id=\"pg-9074-2\"  class=\"panel-grid panel-no-style\" ><div id=\"pgc-9074-2-0\"  class=\"panel-grid-cell panel-grid-cell-empty\" ><\/div><div id=\"pgc-9074-2-1\"  class=\"panel-grid-cell panel-grid-cell-empty panel-grid-cell-mobile-last\" ><\/div><div id=\"pgc-9074-2-2\"  class=\"panel-grid-cell panel-grid-cell-empty\" ><\/div><\/div><div id=\"pg-9074-3\"  class=\"panel-grid panel-no-style\" ><div id=\"pgc-9074-3-0\"  class=\"panel-grid-cell panel-grid-cell-empty\" ><\/div><div id=\"pgc-9074-3-1\"  class=\"panel-grid-cell panel-grid-cell-mobile-last\" ><div id=\"panel-9074-3-1-0\" class=\"so-panel widget widget_text panel-first-child panel-last-child\" data-index=\"2\" >\t\t\t<div class=\"textwidget\"><p class=\"titles_center_orange\" style=\"color: #40a56d; margin-bottom: 40px;\">Om workshopen<\/p>\n<p class=\"text_center\" style=\"text-align: center !important; font-size: 19px;\n    line-height: 30px !important;\n    font-weight: 100;\">I denne team workshopen hjelper vi dere \u00e5 f\u00e5 en oversikt over teamets ressurser og hvor dere er i forhold til hva som er viktigst for dere per i dag. Med v\u00e5rt teamkartleggingsverkt\u00f8y kartlegger vi deres viktigste utfordringer og muligheter dere st\u00e5r overfor samt viktige fokusomr\u00e5der for \u00e5 styrke teamet.<\/p>\n<\/div>\n\t\t<\/div><\/div><div id=\"pgc-9074-3-2\"  class=\"panel-grid-cell panel-grid-cell-empty\" ><\/div><\/div><div id=\"pg-9074-4\"  class=\"panel-grid panel-no-style\" ><div id=\"pgc-9074-4-0\"  class=\"panel-grid-cell panel-grid-cell-empty\" ><\/div><div id=\"pgc-9074-4-1\"  class=\"panel-grid-cell panel-grid-cell-empty panel-grid-cell-mobile-last\" ><\/div><div id=\"pgc-9074-4-2\"  class=\"panel-grid-cell panel-grid-cell-empty\" ><\/div><\/div><div id=\"pg-9074-5\"  class=\"panel-grid panel-no-style\" ><div id=\"pgc-9074-5-0\"  class=\"panel-grid-cell panel-grid-cell-empty\" ><\/div><div id=\"pgc-9074-5-1\"  class=\"panel-grid-cell panel-grid-cell-mobile-last\" ><div id=\"panel-9074-5-1-0\" class=\"so-panel widget widget_text panel-first-child\" data-index=\"3\" >\t\t\t<div class=\"textwidget\"><p class=\"titles_center_orange\">Workshopens innhold<\/p>\n<\/div>\n\t\t<\/div><div id=\"panel-9074-5-1-1\" class=\"so-panel widget widget_text panel-last-child\" data-index=\"4\" >\t\t\t<div class=\"textwidget\"><p class=\"bullets_left_green\" style=\"color: #444 !important;\">\u2022 F\u00e5 oversikt over teamets ressurser (Teamkartleggingsverkt\u00f8y)\n<\/p>\n<p class=\"bullets_left_green\" style=\"color: #444 !important;\">\u2022 Kartlegg utfordringer og muligheter for teamet p\u00e5 kort og lang sikt (Teamkartleggingsverkt\u00f8y)<\/p>\n<p class=\"bullets_left_green\" style=\"color: #444 !important;\">\u2022 Forst\u00e5 hvor dere er per i dag og hva som er felles m\u00e5l for fremtiden<\/p>\n<p class=\"bullets_left_green\" style=\"color: #444 !important;\">\u2022 Strategi for hvordan styrket teamet<\/p>\n\t\n\n<\/div>\n\t\t<\/div><\/div><div id=\"pgc-9074-5-2\"  class=\"panel-grid-cell panel-grid-cell-empty\" ><\/div><\/div><div id=\"pg-9074-6\"  class=\"panel-grid panel-no-style\" ><div id=\"pgc-9074-6-0\"  class=\"panel-grid-cell panel-grid-cell-empty\" ><\/div><div id=\"pgc-9074-6-1\"  class=\"panel-grid-cell panel-grid-cell-empty panel-grid-cell-mobile-last\" ><\/div><div id=\"pgc-9074-6-2\"  class=\"panel-grid-cell panel-grid-cell-empty\" ><\/div><\/div><div id=\"pg-9074-7\"  class=\"panel-grid panel-no-style\" ><div id=\"pgc-9074-7-0\"  class=\"panel-grid-cell panel-grid-cell-empty\" ><\/div><div id=\"pgc-9074-7-1\"  class=\"panel-grid-cell panel-grid-cell-empty panel-grid-cell-mobile-last\" ><\/div><div id=\"pgc-9074-7-2\"  class=\"panel-grid-cell panel-grid-cell-empty\" ><\/div><\/div><div id=\"pg-9074-8\"  class=\"panel-grid panel-no-style\" ><div id=\"pgc-9074-8-0\"  class=\"panel-grid-cell panel-grid-cell-empty\" ><\/div><div id=\"pgc-9074-8-1\"  class=\"panel-grid-cell panel-grid-cell-mobile-last\" ><div id=\"panel-9074-8-1-0\" class=\"so-panel widget widget_text panel-first-child panel-last-child\" data-index=\"5\" >\t\t\t<div class=\"textwidget\"><p class=\"titles_center_orange\" style=\"margin-bottom: 40px;\">M\u00e5lgruppe<\/p>\n<center><p style=\"text-align: left !important; font-size: 20px;\n    line-height: 30px !important;\n    font-weight: 100;\">Denne workshop er for team i sm\u00e5 og mellomstore bedrifter. Workshop er rettet mot team med 4-12 team-medlemmer.<br>For st\u00f8rre organisasjonsendringer kan workshopen gjennomf\u00f8re p\u00e5 tvers av team og innsikter rapporteres p\u00e5 organisasjonsniv\u00e5<\/p>\n<\/center><\/div>\n\t\t<\/div><\/div><div id=\"pgc-9074-8-2\"  class=\"panel-grid-cell panel-grid-cell-empty\" ><\/div><\/div><div id=\"pg-9074-9\"  class=\"panel-grid panel-no-style\" ><div id=\"pgc-9074-9-0\"  class=\"panel-grid-cell panel-grid-cell-empty\" ><\/div><div id=\"pgc-9074-9-1\"  class=\"panel-grid-cell panel-grid-cell-empty panel-grid-cell-mobile-last\" ><\/div><div id=\"pgc-9074-9-2\"  class=\"panel-grid-cell panel-grid-cell-empty\" ><\/div><\/div><div id=\"pg-9074-10\"  class=\"panel-grid panel-no-style\" ><div id=\"pgc-9074-10-0\"  class=\"panel-grid-cell panel-grid-cell-empty\" ><\/div><div id=\"pgc-9074-10-1\"  class=\"panel-grid-cell panel-grid-cell-empty panel-grid-cell-mobile-last\" ><\/div><div id=\"pgc-9074-10-2\"  class=\"panel-grid-cell panel-grid-cell-empty\" ><\/div><\/div><div id=\"pg-9074-11\"  class=\"panel-grid panel-no-style\" ><div id=\"pgc-9074-11-0\"  class=\"panel-grid-cell panel-grid-cell-empty\" ><\/div><div id=\"pgc-9074-11-1\"  class=\"panel-grid-cell panel-grid-cell-mobile-last\" ><div id=\"panel-9074-11-1-0\" class=\"so-panel widget widget_text panel-first-child\" data-index=\"6\" >\t\t\t<div class=\"textwidget\"><p class=\"titles_center_orange\">Hva vil vi f\u00e5 ut av denne workshopen?<\/p>\n<\/div>\n\t\t<\/div><div id=\"panel-9074-11-1-1\" class=\"so-panel widget widget_text panel-last-child\" data-index=\"7\" >\t\t\t<div class=\"textwidget\"><p class=\"bullets_left_green\" style=\"color: #444 !important;\">\u2022 Klarhet om hvor teamet er per i dag inkludert forst\u00e5else av n\u00e5v\u00e6rende ressurser samt utfordringer og ambisjoner for fremtiden<\/p>\n<p class=\"bullets_left_green\" style=\"color: #444 !important;\">\u2022 Forst\u00e5else av hva som er viktigst for teamet p\u00e5 kort og lang sikt<\/p>\n<p class=\"bullets_left_green\" style=\"color: #444 !important;\">\u2022 Felles strategi for hvordan styrke teamet p\u00e5 kort og lang sikt<\/p><\/div>\n\t\t<\/div><\/div><div id=\"pgc-9074-11-2\"  class=\"panel-grid-cell panel-grid-cell-empty\" ><\/div><\/div><div id=\"pg-9074-12\"  class=\"panel-grid panel-no-style\" ><div id=\"pgc-9074-12-0\"  class=\"panel-grid-cell panel-grid-cell-empty\" ><\/div><div id=\"pgc-9074-12-1\"  class=\"panel-grid-cell panel-grid-cell-empty panel-grid-cell-mobile-last\" ><\/div><div id=\"pgc-9074-12-2\"  class=\"panel-grid-cell panel-grid-cell-empty\" ><\/div><\/div><div id=\"pg-9074-13\"  class=\"panel-grid panel-no-style\" ><div id=\"pgc-9074-13-0\"  class=\"panel-grid-cell panel-grid-cell-empty\" ><\/div><div id=\"pgc-9074-13-1\"  class=\"panel-grid-cell panel-grid-cell-empty panel-grid-cell-mobile-last\" ><\/div><div id=\"pgc-9074-13-2\"  class=\"panel-grid-cell panel-grid-cell-empty\" ><\/div><\/div><div id=\"pg-9074-14\"  class=\"panel-grid panel-no-style\" ><div id=\"pgc-9074-14-0\"  class=\"panel-grid-cell\" ><div id=\"panel-9074-14-0-0\" class=\"so-panel widget widget_text panel-first-child panel-last-child\" data-index=\"8\" >\t\t\t<div class=\"textwidget\"><p class=\"titles_center_orange\">Praktisk info<\/p><\/div>\n\t\t<\/div><\/div><\/div><div id=\"pg-9074-15\"  class=\"panel-grid panel-no-style\" ><div id=\"pgc-9074-15-0\"  class=\"panel-grid-cell\" ><div id=\"panel-9074-15-0-0\" class=\"so-panel widget widget_text panel-first-child panel-last-child\" data-index=\"9\" >\t\t\t<div class=\"textwidget\"><p class=\"cita_right_green\">Format<\/p>\n<p class=\"texto_right\" style=\"    font-size: 20px;\n    line-height: 30px !important;\n    font-weight: 100;\">Teamkartleggingsverkt\u00f8yet fylles ut av alle team-medlemmer f\u00f8r workshopen. Alle team-medlemmer deltar i individuelle oppgaver samt diskusjoner og relfeksjons\u00f8velser i par eller sm\u00e5 grupper<\/p>\n\n<\/div>\n\t\t<\/div><\/div><div id=\"pgc-9074-15-1\"  class=\"panel-grid-cell\" ><div id=\"panel-9074-15-1-0\" class=\"so-panel widget widget_text panel-first-child panel-last-child\" data-index=\"10\" >\t\t\t<div class=\"textwidget\"><span class=\"texto_center\"><img decoding=\"async\" class=\"bola_naranaja\" src=\"https:\/\/coachingpartner.net\/cp\/wp-content\/uploads\/2015\/08\/bola_naranja_03.png\" width=\"11px\">\n<img decoding=\"async\" class=\"raya\" src=\"https:\/\/coachingpartner.net\/cp\/wp-content\/uploads\/2015\/08\/ralla_pixel_07.png\" height=\"83px\" width=\"9px\">\n<img decoding=\"async\" class=\"bola_naranaja\" src=\"https:\/\/coachingpartner.net\/cp\/wp-content\/uploads\/2015\/08\/bola_naranja_03.png\" width=\"11px\">\n<img decoding=\"async\" class=\"raya\" src=\"https:\/\/coachingpartner.net\/cp\/wp-content\/uploads\/2015\/08\/ralla_pixel_07.png\" height=\"50px\" width=\"9px\">\n<\/span><\/div>\n\t\t<\/div><\/div><div id=\"pgc-9074-15-2\"  class=\"panel-grid-cell\" ><div id=\"panel-9074-15-2-0\" class=\"so-panel widget widget_text panel-first-child panel-last-child\" data-index=\"11\" ><div class=\"panel-widget-style panel-widget-style-for-9074-15-2-0\" >\t\t\t<div class=\"textwidget\"><p class=\"cita_left_green\">Tid<\/p>\n<p class=\"texto_justificado\" style=\"    font-size: 20px;\n    line-height: 30px !important;\n    font-weight: 100;\n    text-align: left !important;\">3 timer. Formatet kan tilpasses til 2 timer eller halv dags workshop ved behov<\/p>\n<\/div>\n\t\t<\/div><\/div><\/div><\/div><div id=\"pg-9074-16\"  class=\"panel-grid panel-no-style\" ><div id=\"pgc-9074-16-0\"  class=\"panel-grid-cell panel-grid-cell-empty\" ><\/div><div id=\"pgc-9074-16-1\"  class=\"panel-grid-cell panel-grid-cell-empty panel-grid-cell-mobile-last\" ><\/div><div id=\"pgc-9074-16-2\"  class=\"panel-grid-cell panel-grid-cell-empty\" ><\/div><\/div><div id=\"pg-9074-17\"  class=\"panel-grid panel-no-style\" ><div id=\"pgc-9074-17-0\"  class=\"panel-grid-cell panel-grid-cell-empty\" ><\/div><div id=\"pgc-9074-17-1\"  class=\"panel-grid-cell panel-grid-cell-empty panel-grid-cell-mobile-last\" ><\/div><div id=\"pgc-9074-17-2\"  class=\"panel-grid-cell panel-grid-cell-empty\" ><\/div><\/div><div id=\"pg-9074-18\"  class=\"panel-grid panel-no-style\" ><div id=\"pgc-9074-18-0\"  class=\"panel-grid-cell panel-grid-cell-empty\" ><\/div><div id=\"pgc-9074-18-1\"  class=\"panel-grid-cell panel-grid-cell-mobile-last\" ><div id=\"panel-9074-18-1-0\" class=\"so-panel widget widget_text panel-first-child panel-last-child\" data-index=\"12\" >\t\t\t<div class=\"textwidget\"><p class=\"titles_center_orange\">Hva sier tidligere kunder?<\/p><\/div>\n\t\t<\/div><\/div><div id=\"pgc-9074-18-2\"  class=\"panel-grid-cell panel-grid-cell-empty\" ><\/div><\/div><div id=\"pg-9074-19\"  class=\"panel-grid panel-no-style\" ><div id=\"pgc-9074-19-0\"  class=\"panel-grid-cell\" ><div id=\"panel-9074-19-0-0\" class=\"so-panel widget widget_text panel-first-child panel-last-child\" data-index=\"13\" >\t\t\t<div class=\"textwidget\"><center> <img decoding=\"async\" src=\"https:\/\/coachingpartner.net\/cp\/wp-content\/uploads\/2018\/03\/bruno.jpg\"><\/center> \n<right>\n<p  style=\"font-size:20px; line-height: 30px !important; font-weight: 100; text-align: right !important;\">\"The team MOT pre survey revealed very interesting and powerful facts about the team\u00b4s priorities and problems. The questions got to the heart of the issues which challenge us as a group and individually. It allowed us to start a conversation between ourselves and put in place new ways of working to keep us all happy and productive. It was fun. It was different from a usual day for us. We could not have had those discussions without the external support of coachingpartner. It was definitely worth the investment of money and staff time because it makes us better at what we do\"\n<br>\n<span style=\"font-size:14px; font-weight: 100;\">- Bruno Lacey<\/span>\n <\/p>\n<\/right>\n<\/div>\n\t\t<\/div><\/div><div id=\"pgc-9074-19-1\"  class=\"panel-grid-cell\" ><div id=\"panel-9074-19-1-0\" class=\"so-panel widget widget_text panel-first-child panel-last-child\" data-index=\"14\" >\t\t\t<div class=\"textwidget\"><span class=\"texto_center\">\n<div class=\"espacio_bola2\"><\/div>\n<img decoding=\"async\" class=\"raya\" src=\"https:\/\/coachingpartner.net\/cp\/wp-content\/uploads\/2015\/08\/ralla_pixel_07.png\" height=\"609px\" width=\"9px\">\n<\/span>\n<\/div>\n\t\t<\/div><\/div><div id=\"pgc-9074-19-2\"  class=\"panel-grid-cell\" ><div id=\"panel-9074-19-2-0\" class=\"so-panel widget widget_text panel-first-child panel-last-child\" data-index=\"15\" ><div class=\"panel-widget-style panel-widget-style-for-9074-19-2-0\" >\t\t\t<div class=\"textwidget\"><left>\n<p class=\"cita_left_green\">Slik beskriver teamledere v\u00e5re workshops:<\/p>\n<p style=\"text-align: left !important;\">\n<span style=\"font-size:20px; line-height: 30px !important; font-weight: 100; text-align: left  !important;\">\u201cEngasjerende, g\u00f8y, klargj\u00f8rende, \u00e5pent, \u00e6rlig, alle bidrar, innsiktsfulle \u00f8velser, tankevekkende, personlige og faglige innsikter, kreativt, trygt, str\u00e5lende fasilitering\u201d<\/span>\n<br>\n<span style=\"font-size:14px; font-weight: 100;\">- Teamledere og deltagere p\u00e5 tidligere team workshops<\/span>\n <\/p>\n<\/left>\n  <\/div>\n\t\t<\/div><\/div><\/div><\/div><div id=\"pg-9074-20\"  class=\"panel-grid panel-no-style\" ><div id=\"pgc-9074-20-0\"  class=\"panel-grid-cell panel-grid-cell-empty\" ><\/div><div id=\"pgc-9074-20-1\"  class=\"panel-grid-cell panel-grid-cell-empty panel-grid-cell-mobile-last\" ><\/div><div id=\"pgc-9074-20-2\"  class=\"panel-grid-cell panel-grid-cell-empty\" ><\/div><\/div><div id=\"pg-9074-21\"  class=\"panel-grid panel-no-style\" ><div id=\"pgc-9074-21-0\"  class=\"panel-grid-cell panel-grid-cell-empty\" ><\/div><div id=\"pgc-9074-21-1\"  class=\"panel-grid-cell panel-grid-cell-mobile-last\" ><div id=\"panel-9074-21-1-0\" class=\"so-panel widget widget_text panel-first-child panel-last-child\" data-index=\"16\" >\t\t\t<div class=\"textwidget\"><p>&nbsp;<\/p>\n<center> <img decoding=\"async\" src=\"https:\/\/coachingpartner.net\/cp\/wp-content\/uploads\/2015\/10\/teamd_2_07.jpg\"><\/center> \n<p style=\"font-size:20px; line-height: 30px !important; font-weight: 100; text-align: center !important; margin-bottom: -20px;\">\n\u201c\u2026their focus is on strengthening connections between team members, helping understand differences and synergies in teams as well as facilitating scenarios and future directions to improve focus and performance. I strongly recommend Coachingpartner to any company that want to work on team development and performance!\u201d<\/p>\n<p class=\"author_right_green\" style=\"margin-bottom: -20px;\">Stein Aarland, CEO TNS KANTAR, Oslo<\/p>\n<\/div>\n\t\t<\/div><\/div><div id=\"pgc-9074-21-2\"  class=\"panel-grid-cell panel-grid-cell-empty\" ><\/div><\/div><div id=\"pg-9074-22\"  class=\"panel-grid panel-no-style\" ><div id=\"pgc-9074-22-0\"  class=\"panel-grid-cell panel-grid-cell-empty\" ><\/div><div id=\"pgc-9074-22-1\"  class=\"panel-grid-cell panel-grid-cell-mobile-last\" ><div id=\"panel-9074-22-1-0\" class=\"so-panel widget widget_text panel-first-child panel-last-child\" data-index=\"17\" >\t\t\t<div class=\"textwidget\"><p>&nbsp;<\/p>\n<center> <img decoding=\"async\" src=\"https:\/\/coachingpartner.net\/cp\/wp-content\/uploads\/2015\/10\/teamd_2_08.jpg\"><\/center> \n<p style=\"font-size:20px; line-height: 30px !important; font-weight: 100; text-align: center !important; margin-bottom: -20px;\">\n\u201cIUM is continuously working on competence development and chose to work with Coachingpartner in 2012. As part of \u201cIUM school\u201d Coachingpartner created a tailor made programme for our advisors where the theme was motivation and self confidence. The day was a big success. The informal, yet professional approach to the team created an open atmosphere . All participants have taken advantage of techniques and learnings created on the day and are using these in their daily work. We look forward to working with Coachingpartner on further competence development in the future.\u201d<\/p>\n<p class=\"author_right_green\" style=\"margin-bottom: -20px;\">Rachel \u00d8ver\u00e5s, ex IUM, now Supertanker<\/p>\n\n\n<\/div>\n\t\t<\/div><\/div><div id=\"pgc-9074-22-2\"  class=\"panel-grid-cell panel-grid-cell-empty\" ><\/div><\/div><div id=\"pg-9074-23\"  class=\"panel-grid panel-no-style\" ><div id=\"pgc-9074-23-0\"  class=\"panel-grid-cell panel-grid-cell-empty\" ><\/div><div id=\"pgc-9074-23-1\"  class=\"panel-grid-cell panel-grid-cell-empty panel-grid-cell-mobile-last\" ><\/div><div id=\"pgc-9074-23-2\"  class=\"panel-grid-cell panel-grid-cell-empty\" ><\/div><\/div><div id=\"pg-9074-24\"  class=\"panel-grid panel-no-style\" ><div id=\"pgc-9074-24-0\"  class=\"panel-grid-cell panel-grid-cell-empty\" ><\/div><div id=\"pgc-9074-24-1\"  class=\"panel-grid-cell panel-grid-cell-empty panel-grid-cell-mobile-last\" ><\/div><div id=\"pgc-9074-24-2\"  class=\"panel-grid-cell panel-grid-cell-empty\" ><\/div><\/div><div id=\"pg-9074-25\"  class=\"panel-grid panel-no-style\" ><div id=\"pgc-9074-25-0\"  class=\"panel-grid-cell panel-grid-cell-empty\" ><\/div><div id=\"pgc-9074-25-1\"  class=\"panel-grid-cell panel-grid-cell-empty panel-grid-cell-mobile-last\" ><\/div><div id=\"pgc-9074-25-2\"  class=\"panel-grid-cell panel-grid-cell-empty\" ><\/div><\/div><div id=\"pg-9074-26\"  class=\"panel-grid panel-no-style\" ><div id=\"pgc-9074-26-0\"  class=\"panel-grid-cell\" ><div id=\"panel-9074-26-0-0\" class=\"so-panel widget widget_text panel-first-child panel-last-child\" data-index=\"18\" >\t\t\t<div class=\"textwidget\"><p class=\"titles_center_orange\" style=\"margin-bottom: 40px;\">Bilde fra tidligere team workshop<\/p>\n<center>\n<img decoding=\"async\" src=\"https:\/\/coachingpartner.net\/cp\/wp-content\/uploads\/2018\/01\/Coachingpartner_16.jpg\" style=\"width: 80%;\"\/>\n<br>\n<\/center><\/div>\n\t\t<\/div><\/div><\/div><div id=\"pg-9074-27\"  class=\"panel-grid panel-no-style\" ><div id=\"pgc-9074-27-0\"  class=\"panel-grid-cell panel-grid-cell-empty\" ><\/div><div id=\"pgc-9074-27-1\"  class=\"panel-grid-cell panel-grid-cell-empty panel-grid-cell-mobile-last\" ><\/div><div id=\"pgc-9074-27-2\"  class=\"panel-grid-cell panel-grid-cell-empty\" ><\/div><\/div><div id=\"pg-9074-28\"  class=\"panel-grid panel-no-style\" ><div id=\"pgc-9074-28-0\"  class=\"panel-grid-cell panel-grid-cell-empty\" ><\/div><div id=\"pgc-9074-28-1\"  class=\"panel-grid-cell panel-grid-cell-empty panel-grid-cell-mobile-last\" ><\/div><div id=\"pgc-9074-28-2\"  class=\"panel-grid-cell panel-grid-cell-empty\" ><\/div><\/div><div id=\"pg-9074-29\"  class=\"panel-grid panel-no-style\" ><div id=\"pgc-9074-29-0\"  class=\"panel-grid-cell\" ><div id=\"panel-9074-29-0-0\" class=\"so-panel widget widget_text panel-first-child panel-last-child\" data-index=\"19\" >\t\t\t<div class=\"textwidget\"><p class=\"titles_center_orange\">Flere bilder fra tidligere team workshops<\/p><\/div>\n\t\t<\/div><\/div><\/div><div id=\"pg-9074-30\"  class=\"panel-grid panel-no-style\" ><div id=\"pgc-9074-30-0\"  class=\"panel-grid-cell\" ><div id=\"panel-9074-30-0-0\" class=\"so-panel widget widget_text panel-first-child panel-last-child\" data-index=\"20\" >\t\t\t<div class=\"textwidget\"><center> <a href=\"https:\/\/coachingpartner.net\/cp\/wp-content\/uploads\/2018\/01\/Coachingpartner_09.jpg\"><img decoding=\"async\" src=\"https:\/\/coachingpartner.net\/cp\/wp-content\/uploads\/2018\/01\/Coachingpartner_09.jpg\"><\/a><\/center> <\/div>\n\t\t<\/div><\/div><div id=\"pgc-9074-30-1\"  class=\"panel-grid-cell\" ><div id=\"panel-9074-30-1-0\" class=\"so-panel widget widget_text panel-first-child panel-last-child\" data-index=\"21\" >\t\t\t<div class=\"textwidget\"><center> <a href=\"https:\/\/coachingpartner.net\/cp\/wp-content\/uploads\/2018\/01\/Coachingpartner_14.jpg\"><img decoding=\"async\" src=\"https:\/\/coachingpartner.net\/cp\/wp-content\/uploads\/2018\/01\/Coachingpartner_14.jpg\"><\/a><\/center> <\/div>\n\t\t<\/div><\/div><div id=\"pgc-9074-30-2\"  class=\"panel-grid-cell\" ><div id=\"panel-9074-30-2-0\" class=\"so-panel widget widget_text panel-first-child panel-last-child\" data-index=\"22\" >\t\t\t<div class=\"textwidget\"><center><a href=\"https:\/\/coachingpartner.net\/cp\/wp-content\/uploads\/2018\/01\/Coachingpartner_15.jpg\"><img decoding=\"async\" src=\"https:\/\/coachingpartner.net\/cp\/wp-content\/uploads\/2018\/01\/Coachingpartner_15.jpg\"><\/a><\/center> <\/div>\n\t\t<\/div><\/div><\/div><div id=\"pg-9074-31\"  class=\"panel-grid panel-no-style\" ><div id=\"pgc-9074-31-0\"  class=\"panel-grid-cell panel-grid-cell-empty\" ><\/div><div id=\"pgc-9074-31-1\"  class=\"panel-grid-cell panel-grid-cell-empty panel-grid-cell-mobile-last\" ><\/div><div id=\"pgc-9074-31-2\"  class=\"panel-grid-cell panel-grid-cell-empty\" ><\/div><\/div><div id=\"pg-9074-32\"  class=\"panel-grid panel-no-style\" ><div id=\"pgc-9074-32-0\"  class=\"panel-grid-cell\" ><div id=\"panel-9074-32-0-0\" class=\"so-panel widget widget_text panel-first-child panel-last-child\" data-index=\"23\" >\t\t\t<div class=\"textwidget\"><p class=\"titles_center_green\" style=\"line-height: 43px; margin-top: 58px;\">Virker dette interessant?<\/p>\n<center><a class=\"vinculo_center_big_green\" href=\"https:\/\/coachingpartner.net\/cp\/en\/contact\/\">Ta kontakt med oss for mer informasjon!\n<\/a><\/center>\n\n<\/div>\n\t\t<\/div><\/div><\/div><div id=\"pg-9074-33\"  class=\"panel-grid panel-no-style\" ><div id=\"pgc-9074-33-0\"  class=\"panel-grid-cell panel-grid-cell-empty\" ><\/div><div id=\"pgc-9074-33-1\"  class=\"panel-grid-cell panel-grid-cell-empty panel-grid-cell-mobile-last\" ><\/div><div id=\"pgc-9074-33-2\"  class=\"panel-grid-cell panel-grid-cell-empty\" ><\/div><\/div><\/div><!-- AddThis Advanced Settings generic via filter on the_content --><!-- AddThis Share Buttons generic via filter on the_content -->","protected":false},"excerpt":{"rendered":"<p>Team diagnose<!-- AddThis Advanced Settings generic via filter on get_the_excerpt --><!-- AddThis Share Buttons generic via filter on get_the_excerpt --><\/p>\n","protected":false},"author":1,"featured_media":0,"parent":0,"menu_order":0,"comment_status":"closed","ping_status":"closed","template":"page-templates\/full-width.php","meta":{"_exactmetrics_skip_tracking":false,"_exactmetrics_sitenote_active":false,"_exactmetrics_sitenote_note":"","_exactmetrics_sitenote_category":0,"footnotes":""},"class_list":["post-9074","page","type-page","status-publish","hentry"],"wps_subtitle":"","_links":{"self":[{"href":"https:\/\/coachingpartner.net\/cp\/wp-json\/wp\/v2\/pages\/9074","targetHints":{"allow":["GET"]}}],"collection":[{"href":"https:\/\/coachingpartner.net\/cp\/wp-json\/wp\/v2\/pages"}],"about":[{"href":"https:\/\/coachingpartner.net\/cp\/wp-json\/wp\/v2\/types\/page"}],"author":[{"embeddable":true,"href":"https:\/\/coachingpartner.net\/cp\/wp-json\/wp\/v2\/users\/1"}],"replies":[{"embeddable":true,"href":"https:\/\/coachingpartner.net\/cp\/wp-json\/wp\/v2\/comments?post=9074"}],"version-history":[{"count":5,"href":"https:\/\/coachingpartner.net\/cp\/wp-json\/wp\/v2\/pages\/9074\/revisions"}],"predecessor-version":[{"id":11070,"href":"https:\/\/coachingpartner.net\/cp\/wp-json\/wp\/v2\/pages\/9074\/revisions\/11070"}],"wp:attachment":[{"href":"https:\/\/coachingpartner.net\/cp\/wp-json\/wp\/v2\/media?parent=9074"}],"curies":[{"name":"wp","href":"https:\/\/api.w.org\/{rel}","templated":true}]}}