{"id":9062,"date":"2018-01-22T18:41:50","date_gmt":"2018-01-22T17:41:50","guid":{"rendered":"http:\/\/coachingpartner.net\/cp\/?page_id=9062"},"modified":"2018-11-20T05:16:40","modified_gmt":"2018-11-20T04:16:40","slug":"vekk-din-indre-kraft","status":"publish","type":"page","link":"https:\/\/coachingpartner.net\/cp\/nb\/vekk-din-indre-kraft\/","title":{"rendered":"Vekk din indre kraft"},"content":{"rendered":"<div id=\"pl-9062\"  class=\"panel-layout\" ><div id=\"pg-9062-0\"  class=\"panel-grid panel-no-style\" ><div id=\"pgc-9062-0-0\"  class=\"panel-grid-cell panel-grid-cell-empty\" ><\/div><div id=\"pgc-9062-0-1\"  class=\"panel-grid-cell panel-grid-cell-mobile-last\" ><div id=\"panel-9062-0-1-0\" class=\"so-panel widget widget_text panel-first-child panel-last-child\" data-index=\"0\" >\t\t\t<div class=\"textwidget\"><p class=\"titles_center_orange\" style=\"font-weight:400\">Vekk din indre kraft<\/p>\n<\/div>\n\t\t<\/div><\/div><div id=\"pgc-9062-0-2\"  class=\"panel-grid-cell panel-grid-cell-empty\" ><\/div><\/div><div id=\"pg-9062-1\"  class=\"panel-grid panel-no-style\" ><div id=\"pgc-9062-1-0\"  class=\"panel-grid-cell\" ><div id=\"panel-9062-1-0-0\" class=\"so-panel widget widget_text panel-first-child panel-last-child\" data-index=\"1\" >\t\t\t<div class=\"textwidget\"><center>\n<img decoding=\"async\" src=\"https:\/\/coachingpartner.net\/cp\/wp-content\/uploads\/2018\/11\/56.jpg\" width=\"60%\" \/>\n<\/center>\n<\/div>\n\t\t<\/div><\/div><\/div><div id=\"pg-9062-2\"  class=\"panel-grid panel-no-style\" ><div id=\"pgc-9062-2-0\"  class=\"panel-grid-cell panel-grid-cell-empty\" ><\/div><div id=\"pgc-9062-2-1\"  class=\"panel-grid-cell panel-grid-cell-empty panel-grid-cell-mobile-last\" ><\/div><div id=\"pgc-9062-2-2\"  class=\"panel-grid-cell panel-grid-cell-empty\" ><\/div><\/div><div id=\"pg-9062-3\"  class=\"panel-grid panel-no-style\" ><div id=\"pgc-9062-3-0\"  class=\"panel-grid-cell panel-grid-cell-empty\" ><\/div><div id=\"pgc-9062-3-1\"  class=\"panel-grid-cell panel-grid-cell-mobile-last\" ><div id=\"panel-9062-3-1-0\" class=\"so-panel widget widget_text panel-first-child panel-last-child\" data-index=\"2\" >\t\t\t<div class=\"textwidget\"><p class=\"titles_center_orange\" style=\"color: #40a56d; margin-bottom: 40px;\">Om kurset<\/p>\n<p class=\"text_center\" style=\"text-align: center !important; font-size: 19px;\n    line-height: 30px !important;\n    font-weight: 100;\">Spirituelle guruer. Eksperter. Terapeuter. Buss-sj\u00e5f\u00f8rer. L\u00e6rere. R\u00e5dgivere. Coacher. De har alle en ting felles. De har skygger! Du har dem. Jeg har dem. Vi har dem all sammen. I dette kurset vil du bli bevisst p\u00e5 dine skyggesider og l\u00e6re hvordan disse kan hjelpe deg \u00e5 oppn\u00e5 mer av det som er aller viktigst for deg. Du vil l\u00e6re kraftfulle verkt\u00f8y som hjelper deg \u00e5 v\u00e6re p\u00e5 ditt beste selv i sv\u00e6rt stressende situasjoner. Dette er et tankevekkende og inspirerende kurs som vil gi deg ny energi, st\u00f8rre selvtillit og et spisset og tydelig fokus for fremtiden!<\/p>\n<\/div>\n\t\t<\/div><\/div><div id=\"pgc-9062-3-2\"  class=\"panel-grid-cell panel-grid-cell-empty\" ><\/div><\/div><div id=\"pg-9062-4\"  class=\"panel-grid panel-no-style\" ><div id=\"pgc-9062-4-0\"  class=\"panel-grid-cell panel-grid-cell-empty\" ><\/div><div id=\"pgc-9062-4-1\"  class=\"panel-grid-cell panel-grid-cell-empty panel-grid-cell-mobile-last\" ><\/div><div id=\"pgc-9062-4-2\"  class=\"panel-grid-cell panel-grid-cell-empty\" ><\/div><\/div><div id=\"pg-9062-5\"  class=\"panel-grid panel-no-style\" ><div id=\"pgc-9062-5-0\"  class=\"panel-grid-cell panel-grid-cell-empty\" ><\/div><div id=\"pgc-9062-5-1\"  class=\"panel-grid-cell panel-grid-cell-mobile-last\" ><div id=\"panel-9062-5-1-0\" class=\"so-panel widget widget_text panel-first-child\" data-index=\"3\" >\t\t\t<div class=\"textwidget\"><p class=\"titles_center_orange\">Kursinnhold<\/p>\n<\/div>\n\t\t<\/div><div id=\"panel-9062-5-1-1\" class=\"so-panel widget widget_text panel-last-child\" data-index=\"4\" >\t\t\t<div class=\"textwidget\"><p class=\"bullets_left_green\" style=\"color: #444 !important;\">\u2022 Forst\u00e5 hva skygger er<\/p>\n<p class=\"bullets_left_green\" style=\"color: #444 !important;\">\u2022 Bli bevisst p\u00e5 dine skyggesider<\/p>\n<p class=\"bullets_left_green\" style=\"color: #444 !important;\">\u2022 Forst\u00e5 verdien av dine skyggesider<\/p>\n<p class=\"bullets_left_green\" style=\"color: #444 !important;\">\u2022 L\u00e6r verkt\u00f8y som hjelper deg \u00e5 integrere dine skyggesider og ta kraften din tilbake<\/p>\n\t\n\n<\/div>\n\t\t<\/div><\/div><div id=\"pgc-9062-5-2\"  class=\"panel-grid-cell panel-grid-cell-empty\" ><\/div><\/div><div id=\"pg-9062-6\"  class=\"panel-grid panel-no-style\" ><div id=\"pgc-9062-6-0\"  class=\"panel-grid-cell panel-grid-cell-empty\" ><\/div><div id=\"pgc-9062-6-1\"  class=\"panel-grid-cell panel-grid-cell-empty panel-grid-cell-mobile-last\" ><\/div><div id=\"pgc-9062-6-2\"  class=\"panel-grid-cell panel-grid-cell-empty\" ><\/div><\/div><div id=\"pg-9062-7\"  class=\"panel-grid panel-no-style\" ><div id=\"pgc-9062-7-0\"  class=\"panel-grid-cell panel-grid-cell-empty\" ><\/div><div id=\"pgc-9062-7-1\"  class=\"panel-grid-cell panel-grid-cell-empty panel-grid-cell-mobile-last\" ><\/div><div id=\"pgc-9062-7-2\"  class=\"panel-grid-cell panel-grid-cell-empty\" ><\/div><\/div><div id=\"pg-9062-8\"  class=\"panel-grid panel-no-style\" ><div id=\"pgc-9062-8-0\"  class=\"panel-grid-cell panel-grid-cell-empty\" ><\/div><div id=\"pgc-9062-8-1\"  class=\"panel-grid-cell panel-grid-cell-mobile-last\" ><div id=\"panel-9062-8-1-0\" class=\"so-panel widget widget_text panel-first-child panel-last-child\" data-index=\"5\" >\t\t\t<div class=\"textwidget\"><p class=\"titles_center_orange\" style=\"margin-bottom: 40px;\"> M\u00e5lgruppe<\/p>\n<center><p style=\"text-align: left !important; font-size: 20px;\n    line-height: 30px !important;\n    font-weight: 100;\">Sm\u00e5 og mellomstore bedrifter som \u00f8nsker \u00e5 investere i felles l\u00e6ring og utvikling for \u00e5 ta organisasjonen til neste niv\u00e5.<\/p>\n<\/center><\/div>\n\t\t<\/div><\/div><div id=\"pgc-9062-8-2\"  class=\"panel-grid-cell panel-grid-cell-empty\" ><\/div><\/div><div id=\"pg-9062-9\"  class=\"panel-grid panel-no-style\" ><div id=\"pgc-9062-9-0\"  class=\"panel-grid-cell panel-grid-cell-empty\" ><\/div><div id=\"pgc-9062-9-1\"  class=\"panel-grid-cell panel-grid-cell-empty panel-grid-cell-mobile-last\" ><\/div><div id=\"pgc-9062-9-2\"  class=\"panel-grid-cell panel-grid-cell-empty\" ><\/div><\/div><div id=\"pg-9062-10\"  class=\"panel-grid panel-no-style\" ><div id=\"pgc-9062-10-0\"  class=\"panel-grid-cell panel-grid-cell-empty\" ><\/div><div id=\"pgc-9062-10-1\"  class=\"panel-grid-cell panel-grid-cell-empty panel-grid-cell-mobile-last\" ><\/div><div id=\"pgc-9062-10-2\"  class=\"panel-grid-cell panel-grid-cell-empty\" ><\/div><\/div><div id=\"pg-9062-11\"  class=\"panel-grid panel-no-style\" ><div id=\"pgc-9062-11-0\"  class=\"panel-grid-cell panel-grid-cell-empty\" ><\/div><div id=\"pgc-9062-11-1\"  class=\"panel-grid-cell panel-grid-cell-mobile-last\" ><div id=\"panel-9062-11-1-0\" class=\"so-panel widget widget_text panel-first-child\" data-index=\"6\" >\t\t\t<div class=\"textwidget\"><p class=\"titles_center_orange\">Hva vil jeg f\u00e5 ut av dette kurset?<\/p>\n<\/div>\n\t\t<\/div><div id=\"panel-9062-11-1-1\" class=\"so-panel widget widget_text panel-last-child\" data-index=\"7\" >\t\t\t<div class=\"textwidget\"><p class=\"bullets_left_green\" style=\"color: #444 !important;\">\u2022 St\u00f8rre tro p\u00e5 at du kan oppn\u00e5 det du \u00f8nsker deg - det du dr\u00f8mmer om<\/p>\n<p class=\"bullets_left_green\" style=\"color: #444 !important;\">\u2022 Verkt\u00f8y som hjelper deg \u00e5 v\u00e6re p\u00e5 ditt beste selv i stressende situasjoner<\/p>\n<p class=\"bullets_left_green\" style=\"color: #444 !important;\">\u2022 Verkt\u00f8y som hjelper deg \u00e5 holde et konsistent fokus over tid<\/p>\n<p class=\"bullets_left_green\" style=\"color: #444 !important;\">\u2022 Mot til \u00e5 handle og gj\u00f8re viktige endringer<\/p><\/div>\n\t\t<\/div><\/div><div id=\"pgc-9062-11-2\"  class=\"panel-grid-cell panel-grid-cell-empty\" ><\/div><\/div><div id=\"pg-9062-12\"  class=\"panel-grid panel-no-style\" ><div id=\"pgc-9062-12-0\"  class=\"panel-grid-cell panel-grid-cell-empty\" ><\/div><div id=\"pgc-9062-12-1\"  class=\"panel-grid-cell panel-grid-cell-empty panel-grid-cell-mobile-last\" ><\/div><div id=\"pgc-9062-12-2\"  class=\"panel-grid-cell panel-grid-cell-empty\" ><\/div><\/div><div id=\"pg-9062-13\"  class=\"panel-grid panel-no-style\" ><div id=\"pgc-9062-13-0\"  class=\"panel-grid-cell panel-grid-cell-empty\" ><\/div><div id=\"pgc-9062-13-1\"  class=\"panel-grid-cell panel-grid-cell-empty panel-grid-cell-mobile-last\" ><\/div><div id=\"pgc-9062-13-2\"  class=\"panel-grid-cell panel-grid-cell-empty\" ><\/div><\/div><div id=\"pg-9062-14\"  class=\"panel-grid panel-no-style\" ><div id=\"pgc-9062-14-0\"  class=\"panel-grid-cell\" ><div id=\"panel-9062-14-0-0\" class=\"so-panel widget widget_text panel-first-child panel-last-child\" data-index=\"8\" >\t\t\t<div class=\"textwidget\"><p class=\"titles_center_orange\"> Praktisk info<\/p><\/div>\n\t\t<\/div><\/div><\/div><div id=\"pg-9062-15\"  class=\"panel-grid panel-no-style\" ><div id=\"pgc-9062-15-0\"  class=\"panel-grid-cell\" ><div id=\"panel-9062-15-0-0\" class=\"so-panel widget widget_text panel-first-child panel-last-child\" data-index=\"9\" >\t\t\t<div class=\"textwidget\"><p class=\"cita_right_green\">Format<\/p>\n<p class=\"texto_right\" style=\"    font-size: 20px;\n    line-height: 30px !important;\n    font-weight: 100;\">Refleksjon individuelt, i par og\/eller i sm\u00e5 grupper, gruppediskusjoner, slides og verkt\u00f8y<\/p>\n\n<\/div>\n\t\t<\/div><\/div><div id=\"pgc-9062-15-1\"  class=\"panel-grid-cell\" ><div id=\"panel-9062-15-1-0\" class=\"so-panel widget widget_text panel-first-child panel-last-child\" data-index=\"10\" >\t\t\t<div class=\"textwidget\"><span class=\"texto_center\"><img decoding=\"async\" class=\"bola_naranaja\" src=\"https:\/\/coachingpartner.net\/cp\/wp-content\/uploads\/2015\/08\/bola_naranja_03.png\" width=\"11px\">\n<img decoding=\"async\" class=\"raya\" src=\"https:\/\/coachingpartner.net\/cp\/wp-content\/uploads\/2015\/08\/ralla_pixel_07.png\" height=\"83px\" width=\"9px\">\n<img decoding=\"async\" class=\"bola_naranaja\" src=\"https:\/\/coachingpartner.net\/cp\/wp-content\/uploads\/2015\/08\/bola_naranja_03.png\" width=\"11px\">\n<img decoding=\"async\" class=\"raya\" src=\"https:\/\/coachingpartner.net\/cp\/wp-content\/uploads\/2015\/08\/ralla_pixel_07.png\" height=\"50px\" width=\"9px\">\n<\/span><\/div>\n\t\t<\/div><\/div><div id=\"pgc-9062-15-2\"  class=\"panel-grid-cell\" ><div id=\"panel-9062-15-2-0\" class=\"so-panel widget widget_text panel-first-child panel-last-child\" data-index=\"11\" ><div class=\"panel-widget-style panel-widget-style-for-9062-15-2-0\" >\t\t\t<div class=\"textwidget\"><p class=\"cita_left_green\">Tid<\/p>\n<p class=\"texto_justificado\" style=\"    font-size: 20px;\n    line-height: 30px !important;\n    font-weight: 100;\n    text-align: left !important;\">2 timer, men kan tilpasses til 1 time eller halvdags kurs\/workshop<\/p>\n<\/div>\n\t\t<\/div><\/div><\/div><\/div><div id=\"pg-9062-16\"  class=\"panel-grid panel-no-style\" ><div id=\"pgc-9062-16-0\"  class=\"panel-grid-cell panel-grid-cell-empty\" ><\/div><div id=\"pgc-9062-16-1\"  class=\"panel-grid-cell panel-grid-cell-empty panel-grid-cell-mobile-last\" ><\/div><div id=\"pgc-9062-16-2\"  class=\"panel-grid-cell panel-grid-cell-empty\" ><\/div><\/div><div id=\"pg-9062-17\"  class=\"panel-grid panel-no-style\" ><div id=\"pgc-9062-17-0\"  class=\"panel-grid-cell panel-grid-cell-empty\" ><\/div><div id=\"pgc-9062-17-1\"  class=\"panel-grid-cell panel-grid-cell-empty panel-grid-cell-mobile-last\" ><\/div><div id=\"pgc-9062-17-2\"  class=\"panel-grid-cell panel-grid-cell-empty\" ><\/div><\/div><div id=\"pg-9062-18\"  class=\"panel-grid panel-no-style\" ><div id=\"pgc-9062-18-0\"  class=\"panel-grid-cell panel-grid-cell-empty\" ><\/div><div id=\"pgc-9062-18-1\"  class=\"panel-grid-cell panel-grid-cell-mobile-last\" ><div id=\"panel-9062-18-1-0\" class=\"so-panel widget widget_text panel-first-child panel-last-child\" data-index=\"12\" >\t\t\t<div class=\"textwidget\"><p class=\"titles_center_orange\">Hva sier tidligere kunder?<\/p><\/div>\n\t\t<\/div><\/div><div id=\"pgc-9062-18-2\"  class=\"panel-grid-cell panel-grid-cell-empty\" ><\/div><\/div><div id=\"pg-9062-19\"  class=\"panel-grid panel-no-style\" ><div id=\"pgc-9062-19-0\"  class=\"panel-grid-cell\" ><div id=\"panel-9062-19-0-0\" class=\"so-panel widget widget_text panel-first-child panel-last-child\" data-index=\"13\" >\t\t\t<div class=\"textwidget\"><right>\n<p  style=\"font-size:20px; line-height: 30px !important; font-weight: 100; text-align: right !important;\">81% av tidligere deltagere vurderer v\u00e5re kurs som \"str\u00e5lende\" eller \"veldig bra\"\n<br>\n<span style=\"font-size:14px; text-align: right !important;\">* basert p\u00e5 markedsunders\u00f8kelse av 8 tidligere kurs i London<\/span>\n <\/p>\n<\/right>\n<\/div>\n\t\t<\/div><\/div><div id=\"pgc-9062-19-1\"  class=\"panel-grid-cell\" ><div id=\"panel-9062-19-1-0\" class=\"so-panel widget widget_text panel-first-child panel-last-child\" data-index=\"14\" >\t\t\t<div class=\"textwidget\"><span class=\"texto_center\">\n<div class=\"espacio_bola2\"><\/div>\n<img decoding=\"async\" class=\"raya\" src=\"https:\/\/coachingpartner.net\/cp\/wp-content\/uploads\/2015\/08\/ralla_pixel_07.png\" height=\"310px\" width=\"9px\">\n<\/span>\n<\/div>\n\t\t<\/div><\/div><div id=\"pgc-9062-19-2\"  class=\"panel-grid-cell\" ><div id=\"panel-9062-19-2-0\" class=\"so-panel widget widget_text panel-first-child panel-last-child\" data-index=\"15\" ><div class=\"panel-widget-style panel-widget-style-for-9062-19-2-0\" >\t\t\t<div class=\"textwidget\"><left>\n<p class=\"cita_left_green\">Slik beskriver tidligere deltagere v\u00e5re kurs:<\/p>\n<p style=\"text-align: left !important;\">\n<span style=\"font-size:20px; line-height: 30px !important; font-weight: 100; text-align: left  !important;\">\u201cTankevekkende, ukonvensjonelt, veldig engasjerende, unikt innhold, god atmosf\u00e6re, rom til \u00e5 tenke, gode verkt\u00f8y og \u00f8velser som skaper personlig innsikt, gode eksempler, avslappet, vennlig, fleksibelt, \u00e5pent, \u00e6rlig, interaktivt, godt organisert, kreative elementer, str\u00e5lende fasilitering\u201d <\/span>\n<br>\n<span style=\"font-size:14px; font-weight: 100;\">* basert p\u00e5 markedsunders\u00f8kelse av 8 tidligere kurs i London<\/span>\n <\/p>\n<\/left>\n  <\/div>\n\t\t<\/div><\/div><\/div><\/div><div id=\"pg-9062-20\"  class=\"panel-grid panel-no-style\" ><div id=\"pgc-9062-20-0\"  class=\"panel-grid-cell panel-grid-cell-empty\" ><\/div><div id=\"pgc-9062-20-1\"  class=\"panel-grid-cell panel-grid-cell-empty panel-grid-cell-mobile-last\" ><\/div><div id=\"pgc-9062-20-2\"  class=\"panel-grid-cell panel-grid-cell-empty\" ><\/div><\/div><div id=\"pg-9062-21\"  class=\"panel-grid panel-no-style\" ><div id=\"pgc-9062-21-0\"  class=\"panel-grid-cell panel-grid-cell-empty\" ><\/div><div id=\"pgc-9062-21-1\"  class=\"panel-grid-cell panel-grid-cell-mobile-last\" ><div id=\"panel-9062-21-1-0\" class=\"so-panel widget widget_text panel-first-child panel-last-child\" data-index=\"16\" >\t\t\t<div class=\"textwidget\"><p>&nbsp;<\/p>\n<center> <img decoding=\"async\" src=\"https:\/\/coachingpartner.net\/cp\/wp-content\/uploads\/2018\/03\/rita.jpg\"><\/center> \n<p style=\"font-size:20px; line-height: 30px !important; font-weight: 100; text-align: center !important; margin-bottom: -20px;\">\n\u201cKurset hjalp meg \u00e5 forst\u00e5 hva som begrenset meg i \u00f8nsket mitt om ta det siste steget som selvstendig i eget firma. Jeg var selvstendig men engasjert i et stort selskap og ville slutte der for \u00e5 satse videre p\u00e5 en litt annen del av mitt yrke, min utdanning og kompetanse. F\u00f8r jeg tok kurset var jeg kommet dit at jeg var misforn\u00f8yd i jobben min, jeg trivdes ikke lenger, jeg trengte og bryte ut, men hadde ikke tillit til egen kompetanse i stor nok grad at jeg turde \u00e5 avslutte. Ta Kraften Din Tilbake var akkurat det kurset jeg trengte for \u00e5 forst\u00e5 at det \u00e5 omfavne og akseptere egne begrensninger kunne v\u00e6re veien til \u00e5 bli mer hel, mer genuin og tryggere p\u00e5 meg selv, alts\u00e5 bedre selvtilliten og ogs\u00e5 selvf\u00f8lelsen. Kurset bidro til starten p\u00e5 en endring i mitt tankem\u00f8nster i forhold til det \u00e5 endre karriere. Med ytterligere coaching innen skyggearbeid har jeg per i dag avsluttet engasjementet i selskapet jeg var i og satset for fullt i eget selskap. \u201d <\/p>\n<p class=\"author_right_green\" style=\"margin-bottom: -20px;\">Rita Van Ingelgem Monsen<\/p>\n<\/div>\n\t\t<\/div><\/div><div id=\"pgc-9062-21-2\"  class=\"panel-grid-cell panel-grid-cell-empty\" ><\/div><\/div><div id=\"pg-9062-22\"  class=\"panel-grid panel-no-style\" ><div id=\"pgc-9062-22-0\"  class=\"panel-grid-cell panel-grid-cell-empty\" ><\/div><div id=\"pgc-9062-22-1\"  class=\"panel-grid-cell panel-grid-cell-empty panel-grid-cell-mobile-last\" ><\/div><div id=\"pgc-9062-22-2\"  class=\"panel-grid-cell panel-grid-cell-empty\" ><\/div><\/div><div id=\"pg-9062-23\"  class=\"panel-grid panel-no-style\" ><div id=\"pgc-9062-23-0\"  class=\"panel-grid-cell panel-grid-cell-empty\" ><\/div><div id=\"pgc-9062-23-1\"  class=\"panel-grid-cell panel-grid-cell-empty panel-grid-cell-mobile-last\" ><\/div><div id=\"pgc-9062-23-2\"  class=\"panel-grid-cell panel-grid-cell-empty\" ><\/div><\/div><div id=\"pg-9062-24\"  class=\"panel-grid panel-no-style\" ><div id=\"pgc-9062-24-0\"  class=\"panel-grid-cell panel-grid-cell-empty\" ><\/div><div id=\"pgc-9062-24-1\"  class=\"panel-grid-cell panel-grid-cell-empty panel-grid-cell-mobile-last\" ><\/div><div id=\"pgc-9062-24-2\"  class=\"panel-grid-cell panel-grid-cell-empty\" ><\/div><\/div><div id=\"pg-9062-25\"  class=\"panel-grid panel-no-style\" ><div id=\"pgc-9062-25-0\"  class=\"panel-grid-cell\" ><div id=\"panel-9062-25-0-0\" class=\"so-panel widget widget_text panel-first-child panel-last-child\" data-index=\"17\" >\t\t\t<div class=\"textwidget\"><p class=\"titles_center_orange\" style=\"margin-bottom: 40px;\">Bilde fra tidligere kurs<\/p>\n<center>\n<img decoding=\"async\" src=\"https:\/\/coachingpartner.net\/cp\/wp-content\/uploads\/2018\/01\/Reclaim-your-power.jpg\" style=\"width: 80%;\"\/>\n<br>\n<\/center><\/div>\n\t\t<\/div><\/div><\/div><div id=\"pg-9062-26\"  class=\"panel-grid panel-no-style\" ><div id=\"pgc-9062-26-0\"  class=\"panel-grid-cell panel-grid-cell-empty\" ><\/div><div id=\"pgc-9062-26-1\"  class=\"panel-grid-cell panel-grid-cell-empty panel-grid-cell-mobile-last\" ><\/div><div id=\"pgc-9062-26-2\"  class=\"panel-grid-cell panel-grid-cell-empty\" ><\/div><\/div><div id=\"pg-9062-27\"  class=\"panel-grid panel-no-style\" ><div id=\"pgc-9062-27-0\"  class=\"panel-grid-cell panel-grid-cell-empty\" ><\/div><div id=\"pgc-9062-27-1\"  class=\"panel-grid-cell panel-grid-cell-empty panel-grid-cell-mobile-last\" ><\/div><div id=\"pgc-9062-27-2\"  class=\"panel-grid-cell panel-grid-cell-empty\" ><\/div><\/div><div id=\"pg-9062-28\"  class=\"panel-grid panel-no-style\" ><div id=\"pgc-9062-28-0\"  class=\"panel-grid-cell\" ><div id=\"panel-9062-28-0-0\" class=\"so-panel widget widget_text panel-first-child panel-last-child\" data-index=\"18\" >\t\t\t<div class=\"textwidget\"><p class=\"titles_center_orange\">Flere bilder fra tidligere kurs<\/p><\/div>\n\t\t<\/div><\/div><\/div><div id=\"pg-9062-29\"  class=\"panel-grid panel-no-style\" ><div id=\"pgc-9062-29-0\"  class=\"panel-grid-cell\" ><div id=\"panel-9062-29-0-0\" class=\"so-panel widget widget_text panel-first-child panel-last-child\" data-index=\"19\" >\t\t\t<div class=\"textwidget\"><center> <a href=\"https:\/\/coachingpartner.net\/cp\/wp-content\/uploads\/2017\/12\/last-cp1.jpg\"><img decoding=\"async\" src=\"https:\/\/coachingpartner.net\/cp\/wp-content\/uploads\/2017\/12\/last-cp1.jpg\"><\/a><\/center> <\/div>\n\t\t<\/div><\/div><div id=\"pgc-9062-29-1\"  class=\"panel-grid-cell\" ><div id=\"panel-9062-29-1-0\" class=\"so-panel widget widget_text panel-first-child panel-last-child\" data-index=\"20\" >\t\t\t<div class=\"textwidget\"><center> <a href=\"https:\/\/coachingpartner.net\/cp\/wp-content\/uploads\/2018\/01\/Photo-22-01-2018-19-15-35.jpg\"><img decoding=\"async\" src=\"https:\/\/coachingpartner.net\/cp\/wp-content\/uploads\/2018\/01\/Photo-22-01-2018-19-15-35.jpg\"><\/a><\/center> <\/div>\n\t\t<\/div><\/div><div id=\"pgc-9062-29-2\"  class=\"panel-grid-cell\" ><div id=\"panel-9062-29-2-0\" class=\"so-panel widget widget_text panel-first-child panel-last-child\" data-index=\"21\" >\t\t\t<div class=\"textwidget\"><center><a href=\"https:\/\/coachingpartner.net\/cp\/wp-content\/uploads\/2018\/01\/Photo-22-01-2018-19-14-40.jpg\"><img decoding=\"async\" src=\"https:\/\/coachingpartner.net\/cp\/wp-content\/uploads\/2018\/01\/Photo-22-01-2018-19-14-40.jpg\"><\/a><\/center> <\/div>\n\t\t<\/div><\/div><\/div><div id=\"pg-9062-30\"  class=\"panel-grid panel-no-style\" ><div id=\"pgc-9062-30-0\"  class=\"panel-grid-cell panel-grid-cell-empty\" ><\/div><div id=\"pgc-9062-30-1\"  class=\"panel-grid-cell panel-grid-cell-empty panel-grid-cell-mobile-last\" ><\/div><div id=\"pgc-9062-30-2\"  class=\"panel-grid-cell panel-grid-cell-empty\" ><\/div><\/div><div id=\"pg-9062-31\"  class=\"panel-grid panel-no-style\" ><div id=\"pgc-9062-31-0\"  class=\"panel-grid-cell\" ><div id=\"panel-9062-31-0-0\" class=\"so-panel widget widget_text panel-first-child panel-last-child\" data-index=\"22\" >\t\t\t<div class=\"textwidget\"><p class=\"titles_center_green\" style=\"line-height: 43px; margin-top: 58px;\">Virker dette interessant?<\/p>\n<center><a class=\"vinculo_center_big_green\" href=\"https:\/\/coachingpartner.net\/cp\/en\/contact\/\">Ta kontakt med oss for mer informasjon!\n<\/a><\/center>\n\n<\/div>\n\t\t<\/div><\/div><\/div><div id=\"pg-9062-32\"  class=\"panel-grid panel-no-style\" ><div id=\"pgc-9062-32-0\"  class=\"panel-grid-cell panel-grid-cell-empty\" ><\/div><div id=\"pgc-9062-32-1\"  class=\"panel-grid-cell panel-grid-cell-empty panel-grid-cell-mobile-last\" ><\/div><div id=\"pgc-9062-32-2\"  class=\"panel-grid-cell panel-grid-cell-empty\" ><\/div><\/div><\/div><!-- AddThis Advanced Settings generic via filter on the_content --><!-- AddThis Share Buttons generic via filter on the_content -->","protected":false},"excerpt":{"rendered":"<p>Vekk din indre kraft<!-- AddThis Advanced Settings generic via filter on get_the_excerpt --><!-- AddThis Share Buttons generic via filter on get_the_excerpt --><\/p>\n","protected":false},"author":1,"featured_media":0,"parent":0,"menu_order":0,"comment_status":"closed","ping_status":"closed","template":"page-templates\/full-width.php","meta":{"_exactmetrics_skip_tracking":false,"_exactmetrics_sitenote_active":false,"_exactmetrics_sitenote_note":"","_exactmetrics_sitenote_category":0,"footnotes":""},"class_list":["post-9062","page","type-page","status-publish","hentry"],"wps_subtitle":"","_links":{"self":[{"href":"https:\/\/coachingpartner.net\/cp\/wp-json\/wp\/v2\/pages\/9062","targetHints":{"allow":["GET"]}}],"collection":[{"href":"https:\/\/coachingpartner.net\/cp\/wp-json\/wp\/v2\/pages"}],"about":[{"href":"https:\/\/coachingpartner.net\/cp\/wp-json\/wp\/v2\/types\/page"}],"author":[{"embeddable":true,"href":"https:\/\/coachingpartner.net\/cp\/wp-json\/wp\/v2\/users\/1"}],"replies":[{"embeddable":true,"href":"https:\/\/coachingpartner.net\/cp\/wp-json\/wp\/v2\/comments?post=9062"}],"version-history":[{"count":5,"href":"https:\/\/coachingpartner.net\/cp\/wp-json\/wp\/v2\/pages\/9062\/revisions"}],"predecessor-version":[{"id":11842,"href":"https:\/\/coachingpartner.net\/cp\/wp-json\/wp\/v2\/pages\/9062\/revisions\/11842"}],"wp:attachment":[{"href":"https:\/\/coachingpartner.net\/cp\/wp-json\/wp\/v2\/media?parent=9062"}],"curies":[{"name":"wp","href":"https:\/\/api.w.org\/{rel}","templated":true}]}}