{"id":9056,"date":"2018-01-22T18:38:18","date_gmt":"2018-01-22T17:38:18","guid":{"rendered":"http:\/\/coachingpartner.net\/cp\/?page_id=9056"},"modified":"2018-08-06T19:06:32","modified_gmt":"2018-08-06T18:06:32","slug":"bygg-sterke-team","status":"publish","type":"page","link":"https:\/\/coachingpartner.net\/cp\/nb\/bygg-sterke-team\/","title":{"rendered":"Bygg sterke team"},"content":{"rendered":"<div id=\"pl-9056\"  class=\"panel-layout\" ><div id=\"pg-9056-0\"  class=\"panel-grid panel-no-style\" ><div id=\"pgc-9056-0-0\"  class=\"panel-grid-cell panel-grid-cell-empty\" ><\/div><div id=\"pgc-9056-0-1\"  class=\"panel-grid-cell panel-grid-cell-mobile-last\" ><div id=\"panel-9056-0-1-0\" class=\"so-panel widget widget_text panel-first-child panel-last-child\" data-index=\"0\" >\t\t\t<div class=\"textwidget\"><p class=\"titles_center_orange\" style=\"font-weight:400\">Bygg sterke team<\/p>\n<\/div>\n\t\t<\/div><\/div><div id=\"pgc-9056-0-2\"  class=\"panel-grid-cell panel-grid-cell-empty\" ><\/div><\/div><div id=\"pg-9056-1\"  class=\"panel-grid panel-no-style\" ><div id=\"pgc-9056-1-0\"  class=\"panel-grid-cell\" ><div id=\"panel-9056-1-0-0\" class=\"so-panel widget widget_text panel-first-child panel-last-child\" data-index=\"1\" >\t\t\t<div class=\"textwidget\"><center>\n<img decoding=\"async\" src=\"https:\/\/coachingpartner.net\/cp\/wp-content\/uploads\/2018\/01\/teamcoaching_view.jpg\" width=\"80%\" \/>\n<br>\n<\/center>\n<\/div>\n\t\t<\/div><\/div><\/div><div id=\"pg-9056-2\"  class=\"panel-grid panel-no-style\" ><div id=\"pgc-9056-2-0\"  class=\"panel-grid-cell panel-grid-cell-empty\" ><\/div><div id=\"pgc-9056-2-1\"  class=\"panel-grid-cell panel-grid-cell-empty panel-grid-cell-mobile-last\" ><\/div><div id=\"pgc-9056-2-2\"  class=\"panel-grid-cell panel-grid-cell-empty\" ><\/div><\/div><div id=\"pg-9056-3\"  class=\"panel-grid panel-no-style\" ><div id=\"pgc-9056-3-0\"  class=\"panel-grid-cell panel-grid-cell-empty\" ><\/div><div id=\"pgc-9056-3-1\"  class=\"panel-grid-cell panel-grid-cell-mobile-last\" ><div id=\"panel-9056-3-1-0\" class=\"so-panel widget widget_text panel-first-child panel-last-child\" data-index=\"2\" >\t\t\t<div class=\"textwidget\"><p class=\"titles_center_orange\" style=\"color: #40a56d; margin-bottom: 40px;\">Om kurset<\/p>\n<p class=\"text_center\" style=\"text-align: center !important; font-size: 19px;\n    line-height: 30px !important;\n    font-weight: 100;\">Er det stort potensial i teamene deres som kan utnyttes bedre? Jobber dere mer som enkeltindivider i en grupper enn som effektive og dynamiske team? I dette kurset l\u00e6rer dere sentrale teamlederferdigheter samt verkt\u00f8y og teknikker som hjelper dere \u00e5 styrke teamene slik at de kan oppn\u00e5 mer av det som er viktigst.<\/p>\n<\/div>\n\t\t<\/div><\/div><div id=\"pgc-9056-3-2\"  class=\"panel-grid-cell panel-grid-cell-empty\" ><\/div><\/div><div id=\"pg-9056-4\"  class=\"panel-grid panel-no-style\" ><div id=\"pgc-9056-4-0\"  class=\"panel-grid-cell panel-grid-cell-empty\" ><\/div><div id=\"pgc-9056-4-1\"  class=\"panel-grid-cell panel-grid-cell-empty panel-grid-cell-mobile-last\" ><\/div><div id=\"pgc-9056-4-2\"  class=\"panel-grid-cell panel-grid-cell-empty\" ><\/div><\/div><div id=\"pg-9056-5\"  class=\"panel-grid panel-no-style\" ><div id=\"pgc-9056-5-0\"  class=\"panel-grid-cell panel-grid-cell-empty\" ><\/div><div id=\"pgc-9056-5-1\"  class=\"panel-grid-cell panel-grid-cell-mobile-last\" ><div id=\"panel-9056-5-1-0\" class=\"so-panel widget widget_text panel-first-child\" data-index=\"3\" >\t\t\t<div class=\"textwidget\"><p class=\"titles_center_orange\">Kursinnhold<\/p>\n<\/div>\n\t\t<\/div><div id=\"panel-9056-5-1-1\" class=\"so-panel widget widget_text panel-last-child\" data-index=\"4\" >\t\t\t<div class=\"textwidget\"><p class=\"bullets_left_green\" style=\"color: #444 !important;\">\u2022 Forst\u00e5 teamet: N\u00e5v\u00e6rende ressurser, motivasjon og fokusomr\u00e5der<\/p>\n<p class=\"bullets_left_green\" style=\"color: #444 !important;\">\u2022 Hvordan reaktivere og engasjere teamet<\/p>\n<p class=\"bullets_left_green\" style=\"color: #444 !important;\">\u2022 Skape eierskap og forpliktelse<\/p>\n<p class=\"bullets_left_green\" style=\"color: #444 !important;\">\u2022 L\u00e6re viktige teamlederferdigheter<\/p><\/div>\n\t\t<\/div><\/div><div id=\"pgc-9056-5-2\"  class=\"panel-grid-cell panel-grid-cell-empty\" ><\/div><\/div><div id=\"pg-9056-6\"  class=\"panel-grid panel-no-style\" ><div id=\"pgc-9056-6-0\"  class=\"panel-grid-cell panel-grid-cell-empty\" ><\/div><div id=\"pgc-9056-6-1\"  class=\"panel-grid-cell panel-grid-cell-empty panel-grid-cell-mobile-last\" ><\/div><div id=\"pgc-9056-6-2\"  class=\"panel-grid-cell panel-grid-cell-empty\" ><\/div><\/div><div id=\"pg-9056-7\"  class=\"panel-grid panel-no-style\" ><div id=\"pgc-9056-7-0\"  class=\"panel-grid-cell panel-grid-cell-empty\" ><\/div><div id=\"pgc-9056-7-1\"  class=\"panel-grid-cell panel-grid-cell-empty panel-grid-cell-mobile-last\" ><\/div><div id=\"pgc-9056-7-2\"  class=\"panel-grid-cell panel-grid-cell-empty\" ><\/div><\/div><div id=\"pg-9056-8\"  class=\"panel-grid panel-no-style\" ><div id=\"pgc-9056-8-0\"  class=\"panel-grid-cell panel-grid-cell-empty\" ><\/div><div id=\"pgc-9056-8-1\"  class=\"panel-grid-cell panel-grid-cell-mobile-last\" ><div id=\"panel-9056-8-1-0\" class=\"so-panel widget widget_text panel-first-child panel-last-child\" data-index=\"5\" >\t\t\t<div class=\"textwidget\"><p class=\"titles_center_orange\" style=\"margin-bottom: 40px;\">M\u00e5lgruppe<\/p>\n<center><p style=\"text-align: left !important; font-size: 20px;\n    line-height: 30px !important;\n    font-weight: 100;\">Sm\u00e5 og mellomstore bedrifter som \u00f8nsker \u00e5 investere i felles l\u00e6ring og utvikling for \u00e5 ta organisasjonen til neste niv\u00e5.<\/p>\n<\/center><\/div>\n\t\t<\/div><\/div><div id=\"pgc-9056-8-2\"  class=\"panel-grid-cell panel-grid-cell-empty\" ><\/div><\/div><div id=\"pg-9056-9\"  class=\"panel-grid panel-no-style\" ><div id=\"pgc-9056-9-0\"  class=\"panel-grid-cell panel-grid-cell-empty\" ><\/div><div id=\"pgc-9056-9-1\"  class=\"panel-grid-cell panel-grid-cell-empty panel-grid-cell-mobile-last\" ><\/div><div id=\"pgc-9056-9-2\"  class=\"panel-grid-cell panel-grid-cell-empty\" ><\/div><\/div><div id=\"pg-9056-10\"  class=\"panel-grid panel-no-style\" ><div id=\"pgc-9056-10-0\"  class=\"panel-grid-cell panel-grid-cell-empty\" ><\/div><div id=\"pgc-9056-10-1\"  class=\"panel-grid-cell panel-grid-cell-empty panel-grid-cell-mobile-last\" ><\/div><div id=\"pgc-9056-10-2\"  class=\"panel-grid-cell panel-grid-cell-empty\" ><\/div><\/div><div id=\"pg-9056-11\"  class=\"panel-grid panel-no-style\" ><div id=\"pgc-9056-11-0\"  class=\"panel-grid-cell panel-grid-cell-empty\" ><\/div><div id=\"pgc-9056-11-1\"  class=\"panel-grid-cell panel-grid-cell-mobile-last\" ><div id=\"panel-9056-11-1-0\" class=\"so-panel widget widget_text panel-first-child\" data-index=\"6\" >\t\t\t<div class=\"textwidget\"><p class=\"titles_center_orange\">Hva vil jeg f\u00e5 ut av dette kurset?<\/p>\n<\/div>\n\t\t<\/div><div id=\"panel-9056-11-1-1\" class=\"so-panel widget widget_text panel-last-child\" data-index=\"7\" >\t\t\t<div class=\"textwidget\"><p class=\"bullets_left_green\" style=\"color: #444 !important;\">\u2022 Verkt\u00f8y som hjelper deg \u00e5 forst\u00e5, motivere og skape felles forpliktelse i teamet<\/p>\n<p class=\"bullets_left_green\" style=\"color: #444 !important;\">\u2022 Klar forst\u00e5else av sentrale teamlederferdigheter<\/p>\n<p class=\"bullets_left_green\" style=\"color: #444 !important;\">\u2022 Klarhet om hvordan du kan styrke ditt team<\/p><\/div>\n\t\t<\/div><\/div><div id=\"pgc-9056-11-2\"  class=\"panel-grid-cell panel-grid-cell-empty\" ><\/div><\/div><div id=\"pg-9056-12\"  class=\"panel-grid panel-no-style\" ><div id=\"pgc-9056-12-0\"  class=\"panel-grid-cell panel-grid-cell-empty\" ><\/div><div id=\"pgc-9056-12-1\"  class=\"panel-grid-cell panel-grid-cell-empty panel-grid-cell-mobile-last\" ><\/div><div id=\"pgc-9056-12-2\"  class=\"panel-grid-cell panel-grid-cell-empty\" ><\/div><\/div><div id=\"pg-9056-13\"  class=\"panel-grid panel-no-style\" ><div id=\"pgc-9056-13-0\"  class=\"panel-grid-cell panel-grid-cell-empty\" ><\/div><div id=\"pgc-9056-13-1\"  class=\"panel-grid-cell panel-grid-cell-empty panel-grid-cell-mobile-last\" ><\/div><div id=\"pgc-9056-13-2\"  class=\"panel-grid-cell panel-grid-cell-empty\" ><\/div><\/div><div id=\"pg-9056-14\"  class=\"panel-grid panel-no-style\" ><div id=\"pgc-9056-14-0\"  class=\"panel-grid-cell\" ><div id=\"panel-9056-14-0-0\" class=\"so-panel widget widget_text panel-first-child panel-last-child\" data-index=\"8\" >\t\t\t<div class=\"textwidget\"><p class=\"titles_center_orange\">Praktisk info<\/p><\/div>\n\t\t<\/div><\/div><\/div><div id=\"pg-9056-15\"  class=\"panel-grid panel-no-style\" ><div id=\"pgc-9056-15-0\"  class=\"panel-grid-cell\" ><div id=\"panel-9056-15-0-0\" class=\"so-panel widget widget_text panel-first-child panel-last-child\" data-index=\"9\" >\t\t\t<div class=\"textwidget\"><p class=\"cita_right_green\">Format<\/p>\n<p class=\"texto_right\" style=\"    font-size: 20px;\n    line-height: 30px !important;\n    font-weight: 100;\">Refleksjon individuelt, i par og\/eller i sm\u00e5 grupper, gruppediskusjoner, slides og verkt\u00f8y<\/p>\n\n<\/div>\n\t\t<\/div><\/div><div id=\"pgc-9056-15-1\"  class=\"panel-grid-cell\" ><div id=\"panel-9056-15-1-0\" class=\"so-panel widget widget_text panel-first-child panel-last-child\" data-index=\"10\" >\t\t\t<div class=\"textwidget\"><span class=\"texto_center\"><img decoding=\"async\" class=\"bola_naranaja\" src=\"https:\/\/coachingpartner.net\/cp\/wp-content\/uploads\/2015\/08\/bola_naranja_03.png\" width=\"11px\">\n<img decoding=\"async\" class=\"raya\" src=\"https:\/\/coachingpartner.net\/cp\/wp-content\/uploads\/2015\/08\/ralla_pixel_07.png\" height=\"83px\" width=\"9px\">\n<img decoding=\"async\" class=\"bola_naranaja\" src=\"https:\/\/coachingpartner.net\/cp\/wp-content\/uploads\/2015\/08\/bola_naranja_03.png\" width=\"11px\">\n<img decoding=\"async\" class=\"raya\" src=\"https:\/\/coachingpartner.net\/cp\/wp-content\/uploads\/2015\/08\/ralla_pixel_07.png\" height=\"50px\" width=\"9px\">\n<\/span><\/div>\n\t\t<\/div><\/div><div id=\"pgc-9056-15-2\"  class=\"panel-grid-cell\" ><div id=\"panel-9056-15-2-0\" class=\"so-panel widget widget_text panel-first-child panel-last-child\" data-index=\"11\" ><div class=\"panel-widget-style panel-widget-style-for-9056-15-2-0\" >\t\t\t<div class=\"textwidget\"><p class=\"cita_left_green\">Tid<\/p>\n<p class=\"texto_justificado\" style=\"    font-size: 20px;\n    line-height: 30px !important;\n    font-weight: 100;\n    text-align: left !important;\">2 timer, men kan tilpasses til 1 time eller halvdags kurs\/workshop<\/p>\n<\/div>\n\t\t<\/div><\/div><\/div><\/div><div id=\"pg-9056-16\"  class=\"panel-grid panel-no-style\" ><div id=\"pgc-9056-16-0\"  class=\"panel-grid-cell panel-grid-cell-empty\" ><\/div><div id=\"pgc-9056-16-1\"  class=\"panel-grid-cell panel-grid-cell-empty panel-grid-cell-mobile-last\" ><\/div><div id=\"pgc-9056-16-2\"  class=\"panel-grid-cell panel-grid-cell-empty\" ><\/div><\/div><div id=\"pg-9056-17\"  class=\"panel-grid panel-no-style\" ><div id=\"pgc-9056-17-0\"  class=\"panel-grid-cell panel-grid-cell-empty\" ><\/div><div id=\"pgc-9056-17-1\"  class=\"panel-grid-cell panel-grid-cell-empty panel-grid-cell-mobile-last\" ><\/div><div id=\"pgc-9056-17-2\"  class=\"panel-grid-cell panel-grid-cell-empty\" ><\/div><\/div><div id=\"pg-9056-18\"  class=\"panel-grid panel-no-style\" ><div id=\"pgc-9056-18-0\"  class=\"panel-grid-cell panel-grid-cell-empty\" ><\/div><div id=\"pgc-9056-18-1\"  class=\"panel-grid-cell panel-grid-cell-mobile-last\" ><div id=\"panel-9056-18-1-0\" class=\"so-panel widget widget_text panel-first-child panel-last-child\" data-index=\"12\" >\t\t\t<div class=\"textwidget\"><p class=\"titles_center_orange\">Hva sier tidligere kunder?<\/p><\/div>\n\t\t<\/div><\/div><div id=\"pgc-9056-18-2\"  class=\"panel-grid-cell panel-grid-cell-empty\" ><\/div><\/div><div id=\"pg-9056-19\"  class=\"panel-grid panel-no-style\" ><div id=\"pgc-9056-19-0\"  class=\"panel-grid-cell\" ><div id=\"panel-9056-19-0-0\" class=\"so-panel widget widget_text panel-first-child panel-last-child\" data-index=\"13\" >\t\t\t<div class=\"textwidget\"><right>\n<p  style=\"font-size:20px; line-height: 30px !important; font-weight: 100; text-align: right !important;\">81% av tidligere deltagere vurderer v\u00e5re kurs som \"str\u00e5lende\" eller \"veldig bra\"\n<br>\n<span style=\"font-size:14px; text-align: right !important;\">* basert p\u00e5 markedsunders\u00f8kelse av 8 tidligere kurs i London<\/span>\n <\/p>\n<\/right>\n<\/div>\n\t\t<\/div><\/div><div id=\"pgc-9056-19-1\"  class=\"panel-grid-cell\" ><div id=\"panel-9056-19-1-0\" class=\"so-panel widget widget_text panel-first-child panel-last-child\" data-index=\"14\" >\t\t\t<div class=\"textwidget\"><span class=\"texto_center\">\n<div class=\"espacio_bola2\"><\/div>\n<img decoding=\"async\" class=\"raya\" src=\"https:\/\/coachingpartner.net\/cp\/wp-content\/uploads\/2015\/08\/ralla_pixel_07.png\" height=\"310px\" width=\"9px\">\n<\/span>\n<\/div>\n\t\t<\/div><\/div><div id=\"pgc-9056-19-2\"  class=\"panel-grid-cell\" ><div id=\"panel-9056-19-2-0\" class=\"so-panel widget widget_text panel-first-child panel-last-child\" data-index=\"15\" ><div class=\"panel-widget-style panel-widget-style-for-9056-19-2-0\" >\t\t\t<div class=\"textwidget\"><left>\n<p class=\"cita_left_green\">Slik beskriver tidligere deltagere v\u00e5re kurs:<\/p>\n<p style=\"text-align: left !important;\">\n<span style=\"font-size:20px; line-height: 30px !important; font-weight: 100; text-align: left  !important;\">\u201cTankevekkende, ukonvensjonelt, veldig engasjerende, unikt innhold, god atmosf\u00e6re, rom til \u00e5 tenke, gode verkt\u00f8y og \u00f8velser som skaper personlig innsikt, gode eksempler, avslappet, vennlig, fleksibelt, \u00e5pent, \u00e6rlig, interaktivt, godt organisert, kreative elementer, str\u00e5lende fasilitering\u201d <\/span>\n<br>\n<span style=\"font-size:14px; font-weight: 100;\">* basert p\u00e5 markedsunders\u00f8kelse av 8 tidligere kurs i London<\/span>\n <\/p>\n<\/left>\n  <\/div>\n\t\t<\/div><\/div><\/div><\/div><div id=\"pg-9056-20\"  class=\"panel-grid panel-no-style\" ><div id=\"pgc-9056-20-0\"  class=\"panel-grid-cell panel-grid-cell-empty\" ><\/div><div id=\"pgc-9056-20-1\"  class=\"panel-grid-cell panel-grid-cell-empty panel-grid-cell-mobile-last\" ><\/div><div id=\"pgc-9056-20-2\"  class=\"panel-grid-cell panel-grid-cell-empty\" ><\/div><\/div><div id=\"pg-9056-21\"  class=\"panel-grid panel-no-style\" ><div id=\"pgc-9056-21-0\"  class=\"panel-grid-cell panel-grid-cell-empty\" ><\/div><div id=\"pgc-9056-21-1\"  class=\"panel-grid-cell panel-grid-cell-mobile-last\" ><div id=\"panel-9056-21-1-0\" class=\"so-panel widget widget_text panel-first-child panel-last-child\" data-index=\"16\" >\t\t\t<div class=\"textwidget\"><p>&nbsp;<\/p>\n<center> <img decoding=\"async\" style=\"border-radius: 230px; width: 200px;\" src=\"https:\/\/coachingpartner.net\/cp\/wp-content\/uploads\/2018\/01\/john_rhys_williams.jpg\"><\/center> \n<p style=\"font-size:20px; line-height: 30px !important; font-weight: 100; text-align: center !important; margin-bottom: -20px;\">\n\u201cCoachingpartner were excellent and had some interesting concepts to reflect on both in relation to team building and communication in general. The main takeaways I had were, firstly- the importance of taking time to review and reflect team dynamics and secondly - the quality of listening. Actually focusing on what the person is saying and what they mean as we can all be guilty sometimes of second guessing people \u0301s responses and not properly listening to someone\u2019s answers, feedback etc\u201d.<\/p>\n<p class=\"author_right_green\" style=\"margin-bottom: -20px;\">John-Rhys Williams<br>Founder ORB Management<\/p>\n<\/div>\n\t\t<\/div><\/div><div id=\"pgc-9056-21-2\"  class=\"panel-grid-cell panel-grid-cell-empty\" ><\/div><\/div><div id=\"pg-9056-22\"  class=\"panel-grid panel-no-style\" ><div id=\"pgc-9056-22-0\"  class=\"panel-grid-cell panel-grid-cell-empty\" ><\/div><div id=\"pgc-9056-22-1\"  class=\"panel-grid-cell panel-grid-cell-mobile-last\" ><div id=\"panel-9056-22-1-0\" class=\"so-panel widget widget_text panel-first-child panel-last-child\" data-index=\"17\" >\t\t\t<div class=\"textwidget\"><p>&nbsp;<\/p>\n<center> <img decoding=\"async\" style=\"border-radius: 230px; width: 200px;\" src=\"https:\/\/coachingpartner.net\/cp\/wp-content\/uploads\/2018\/01\/cesilie_bollingmo.jpg\"><\/center> \n<p style=\"font-size:20px; line-height: 30px !important; font-weight: 100; text-align: center !important; margin-bottom: -20px;\">\n\"Takk for ett veldig nyttig kurs.  Bra med en blandet gruppe \u2013 og jeg liker deres fokus for \u00e5 f\u00e5 til gode team. Opplever virkelig \u00e5 ha f\u00e5tt med helt konkret nytte fra seminaret som kan brukes videre.\"<\/p>\n<p class=\"author_right_green\" style=\"margin-bottom: -20px;\">Cesilie Bollingmo<br>Teamleder KANTAR TNS<\/p>\n\n\n<\/div>\n\t\t<\/div><\/div><div id=\"pgc-9056-22-2\"  class=\"panel-grid-cell panel-grid-cell-empty\" ><\/div><\/div><div id=\"pg-9056-23\"  class=\"panel-grid panel-no-style\" ><div id=\"pgc-9056-23-0\"  class=\"panel-grid-cell panel-grid-cell-empty\" ><\/div><div id=\"pgc-9056-23-1\"  class=\"panel-grid-cell panel-grid-cell-empty panel-grid-cell-mobile-last\" ><\/div><div id=\"pgc-9056-23-2\"  class=\"panel-grid-cell panel-grid-cell-empty\" ><\/div><\/div><div id=\"pg-9056-24\"  class=\"panel-grid panel-no-style\" ><div id=\"pgc-9056-24-0\"  class=\"panel-grid-cell panel-grid-cell-empty\" ><\/div><div id=\"pgc-9056-24-1\"  class=\"panel-grid-cell panel-grid-cell-empty panel-grid-cell-mobile-last\" ><\/div><div id=\"pgc-9056-24-2\"  class=\"panel-grid-cell panel-grid-cell-empty\" ><\/div><\/div><div id=\"pg-9056-25\"  class=\"panel-grid panel-no-style\" ><div id=\"pgc-9056-25-0\"  class=\"panel-grid-cell panel-grid-cell-empty\" ><\/div><div id=\"pgc-9056-25-1\"  class=\"panel-grid-cell panel-grid-cell-empty panel-grid-cell-mobile-last\" ><\/div><div id=\"pgc-9056-25-2\"  class=\"panel-grid-cell panel-grid-cell-empty\" ><\/div><\/div><div id=\"pg-9056-26\"  class=\"panel-grid panel-no-style\" ><div id=\"pgc-9056-26-0\"  class=\"panel-grid-cell\" ><div id=\"panel-9056-26-0-0\" class=\"so-panel widget widget_text panel-first-child panel-last-child\" data-index=\"18\" >\t\t\t<div class=\"textwidget\"><p class=\"titles_center_orange\" style=\"margin-bottom: 40px;\">Bilde fra tidligere kurs<\/p>\n<center>\n<img decoding=\"async\" src=\"https:\/\/coachingpartner.net\/cp\/wp-content\/uploads\/2018\/01\/IMG_6231.jpg\" style=\"width: 80%;\"\/>\n<br>\n<\/center><\/div>\n\t\t<\/div><\/div><\/div><div id=\"pg-9056-27\"  class=\"panel-grid panel-no-style\" ><div id=\"pgc-9056-27-0\"  class=\"panel-grid-cell panel-grid-cell-empty\" ><\/div><div id=\"pgc-9056-27-1\"  class=\"panel-grid-cell panel-grid-cell-empty panel-grid-cell-mobile-last\" ><\/div><div id=\"pgc-9056-27-2\"  class=\"panel-grid-cell panel-grid-cell-empty\" ><\/div><\/div><div id=\"pg-9056-28\"  class=\"panel-grid panel-no-style\" ><div id=\"pgc-9056-28-0\"  class=\"panel-grid-cell panel-grid-cell-empty\" ><\/div><div id=\"pgc-9056-28-1\"  class=\"panel-grid-cell panel-grid-cell-empty panel-grid-cell-mobile-last\" ><\/div><div id=\"pgc-9056-28-2\"  class=\"panel-grid-cell panel-grid-cell-empty\" ><\/div><\/div><div id=\"pg-9056-29\"  class=\"panel-grid panel-no-style\" ><div id=\"pgc-9056-29-0\"  class=\"panel-grid-cell\" ><div id=\"panel-9056-29-0-0\" class=\"so-panel widget widget_text panel-first-child panel-last-child\" data-index=\"19\" >\t\t\t<div class=\"textwidget\"><p class=\"titles_center_orange\">Flere bilder fra tidligere kurs<\/p><\/div>\n\t\t<\/div><\/div><\/div><div id=\"pg-9056-30\"  class=\"panel-grid panel-no-style\" ><div id=\"pgc-9056-30-0\"  class=\"panel-grid-cell\" ><div id=\"panel-9056-30-0-0\" class=\"so-panel widget widget_text panel-first-child panel-last-child\" data-index=\"20\" >\t\t\t<div class=\"textwidget\"><center> <a href=\"https:\/\/coachingpartner.net\/cp\/wp-content\/uploads\/2018\/01\/IMG_6237.jpg\"><img decoding=\"async\" src=\"https:\/\/coachingpartner.net\/cp\/wp-content\/uploads\/2018\/01\/IMG_6237.jpg\"><\/a><\/center> <\/div>\n\t\t<\/div><\/div><div id=\"pgc-9056-30-1\"  class=\"panel-grid-cell\" ><div id=\"panel-9056-30-1-0\" class=\"so-panel widget widget_text panel-first-child panel-last-child\" data-index=\"21\" >\t\t\t<div class=\"textwidget\"><center> <a href=\"https:\/\/coachingpartner.net\/cp\/wp-content\/uploads\/2018\/01\/IMG_6252.jpg\"><img decoding=\"async\" src=\"https:\/\/coachingpartner.net\/cp\/wp-content\/uploads\/2018\/01\/IMG_6252.jpg\"><\/a><\/center> <\/div>\n\t\t<\/div><\/div><div id=\"pgc-9056-30-2\"  class=\"panel-grid-cell\" ><div id=\"panel-9056-30-2-0\" class=\"so-panel widget widget_text panel-first-child panel-last-child\" data-index=\"22\" >\t\t\t<div class=\"textwidget\"><center><a href=\"https:\/\/coachingpartner.net\/cp\/wp-content\/uploads\/2018\/01\/thumb_IMG_3474_1024.jpg\"><img decoding=\"async\" src=\"https:\/\/coachingpartner.net\/cp\/wp-content\/uploads\/2018\/01\/thumb_IMG_3474_1024.jpg\"><\/a><\/center> <\/div>\n\t\t<\/div><\/div><\/div><div id=\"pg-9056-31\"  class=\"panel-grid panel-no-style\" ><div id=\"pgc-9056-31-0\"  class=\"panel-grid-cell panel-grid-cell-empty\" ><\/div><div id=\"pgc-9056-31-1\"  class=\"panel-grid-cell panel-grid-cell-empty panel-grid-cell-mobile-last\" ><\/div><div id=\"pgc-9056-31-2\"  class=\"panel-grid-cell panel-grid-cell-empty\" ><\/div><\/div><div id=\"pg-9056-32\"  class=\"panel-grid panel-no-style\" ><div id=\"pgc-9056-32-0\"  class=\"panel-grid-cell\" ><div id=\"panel-9056-32-0-0\" class=\"so-panel widget widget_text panel-first-child panel-last-child\" data-index=\"23\" >\t\t\t<div class=\"textwidget\"><p class=\"titles_center_green\" style=\"line-height: 43px; margin-top: 58px;\">Virker dette interessant?<\/p>\n<center><a class=\"vinculo_center_big_green\" href=\"https:\/\/coachingpartner.net\/cp\/en\/contact\/\">Ta kontakt med oss for mer informasjon!\n<\/a><\/center>\n\n<\/div>\n\t\t<\/div><\/div><\/div><div id=\"pg-9056-33\"  class=\"panel-grid panel-no-style\" ><div id=\"pgc-9056-33-0\"  class=\"panel-grid-cell panel-grid-cell-empty\" ><\/div><div id=\"pgc-9056-33-1\"  class=\"panel-grid-cell panel-grid-cell-empty panel-grid-cell-mobile-last\" ><\/div><div id=\"pgc-9056-33-2\"  class=\"panel-grid-cell panel-grid-cell-empty\" ><\/div><\/div><\/div><!-- AddThis Advanced Settings generic via filter on the_content --><!-- AddThis Share Buttons generic via filter on the_content -->","protected":false},"excerpt":{"rendered":"<p>Bygg sterke team<!-- AddThis Advanced Settings generic via filter on get_the_excerpt --><!-- AddThis Share Buttons generic via filter on get_the_excerpt --><\/p>\n","protected":false},"author":1,"featured_media":0,"parent":0,"menu_order":0,"comment_status":"closed","ping_status":"closed","template":"page-templates\/full-width.php","meta":{"_exactmetrics_skip_tracking":false,"_exactmetrics_sitenote_active":false,"_exactmetrics_sitenote_note":"","_exactmetrics_sitenote_category":0,"footnotes":""},"class_list":["post-9056","page","type-page","status-publish","hentry"],"wps_subtitle":"","_links":{"self":[{"href":"https:\/\/coachingpartner.net\/cp\/wp-json\/wp\/v2\/pages\/9056","targetHints":{"allow":["GET"]}}],"collection":[{"href":"https:\/\/coachingpartner.net\/cp\/wp-json\/wp\/v2\/pages"}],"about":[{"href":"https:\/\/coachingpartner.net\/cp\/wp-json\/wp\/v2\/types\/page"}],"author":[{"embeddable":true,"href":"https:\/\/coachingpartner.net\/cp\/wp-json\/wp\/v2\/users\/1"}],"replies":[{"embeddable":true,"href":"https:\/\/coachingpartner.net\/cp\/wp-json\/wp\/v2\/comments?post=9056"}],"version-history":[{"count":5,"href":"https:\/\/coachingpartner.net\/cp\/wp-json\/wp\/v2\/pages\/9056\/revisions"}],"predecessor-version":[{"id":10991,"href":"https:\/\/coachingpartner.net\/cp\/wp-json\/wp\/v2\/pages\/9056\/revisions\/10991"}],"wp:attachment":[{"href":"https:\/\/coachingpartner.net\/cp\/wp-json\/wp\/v2\/media?parent=9056"}],"curies":[{"name":"wp","href":"https:\/\/api.w.org\/{rel}","templated":true}]}}