{"id":9050,"date":"2018-01-22T18:33:31","date_gmt":"2018-01-22T17:33:31","guid":{"rendered":"http:\/\/coachingpartner.net\/cp\/?page_id=9050"},"modified":"2020-06-11T20:40:15","modified_gmt":"2020-06-11T18:40:15","slug":"forsta-din-unike-lederstil","status":"publish","type":"page","link":"https:\/\/coachingpartner.net\/cp\/nb\/forsta-din-unike-lederstil\/","title":{"rendered":"Forst\u00e5 din unike lederstil"},"content":{"rendered":"<div id=\"pl-9050\"  class=\"panel-layout\" ><div id=\"pg-9050-0\"  class=\"panel-grid panel-no-style\" ><div id=\"pgc-9050-0-0\"  class=\"panel-grid-cell panel-grid-cell-empty\" ><\/div><div id=\"pgc-9050-0-1\"  class=\"panel-grid-cell panel-grid-cell-mobile-last\" ><div id=\"panel-9050-0-1-0\" class=\"so-panel widget widget_text panel-first-child panel-last-child\" data-index=\"0\" >\t\t\t<div class=\"textwidget\"><p class=\"titles_center_orange\" style=\"font-weight:400\">Forst\u00e5 din unike lederstil<\/p>\n<\/div>\n\t\t<\/div><\/div><div id=\"pgc-9050-0-2\"  class=\"panel-grid-cell panel-grid-cell-empty\" ><\/div><\/div><div id=\"pg-9050-1\"  class=\"panel-grid panel-no-style\" ><div id=\"pgc-9050-1-0\"  class=\"panel-grid-cell\" ><div id=\"panel-9050-1-0-0\" class=\"so-panel widget widget_text panel-first-child panel-last-child\" data-index=\"1\" >\t\t\t<div class=\"textwidget\"><center>\n<img decoding=\"async\" src=\"https:\/\/coachingpartner.net\/cp\/wp-content\/uploads\/2018\/03\/lytting-vinter.jpg\" width=\"80%\" \/>\n<\/center>\n<\/div>\n\t\t<\/div><\/div><\/div><div id=\"pg-9050-2\"  class=\"panel-grid panel-no-style\" ><div id=\"pgc-9050-2-0\"  class=\"panel-grid-cell panel-grid-cell-empty\" ><\/div><div id=\"pgc-9050-2-1\"  class=\"panel-grid-cell panel-grid-cell-empty panel-grid-cell-mobile-last\" ><\/div><div id=\"pgc-9050-2-2\"  class=\"panel-grid-cell panel-grid-cell-empty\" ><\/div><\/div><div id=\"pg-9050-3\"  class=\"panel-grid panel-no-style\" ><div id=\"pgc-9050-3-0\"  class=\"panel-grid-cell panel-grid-cell-empty\" ><\/div><div id=\"pgc-9050-3-1\"  class=\"panel-grid-cell panel-grid-cell-mobile-last\" ><div id=\"panel-9050-3-1-0\" class=\"so-panel widget widget_text panel-first-child panel-last-child\" data-index=\"2\" >\t\t\t<div class=\"textwidget\"><p class=\"titles_center_orange\" style=\"color: #40a56d; margin-bottom: 40px;\">Om kurset<\/p>\n<p class=\"text_center\" style=\"text-align: center !important; font-size: 19px;\n    line-height: 30px !important;\n    font-weight: 100;\">I dette kurset deler vi verkt\u00f8y og teknikker som hjelper deg \u00e5 forst\u00e5 din unike lederstil og hvordan du kan bruke ditt fulle potensial som leder<\/p>\n<\/div>\n\t\t<\/div><\/div><div id=\"pgc-9050-3-2\"  class=\"panel-grid-cell panel-grid-cell-empty\" ><\/div><\/div><div id=\"pg-9050-4\"  class=\"panel-grid panel-no-style\" ><div id=\"pgc-9050-4-0\"  class=\"panel-grid-cell panel-grid-cell-empty\" ><\/div><div id=\"pgc-9050-4-1\"  class=\"panel-grid-cell panel-grid-cell-empty panel-grid-cell-mobile-last\" ><\/div><div id=\"pgc-9050-4-2\"  class=\"panel-grid-cell panel-grid-cell-empty\" ><\/div><\/div><div id=\"pg-9050-5\"  class=\"panel-grid panel-no-style\" ><div id=\"pgc-9050-5-0\"  class=\"panel-grid-cell panel-grid-cell-empty\" ><\/div><div id=\"pgc-9050-5-1\"  class=\"panel-grid-cell panel-grid-cell-mobile-last\" ><div id=\"panel-9050-5-1-0\" class=\"so-panel widget widget_text panel-first-child\" data-index=\"3\" >\t\t\t<div class=\"textwidget\"><p class=\"titles_center_orange\">Kursinnhold<\/p>\n<\/div>\n\t\t<\/div><div id=\"panel-9050-5-1-1\" class=\"so-panel widget widget_text panel-last-child\" data-index=\"4\" >\t\t\t<div class=\"textwidget\"><p class=\"bullets_left_green\" style=\"color: #444 !important;\">\u2022 Kartlegge hvilke styrker som er tilstede n\u00e5r du er p\u00e5 ditt beste som leder<\/p>\n<p class=\"bullets_left_green\" style=\"color: #444 !important;\">\u2022 Kartlegge hva som hjelpe deg \u00e5 v\u00e6re p\u00e5 ditt beste som leder<\/p>\n<p class=\"bullets_left_green\" style=\"color: #444 !important;\">\u2022 Identifisere handlinger som hjelper deg \u00e5 bruke mer av ditt iboende potensial som leder<\/p><\/div>\n\t\t<\/div><\/div><div id=\"pgc-9050-5-2\"  class=\"panel-grid-cell panel-grid-cell-empty\" ><\/div><\/div><div id=\"pg-9050-6\"  class=\"panel-grid panel-no-style\" ><div id=\"pgc-9050-6-0\"  class=\"panel-grid-cell panel-grid-cell-empty\" ><\/div><div id=\"pgc-9050-6-1\"  class=\"panel-grid-cell panel-grid-cell-empty panel-grid-cell-mobile-last\" ><\/div><div id=\"pgc-9050-6-2\"  class=\"panel-grid-cell panel-grid-cell-empty\" ><\/div><\/div><div id=\"pg-9050-7\"  class=\"panel-grid panel-no-style\" ><div id=\"pgc-9050-7-0\"  class=\"panel-grid-cell panel-grid-cell-empty\" ><\/div><div id=\"pgc-9050-7-1\"  class=\"panel-grid-cell panel-grid-cell-empty panel-grid-cell-mobile-last\" ><\/div><div id=\"pgc-9050-7-2\"  class=\"panel-grid-cell panel-grid-cell-empty\" ><\/div><\/div><div id=\"pg-9050-8\"  class=\"panel-grid panel-no-style\" ><div id=\"pgc-9050-8-0\"  class=\"panel-grid-cell panel-grid-cell-empty\" ><\/div><div id=\"pgc-9050-8-1\"  class=\"panel-grid-cell panel-grid-cell-mobile-last\" ><div id=\"panel-9050-8-1-0\" class=\"so-panel widget widget_text panel-first-child panel-last-child\" data-index=\"5\" >\t\t\t<div class=\"textwidget\"><p class=\"titles_center_orange\" style=\"margin-bottom: 40px;\">M\u00e5lgruppe<\/p>\n<center><p style=\"text-align: left !important; font-size: 20px;\n    line-height: 30px !important;\n    font-weight: 100;\">Sm\u00e5 og mellomstore bedrifter som \u00f8nsker \u00e5 investere i felles l\u00e6ring og utvikling for \u00e5 ta organisasjonen til neste niv\u00e5<\/p>\n<\/center><\/div>\n\t\t<\/div><\/div><div id=\"pgc-9050-8-2\"  class=\"panel-grid-cell panel-grid-cell-empty\" ><\/div><\/div><div id=\"pg-9050-9\"  class=\"panel-grid panel-no-style\" ><div id=\"pgc-9050-9-0\"  class=\"panel-grid-cell panel-grid-cell-empty\" ><\/div><div id=\"pgc-9050-9-1\"  class=\"panel-grid-cell panel-grid-cell-empty panel-grid-cell-mobile-last\" ><\/div><div id=\"pgc-9050-9-2\"  class=\"panel-grid-cell panel-grid-cell-empty\" ><\/div><\/div><div id=\"pg-9050-10\"  class=\"panel-grid panel-no-style\" ><div id=\"pgc-9050-10-0\"  class=\"panel-grid-cell panel-grid-cell-empty\" ><\/div><div id=\"pgc-9050-10-1\"  class=\"panel-grid-cell panel-grid-cell-empty panel-grid-cell-mobile-last\" ><\/div><div id=\"pgc-9050-10-2\"  class=\"panel-grid-cell panel-grid-cell-empty\" ><\/div><\/div><div id=\"pg-9050-11\"  class=\"panel-grid panel-no-style\" ><div id=\"pgc-9050-11-0\"  class=\"panel-grid-cell panel-grid-cell-empty\" ><\/div><div id=\"pgc-9050-11-1\"  class=\"panel-grid-cell panel-grid-cell-mobile-last\" ><div id=\"panel-9050-11-1-0\" class=\"so-panel widget widget_text panel-first-child\" data-index=\"6\" >\t\t\t<div class=\"textwidget\"><p class=\"titles_center_orange\">Hva vil du f\u00e5 ut av dette kurset?<\/p>\n<\/div>\n\t\t<\/div><div id=\"panel-9050-11-1-1\" class=\"so-panel widget widget_text panel-last-child\" data-index=\"7\" >\t\t\t<div class=\"textwidget\"><p class=\"bullets_left_green\" style=\"color: #444 !important;\">\u2022 Forst\u00e5else av din unike lederstil<\/p>\n<p class=\"bullets_left_green\" style=\"color: #444 !important;\">\u2022 Forst\u00e5else av hvordan du kan bruke ditt fulle potensial som leder<\/p>\n<p class=\"bullets_left_green\" style=\"color: #444 !important;\">\u2022 Verkt\u00f8y og teknikker som hjelper deg \u00e5 oppn\u00e5 mer av det som er viktigst for deg som leder<\/p><\/div>\n\t\t<\/div><\/div><div id=\"pgc-9050-11-2\"  class=\"panel-grid-cell panel-grid-cell-empty\" ><\/div><\/div><div id=\"pg-9050-12\"  class=\"panel-grid panel-no-style\" ><div id=\"pgc-9050-12-0\"  class=\"panel-grid-cell panel-grid-cell-empty\" ><\/div><div id=\"pgc-9050-12-1\"  class=\"panel-grid-cell panel-grid-cell-empty panel-grid-cell-mobile-last\" ><\/div><div id=\"pgc-9050-12-2\"  class=\"panel-grid-cell panel-grid-cell-empty\" ><\/div><\/div><div id=\"pg-9050-13\"  class=\"panel-grid panel-no-style\" ><div id=\"pgc-9050-13-0\"  class=\"panel-grid-cell panel-grid-cell-empty\" ><\/div><div id=\"pgc-9050-13-1\"  class=\"panel-grid-cell panel-grid-cell-empty panel-grid-cell-mobile-last\" ><\/div><div id=\"pgc-9050-13-2\"  class=\"panel-grid-cell panel-grid-cell-empty\" ><\/div><\/div><div id=\"pg-9050-14\"  class=\"panel-grid panel-no-style\" ><div id=\"pgc-9050-14-0\"  class=\"panel-grid-cell\" ><div id=\"panel-9050-14-0-0\" class=\"so-panel widget widget_text panel-first-child panel-last-child\" data-index=\"8\" >\t\t\t<div class=\"textwidget\"><p class=\"titles_center_orange\">Praktisk info<\/p><\/div>\n\t\t<\/div><\/div><\/div><div id=\"pg-9050-15\"  class=\"panel-grid panel-no-style\" ><div id=\"pgc-9050-15-0\"  class=\"panel-grid-cell\" ><div id=\"panel-9050-15-0-0\" class=\"so-panel widget widget_text panel-first-child panel-last-child\" data-index=\"9\" >\t\t\t<div class=\"textwidget\"><p class=\"cita_right_green\">Format<\/p>\n<p class=\"texto_right\" style=\"    font-size: 20px;\n    line-height: 30px !important;\n    font-weight: 100;\">Refleksjon individuelt, i par og\/eller i sm\u00e5 grupper, gruppediskusjoner, slides fra kurset samt verkt\u00f8y<\/p>\n\n<\/div>\n\t\t<\/div><\/div><div id=\"pgc-9050-15-1\"  class=\"panel-grid-cell\" ><div id=\"panel-9050-15-1-0\" class=\"so-panel widget widget_text panel-first-child panel-last-child\" data-index=\"10\" >\t\t\t<div class=\"textwidget\"><span class=\"texto_center\"><img decoding=\"async\" class=\"bola_naranaja\" src=\"https:\/\/coachingpartner.net\/cp\/wp-content\/uploads\/2015\/08\/bola_naranja_03.png\" width=\"11px\">\n<img decoding=\"async\" class=\"raya\" src=\"https:\/\/coachingpartner.net\/cp\/wp-content\/uploads\/2015\/08\/ralla_pixel_07.png\" height=\"83px\" width=\"9px\">\n<img decoding=\"async\" class=\"bola_naranaja\" src=\"https:\/\/coachingpartner.net\/cp\/wp-content\/uploads\/2015\/08\/bola_naranja_03.png\" width=\"11px\">\n<img decoding=\"async\" class=\"raya\" src=\"https:\/\/coachingpartner.net\/cp\/wp-content\/uploads\/2015\/08\/ralla_pixel_07.png\" height=\"50px\" width=\"9px\">\n<\/span><\/div>\n\t\t<\/div><\/div><div id=\"pgc-9050-15-2\"  class=\"panel-grid-cell\" ><div id=\"panel-9050-15-2-0\" class=\"so-panel widget widget_text panel-first-child panel-last-child\" data-index=\"11\" ><div class=\"panel-widget-style panel-widget-style-for-9050-15-2-0\" >\t\t\t<div class=\"textwidget\"><p class=\"cita_left_green\">Tid<\/p>\n<p class=\"texto_justificado\" style=\"    font-size: 20px;\n    line-height: 30px !important;\n    font-weight: 100;\n    text-align: left !important;\">2 timer, men kan tilpasses til 1 time eller halvdags kurs\/workshop<\/p>\n<\/div>\n\t\t<\/div><\/div><\/div><\/div><div id=\"pg-9050-16\"  class=\"panel-grid panel-no-style\" ><div id=\"pgc-9050-16-0\"  class=\"panel-grid-cell\" ><div id=\"panel-9050-16-0-0\" class=\"so-panel widget widget_text panel-first-child panel-last-child\" data-index=\"12\" >\t\t\t<div class=\"textwidget\"><center><a class=\"vinculo_center_big_green\" href=\"https:\/\/coachingpartner.net\/cp\/nb\/kontakt\/\">Ta kontakt med oss for mer informasjon<\/a><\/center><\/div>\n\t\t<\/div><\/div><\/div><div id=\"pg-9050-17\"  class=\"panel-grid panel-no-style\" ><div id=\"pgc-9050-17-0\"  class=\"panel-grid-cell panel-grid-cell-empty\" ><\/div><div id=\"pgc-9050-17-1\"  class=\"panel-grid-cell panel-grid-cell-empty panel-grid-cell-mobile-last\" ><\/div><div id=\"pgc-9050-17-2\"  class=\"panel-grid-cell panel-grid-cell-empty\" ><\/div><\/div><div id=\"pg-9050-18\"  class=\"panel-grid panel-no-style\" ><div id=\"pgc-9050-18-0\"  class=\"panel-grid-cell panel-grid-cell-empty\" ><\/div><div id=\"pgc-9050-18-1\"  class=\"panel-grid-cell panel-grid-cell-empty panel-grid-cell-mobile-last\" ><\/div><div id=\"pgc-9050-18-2\"  class=\"panel-grid-cell panel-grid-cell-empty\" ><\/div><\/div><div id=\"pg-9050-19\"  class=\"panel-grid panel-no-style\" ><div id=\"pgc-9050-19-0\"  class=\"panel-grid-cell panel-grid-cell-empty\" ><\/div><div id=\"pgc-9050-19-1\"  class=\"panel-grid-cell panel-grid-cell-mobile-last\" ><div id=\"panel-9050-19-1-0\" class=\"so-panel widget widget_text panel-first-child panel-last-child\" data-index=\"13\" >\t\t\t<div class=\"textwidget\"><p class=\"titles_center_orange\">Hva sier tidligere kunder?<\/p><\/div>\n\t\t<\/div><\/div><div id=\"pgc-9050-19-2\"  class=\"panel-grid-cell panel-grid-cell-empty\" ><\/div><\/div><div id=\"pg-9050-20\"  class=\"panel-grid panel-no-style\" ><div id=\"pgc-9050-20-0\"  class=\"panel-grid-cell\" ><div id=\"panel-9050-20-0-0\" class=\"so-panel widget widget_text panel-first-child panel-last-child\" data-index=\"14\" >\t\t\t<div class=\"textwidget\"><right>\n<p  style=\"font-size:20px; line-height: 30px !important; font-weight: 100; text-align: right !important;\">81% av tidligere deltagere vurderer v\u00e5re kurs som \"str\u00e5lende\" eller \"veldig bra\"\n<br>\n<span style=\"font-size:14px; text-align: right !important;\">* basert p\u00e5 markedsunders\u00f8kelse av 8 tidligere kurs<\/span>\n <\/p>\n<\/right>\n<\/div>\n\t\t<\/div><\/div><div id=\"pgc-9050-20-1\"  class=\"panel-grid-cell\" ><div id=\"panel-9050-20-1-0\" class=\"so-panel widget widget_text panel-first-child panel-last-child\" data-index=\"15\" >\t\t\t<div class=\"textwidget\"><span class=\"texto_center\">\n<div class=\"espacio_bola2\"><\/div>\n<img decoding=\"async\" class=\"raya\" src=\"https:\/\/coachingpartner.net\/cp\/wp-content\/uploads\/2015\/08\/ralla_pixel_07.png\" height=\"310px\" width=\"9px\">\n<\/span>\n<\/div>\n\t\t<\/div><\/div><div id=\"pgc-9050-20-2\"  class=\"panel-grid-cell\" ><div id=\"panel-9050-20-2-0\" class=\"so-panel widget widget_text panel-first-child panel-last-child\" data-index=\"16\" ><div class=\"panel-widget-style panel-widget-style-for-9050-20-2-0\" >\t\t\t<div class=\"textwidget\"><left>\n<p class=\"cita_left_green\">Slik beskriver tidligere deltagere v\u00e5re kurs:<\/p>\n<p style=\"text-align: left !important;\">\n<span style=\"font-size:20px; line-height: 30px !important; font-weight: 100; text-align: left  !important;\">\u201cTankevekkende, veldig engasjerende, unikt innhold, god atmosf\u00e6re, rom til \u00e5 tenke, gode verkt\u00f8y og \u00f8velser som skaper innsikt, gode eksempler, interaktivt, godt organisert, kreative elementer, str\u00e5lende fasilitering\u201d <\/span>\n<br>\n<span style=\"font-size:14px; font-weight: 100;\">* basert p\u00e5 markedsunders\u00f8kelse av 8 tidligere kurs<\/span>\n <\/p>\n<\/left>\n  <\/div>\n\t\t<\/div><\/div><\/div><\/div><div id=\"pg-9050-21\"  class=\"panel-grid panel-no-style\" ><div id=\"pgc-9050-21-0\"  class=\"panel-grid-cell panel-grid-cell-empty\" ><\/div><div id=\"pgc-9050-21-1\"  class=\"panel-grid-cell panel-grid-cell-empty panel-grid-cell-mobile-last\" ><\/div><div id=\"pgc-9050-21-2\"  class=\"panel-grid-cell panel-grid-cell-empty\" ><\/div><\/div><div id=\"pg-9050-22\"  class=\"panel-grid panel-no-style\" ><div id=\"pgc-9050-22-0\"  class=\"panel-grid-cell panel-grid-cell-empty\" ><\/div><div id=\"pgc-9050-22-1\"  class=\"panel-grid-cell panel-grid-cell-mobile-last\" ><div id=\"panel-9050-22-1-0\" class=\"so-panel widget widget_text panel-first-child panel-last-child\" data-index=\"17\" >\t\t\t<div class=\"textwidget\"><p>&nbsp;<\/p>\n<center> <img decoding=\"async\" src=\"https:\/\/coachingpartner.net\/cp\/wp-content\/uploads\/2018\/03\/andre.jpg\"><\/center> \n<p style=\"font-size:20px; line-height: 30px !important; font-weight: 100; text-align: center !important; margin-bottom: -20px;\">\n\u201cWe had the pleasure of hiring coachingpartner to do 2 courses as part of our \"Global Accelerator\" for social entrepreneurs in 2017. coachingpartner delivered high quality courses within leadership and personal development. Our group of global entrepreneurs gained a clear understanding of their unique leadership style and learned valuable tools to help manage themselves in order to make their ambitions become reality. We highly recommend coachingpartner to companies wanting to invest in personal and professional development.\u201d <\/p>\n<p class=\"author_right_green\" style=\"margin-bottom: -20px;\">Andre Damian <\/br>Director of The Collective Foundation<\/p>\n<\/div>\n\t\t<\/div><\/div><div id=\"pgc-9050-22-2\"  class=\"panel-grid-cell panel-grid-cell-empty\" ><\/div><\/div><div id=\"pg-9050-23\"  class=\"panel-grid panel-no-style\" ><div id=\"pgc-9050-23-0\"  class=\"panel-grid-cell panel-grid-cell-empty\" ><\/div><div id=\"pgc-9050-23-1\"  class=\"panel-grid-cell panel-grid-cell-mobile-last\" ><div id=\"panel-9050-23-1-0\" class=\"so-panel widget widget_text panel-first-child panel-last-child\" data-index=\"18\" >\t\t\t<div class=\"textwidget\"><p>&nbsp;<\/p>\n<center> <img decoding=\"async\" style=\"border-radius: 230px; width: 200px;\" src=\"https:\/\/coachingpartner.net\/cp\/wp-content\/uploads\/2015\/11\/usaama.jpg\"><\/center> \n<p style=\"font-size:20px; line-height: 30px !important; font-weight: 100; text-align: center !important; margin-bottom: -20px;\">\n\u201cI was really impressed by the seminar! I went into it expecting to get the opportunity to explore my leadership style further, but what I didn't expect was the depths in which I was encouraged to look at my own unique leadership style. What particularly stuck out for me was the activity on 'making the unconscious conscious'. The reason that was my big take away from the seminar was because it made me aware of the traits I previous thought I disliked in other leaders, but were in fact the traits I discovered were important to me and I needed to develop myself. I think it was handled brilliantly and consequently it had a lasting impact on my leadership style.\u201d <\/p>\n<p class=\"author_right_green\" style=\"margin-bottom: -20px;\">Usaama Kaweesa<\/p>\n<\/div>\n\t\t<\/div><\/div><div id=\"pgc-9050-23-2\"  class=\"panel-grid-cell panel-grid-cell-empty\" ><\/div><\/div><div id=\"pg-9050-24\"  class=\"panel-grid panel-no-style\" ><div id=\"pgc-9050-24-0\"  class=\"panel-grid-cell panel-grid-cell-empty\" ><\/div><div id=\"pgc-9050-24-1\"  class=\"panel-grid-cell panel-grid-cell-mobile-last\" ><div id=\"panel-9050-24-1-0\" class=\"so-panel widget widget_text panel-first-child panel-last-child\" data-index=\"19\" >\t\t\t<div class=\"textwidget\"><p>&nbsp;<\/p>\n<p style=\"font-size:20px; line-height: 30px !important; font-weight: 100; text-align: center !important; margin-bottom: -20px;\">\n\u201cVery engaging style, unique content and a new perspective that has stayed with me and helped me reflect on things that I didn't expect to. I feel it had a lasting impact and I will definitely use this to shape the way I manage things going forward.\u201d<\/p>\n\n\n<\/div>\n\t\t<\/div><\/div><div id=\"pgc-9050-24-2\"  class=\"panel-grid-cell panel-grid-cell-empty\" ><\/div><\/div><div id=\"pg-9050-25\"  class=\"panel-grid panel-no-style\" ><div id=\"pgc-9050-25-0\"  class=\"panel-grid-cell panel-grid-cell-empty\" ><\/div><div id=\"pgc-9050-25-1\"  class=\"panel-grid-cell panel-grid-cell-empty panel-grid-cell-mobile-last\" ><\/div><div id=\"pgc-9050-25-2\"  class=\"panel-grid-cell panel-grid-cell-empty\" ><\/div><\/div><div id=\"pg-9050-26\"  class=\"panel-grid panel-no-style\" ><div id=\"pgc-9050-26-0\"  class=\"panel-grid-cell panel-grid-cell-empty\" ><\/div><div id=\"pgc-9050-26-1\"  class=\"panel-grid-cell panel-grid-cell-empty panel-grid-cell-mobile-last\" ><\/div><div id=\"pgc-9050-26-2\"  class=\"panel-grid-cell panel-grid-cell-empty\" ><\/div><\/div><div id=\"pg-9050-27\"  class=\"panel-grid panel-no-style\" ><div id=\"pgc-9050-27-0\"  class=\"panel-grid-cell panel-grid-cell-empty\" ><\/div><div id=\"pgc-9050-27-1\"  class=\"panel-grid-cell panel-grid-cell-empty panel-grid-cell-mobile-last\" ><\/div><div id=\"pgc-9050-27-2\"  class=\"panel-grid-cell panel-grid-cell-empty\" ><\/div><\/div><div id=\"pg-9050-28\"  class=\"panel-grid panel-no-style\" ><div id=\"pgc-9050-28-0\"  class=\"panel-grid-cell\" ><div id=\"panel-9050-28-0-0\" class=\"so-panel widget widget_text panel-first-child panel-last-child\" data-index=\"20\" >\t\t\t<div class=\"textwidget\"><p class=\"titles_center_orange\" style=\"margin-bottom: 40px;\">\"Graphic recording\" av tidligere kurs<\/p>\n<center>\n<img decoding=\"async\" src=\"https:\/\/coachingpartner.net\/cp\/wp-content\/uploads\/2018\/01\/Graphicrecleadership.png\" style=\"width: 80%;\"\/>\n<br>\n<span style=\"font-size:14px; color: #828282; text-align: right !important; font-weight: 100; font-style: italic;\">Graphic recording: Sarah McSorely, <a href=\"http:\/\/impactillustration.com\" target=\"_blank\">impactillustration.com<\/a><\/span>\n<\/center><\/div>\n\t\t<\/div><\/div><\/div><div id=\"pg-9050-29\"  class=\"panel-grid panel-no-style\" ><div id=\"pgc-9050-29-0\"  class=\"panel-grid-cell panel-grid-cell-empty\" ><\/div><div id=\"pgc-9050-29-1\"  class=\"panel-grid-cell panel-grid-cell-empty panel-grid-cell-mobile-last\" ><\/div><div id=\"pgc-9050-29-2\"  class=\"panel-grid-cell panel-grid-cell-empty\" ><\/div><\/div><div id=\"pg-9050-30\"  class=\"panel-grid panel-no-style\" ><div id=\"pgc-9050-30-0\"  class=\"panel-grid-cell panel-grid-cell-empty\" ><\/div><div id=\"pgc-9050-30-1\"  class=\"panel-grid-cell panel-grid-cell-empty panel-grid-cell-mobile-last\" ><\/div><div id=\"pgc-9050-30-2\"  class=\"panel-grid-cell panel-grid-cell-empty\" ><\/div><\/div><div id=\"pg-9050-31\"  class=\"panel-grid panel-no-style\" ><div id=\"pgc-9050-31-0\"  class=\"panel-grid-cell\" ><div id=\"panel-9050-31-0-0\" class=\"so-panel widget widget_text panel-first-child panel-last-child\" data-index=\"21\" >\t\t\t<div class=\"textwidget\"><p class=\"titles_center_orange\">Bilder fra tidligere kurs<\/p><\/div>\n\t\t<\/div><\/div><\/div><div id=\"pg-9050-32\"  class=\"panel-grid panel-no-style\" ><div id=\"pgc-9050-32-0\"  class=\"panel-grid-cell\" ><div id=\"panel-9050-32-0-0\" class=\"so-panel widget widget_text panel-first-child panel-last-child\" data-index=\"22\" >\t\t\t<div class=\"textwidget\"><center> <a href=\"https:\/\/coachingpartner.net\/cp\/wp-content\/uploads\/2018\/01\/DSC_0015.jpg\"><img decoding=\"async\" src=\"https:\/\/coachingpartner.net\/cp\/wp-content\/uploads\/2018\/01\/DSC_0015.jpg\"><\/a><\/center> <\/div>\n\t\t<\/div><\/div><div id=\"pgc-9050-32-1\"  class=\"panel-grid-cell\" ><div id=\"panel-9050-32-1-0\" class=\"so-panel widget widget_text panel-first-child panel-last-child\" data-index=\"23\" >\t\t\t<div class=\"textwidget\"><center> <a href=\"https:\/\/coachingpartner.net\/cp\/wp-content\/uploads\/2018\/01\/IMG_0759.jpg\"><img decoding=\"async\" src=\"https:\/\/coachingpartner.net\/cp\/wp-content\/uploads\/2018\/01\/IMG_0759.jpg\"><\/a><\/center> <\/div>\n\t\t<\/div><\/div><div id=\"pgc-9050-32-2\"  class=\"panel-grid-cell\" ><div id=\"panel-9050-32-2-0\" class=\"so-panel widget widget_text panel-first-child panel-last-child\" data-index=\"24\" >\t\t\t<div class=\"textwidget\"><center><a href=\"https:\/\/coachingpartner.net\/cp\/wp-content\/uploads\/2018\/01\/DSC_0027.jpg\"><img decoding=\"async\" src=\"https:\/\/coachingpartner.net\/cp\/wp-content\/uploads\/2018\/01\/DSC_0027.jpg\"><\/a><\/center> <\/div>\n\t\t<\/div><\/div><\/div><div id=\"pg-9050-33\"  class=\"panel-grid panel-no-style\" ><div id=\"pgc-9050-33-0\"  class=\"panel-grid-cell panel-grid-cell-empty\" ><\/div><div id=\"pgc-9050-33-1\"  class=\"panel-grid-cell panel-grid-cell-empty panel-grid-cell-mobile-last\" ><\/div><div id=\"pgc-9050-33-2\"  class=\"panel-grid-cell panel-grid-cell-empty\" ><\/div><\/div><div id=\"pg-9050-34\"  class=\"panel-grid panel-no-style\" ><div id=\"pgc-9050-34-0\"  class=\"panel-grid-cell\" ><div id=\"panel-9050-34-0-0\" class=\"so-panel widget widget_text panel-first-child panel-last-child\" data-index=\"25\" >\t\t\t<div class=\"textwidget\"><p class=\"titles_center_green\" style=\"line-height: 43px; margin-top: 58px;\">\u00d8nsker du mer informasjon?<\/p>\n<center><a class=\"vinculo_center_big_green\" href=\"https:\/\/coachingpartner.net\/cp\/nb\/kontakt\/\">Ta gjerne kontakt med oss!\n<\/a><\/center>\n\n<\/div>\n\t\t<\/div><\/div><\/div><div id=\"pg-9050-35\"  class=\"panel-grid panel-no-style\" ><div id=\"pgc-9050-35-0\"  class=\"panel-grid-cell panel-grid-cell-empty\" ><\/div><div id=\"pgc-9050-35-1\"  class=\"panel-grid-cell panel-grid-cell-empty panel-grid-cell-mobile-last\" ><\/div><div id=\"pgc-9050-35-2\"  class=\"panel-grid-cell panel-grid-cell-empty\" ><\/div><\/div><\/div><!-- AddThis Advanced Settings generic via filter on the_content --><!-- AddThis Share Buttons generic via filter on the_content -->","protected":false},"excerpt":{"rendered":"<p>Forst\u00e5 din unike lederstil<!-- AddThis Advanced Settings generic via filter on get_the_excerpt --><!-- AddThis Share Buttons generic via filter on get_the_excerpt --><\/p>\n","protected":false},"author":1,"featured_media":0,"parent":0,"menu_order":0,"comment_status":"closed","ping_status":"closed","template":"page-templates\/full-width.php","meta":{"_exactmetrics_skip_tracking":false,"_exactmetrics_sitenote_active":false,"_exactmetrics_sitenote_note":"","_exactmetrics_sitenote_category":0,"footnotes":""},"class_list":["post-9050","page","type-page","status-publish","hentry"],"wps_subtitle":"","_links":{"self":[{"href":"https:\/\/coachingpartner.net\/cp\/wp-json\/wp\/v2\/pages\/9050","targetHints":{"allow":["GET"]}}],"collection":[{"href":"https:\/\/coachingpartner.net\/cp\/wp-json\/wp\/v2\/pages"}],"about":[{"href":"https:\/\/coachingpartner.net\/cp\/wp-json\/wp\/v2\/types\/page"}],"author":[{"embeddable":true,"href":"https:\/\/coachingpartner.net\/cp\/wp-json\/wp\/v2\/users\/1"}],"replies":[{"embeddable":true,"href":"https:\/\/coachingpartner.net\/cp\/wp-json\/wp\/v2\/comments?post=9050"}],"version-history":[{"count":5,"href":"https:\/\/coachingpartner.net\/cp\/wp-json\/wp\/v2\/pages\/9050\/revisions"}],"predecessor-version":[{"id":51463,"href":"https:\/\/coachingpartner.net\/cp\/wp-json\/wp\/v2\/pages\/9050\/revisions\/51463"}],"wp:attachment":[{"href":"https:\/\/coachingpartner.net\/cp\/wp-json\/wp\/v2\/media?parent=9050"}],"curies":[{"name":"wp","href":"https:\/\/api.w.org\/{rel}","templated":true}]}}