{"id":9038,"date":"2018-01-22T18:24:39","date_gmt":"2018-01-22T17:24:39","guid":{"rendered":"http:\/\/coachingpartner.net\/cp\/?page_id=9038"},"modified":"2018-12-17T16:15:14","modified_gmt":"2018-12-17T15:15:14","slug":"hvordan-handtere-barrierer-pa-veie-til-suksess","status":"publish","type":"page","link":"https:\/\/coachingpartner.net\/cp\/nb\/hvordan-handtere-barrierer-pa-veie-til-suksess\/","title":{"rendered":"Hvordan h\u00e5ndtere barrierer p\u00e5 veien til suksess"},"content":{"rendered":"<div id=\"pl-9038\"  class=\"panel-layout\" ><div id=\"pg-9038-0\"  class=\"panel-grid panel-no-style\" ><div id=\"pgc-9038-0-0\"  class=\"panel-grid-cell panel-grid-cell-empty\" ><\/div><div id=\"pgc-9038-0-1\"  class=\"panel-grid-cell panel-grid-cell-mobile-last\" ><div id=\"panel-9038-0-1-0\" class=\"so-panel widget widget_text panel-first-child panel-last-child\" data-index=\"0\" >\t\t\t<div class=\"textwidget\"><p class=\"titles_center_orange\" style=\"font-weight:400\">Hvordan h\u00e5ndtere barrierer p\u00e5 veien til suksess<\/p>\n<\/div>\n\t\t<\/div><\/div><div id=\"pgc-9038-0-2\"  class=\"panel-grid-cell panel-grid-cell-empty\" ><\/div><\/div><div id=\"pg-9038-1\"  class=\"panel-grid panel-no-style\" ><div id=\"pgc-9038-1-0\"  class=\"panel-grid-cell\" ><div id=\"panel-9038-1-0-0\" class=\"so-panel widget widget_text panel-first-child panel-last-child\" data-index=\"1\" >\t\t\t<div class=\"textwidget\"><center>\n<img decoding=\"async\" src=\"https:\/\/coachingpartner.net\/cp\/wp-content\/uploads\/2017\/05\/overcomingbarriers.jpg\" width=\"80%\" \/>\n<br>\n<span style=\"font-size:14px; color: #828282; text-align: right !important; font-weight: 100; font-style: italic;\">Bilde: Joshua Earle, <a href=\"https:\/\/unsplash.com\/photos\/s00F6-W_OQ8\" target=\"_blank\">unsplash.com<\/a><\/span>\n<\/center>\n<\/div>\n\t\t<\/div><\/div><\/div><div id=\"pg-9038-2\"  class=\"panel-grid panel-no-style\" ><div id=\"pgc-9038-2-0\"  class=\"panel-grid-cell panel-grid-cell-empty\" ><\/div><div id=\"pgc-9038-2-1\"  class=\"panel-grid-cell panel-grid-cell-empty panel-grid-cell-mobile-last\" ><\/div><div id=\"pgc-9038-2-2\"  class=\"panel-grid-cell panel-grid-cell-empty\" ><\/div><\/div><div id=\"pg-9038-3\"  class=\"panel-grid panel-no-style\" ><div id=\"pgc-9038-3-0\"  class=\"panel-grid-cell panel-grid-cell-empty\" ><\/div><div id=\"pgc-9038-3-1\"  class=\"panel-grid-cell panel-grid-cell-mobile-last\" ><div id=\"panel-9038-3-1-0\" class=\"so-panel widget widget_text panel-first-child panel-last-child\" data-index=\"2\" >\t\t\t<div class=\"textwidget\"><p class=\"titles_center_orange\" style=\"color: #40a56d; margin-bottom: 40px;\">Om kurset<\/p>\n<p class=\"text_center\" style=\"text-align: center !important; font-size: 19px;\n    line-height: 30px !important;\n    font-weight: 100;\">Du gj\u00f8r alt riktig og du bruker de beste strategiene for \u00e5 oppn\u00e5 det du \u00f8nsker deg, men likevel oppn\u00e5r du ikke de resultatene du forventer. Hva er det som kommer i veien?<br><br>\nI dette kurset hjelper vi deg \u00e5 forst\u00e5 hvordan underbevisstheten kan v\u00e6re ditt st\u00f8rste hinder p\u00e5 veien til \u00e5 oppn\u00e5 suksess.\n<\/p>\n<\/div>\n\t\t<\/div><\/div><div id=\"pgc-9038-3-2\"  class=\"panel-grid-cell panel-grid-cell-empty\" ><\/div><\/div><div id=\"pg-9038-4\"  class=\"panel-grid panel-no-style\" ><div id=\"pgc-9038-4-0\"  class=\"panel-grid-cell panel-grid-cell-empty\" ><\/div><div id=\"pgc-9038-4-1\"  class=\"panel-grid-cell panel-grid-cell-empty panel-grid-cell-mobile-last\" ><\/div><div id=\"pgc-9038-4-2\"  class=\"panel-grid-cell panel-grid-cell-empty\" ><\/div><\/div><div id=\"pg-9038-5\"  class=\"panel-grid panel-no-style\" ><div id=\"pgc-9038-5-0\"  class=\"panel-grid-cell panel-grid-cell-empty\" ><\/div><div id=\"pgc-9038-5-1\"  class=\"panel-grid-cell panel-grid-cell-mobile-last\" ><div id=\"panel-9038-5-1-0\" class=\"so-panel widget widget_text panel-first-child\" data-index=\"3\" >\t\t\t<div class=\"textwidget\"><p class=\"titles_center_orange\">Kursinnhold<\/p>\n<\/div>\n\t\t<\/div><div id=\"panel-9038-5-1-1\" class=\"so-panel widget widget_text panel-last-child\" data-index=\"4\" >\t\t\t<div class=\"textwidget\"><p class=\"bullets_left_green\" style=\"color: #444 !important;\">\u2022 Underbevissthetens p\u00e5virkning p\u00e5 dine m\u00e5lsetninger<\/p>\n<p class=\"bullets_left_green\" style=\"color: #444 !important;\">\u2022 Bevissthet p\u00e5 hvordan du hindrer deg selv og i hvilken grad<\/p>\n<p class=\"bullets_left_green\" style=\"color: #444 !important;\">\u2022 Verkt\u00f8y og teknikker som hjelper deg \u00e5 komme i flyt<\/p>\n<p class=\"bullets_left_green\" style=\"color: #444 !important;\">\u2022 Forst\u00e5else av hvordan du kan bruke ditt fulle potensial<\/p><\/div>\n\t\t<\/div><\/div><div id=\"pgc-9038-5-2\"  class=\"panel-grid-cell panel-grid-cell-empty\" ><\/div><\/div><div id=\"pg-9038-6\"  class=\"panel-grid panel-no-style\" ><div id=\"pgc-9038-6-0\"  class=\"panel-grid-cell panel-grid-cell-empty\" ><\/div><div id=\"pgc-9038-6-1\"  class=\"panel-grid-cell panel-grid-cell-empty panel-grid-cell-mobile-last\" ><\/div><div id=\"pgc-9038-6-2\"  class=\"panel-grid-cell panel-grid-cell-empty\" ><\/div><\/div><div id=\"pg-9038-7\"  class=\"panel-grid panel-no-style\" ><div id=\"pgc-9038-7-0\"  class=\"panel-grid-cell panel-grid-cell-empty\" ><\/div><div id=\"pgc-9038-7-1\"  class=\"panel-grid-cell panel-grid-cell-empty panel-grid-cell-mobile-last\" ><\/div><div id=\"pgc-9038-7-2\"  class=\"panel-grid-cell panel-grid-cell-empty\" ><\/div><\/div><div id=\"pg-9038-8\"  class=\"panel-grid panel-no-style\" ><div id=\"pgc-9038-8-0\"  class=\"panel-grid-cell panel-grid-cell-empty\" ><\/div><div id=\"pgc-9038-8-1\"  class=\"panel-grid-cell panel-grid-cell-mobile-last\" ><div id=\"panel-9038-8-1-0\" class=\"so-panel widget widget_text panel-first-child panel-last-child\" data-index=\"5\" >\t\t\t<div class=\"textwidget\"><p class=\"titles_center_orange\" style=\"margin-bottom: 40px;\">M\u00e5lgruppe<\/p>\n<center><p style=\"text-align: left !important; font-size: 20px;\n    line-height: 30px !important;\n    font-weight: 100;\">Sm\u00e5 og mellomstore bedrifter som \u00f8nsker \u00e5 investere i felles l\u00e6ring og utvikling for \u00e5 ta organisasjonen til neste niv\u00e5.<\/p>\n<\/center><\/div>\n\t\t<\/div><\/div><div id=\"pgc-9038-8-2\"  class=\"panel-grid-cell panel-grid-cell-empty\" ><\/div><\/div><div id=\"pg-9038-9\"  class=\"panel-grid panel-no-style\" ><div id=\"pgc-9038-9-0\"  class=\"panel-grid-cell panel-grid-cell-empty\" ><\/div><div id=\"pgc-9038-9-1\"  class=\"panel-grid-cell panel-grid-cell-empty panel-grid-cell-mobile-last\" ><\/div><div id=\"pgc-9038-9-2\"  class=\"panel-grid-cell panel-grid-cell-empty\" ><\/div><\/div><div id=\"pg-9038-10\"  class=\"panel-grid panel-no-style\" ><div id=\"pgc-9038-10-0\"  class=\"panel-grid-cell panel-grid-cell-empty\" ><\/div><div id=\"pgc-9038-10-1\"  class=\"panel-grid-cell panel-grid-cell-empty panel-grid-cell-mobile-last\" ><\/div><div id=\"pgc-9038-10-2\"  class=\"panel-grid-cell panel-grid-cell-empty\" ><\/div><\/div><div id=\"pg-9038-11\"  class=\"panel-grid panel-no-style\" ><div id=\"pgc-9038-11-0\"  class=\"panel-grid-cell panel-grid-cell-empty\" ><\/div><div id=\"pgc-9038-11-1\"  class=\"panel-grid-cell panel-grid-cell-mobile-last\" ><div id=\"panel-9038-11-1-0\" class=\"so-panel widget widget_text panel-first-child\" data-index=\"6\" >\t\t\t<div class=\"textwidget\"><p class=\"titles_center_orange\">Hva vil jeg f\u00e5 ut av dette kurset?<\/p>\n<\/div>\n\t\t<\/div><div id=\"panel-9038-11-1-1\" class=\"so-panel widget widget_text panel-last-child\" data-index=\"7\" >\t\t\t<div class=\"textwidget\"><p class=\"bullets_left_green\" style=\"color: #444 !important;\">\u2022 Bli mer produktiv ved \u00e5 v\u00e6re bevisst p\u00e5 hvilke tanker og f\u00f8lelser som hindrer deg og hvordan du kan snu disse til \u00e5 st\u00f8tte deg i oppn\u00e5 dine m\u00e5l<\/p>\n<p class=\"bullets_left_green\" style=\"color: #444 !important;\">\u2022 St\u00f8rre selvtillit og bedre selvf\u00f8lelse<\/p>\n<p class=\"bullets_left_green\" style=\"color: #444 !important;\">\u2022 N\u00e5 m\u00e5lsetninger du trodde var urealistiske eller umulige<\/p><\/div>\n\t\t<\/div><\/div><div id=\"pgc-9038-11-2\"  class=\"panel-grid-cell panel-grid-cell-empty\" ><\/div><\/div><div id=\"pg-9038-12\"  class=\"panel-grid panel-no-style\" ><div id=\"pgc-9038-12-0\"  class=\"panel-grid-cell panel-grid-cell-empty\" ><\/div><div id=\"pgc-9038-12-1\"  class=\"panel-grid-cell panel-grid-cell-empty panel-grid-cell-mobile-last\" ><\/div><div id=\"pgc-9038-12-2\"  class=\"panel-grid-cell panel-grid-cell-empty\" ><\/div><\/div><div id=\"pg-9038-13\"  class=\"panel-grid panel-no-style\" ><div id=\"pgc-9038-13-0\"  class=\"panel-grid-cell panel-grid-cell-empty\" ><\/div><div id=\"pgc-9038-13-1\"  class=\"panel-grid-cell panel-grid-cell-empty panel-grid-cell-mobile-last\" ><\/div><div id=\"pgc-9038-13-2\"  class=\"panel-grid-cell panel-grid-cell-empty\" ><\/div><\/div><div id=\"pg-9038-14\"  class=\"panel-grid panel-no-style\" ><div id=\"pgc-9038-14-0\"  class=\"panel-grid-cell\" ><div id=\"panel-9038-14-0-0\" class=\"so-panel widget widget_text panel-first-child panel-last-child\" data-index=\"8\" >\t\t\t<div class=\"textwidget\"><p class=\"titles_center_orange\">Praktisk info<\/p><\/div>\n\t\t<\/div><\/div><\/div><div id=\"pg-9038-15\"  class=\"panel-grid panel-no-style\" ><div id=\"pgc-9038-15-0\"  class=\"panel-grid-cell\" ><div id=\"panel-9038-15-0-0\" class=\"so-panel widget widget_text panel-first-child panel-last-child\" data-index=\"9\" >\t\t\t<div class=\"textwidget\"><p class=\"cita_right_green\">Format<\/p>\n<p class=\"texto_right\" style=\"    font-size: 20px;\n    line-height: 30px !important;\n    font-weight: 100;\">Refleksjon individuelt, i par og\/eller i sm\u00e5 grupper, gruppediskusjoner, slides og verkt\u00f8y<\/p>\n\n<\/div>\n\t\t<\/div><\/div><div id=\"pgc-9038-15-1\"  class=\"panel-grid-cell\" ><div id=\"panel-9038-15-1-0\" class=\"so-panel widget widget_text panel-first-child panel-last-child\" data-index=\"10\" >\t\t\t<div class=\"textwidget\"><span class=\"texto_center\"><img decoding=\"async\" class=\"bola_naranaja\" src=\"https:\/\/coachingpartner.net\/cp\/wp-content\/uploads\/2015\/08\/bola_naranja_03.png\" width=\"11px\">\n<img decoding=\"async\" class=\"raya\" src=\"https:\/\/coachingpartner.net\/cp\/wp-content\/uploads\/2015\/08\/ralla_pixel_07.png\" height=\"83px\" width=\"9px\">\n<img decoding=\"async\" class=\"bola_naranaja\" src=\"https:\/\/coachingpartner.net\/cp\/wp-content\/uploads\/2015\/08\/bola_naranja_03.png\" width=\"11px\">\n<img decoding=\"async\" class=\"raya\" src=\"https:\/\/coachingpartner.net\/cp\/wp-content\/uploads\/2015\/08\/ralla_pixel_07.png\" height=\"50px\" width=\"9px\">\n<\/span><\/div>\n\t\t<\/div><\/div><div id=\"pgc-9038-15-2\"  class=\"panel-grid-cell\" ><div id=\"panel-9038-15-2-0\" class=\"so-panel widget widget_text panel-first-child panel-last-child\" data-index=\"11\" ><div class=\"panel-widget-style panel-widget-style-for-9038-15-2-0\" >\t\t\t<div class=\"textwidget\"><p class=\"cita_left_green\">Tid<\/p>\n<p class=\"texto_justificado\" style=\"    font-size: 20px;\n    line-height: 30px !important;\n    font-weight: 100;\n    text-align: left !important;\">2 timer, men kan tilpasses til 1 time eller halvdags kurs\/workshop<\/p>\n<\/div>\n\t\t<\/div><\/div><\/div><\/div><div id=\"pg-9038-16\"  class=\"panel-grid panel-no-style\" ><div id=\"pgc-9038-16-0\"  class=\"panel-grid-cell panel-grid-cell-empty\" ><\/div><div id=\"pgc-9038-16-1\"  class=\"panel-grid-cell panel-grid-cell-empty panel-grid-cell-mobile-last\" ><\/div><div id=\"pgc-9038-16-2\"  class=\"panel-grid-cell panel-grid-cell-empty\" ><\/div><\/div><div id=\"pg-9038-17\"  class=\"panel-grid panel-no-style\" ><div id=\"pgc-9038-17-0\"  class=\"panel-grid-cell panel-grid-cell-empty\" ><\/div><div id=\"pgc-9038-17-1\"  class=\"panel-grid-cell panel-grid-cell-empty panel-grid-cell-mobile-last\" ><\/div><div id=\"pgc-9038-17-2\"  class=\"panel-grid-cell panel-grid-cell-empty\" ><\/div><\/div><div id=\"pg-9038-18\"  class=\"panel-grid panel-no-style\" ><div id=\"pgc-9038-18-0\"  class=\"panel-grid-cell panel-grid-cell-empty\" ><\/div><div id=\"pgc-9038-18-1\"  class=\"panel-grid-cell panel-grid-cell-mobile-last\" ><div id=\"panel-9038-18-1-0\" class=\"so-panel widget widget_text panel-first-child panel-last-child\" data-index=\"12\" >\t\t\t<div class=\"textwidget\"><p class=\"titles_center_orange\">Hva sier tidligere kunder?<\/p><\/div>\n\t\t<\/div><\/div><div id=\"pgc-9038-18-2\"  class=\"panel-grid-cell panel-grid-cell-empty\" ><\/div><\/div><div id=\"pg-9038-19\"  class=\"panel-grid panel-no-style\" ><div id=\"pgc-9038-19-0\"  class=\"panel-grid-cell\" ><div id=\"panel-9038-19-0-0\" class=\"so-panel widget widget_text panel-first-child panel-last-child\" data-index=\"13\" >\t\t\t<div class=\"textwidget\"><right>\n<p  style=\"font-size:20px; line-height: 30px !important; font-weight: 100; text-align: right !important;\">81% av tidligere deltagere vurderer v\u00e5re kurs som \"str\u00e5lende\" eller \"veldig bra\"\n<br>\n<span style=\"font-size:14px; text-align: right !important;\">* basert p\u00e5 markedsunders\u00f8kelse av 8 tidligere kurs i London<\/span>\n <\/p>\n<\/right>\n<\/div>\n\t\t<\/div><\/div><div id=\"pgc-9038-19-1\"  class=\"panel-grid-cell\" ><div id=\"panel-9038-19-1-0\" class=\"so-panel widget widget_text panel-first-child panel-last-child\" data-index=\"14\" >\t\t\t<div class=\"textwidget\"><span class=\"texto_center\">\n<div class=\"espacio_bola2\"><\/div>\n<img decoding=\"async\" class=\"raya\" src=\"https:\/\/coachingpartner.net\/cp\/wp-content\/uploads\/2015\/08\/ralla_pixel_07.png\" height=\"310px\" width=\"9px\">\n<\/span>\n<\/div>\n\t\t<\/div><\/div><div id=\"pgc-9038-19-2\"  class=\"panel-grid-cell\" ><div id=\"panel-9038-19-2-0\" class=\"so-panel widget widget_text panel-first-child panel-last-child\" data-index=\"15\" ><div class=\"panel-widget-style panel-widget-style-for-9038-19-2-0\" >\t\t\t<div class=\"textwidget\"><left>\n<p class=\"cita_left_green\">Slik beskriver tidligere deltagere v\u00e5re kurs:<\/p>\n<p style=\"text-align: left !important;\">\n<span style=\"font-size:20px; line-height: 30px !important; font-weight: 100; text-align: left  !important;\">\u201cTankevekkende, ukonvensjonelt, veldig engasjerende, unikt innhold, god atmosf\u00e6re, rom til \u00e5 tenke, gode verkt\u00f8y og \u00f8velser som skaper personlig innsikt, gode eksempler, avslappet, vennlig, fleksibelt, \u00e5pent, \u00e6rlig, interaktivt, godt organisert, kreative elementer, str\u00e5lende fasilitering\u201d <\/span>\n<br>\n<span style=\"font-size:14px; font-weight: 100;\">* basert p\u00e5 markedsunders\u00f8kelse av 8 tidligere kurs i London<\/span>\n <\/p>\n<\/left>\n  <\/div>\n\t\t<\/div><\/div><\/div><\/div><div id=\"pg-9038-20\"  class=\"panel-grid panel-no-style\" ><div id=\"pgc-9038-20-0\"  class=\"panel-grid-cell panel-grid-cell-empty\" ><\/div><div id=\"pgc-9038-20-1\"  class=\"panel-grid-cell panel-grid-cell-empty panel-grid-cell-mobile-last\" ><\/div><div id=\"pgc-9038-20-2\"  class=\"panel-grid-cell panel-grid-cell-empty\" ><\/div><\/div><div id=\"pg-9038-21\"  class=\"panel-grid panel-no-style\" ><div id=\"pgc-9038-21-0\"  class=\"panel-grid-cell panel-grid-cell-empty\" ><\/div><div id=\"pgc-9038-21-1\"  class=\"panel-grid-cell panel-grid-cell-mobile-last\" ><div id=\"panel-9038-21-1-0\" class=\"so-panel widget widget_text panel-first-child panel-last-child\" data-index=\"16\" >\t\t\t<div class=\"textwidget\"><p>&nbsp;<\/p>\n<center> <img decoding=\"async\" src=\"https:\/\/coachingpartner.net\/cp\/wp-content\/uploads\/2018\/03\/ayisha.jpg\"><\/center> \n<p style=\"font-size:20px; line-height: 30px !important; font-weight: 100; text-align: center !important; margin-bottom: -20px;\">\n\u201cThank you \u2013 I feel a lot lighter than when I arrived. The circle took me back to a figure from a childhood nightmare that used to chase me. Now I can turn around and embrace him. Feels like a massive leap.\u201d <\/p>\n<p class=\"author_right_green\" style=\"margin-bottom: -20px;\">Ayisha De Lanerolle<\/p><\/div>\n\t\t<\/div><\/div><div id=\"pgc-9038-21-2\"  class=\"panel-grid-cell panel-grid-cell-empty\" ><\/div><\/div><div id=\"pg-9038-22\"  class=\"panel-grid panel-no-style\" ><div id=\"pgc-9038-22-0\"  class=\"panel-grid-cell panel-grid-cell-empty\" ><\/div><div id=\"pgc-9038-22-1\"  class=\"panel-grid-cell panel-grid-cell-mobile-last\" ><div id=\"panel-9038-22-1-0\" class=\"so-panel widget widget_text panel-first-child panel-last-child\" data-index=\"17\" >\t\t\t<div class=\"textwidget\"><p>&nbsp;<\/p>\n<center> <img decoding=\"async\" style=\"border-radius: 230px; width: 200px;\" src=\"https:\/\/coachingpartner.net\/cp\/wp-content\/uploads\/2018\/02\/joal-1.jpg\"><\/center> \n<p style=\"font-size:20px; line-height: 30px !important; font-weight: 100; text-align: center !important; margin-bottom: -20px;\">\n\u201cI have done quite a bit of work within this area (i.e. my limiting beliefs) but this identified some new things that are particularly pertinent. I love the three Gremlin traits and how to embrace them to move towards our commitment. Also loved the idea that we can only really admire traits if we already know them (and have them) - that\u00b4s something that will stick with me and I\u00b4ll share with others.<br>Thank you!\u201d\n<\/p>\n<p class=\"author_right_green\" style=\"margin-bottom: -20px;\">Jo Alcock<\/p>\n\n\n<\/div>\n\t\t<\/div><\/div><div id=\"pgc-9038-22-2\"  class=\"panel-grid-cell panel-grid-cell-empty\" ><\/div><\/div><div id=\"pg-9038-23\"  class=\"panel-grid panel-no-style\" ><div id=\"pgc-9038-23-0\"  class=\"panel-grid-cell panel-grid-cell-empty\" ><\/div><div id=\"pgc-9038-23-1\"  class=\"panel-grid-cell panel-grid-cell-mobile-last\" ><div id=\"panel-9038-23-1-0\" class=\"so-panel widget widget_text panel-first-child panel-last-child\" data-index=\"18\" >\t\t\t<div class=\"textwidget\"><p>&nbsp;<\/p>\n<p style=\"font-size:20px; line-height: 30px !important; font-weight: 100; text-align: center !important; margin-bottom: -20px;\">\n\"It was great, we all left with food for thought and with tools that could be applied in our daily lives\".\n<\/p>\n\n\n\n<\/div>\n\t\t<\/div><\/div><div id=\"pgc-9038-23-2\"  class=\"panel-grid-cell panel-grid-cell-empty\" ><\/div><\/div><div id=\"pg-9038-24\"  class=\"panel-grid panel-no-style\" ><div id=\"pgc-9038-24-0\"  class=\"panel-grid-cell panel-grid-cell-empty\" ><\/div><div id=\"pgc-9038-24-1\"  class=\"panel-grid-cell panel-grid-cell-mobile-last\" ><div id=\"panel-9038-24-1-0\" class=\"so-panel widget widget_text panel-first-child panel-last-child\" data-index=\"19\" >\t\t\t<div class=\"textwidget\"><p>&nbsp;<\/p>\n<p style=\"font-size:20px; line-height: 30px !important; font-weight: 100; text-align: center !important; margin-bottom: -20px;\">\n\"I loved that we were offered the space and guidance to reflect on our own limiting beliefs, whilst being able to hear some real examples\".\n<\/p>\n\n\n\n<\/div>\n\t\t<\/div><\/div><div id=\"pgc-9038-24-2\"  class=\"panel-grid-cell panel-grid-cell-empty\" ><\/div><\/div><div id=\"pg-9038-25\"  class=\"panel-grid panel-no-style\" ><div id=\"pgc-9038-25-0\"  class=\"panel-grid-cell panel-grid-cell-empty\" ><\/div><div id=\"pgc-9038-25-1\"  class=\"panel-grid-cell panel-grid-cell-empty panel-grid-cell-mobile-last\" ><\/div><div id=\"pgc-9038-25-2\"  class=\"panel-grid-cell panel-grid-cell-empty\" ><\/div><\/div><div id=\"pg-9038-26\"  class=\"panel-grid panel-no-style\" ><div id=\"pgc-9038-26-0\"  class=\"panel-grid-cell panel-grid-cell-empty\" ><\/div><div id=\"pgc-9038-26-1\"  class=\"panel-grid-cell panel-grid-cell-empty panel-grid-cell-mobile-last\" ><\/div><div id=\"pgc-9038-26-2\"  class=\"panel-grid-cell panel-grid-cell-empty\" ><\/div><\/div><div id=\"pg-9038-27\"  class=\"panel-grid panel-no-style\" ><div id=\"pgc-9038-27-0\"  class=\"panel-grid-cell panel-grid-cell-empty\" ><\/div><div id=\"pgc-9038-27-1\"  class=\"panel-grid-cell panel-grid-cell-empty panel-grid-cell-mobile-last\" ><\/div><div id=\"pgc-9038-27-2\"  class=\"panel-grid-cell panel-grid-cell-empty\" ><\/div><\/div><div id=\"pg-9038-28\"  class=\"panel-grid panel-no-style\" ><div id=\"pgc-9038-28-0\"  class=\"panel-grid-cell\" ><div id=\"panel-9038-28-0-0\" class=\"so-panel widget widget_text panel-first-child panel-last-child\" data-index=\"20\" >\t\t\t<div class=\"textwidget\"><p class=\"titles_center_orange\" style=\"margin-bottom: 40px;\">\"Graphic recording\" av forrige kurs<\/p>\n<center>\n<img decoding=\"async\" src=\"https:\/\/coachingpartner.net\/cp\/wp-content\/uploads\/2018\/01\/IMG_0675.jpg\" style=\"width: 80%;\"\/>\n<br>\n<span style=\"font-size:14px; color: #828282; text-align: right !important; font-weight: 100; font-style: italic;\">Graphic recording: Sarah McSorely, <a href=\"http:\/\/impactillustration.com\" target=\"_blank\">impactillustration.com<\/a><\/span>\n<\/center><\/div>\n\t\t<\/div><\/div><\/div><div id=\"pg-9038-29\"  class=\"panel-grid panel-no-style\" ><div id=\"pgc-9038-29-0\"  class=\"panel-grid-cell panel-grid-cell-empty\" ><\/div><div id=\"pgc-9038-29-1\"  class=\"panel-grid-cell panel-grid-cell-empty panel-grid-cell-mobile-last\" ><\/div><div id=\"pgc-9038-29-2\"  class=\"panel-grid-cell panel-grid-cell-empty\" ><\/div><\/div><div id=\"pg-9038-30\"  class=\"panel-grid panel-no-style\" ><div id=\"pgc-9038-30-0\"  class=\"panel-grid-cell panel-grid-cell-empty\" ><\/div><div id=\"pgc-9038-30-1\"  class=\"panel-grid-cell panel-grid-cell-empty panel-grid-cell-mobile-last\" ><\/div><div id=\"pgc-9038-30-2\"  class=\"panel-grid-cell panel-grid-cell-empty\" ><\/div><\/div><div id=\"pg-9038-31\"  class=\"panel-grid panel-no-style\" ><div id=\"pgc-9038-31-0\"  class=\"panel-grid-cell\" ><div id=\"panel-9038-31-0-0\" class=\"so-panel widget widget_text panel-first-child panel-last-child\" data-index=\"21\" >\t\t\t<div class=\"textwidget\"><p class=\"titles_center_orange\">Bilder fra forrige kurs<\/p><\/div>\n\t\t<\/div><\/div><\/div><div id=\"pg-9038-32\"  class=\"panel-grid panel-no-style\" ><div id=\"pgc-9038-32-0\"  class=\"panel-grid-cell\" ><div id=\"panel-9038-32-0-0\" class=\"so-panel widget widget_text panel-first-child panel-last-child\" data-index=\"22\" >\t\t\t<div class=\"textwidget\"><center> <a href=\"https:\/\/coachingpartner.net\/cp\/wp-content\/uploads\/2018\/01\/1.jpg\"><img decoding=\"async\" src=\"https:\/\/coachingpartner.net\/cp\/wp-content\/uploads\/2018\/01\/1.jpg\"><\/a><\/center> <\/div>\n\t\t<\/div><\/div><div id=\"pgc-9038-32-1\"  class=\"panel-grid-cell\" ><div id=\"panel-9038-32-1-0\" class=\"so-panel widget widget_text panel-first-child panel-last-child\" data-index=\"23\" >\t\t\t<div class=\"textwidget\"><center> <a href=\"https:\/\/coachingpartner.net\/cp\/wp-content\/uploads\/2018\/01\/Photo-13-09-2017-19-34-23.jpg\"><img decoding=\"async\" src=\"https:\/\/coachingpartner.net\/cp\/wp-content\/uploads\/2018\/01\/Photo-13-09-2017-19-34-23.jpg\"><\/a><\/center> <\/div>\n\t\t<\/div><\/div><div id=\"pgc-9038-32-2\"  class=\"panel-grid-cell\" ><div id=\"panel-9038-32-2-0\" class=\"so-panel widget widget_text panel-first-child panel-last-child\" data-index=\"24\" >\t\t\t<div class=\"textwidget\"><center><a href=\"https:\/\/coachingpartner.net\/cp\/wp-content\/uploads\/2018\/01\/Photo-13-09-2017-20-14-06.jpg\"><img decoding=\"async\" src=\"https:\/\/coachingpartner.net\/cp\/wp-content\/uploads\/2018\/01\/Photo-13-09-2017-20-14-06.jpg\"><\/a><\/center> <\/div>\n\t\t<\/div><\/div><\/div><div id=\"pg-9038-33\"  class=\"panel-grid panel-no-style\" ><div id=\"pgc-9038-33-0\"  class=\"panel-grid-cell panel-grid-cell-empty\" ><\/div><div id=\"pgc-9038-33-1\"  class=\"panel-grid-cell panel-grid-cell-empty panel-grid-cell-mobile-last\" ><\/div><div id=\"pgc-9038-33-2\"  class=\"panel-grid-cell panel-grid-cell-empty\" ><\/div><\/div><div id=\"pg-9038-34\"  class=\"panel-grid panel-no-style\" ><div id=\"pgc-9038-34-0\"  class=\"panel-grid-cell\" ><div id=\"panel-9038-34-0-0\" class=\"so-panel widget widget_text panel-first-child panel-last-child\" data-index=\"25\" >\t\t\t<div class=\"textwidget\"><p class=\"titles_center_green\" style=\"line-height: 43px; margin-top: 58px;\">Virker dette interessant?<\/p>\n<center><a class=\"vinculo_center_big_green\" href=\"https:\/\/coachingpartner.net\/cp\/en\/contact\/\">Ta kontakt med oss for mer informasjon!\n<\/a><\/center>\n\n<\/div>\n\t\t<\/div><\/div><\/div><div id=\"pg-9038-35\"  class=\"panel-grid panel-no-style\" ><div id=\"pgc-9038-35-0\"  class=\"panel-grid-cell panel-grid-cell-empty\" ><\/div><div id=\"pgc-9038-35-1\"  class=\"panel-grid-cell panel-grid-cell-empty panel-grid-cell-mobile-last\" ><\/div><div id=\"pgc-9038-35-2\"  class=\"panel-grid-cell panel-grid-cell-empty\" ><\/div><\/div><\/div><!-- AddThis Advanced Settings generic via filter on the_content --><!-- AddThis Share Buttons generic via filter on the_content -->","protected":false},"excerpt":{"rendered":"<p>Hvordan h\u00e5ndtere barrierer p\u00e5 veien til suksess Bilde: Joshua Earle, unsplash.com<!-- AddThis Advanced Settings generic via filter on get_the_excerpt --><!-- AddThis Share Buttons generic via filter on get_the_excerpt --><\/p>\n","protected":false},"author":1,"featured_media":0,"parent":0,"menu_order":0,"comment_status":"closed","ping_status":"closed","template":"page-templates\/full-width.php","meta":{"_exactmetrics_skip_tracking":false,"_exactmetrics_sitenote_active":false,"_exactmetrics_sitenote_note":"","_exactmetrics_sitenote_category":0,"footnotes":""},"class_list":["post-9038","page","type-page","status-publish","hentry"],"wps_subtitle":"","_links":{"self":[{"href":"https:\/\/coachingpartner.net\/cp\/wp-json\/wp\/v2\/pages\/9038","targetHints":{"allow":["GET"]}}],"collection":[{"href":"https:\/\/coachingpartner.net\/cp\/wp-json\/wp\/v2\/pages"}],"about":[{"href":"https:\/\/coachingpartner.net\/cp\/wp-json\/wp\/v2\/types\/page"}],"author":[{"embeddable":true,"href":"https:\/\/coachingpartner.net\/cp\/wp-json\/wp\/v2\/users\/1"}],"replies":[{"embeddable":true,"href":"https:\/\/coachingpartner.net\/cp\/wp-json\/wp\/v2\/comments?post=9038"}],"version-history":[{"count":5,"href":"https:\/\/coachingpartner.net\/cp\/wp-json\/wp\/v2\/pages\/9038\/revisions"}],"predecessor-version":[{"id":12143,"href":"https:\/\/coachingpartner.net\/cp\/wp-json\/wp\/v2\/pages\/9038\/revisions\/12143"}],"wp:attachment":[{"href":"https:\/\/coachingpartner.net\/cp\/wp-json\/wp\/v2\/media?parent=9038"}],"curies":[{"name":"wp","href":"https:\/\/api.w.org\/{rel}","templated":true}]}}