{"id":8937,"date":"2018-01-19T05:08:13","date_gmt":"2018-01-19T04:08:13","guid":{"rendered":"http:\/\/coachingpartner.net\/cp\/?page_id=8937"},"modified":"2020-06-18T17:02:41","modified_gmt":"2020-06-18T15:02:41","slug":"oppna-mer-ved-a-jobbe-styrkebasert","status":"publish","type":"page","link":"https:\/\/coachingpartner.net\/cp\/nb\/oppna-mer-ved-a-jobbe-styrkebasert\/","title":{"rendered":"Oppn\u00e5 mer ved \u00e5 jobbe styrkebasert"},"content":{"rendered":"<div id=\"pl-8937\"  class=\"panel-layout\" ><div id=\"pg-8937-0\"  class=\"panel-grid panel-no-style\" ><div id=\"pgc-8937-0-0\"  class=\"panel-grid-cell panel-grid-cell-empty\" ><\/div><div id=\"pgc-8937-0-1\"  class=\"panel-grid-cell panel-grid-cell-mobile-last\" ><div id=\"panel-8937-0-1-0\" class=\"so-panel widget widget_text panel-first-child panel-last-child\" data-index=\"0\" >\t\t\t<div class=\"textwidget\"><p class=\"titles_center_orange\" style=\"font-weight:400\">Oppn\u00e5 mer ved \u00e5 jobbe styrkebasert<\/p>\n<\/div>\n\t\t<\/div><\/div><div id=\"pgc-8937-0-2\"  class=\"panel-grid-cell panel-grid-cell-empty\" ><\/div><\/div><div id=\"pg-8937-1\"  class=\"panel-grid panel-no-style\" ><div id=\"pgc-8937-1-0\"  class=\"panel-grid-cell\" ><div id=\"panel-8937-1-0-0\" class=\"so-panel widget widget_text panel-first-child panel-last-child\" data-index=\"1\" >\t\t\t<div class=\"textwidget\"><center>\n<img decoding=\"async\" src=\"https:\/\/coachingpartner.net\/cp\/wp-content\/uploads\/2017\/12\/lion_v2.jpg\" width=\"80%\" \/>\n<br>\n<span style=\"font-size:14px; color: #828282; text-align: right !important; font-weight: 100; font-style: italic;\">Bilde: Amar Yashlaha, <a href=\"http:\/\/unsplash.com\" target=\"_blank\">unsplash.com<\/a><\/span>\n<\/center>\n<\/div>\n\t\t<\/div><\/div><\/div><div id=\"pg-8937-2\"  class=\"panel-grid panel-no-style\" ><div id=\"pgc-8937-2-0\"  class=\"panel-grid-cell panel-grid-cell-empty\" ><\/div><div id=\"pgc-8937-2-1\"  class=\"panel-grid-cell panel-grid-cell-empty panel-grid-cell-mobile-last\" ><\/div><div id=\"pgc-8937-2-2\"  class=\"panel-grid-cell panel-grid-cell-empty\" ><\/div><\/div><div id=\"pg-8937-3\"  class=\"panel-grid panel-no-style\" ><div id=\"pgc-8937-3-0\"  class=\"panel-grid-cell panel-grid-cell-empty\" ><\/div><div id=\"pgc-8937-3-1\"  class=\"panel-grid-cell panel-grid-cell-mobile-last\" ><div id=\"panel-8937-3-1-0\" class=\"so-panel widget widget_text panel-first-child panel-last-child\" data-index=\"2\" >\t\t\t<div class=\"textwidget\"><p class=\"titles_center_orange\" style=\"color: #40a56d; margin-bottom: 40px;\">Om kurset<\/p>\n<p class=\"text_center\" style=\"text-align: center !important; font-size: 19px;\n    line-height: 30px !important;\n    font-weight: 100;\">Forskning viser oss hvilke fremragende effekter vi oppn\u00e5r n\u00e5r vi er bevisst p\u00e5 v\u00e5re st\u00f8rste styrker og bruker disse aktivt som ledere. I dette kurset f\u00e5r du anledning til \u00e5 tydeliggj\u00f8re dine unike styrker som leder samt l\u00e6re mer om verdien av en styrkebasert tiln\u00e6rming til l\u00e6ring, ledelse og utvikling<\/p>\n<\/div>\n\t\t<\/div><\/div><div id=\"pgc-8937-3-2\"  class=\"panel-grid-cell panel-grid-cell-empty\" ><\/div><\/div><div id=\"pg-8937-4\"  class=\"panel-grid panel-no-style\" ><div id=\"pgc-8937-4-0\"  class=\"panel-grid-cell panel-grid-cell-empty\" ><\/div><div id=\"pgc-8937-4-1\"  class=\"panel-grid-cell panel-grid-cell-empty panel-grid-cell-mobile-last\" ><\/div><div id=\"pgc-8937-4-2\"  class=\"panel-grid-cell panel-grid-cell-empty\" ><\/div><\/div><div id=\"pg-8937-5\"  class=\"panel-grid panel-no-style\" ><div id=\"pgc-8937-5-0\"  class=\"panel-grid-cell panel-grid-cell-empty\" ><\/div><div id=\"pgc-8937-5-1\"  class=\"panel-grid-cell panel-grid-cell-mobile-last\" ><div id=\"panel-8937-5-1-0\" class=\"so-panel widget widget_text panel-first-child\" data-index=\"3\" >\t\t\t<div class=\"textwidget\"><p class=\"titles_center_orange\"> Kursinnhold<\/p>\n<\/div>\n\t\t<\/div><div id=\"panel-8937-5-1-1\" class=\"so-panel widget widget_text panel-last-child\" data-index=\"4\" >\t\t\t<div class=\"textwidget\"><p class=\"bullets_left_green\" style=\"color: #444 !important;\">\u2022 Hvordan det \u00e5 jobbe styrkebasert er avgj\u00f8rende for \u00e5 bruke ditt fulle potensial\n<\/p>\n<p class=\"bullets_left_green\" style=\"color: #444 !important;\">\u2022 Verkt\u00f8y og teknikker som hjelper deg \u00e5 f\u00e5 en tydelig forst\u00e5else av dine styrker som leder<\/p>\n<p class=\"bullets_left_green\" style=\"color: #444 !important;\">\u2022 Hva det \u00e5 jobbe styrkebasert betyr i praksis<\/p><\/div>\n\t\t<\/div><\/div><div id=\"pgc-8937-5-2\"  class=\"panel-grid-cell panel-grid-cell-empty\" ><\/div><\/div><div id=\"pg-8937-6\"  class=\"panel-grid panel-no-style\" ><div id=\"pgc-8937-6-0\"  class=\"panel-grid-cell panel-grid-cell-empty\" ><\/div><div id=\"pgc-8937-6-1\"  class=\"panel-grid-cell panel-grid-cell-empty panel-grid-cell-mobile-last\" ><\/div><div id=\"pgc-8937-6-2\"  class=\"panel-grid-cell panel-grid-cell-empty\" ><\/div><\/div><div id=\"pg-8937-7\"  class=\"panel-grid panel-no-style\" ><div id=\"pgc-8937-7-0\"  class=\"panel-grid-cell panel-grid-cell-empty\" ><\/div><div id=\"pgc-8937-7-1\"  class=\"panel-grid-cell panel-grid-cell-empty panel-grid-cell-mobile-last\" ><\/div><div id=\"pgc-8937-7-2\"  class=\"panel-grid-cell panel-grid-cell-empty\" ><\/div><\/div><div id=\"pg-8937-8\"  class=\"panel-grid panel-no-style\" ><div id=\"pgc-8937-8-0\"  class=\"panel-grid-cell panel-grid-cell-empty\" ><\/div><div id=\"pgc-8937-8-1\"  class=\"panel-grid-cell panel-grid-cell-mobile-last\" ><div id=\"panel-8937-8-1-0\" class=\"so-panel widget widget_text panel-first-child panel-last-child\" data-index=\"5\" >\t\t\t<div class=\"textwidget\"><p class=\"titles_center_orange\" style=\"margin-bottom: 40px;\">M\u00e5lgruppe<\/p>\n<center><p style=\"text-align: left !important; font-size: 20px;\n    line-height: 30px !important;\n    font-weight: 100;\">Sm\u00e5 og mellomstore bedrifter som \u00f8nsker \u00e5 investere i felles l\u00e6ring og utvikling for \u00e5 ta organisasjonen til neste niv\u00e5.<\/p>\n<\/center><\/div>\n\t\t<\/div><\/div><div id=\"pgc-8937-8-2\"  class=\"panel-grid-cell panel-grid-cell-empty\" ><\/div><\/div><div id=\"pg-8937-9\"  class=\"panel-grid panel-no-style\" ><div id=\"pgc-8937-9-0\"  class=\"panel-grid-cell panel-grid-cell-empty\" ><\/div><div id=\"pgc-8937-9-1\"  class=\"panel-grid-cell panel-grid-cell-empty panel-grid-cell-mobile-last\" ><\/div><div id=\"pgc-8937-9-2\"  class=\"panel-grid-cell panel-grid-cell-empty\" ><\/div><\/div><div id=\"pg-8937-10\"  class=\"panel-grid panel-no-style\" ><div id=\"pgc-8937-10-0\"  class=\"panel-grid-cell panel-grid-cell-empty\" ><\/div><div id=\"pgc-8937-10-1\"  class=\"panel-grid-cell panel-grid-cell-empty panel-grid-cell-mobile-last\" ><\/div><div id=\"pgc-8937-10-2\"  class=\"panel-grid-cell panel-grid-cell-empty\" ><\/div><\/div><div id=\"pg-8937-11\"  class=\"panel-grid panel-no-style\" ><div id=\"pgc-8937-11-0\"  class=\"panel-grid-cell panel-grid-cell-empty\" ><\/div><div id=\"pgc-8937-11-1\"  class=\"panel-grid-cell panel-grid-cell-mobile-last\" ><div id=\"panel-8937-11-1-0\" class=\"so-panel widget widget_text panel-first-child\" data-index=\"6\" >\t\t\t<div class=\"textwidget\"><p class=\"titles_center_orange\">Hva vil du f\u00e5 ut av dette kurset?<\/p>\n<\/div>\n\t\t<\/div><div id=\"panel-8937-11-1-1\" class=\"so-panel widget widget_text panel-last-child\" data-index=\"7\" >\t\t\t<div class=\"textwidget\"><p class=\"bullets_left_green\" style=\"color: #444 !important;\">\u2022 Bedre selvtillit og selvf\u00f8lelse som leder<\/p>\n<p class=\"bullets_left_green\" style=\"color: #444 !important;\">\u2022 Klarhet om hvordan du kan bruke dine styrker bedre i din jobb\/rolle<\/p>\n<p class=\"bullets_left_green\" style=\"color: #444 !important;\">\u2022 Forst\u00e5else av hvordan du kan jobbe mer effektivt<\/p>\n<p class=\"bullets_left_green\" style=\"color: #444 !important;\">\u2022 Bli mer motivert og engasjert p\u00e5 jobb<\/p><\/div>\n\t\t<\/div><\/div><div id=\"pgc-8937-11-2\"  class=\"panel-grid-cell panel-grid-cell-empty\" ><\/div><\/div><div id=\"pg-8937-12\"  class=\"panel-grid panel-no-style\" ><div id=\"pgc-8937-12-0\"  class=\"panel-grid-cell panel-grid-cell-empty\" ><\/div><div id=\"pgc-8937-12-1\"  class=\"panel-grid-cell panel-grid-cell-empty panel-grid-cell-mobile-last\" ><\/div><div id=\"pgc-8937-12-2\"  class=\"panel-grid-cell panel-grid-cell-empty\" ><\/div><\/div><div id=\"pg-8937-13\"  class=\"panel-grid panel-no-style\" ><div id=\"pgc-8937-13-0\"  class=\"panel-grid-cell panel-grid-cell-empty\" ><\/div><div id=\"pgc-8937-13-1\"  class=\"panel-grid-cell panel-grid-cell-empty panel-grid-cell-mobile-last\" ><\/div><div id=\"pgc-8937-13-2\"  class=\"panel-grid-cell panel-grid-cell-empty\" ><\/div><\/div><div id=\"pg-8937-14\"  class=\"panel-grid panel-no-style\" ><div id=\"pgc-8937-14-0\"  class=\"panel-grid-cell\" ><div id=\"panel-8937-14-0-0\" class=\"so-panel widget widget_text panel-first-child panel-last-child\" data-index=\"8\" >\t\t\t<div class=\"textwidget\"><p class=\"titles_center_orange\">Praktisk info<\/p><\/div>\n\t\t<\/div><\/div><\/div><div id=\"pg-8937-15\"  class=\"panel-grid panel-no-style\" ><div id=\"pgc-8937-15-0\"  class=\"panel-grid-cell\" ><div id=\"panel-8937-15-0-0\" class=\"so-panel widget widget_text panel-first-child panel-last-child\" data-index=\"9\" >\t\t\t<div class=\"textwidget\"><p class=\"cita_right_green\">Format<\/p>\n<p class=\"texto_right\" style=\"    font-size: 20px;\n    line-height: 30px !important;\n    font-weight: 100;\">Refleksjon individuelt, i par og\/eller i sm\u00e5 grupper, gruppediskusjoner, slides fra kurset samt verkt\u00f8y<\/p>\n\n<\/div>\n\t\t<\/div><\/div><div id=\"pgc-8937-15-1\"  class=\"panel-grid-cell\" ><div id=\"panel-8937-15-1-0\" class=\"so-panel widget widget_text panel-first-child panel-last-child\" data-index=\"10\" >\t\t\t<div class=\"textwidget\"><span class=\"texto_center\"><img decoding=\"async\" class=\"bola_naranaja\" src=\"https:\/\/coachingpartner.net\/cp\/wp-content\/uploads\/2015\/08\/bola_naranja_03.png\" width=\"11px\">\n<img decoding=\"async\" class=\"raya\" src=\"https:\/\/coachingpartner.net\/cp\/wp-content\/uploads\/2015\/08\/ralla_pixel_07.png\" height=\"83px\" width=\"9px\">\n<img decoding=\"async\" class=\"bola_naranaja\" src=\"https:\/\/coachingpartner.net\/cp\/wp-content\/uploads\/2015\/08\/bola_naranja_03.png\" width=\"11px\">\n<img decoding=\"async\" class=\"raya\" src=\"https:\/\/coachingpartner.net\/cp\/wp-content\/uploads\/2015\/08\/ralla_pixel_07.png\" height=\"50px\" width=\"9px\">\n<\/span><\/div>\n\t\t<\/div><\/div><div id=\"pgc-8937-15-2\"  class=\"panel-grid-cell\" ><div id=\"panel-8937-15-2-0\" class=\"so-panel widget widget_text panel-first-child panel-last-child\" data-index=\"11\" ><div class=\"panel-widget-style panel-widget-style-for-8937-15-2-0\" >\t\t\t<div class=\"textwidget\"><p class=\"cita_left_green\">Tid<\/p>\n<p class=\"texto_justificado\" style=\"    font-size: 20px;\n    line-height: 30px !important;\n    font-weight: 100;\n    text-align: left !important;\">2 timer, men kan tilpasses til 1 time eller halvdags kurs\/workshop<\/p>\n<\/div>\n\t\t<\/div><\/div><\/div><\/div><div id=\"pg-8937-16\"  class=\"panel-grid panel-no-style\" ><div id=\"pgc-8937-16-0\"  class=\"panel-grid-cell\" ><div id=\"panel-8937-16-0-0\" class=\"so-panel widget widget_text panel-first-child panel-last-child\" data-index=\"12\" >\t\t\t<div class=\"textwidget\"><center><a class=\"vinculo_center_big_green\" href=\"https:\/\/coachingpartner.net\/cp\/nb\/kontakt\/\">Ta kontakt med oss for mer informasjon<\/a><\/center><\/div>\n\t\t<\/div><\/div><\/div><div id=\"pg-8937-17\"  class=\"panel-grid panel-no-style\" ><div id=\"pgc-8937-17-0\"  class=\"panel-grid-cell panel-grid-cell-empty\" ><\/div><div id=\"pgc-8937-17-1\"  class=\"panel-grid-cell panel-grid-cell-empty panel-grid-cell-mobile-last\" ><\/div><div id=\"pgc-8937-17-2\"  class=\"panel-grid-cell panel-grid-cell-empty\" ><\/div><\/div><div id=\"pg-8937-18\"  class=\"panel-grid panel-no-style\" ><div id=\"pgc-8937-18-0\"  class=\"panel-grid-cell panel-grid-cell-empty\" ><\/div><div id=\"pgc-8937-18-1\"  class=\"panel-grid-cell panel-grid-cell-empty panel-grid-cell-mobile-last\" ><\/div><div id=\"pgc-8937-18-2\"  class=\"panel-grid-cell panel-grid-cell-empty\" ><\/div><\/div><div id=\"pg-8937-19\"  class=\"panel-grid panel-no-style\" ><div id=\"pgc-8937-19-0\"  class=\"panel-grid-cell panel-grid-cell-empty\" ><\/div><div id=\"pgc-8937-19-1\"  class=\"panel-grid-cell panel-grid-cell-mobile-last\" ><div id=\"panel-8937-19-1-0\" class=\"so-panel widget widget_text panel-first-child panel-last-child\" data-index=\"13\" >\t\t\t<div class=\"textwidget\"><p class=\"titles_center_orange\">Hva sier tidligere kunder?<\/p><\/div>\n\t\t<\/div><\/div><div id=\"pgc-8937-19-2\"  class=\"panel-grid-cell panel-grid-cell-empty\" ><\/div><\/div><div id=\"pg-8937-20\"  class=\"panel-grid panel-no-style\" ><div id=\"pgc-8937-20-0\"  class=\"panel-grid-cell\" ><div id=\"panel-8937-20-0-0\" class=\"so-panel widget widget_text panel-first-child panel-last-child\" data-index=\"14\" >\t\t\t<div class=\"textwidget\"><right>\n<p  style=\"font-size:20px; line-height: 30px !important; font-weight: 100; text-align: right !important;\">81% av tidligere deltagere vurderer v\u00e5re kurs som \"str\u00e5lende\" eller \"veldig bra\"\n<br>\n<span style=\"font-size:14px; text-align: right !important;\">* basert p\u00e5 markedsunders\u00f8kelse av 8 tidligere kurs<\/span>\n <\/p>\n<\/right>\n<\/div>\n\t\t<\/div><\/div><div id=\"pgc-8937-20-1\"  class=\"panel-grid-cell\" ><div id=\"panel-8937-20-1-0\" class=\"so-panel widget widget_text panel-first-child panel-last-child\" data-index=\"15\" >\t\t\t<div class=\"textwidget\"><span class=\"texto_center\">\n<div class=\"espacio_bola2\"><\/div>\n<img decoding=\"async\" class=\"raya\" src=\"https:\/\/coachingpartner.net\/cp\/wp-content\/uploads\/2015\/08\/ralla_pixel_07.png\" height=\"310px\" width=\"9px\">\n<\/span>\n<\/div>\n\t\t<\/div><\/div><div id=\"pgc-8937-20-2\"  class=\"panel-grid-cell\" ><div id=\"panel-8937-20-2-0\" class=\"so-panel widget widget_text panel-first-child panel-last-child\" data-index=\"16\" ><div class=\"panel-widget-style panel-widget-style-for-8937-20-2-0\" >\t\t\t<div class=\"textwidget\"><left>\n<p class=\"cita_left_green\">Slik beskriver tidligere deltagere v\u00e5re kurs:<\/p>\n<p style=\"text-align: left !important;\">\n<span style=\"font-size:20px; line-height: 30px !important; font-weight: 100; text-align: left  !important;\">\u201cTankevekkende, veldig engasjerende, unikt innhold, god atmosf\u00e6re, rom til \u00e5 tenke, gode verkt\u00f8y og \u00f8velser som skaper innsikt, gode eksempler, interaktivt, godt organisert, kreative elementer, str\u00e5lende fasilitering\u201d <\/span>\n<br>\n<span style=\"font-size:14px; font-weight: 100;\">* basert p\u00e5 markedsunders\u00f8kelse av 8 tidligere kurs i London<\/span>\n <\/p>\n<\/left>\n  <\/div>\n\t\t<\/div><\/div><\/div><\/div><div id=\"pg-8937-21\"  class=\"panel-grid panel-no-style\" ><div id=\"pgc-8937-21-0\"  class=\"panel-grid-cell panel-grid-cell-empty\" ><\/div><div id=\"pgc-8937-21-1\"  class=\"panel-grid-cell panel-grid-cell-empty panel-grid-cell-mobile-last\" ><\/div><div id=\"pgc-8937-21-2\"  class=\"panel-grid-cell panel-grid-cell-empty\" ><\/div><\/div><div id=\"pg-8937-22\"  class=\"panel-grid panel-no-style\" ><div id=\"pgc-8937-22-0\"  class=\"panel-grid-cell panel-grid-cell-empty\" ><\/div><div id=\"pgc-8937-22-1\"  class=\"panel-grid-cell panel-grid-cell-mobile-last\" ><div id=\"panel-8937-22-1-0\" class=\"so-panel widget widget_text panel-first-child panel-last-child\" data-index=\"17\" >\t\t\t<div class=\"textwidget\"><p>&nbsp;<\/p>\n<center> <img decoding=\"async\" style=\"border-radius: 230px; width: 200px;\" src=\"https:\/\/coachingpartner.net\/cp\/wp-content\/uploads\/2017\/04\/MiaJ.jpg\"><\/center> \n<p style=\"font-size:20px; line-height: 30px !important; font-weight: 100; text-align: center !important; margin-bottom: -20px;\">\n\u201cThank you coachingpartner for this inspiring course on understanding your strengths. We explored how in our lives we spent an awful lot of time fixating on our shortcomings and too often our natural talents go untapped. We left with a greater understanding of our unique strengths and how to increase our productivity by focusing on doing the things we love well!\u201d<\/p>\n<p class=\"author_right_green\" style=\"margin-bottom: -20px;\">Mia Jafari<\/p>\n<\/div>\n\t\t<\/div><\/div><div id=\"pgc-8937-22-2\"  class=\"panel-grid-cell panel-grid-cell-empty\" ><\/div><\/div><div id=\"pg-8937-23\"  class=\"panel-grid panel-no-style\" ><div id=\"pgc-8937-23-0\"  class=\"panel-grid-cell panel-grid-cell-empty\" ><\/div><div id=\"pgc-8937-23-1\"  class=\"panel-grid-cell panel-grid-cell-mobile-last\" ><div id=\"panel-8937-23-1-0\" class=\"so-panel widget widget_text panel-first-child panel-last-child\" data-index=\"18\" >\t\t\t<div class=\"textwidget\"><p>&nbsp;<\/p>\n<center> <img decoding=\"async\" src=\"https:\/\/coachingpartner.net\/cp\/wp-content\/uploads\/2017\/12\/Amber_Sorrell_preview.jpg\"><\/center> \n<p style=\"font-size:20px; line-height: 30px !important; font-weight: 100; text-align: center !important; margin-bottom: -20px;\">\n\u201cThank you! Transformational \u2013 I wondered how much we could really do in 2 hours \u2013 love to be proven wrong :)\u201d<\/p>\n<p class=\"author_right_green\" style=\"margin-bottom: -20px;\">Amber Sorrell<\/p>\n\n\n<\/div>\n\t\t<\/div><\/div><div id=\"pgc-8937-23-2\"  class=\"panel-grid-cell panel-grid-cell-empty\" ><\/div><\/div><div id=\"pg-8937-24\"  class=\"panel-grid panel-no-style\" ><div id=\"pgc-8937-24-0\"  class=\"panel-grid-cell panel-grid-cell-empty\" ><\/div><div id=\"pgc-8937-24-1\"  class=\"panel-grid-cell panel-grid-cell-empty panel-grid-cell-mobile-last\" ><\/div><div id=\"pgc-8937-24-2\"  class=\"panel-grid-cell panel-grid-cell-empty\" ><\/div><\/div><div id=\"pg-8937-25\"  class=\"panel-grid panel-no-style\" ><div id=\"pgc-8937-25-0\"  class=\"panel-grid-cell panel-grid-cell-empty\" ><\/div><div id=\"pgc-8937-25-1\"  class=\"panel-grid-cell panel-grid-cell-empty panel-grid-cell-mobile-last\" ><\/div><div id=\"pgc-8937-25-2\"  class=\"panel-grid-cell panel-grid-cell-empty\" ><\/div><\/div><div id=\"pg-8937-26\"  class=\"panel-grid panel-no-style\" ><div id=\"pgc-8937-26-0\"  class=\"panel-grid-cell panel-grid-cell-empty\" ><\/div><div id=\"pgc-8937-26-1\"  class=\"panel-grid-cell panel-grid-cell-empty panel-grid-cell-mobile-last\" ><\/div><div id=\"pgc-8937-26-2\"  class=\"panel-grid-cell panel-grid-cell-empty\" ><\/div><\/div><div id=\"pg-8937-27\"  class=\"panel-grid panel-no-style\" ><div id=\"pgc-8937-27-0\"  class=\"panel-grid-cell\" ><div id=\"panel-8937-27-0-0\" class=\"so-panel widget widget_text panel-first-child panel-last-child\" data-index=\"19\" >\t\t\t<div class=\"textwidget\"><p class=\"titles_center_orange\" style=\"margin-bottom: 40px;\">\"Graphic recording\" fra tidligere kurs<\/p>\n<center>\n<img decoding=\"async\" src=\"https:\/\/coachingpartner.net\/cp\/wp-content\/uploads\/2017\/12\/Graphicrecording_v2.jpg\" style=\"width: 80%;\"\/>\n<br>\n<span style=\"font-size:14px; color: #828282; text-align: right !important; font-weight: 100; font-style: italic;\">Graphic recording: Sarah McSorely, <a href=\"http:\/\/impactillustration.com\" target=\"_blank\">impactillustration.com<\/a><\/span>\n<\/center><\/div>\n\t\t<\/div><\/div><\/div><div id=\"pg-8937-28\"  class=\"panel-grid panel-no-style\" ><div id=\"pgc-8937-28-0\"  class=\"panel-grid-cell panel-grid-cell-empty\" ><\/div><div id=\"pgc-8937-28-1\"  class=\"panel-grid-cell panel-grid-cell-empty panel-grid-cell-mobile-last\" ><\/div><div id=\"pgc-8937-28-2\"  class=\"panel-grid-cell panel-grid-cell-empty\" ><\/div><\/div><div id=\"pg-8937-29\"  class=\"panel-grid panel-no-style\" ><div id=\"pgc-8937-29-0\"  class=\"panel-grid-cell panel-grid-cell-empty\" ><\/div><div id=\"pgc-8937-29-1\"  class=\"panel-grid-cell panel-grid-cell-empty panel-grid-cell-mobile-last\" ><\/div><div id=\"pgc-8937-29-2\"  class=\"panel-grid-cell panel-grid-cell-empty\" ><\/div><\/div><div id=\"pg-8937-30\"  class=\"panel-grid panel-no-style\" ><div id=\"pgc-8937-30-0\"  class=\"panel-grid-cell\" ><div id=\"panel-8937-30-0-0\" class=\"so-panel widget widget_text panel-first-child panel-last-child\" data-index=\"20\" >\t\t\t<div class=\"textwidget\"><p class=\"titles_center_orange\">Bilder fra tidligere kurs<\/p><\/div>\n\t\t<\/div><\/div><\/div><div id=\"pg-8937-31\"  class=\"panel-grid panel-no-style\" ><div id=\"pgc-8937-31-0\"  class=\"panel-grid-cell\" ><div id=\"panel-8937-31-0-0\" class=\"so-panel widget widget_text panel-first-child panel-last-child\" data-index=\"21\" >\t\t\t<div class=\"textwidget\"><center> <a href=\"https:\/\/coachingpartner.net\/cp\/wp-content\/uploads\/2017\/12\/last-cp1.jpg\"><img decoding=\"async\" src=\"https:\/\/coachingpartner.net\/cp\/wp-content\/uploads\/2017\/12\/last-cp1.jpg\"><\/a><\/center> <\/div>\n\t\t<\/div><\/div><div id=\"pgc-8937-31-1\"  class=\"panel-grid-cell\" ><div id=\"panel-8937-31-1-0\" class=\"so-panel widget widget_text panel-first-child panel-last-child\" data-index=\"22\" >\t\t\t<div class=\"textwidget\"><center> <a href=\"https:\/\/coachingpartner.net\/cp\/wp-content\/uploads\/2017\/12\/last-cp2.jpg\"><img decoding=\"async\" src=\"https:\/\/coachingpartner.net\/cp\/wp-content\/uploads\/2017\/12\/last-cp2.jpg\"><\/a><\/center> <\/div>\n\t\t<\/div><\/div><div id=\"pgc-8937-31-2\"  class=\"panel-grid-cell\" ><div id=\"panel-8937-31-2-0\" class=\"so-panel widget widget_text panel-first-child panel-last-child\" data-index=\"23\" >\t\t\t<div class=\"textwidget\"><center><a href=\"https:\/\/coachingpartner.net\/cp\/wp-content\/uploads\/2017\/12\/last-cp3.jpg\"><img decoding=\"async\" src=\"https:\/\/coachingpartner.net\/cp\/wp-content\/uploads\/2017\/12\/last-cp3.jpg\"><\/a><\/center> <\/div>\n\t\t<\/div><\/div><\/div><div id=\"pg-8937-32\"  class=\"panel-grid panel-no-style\" ><div id=\"pgc-8937-32-0\"  class=\"panel-grid-cell panel-grid-cell-empty\" ><\/div><div id=\"pgc-8937-32-1\"  class=\"panel-grid-cell panel-grid-cell-empty panel-grid-cell-mobile-last\" ><\/div><div id=\"pgc-8937-32-2\"  class=\"panel-grid-cell panel-grid-cell-empty\" ><\/div><\/div><div id=\"pg-8937-33\"  class=\"panel-grid panel-no-style\" ><div id=\"pgc-8937-33-0\"  class=\"panel-grid-cell\" ><div id=\"panel-8937-33-0-0\" class=\"so-panel widget widget_text panel-first-child panel-last-child\" data-index=\"24\" >\t\t\t<div class=\"textwidget\"><p class=\"titles_center_green\" style=\"line-height: 43px; margin-top: 58px;\">\u00d8nsker du mer informasjon?<\/p>\n<center><a class=\"vinculo_center_big_green\" href=\"https:\/\/coachingpartner.net\/cp\/nb\/kontakt\/\">Ta gjerne med oss!\n<\/a><\/center>\n\n<\/div>\n\t\t<\/div><\/div><\/div><div id=\"pg-8937-34\"  class=\"panel-grid panel-no-style\" ><div id=\"pgc-8937-34-0\"  class=\"panel-grid-cell panel-grid-cell-empty\" ><\/div><div id=\"pgc-8937-34-1\"  class=\"panel-grid-cell panel-grid-cell-empty panel-grid-cell-mobile-last\" ><\/div><div id=\"pgc-8937-34-2\"  class=\"panel-grid-cell panel-grid-cell-empty\" ><\/div><\/div><\/div><!-- AddThis Advanced Settings generic via filter on the_content --><!-- AddThis Share Buttons generic via filter on the_content -->","protected":false},"excerpt":{"rendered":"<p>Oppn\u00e5 mer ved \u00e5 jobbe styrkebasert Bilde: Amar Yashlaha, unsplash.com<!-- AddThis Advanced Settings generic via filter on get_the_excerpt --><!-- AddThis Share Buttons generic via filter on get_the_excerpt --><\/p>\n","protected":false},"author":1,"featured_media":0,"parent":0,"menu_order":0,"comment_status":"closed","ping_status":"closed","template":"page-templates\/full-width.php","meta":{"_exactmetrics_skip_tracking":false,"_exactmetrics_sitenote_active":false,"_exactmetrics_sitenote_note":"","_exactmetrics_sitenote_category":0,"footnotes":""},"class_list":["post-8937","page","type-page","status-publish","hentry"],"wps_subtitle":"","_links":{"self":[{"href":"https:\/\/coachingpartner.net\/cp\/wp-json\/wp\/v2\/pages\/8937","targetHints":{"allow":["GET"]}}],"collection":[{"href":"https:\/\/coachingpartner.net\/cp\/wp-json\/wp\/v2\/pages"}],"about":[{"href":"https:\/\/coachingpartner.net\/cp\/wp-json\/wp\/v2\/types\/page"}],"author":[{"embeddable":true,"href":"https:\/\/coachingpartner.net\/cp\/wp-json\/wp\/v2\/users\/1"}],"replies":[{"embeddable":true,"href":"https:\/\/coachingpartner.net\/cp\/wp-json\/wp\/v2\/comments?post=8937"}],"version-history":[{"count":6,"href":"https:\/\/coachingpartner.net\/cp\/wp-json\/wp\/v2\/pages\/8937\/revisions"}],"predecessor-version":[{"id":51542,"href":"https:\/\/coachingpartner.net\/cp\/wp-json\/wp\/v2\/pages\/8937\/revisions\/51542"}],"wp:attachment":[{"href":"https:\/\/coachingpartner.net\/cp\/wp-json\/wp\/v2\/media?parent=8937"}],"curies":[{"name":"wp","href":"https:\/\/api.w.org\/{rel}","templated":true}]}}