{"id":8226,"date":"2017-05-30T19:08:00","date_gmt":"2017-05-30T18:08:00","guid":{"rendered":"http:\/\/coachingpartner.net\/cp\/?page_id=8226"},"modified":"2020-06-10T01:07:20","modified_gmt":"2020-06-09T23:07:20","slug":"meld-deg-pa-en-gratis-lederstrategitime","status":"publish","type":"page","link":"https:\/\/coachingpartner.net\/cp\/nb\/meld-deg-pa-en-gratis-lederstrategitime\/","title":{"rendered":"Gratis Lederkonsultasjon"},"content":{"rendered":"<div id=\"pl-8226\"  class=\"panel-layout\" ><div id=\"pg-8226-0\"  class=\"panel-grid panel-no-style\" ><div id=\"pgc-8226-0-0\"  class=\"panel-grid-cell\" ><div id=\"panel-8226-0-0-0\" class=\"so-panel widget widget_black-studio-tinymce widget_black_studio_tinymce panel-first-child panel-last-child\" data-index=\"0\" ><div class=\"textwidget\"><p class=\"titles_center_orange\">Gratis Lederkonsultasjon<\/p>\n<\/div><\/div><\/div><\/div><div id=\"pg-8226-1\"  class=\"panel-grid panel-no-style\" ><div id=\"pgc-8226-1-0\"  class=\"panel-grid-cell\" ><div id=\"panel-8226-1-0-0\" class=\"so-panel widget widget_black-studio-tinymce widget_black_studio_tinymce panel-first-child panel-last-child\" data-index=\"1\" ><div class=\"textwidget\"><p><span class=\"vinculo_left_green\">Lederkonsultasjonens innhold:<br \/>\n<\/span><br \/>\n- Kartlegge hvor du er per i dag som leder og hva du \u00f8nsker \u00e5 oppn\u00e5<br \/>\n- Barrierer til vekst og hvordan du kan h\u00e5ndtere disse best mulig<br \/>\n- Utforske hva som vil ta deg i retning av dine m\u00e5lsetninger<\/p>\n<p><strong>Lederkonsultasjonen foreg\u00e5r online via Zoom eller Facetime.<\/strong><\/p>\n<p><a href=\"https:\/\/coachingpartner.net\/cp\/wp-content\/uploads\/2016\/02\/iStock_000047180132_Small.jpg\"><img fetchpriority=\"high\" decoding=\"async\" class=\"alignnone size-full wp-image-7183\" src=\"https:\/\/coachingpartner.net\/cp\/wp-content\/uploads\/2016\/02\/iStock_000047180132_Small.jpg\" alt=\"\" width=\"849\" height=\"565\" srcset=\"https:\/\/coachingpartner.net\/cp\/wp-content\/uploads\/2016\/02\/iStock_000047180132_Small.jpg 849w, https:\/\/coachingpartner.net\/cp\/wp-content\/uploads\/2016\/02\/iStock_000047180132_Small-300x200.jpg 300w, https:\/\/coachingpartner.net\/cp\/wp-content\/uploads\/2016\/02\/iStock_000047180132_Small-624x415.jpg 624w\" sizes=\"(max-width: 849px) 100vw, 849px\" \/><\/a><\/p>\n<\/div><\/div><\/div><div id=\"pgc-8226-1-1\"  class=\"panel-grid-cell\" ><div id=\"panel-8226-1-1-0\" class=\"so-panel widget widget_black-studio-tinymce widget_black_studio_tinymce panel-first-child panel-last-child\" data-index=\"2\" ><div class=\"textwidget\"><p><span class=\"vinculo_left_green\">Meld deg p\u00e5<\/span><br \/>\nFyll ut skjemaet nedenfor for \u00e5 booke en gratis Lederkonsultasjon via Zoom eller Facetime.<br \/>\n&nbsp<br \/>\nVed fylle ut skjemaet nedenfor gir du coachingpartner tillatelse til \u00e5 sende deg e-post. Vi tar personvern seri\u00f8st. Vennligst se v\u00e5r <a href=\"https:\/\/coachingpartner.net\/cp\/nb\/personvernerklaering-2\/\" style=\"font-size: 16px;\" target=\"_self\">Personvernerkl\u00e6ring<\/a> for mer informasjon.<br \/>\n<center>\n<div class=\"wpcf7 no-js\" id=\"wpcf7-f8227-o1\" lang=\"en-US\" dir=\"ltr\" data-wpcf7-id=\"8227\">\n<div class=\"screen-reader-response\"><p role=\"status\" aria-live=\"polite\" aria-atomic=\"true\"><\/p> <ul><\/ul><\/div>\n<form action=\"\/cp\/wp-json\/wp\/v2\/pages\/8226#wpcf7-f8227-o1\" method=\"post\" class=\"wpcf7-form init\" aria-label=\"Contact form\" novalidate=\"novalidate\" data-status=\"init\">\n<div style=\"display: none;\">\n<input type=\"hidden\" name=\"_wpcf7\" value=\"8227\" \/>\n<input type=\"hidden\" name=\"_wpcf7_version\" value=\"6.0.6\" \/>\n<input type=\"hidden\" name=\"_wpcf7_locale\" value=\"en_US\" \/>\n<input type=\"hidden\" name=\"_wpcf7_unit_tag\" value=\"wpcf7-f8227-o1\" \/>\n<input type=\"hidden\" name=\"_wpcf7_container_post\" value=\"0\" \/>\n<input type=\"hidden\" name=\"_wpcf7_posted_data_hash\" value=\"\" \/>\n<\/div>\n<div class=\"coso_formularios\">\n\t<p><span class=\"wpcf7-form-control-wrap\" data-name=\"your-name\"><input size=\"40\" maxlength=\"400\" class=\"wpcf7-form-control wpcf7-text wpcf7-validates-as-required\" aria-required=\"true\" aria-invalid=\"false\" placeholder=\"Navn*\" value=\"\" type=\"text\" name=\"your-name\" \/><\/span>\n\t<\/p>\n\t<p><span class=\"wpcf7-form-control-wrap\" data-name=\"your-email\"><input size=\"40\" maxlength=\"400\" class=\"wpcf7-form-control wpcf7-email wpcf7-validates-as-required wpcf7-text wpcf7-validates-as-email\" aria-required=\"true\" aria-invalid=\"false\" placeholder=\"Epost*\" value=\"\" type=\"email\" name=\"your-email\" \/><\/span>\n\t<\/p>\n\t<p><span class=\"wpcf7-form-control-wrap\" data-name=\"tel-666\"><input size=\"40\" maxlength=\"400\" class=\"wpcf7-form-control wpcf7-tel wpcf7-text wpcf7-validates-as-tel\" aria-invalid=\"false\" placeholder=\"Telefon\" value=\"\" type=\"tel\" name=\"tel-666\" \/><\/span>\n\t<\/p>\n\t<p><span class=\"wpcf7-form-control-wrap\" data-name=\"company\"><input size=\"40\" maxlength=\"400\" class=\"wpcf7-form-control wpcf7-text\" aria-invalid=\"false\" placeholder=\"Bedrift\" value=\"\" type=\"text\" name=\"company\" \/><\/span>\n\t<\/p>\n\t<p><span class=\"wpcf7-form-control-wrap\" data-name=\"your-message\"><textarea cols=\"40\" rows=\"10\" maxlength=\"2000\" class=\"wpcf7-form-control wpcf7-textarea\" aria-invalid=\"false\" placeholder=\"Dine kommentarer eller sp\u00f8rsm\u00e5l\" name=\"your-message\"><\/textarea><\/span>\n\t<\/p>\n\t<p>Hvor fikk du f\u00f8rst h\u00f8re om oss?<br \/>\n<span class=\"wpcf7-form-control-wrap\" data-name=\"menu-219\"><select class=\"wpcf7-form-control wpcf7-select wpcf7-validates-as-required\" aria-required=\"true\" aria-invalid=\"false\" name=\"menu-219\"><option value=\"\">&#8212;Please choose an option&#8212;<\/option><option value=\"Hjemmesiden v\u00e5r\">Hjemmesiden v\u00e5r<\/option><option value=\"Google\">Google<\/option><option value=\"Nyhetsbrev\">Nyhetsbrev<\/option><option value=\"Linkedin\">Linkedin<\/option><option value=\"Twitter\">Twitter<\/option><option value=\"Instagram\">Instagram<\/option><option value=\"Anbefalt av en venn\">Anbefalt av en venn<\/option><option value=\"Annet\">Annet<\/option><\/select><\/span>\n\t<\/p>\n\t<p style=\"tet-align:left !important\"><input type=\"hidden\" name=\"_wpcf7_captcha_challenge_captcha-723\" value=\"2199914659\" \/><img decoding=\"async\" class=\"wpcf7-form-control wpcf7-captchac wpcf7-captcha-captcha-723\" width=\"72\" height=\"24\" alt=\"captcha\" src=\"https:\/\/coachingpartner.net\/cp\/wp-content\/uploads\/wpcf7_captcha\/2199914659.png\" \/>\n\t<\/p>\n\t<p><span class=\"wpcf7-form-control-wrap\" data-name=\"captcha-723\"><input size=\"40\" class=\"wpcf7-form-control wpcf7-captchar\" autocomplete=\"off\" aria-invalid=\"false\" placeholder=\"Vennligst fyll inn teksten du ser ovenfor*\" value=\"\" type=\"text\" name=\"captcha-723\" \/><\/span>\n\t<\/p>\n\t<center>\n\t\t<p><span><input class=\"wpcf7-form-control wpcf7-submit has-spinner\" type=\"submit\" value=\"Send\" \/><\/span>\n\t\t<\/p>\n\t<\/center>\n\t<left>\n\t\t<p><span class=\"vinculo_left_green\" style=\"font-size:13px\">*Felter som m\u00e5 fylles ut<\/span>\n\t\t<\/p>\n\t<\/left>\n<\/div><div class=\"wpcf7-response-output\" aria-hidden=\"true\"><\/div>\n<\/form>\n<\/div>\n<\/center><\/p>\n<\/div><\/div><\/div><\/div><\/div><!-- AddThis Advanced Settings generic via filter on the_content --><!-- AddThis Share Buttons generic via filter on the_content -->","protected":false},"excerpt":{"rendered":"<p>Gratis Lederkonsultasjon Lederkonsultasjonens innhold: &#8211; Kartlegge hvor du er per i dag som leder og hva du \u00f8nsker \u00e5 oppn\u00e5 &#8211; Barrierer til vekst og hvordan du kan h\u00e5ndtere disse best mulig &#8211; Utforske hva som vil ta deg i retning av dine m\u00e5lsetninger Lederkonsultasjonen foreg\u00e5r online via Zoom eller Facetime. Meld deg p\u00e5 Fyll [&hellip;]<!-- AddThis Advanced Settings generic via filter on get_the_excerpt --><!-- AddThis Share Buttons generic via filter on get_the_excerpt --><\/p>\n","protected":false},"author":1,"featured_media":0,"parent":0,"menu_order":0,"comment_status":"closed","ping_status":"closed","template":"page-templates\/full-width.php","meta":{"_exactmetrics_skip_tracking":false,"_exactmetrics_sitenote_active":false,"_exactmetrics_sitenote_note":"","_exactmetrics_sitenote_category":0,"footnotes":""},"class_list":["post-8226","page","type-page","status-publish","hentry"],"wps_subtitle":"","_links":{"self":[{"href":"https:\/\/coachingpartner.net\/cp\/wp-json\/wp\/v2\/pages\/8226","targetHints":{"allow":["GET"]}}],"collection":[{"href":"https:\/\/coachingpartner.net\/cp\/wp-json\/wp\/v2\/pages"}],"about":[{"href":"https:\/\/coachingpartner.net\/cp\/wp-json\/wp\/v2\/types\/page"}],"author":[{"embeddable":true,"href":"https:\/\/coachingpartner.net\/cp\/wp-json\/wp\/v2\/users\/1"}],"replies":[{"embeddable":true,"href":"https:\/\/coachingpartner.net\/cp\/wp-json\/wp\/v2\/comments?post=8226"}],"version-history":[{"count":5,"href":"https:\/\/coachingpartner.net\/cp\/wp-json\/wp\/v2\/pages\/8226\/revisions"}],"predecessor-version":[{"id":51349,"href":"https:\/\/coachingpartner.net\/cp\/wp-json\/wp\/v2\/pages\/8226\/revisions\/51349"}],"wp:attachment":[{"href":"https:\/\/coachingpartner.net\/cp\/wp-json\/wp\/v2\/media?parent=8226"}],"curies":[{"name":"wp","href":"https:\/\/api.w.org\/{rel}","templated":true}]}}