{"id":6395,"date":"2015-11-10T16:06:52","date_gmt":"2015-11-10T15:06:52","guid":{"rendered":"http:\/\/coachingpartner.net\/cp\/?page_id=6395"},"modified":"2016-03-01T18:27:04","modified_gmt":"2016-03-01T17:27:04","slug":"i-media","status":"publish","type":"page","link":"https:\/\/coachingpartner.net\/cp\/nb\/i-media\/","title":{"rendered":"I media"},"content":{"rendered":"<div id=\"pl-6395\"  class=\"panel-layout\" ><div id=\"pg-6395-0\"  class=\"panel-grid panel-no-style\" ><div id=\"pgc-6395-0-0\"  class=\"panel-grid-cell panel-grid-cell-empty\" ><\/div><div id=\"pgc-6395-0-1\"  class=\"panel-grid-cell panel-grid-cell-mobile-last\" ><div id=\"panel-6395-0-1-0\" class=\"so-panel widget widget_text panel-first-child panel-last-child\" data-index=\"0\" >\t\t\t<div class=\"textwidget\"><p class=\"titles_center_orange\">I media<\/p>\n<p class=\"texto_center\">V\u00e5re coacher blir fra tid til annen intervjuet om ulike temaer <br>innen personlig utvikling. Her er et utvalg av artiklene. God lesning!<\/p><\/div>\n\t\t<\/div><\/div><div id=\"pgc-6395-0-2\"  class=\"panel-grid-cell panel-grid-cell-empty\" ><\/div><\/div><div id=\"pg-6395-1\"  class=\"panel-grid panel-no-style\" ><div id=\"pgc-6395-1-0\"  class=\"panel-grid-cell panel-grid-cell-empty\" ><\/div><div id=\"pgc-6395-1-1\"  class=\"panel-grid-cell panel-grid-cell-empty panel-grid-cell-mobile-last\" ><\/div><div id=\"pgc-6395-1-2\"  class=\"panel-grid-cell panel-grid-cell-empty\" ><\/div><\/div><div id=\"pg-6395-2\"  class=\"panel-grid panel-no-style\" ><div id=\"pgc-6395-2-0\"  class=\"panel-grid-cell\" ><div id=\"panel-6395-2-0-0\" class=\"so-panel widget widget_text panel-first-child panel-last-child\" data-index=\"1\" ><div class=\"panel-widget-style panel-widget-style-for-6395-2-0-0\" >\t\t\t<div class=\"textwidget\"><center>\n<a href=\"https:\/\/coachingpartner.net\/cp\/wp-content\/uploads\/2015\/11\/nei1.jpg\"><img decoding=\"async\" src=\"https:\/\/coachingpartner.net\/cp\/wp-content\/uploads\/2015\/11\/nei1.jpg\" height=\"190px\"><\/a>\n<a href=\"https:\/\/coachingpartner.net\/cp\/wp-content\/uploads\/2015\/11\/l\u00e6r-a-si-nei-3.jpg\"><img decoding=\"async\" src=\"https:\/\/coachingpartner.net\/cp\/wp-content\/uploads\/2015\/11\/l\u00e6r-a-si-nei-3.jpg\" height=\"190px\"><\/a>\n<a href=\"https:\/\/coachingpartner.net\/cp\/wp-content\/uploads\/2015\/11\/l\u00e6r-a-si-nei-4.jpg\"><img decoding=\"async\" src=\"https:\/\/coachingpartner.net\/cp\/wp-content\/uploads\/2015\/11\/l\u00e6r-a-si-nei-4.jpg\" height=\"190px\"><\/a>\n<\/center><\/div>\n\t\t<\/div><\/div><\/div><div id=\"pgc-6395-2-1\"  class=\"panel-grid-cell\" ><div id=\"panel-6395-2-1-0\" class=\"so-panel widget widget_text panel-first-child panel-last-child\" data-index=\"2\" >\t\t\t<div class=\"textwidget\"><span class=\"texto_center\"><img decoding=\"async\" class=\"bola_naranaja\" src=\"https:\/\/coachingpartner.net\/cp\/wp-content\/uploads\/2015\/08\/bola_naranja_03.png\" width=\"11px\">\n<img decoding=\"async\" class=\"raya\" src=\"https:\/\/coachingpartner.net\/cp\/wp-content\/uploads\/2015\/08\/ralla_pixel_07.png\" height=\"174px\" width=\"9px\">\n<\/span><\/div>\n\t\t<\/div><\/div><div id=\"pgc-6395-2-2\"  class=\"panel-grid-cell\" ><div id=\"panel-6395-2-2-0\" class=\"so-panel widget widget_text panel-first-child panel-last-child\" data-index=\"3\" >\t\t\t<div class=\"textwidget\"><p class=\"cita_left_green\">Det Nye<\/p>\n<p class=\"texto_justificado\">Vegard Olsen ble intervjuet i artikkelen \u201cL\u00e6r \u00e5 si nei\". \u00abJeg har eksempelvis droppet skjerf p\u00e5 vinteren, i h\u00e5p om \u00e5 bli forkj\u00f8let, s\u00e5 jeg kunne slippe unna den middagen jeg egentlig ikke ville g\u00e5 p\u00e5\u00bb. L\u00e6r \u00e5 si nei!  Coachingpartner ble intervjuet av Anne Aasgaard som skriver for Det Nye.<\/p>\n<a class=\"vinculo_left_big_green\" href=\"http:\/\/www.klikk.no\/mote\/detnye\/livsstil\/article1637834.ece\" style=\"font-size: 18px;\">Her kan du lese hele artikkelen<\/a><\/div>\n\t\t<\/div><\/div><\/div><div id=\"pg-6395-3\"  class=\"panel-grid panel-no-style\" ><div id=\"pgc-6395-3-0\"  class=\"panel-grid-cell\" ><div id=\"panel-6395-3-0-0\" class=\"so-panel widget widget_text panel-first-child panel-last-child\" data-index=\"4\" >\t\t\t<div class=\"textwidget\"><p class=\"cita_right_green\">HENNE<\/p>\n<p class=\"texto_right\">Artikkel i Henne om personlighetsverkt\u00f8yet Ennegrammet. Coacher som ble intervjuet: <br>Christine Wittusen og Silje Kristine Haugen.<\/p>\n<\/div>\n\t\t<\/div><\/div><div id=\"pgc-6395-3-1\"  class=\"panel-grid-cell\" ><div id=\"panel-6395-3-1-0\" class=\"so-panel widget widget_text panel-first-child panel-last-child\" data-index=\"5\" >\t\t\t<div class=\"textwidget\"><span class=\"texto_center\"><img decoding=\"async\" class=\"bola_naranaja\" src=\"https:\/\/coachingpartner.net\/cp\/wp-content\/uploads\/2015\/08\/bola_naranja_03.png\" width=\"11px\">\n<img decoding=\"async\" class=\"raya\" src=\"https:\/\/coachingpartner.net\/cp\/wp-content\/uploads\/2015\/08\/ralla_pixel_07.png\" height=\"174px\" width=\"9px\">\n<\/span><\/div>\n\t\t<\/div><\/div><div id=\"pgc-6395-3-2\"  class=\"panel-grid-cell\" ><div id=\"panel-6395-3-2-0\" class=\"so-panel widget widget_text panel-first-child panel-last-child\" data-index=\"6\" ><div class=\"panel-widget-style panel-widget-style-for-6395-3-2-0\" >\t\t\t<div class=\"textwidget\"><center>\n<a href=\"https:\/\/coachingpartner.net\/cp\/wp-content\/uploads\/2015\/11\/henne1.jpg\"><img decoding=\"async\" src=\"https:\/\/coachingpartner.net\/cp\/wp-content\/uploads\/2015\/11\/henne1.jpg\" height=\"190px\"><\/a>\n<a href=\"https:\/\/coachingpartner.net\/cp\/wp-content\/uploads\/2015\/11\/henne2.jpg\"><img decoding=\"async\" src=\"https:\/\/coachingpartner.net\/cp\/wp-content\/uploads\/2015\/11\/henne2.jpg\" height=\"190px\"><\/a>\n<a href=\"https:\/\/coachingpartner.net\/cp\/wp-content\/uploads\/2015\/11\/henne3.jpg\"><img decoding=\"async\" src=\"https:\/\/coachingpartner.net\/cp\/wp-content\/uploads\/2015\/11\/henne3.jpg\" height=\"190px\"  width=\"152px\"><\/a>\n<\/center><\/div>\n\t\t<\/div><\/div><\/div><\/div><div id=\"pg-6395-4\"  class=\"panel-grid panel-no-style\" ><div id=\"pgc-6395-4-0\"  class=\"panel-grid-cell\" ><div id=\"panel-6395-4-0-0\" class=\"so-panel widget widget_text panel-first-child panel-last-child\" data-index=\"7\" ><div class=\"panel-widget-style panel-widget-style-for-6395-4-0-0\" >\t\t\t<div class=\"textwidget\"><center>\n<a href=\"https:\/\/coachingpartner.net\/cp\/wp-content\/uploads\/2015\/11\/IMG_2399-1-e1447170070109.jpg\"><img decoding=\"async\" src=\"https:\/\/coachingpartner.net\/cp\/wp-content\/uploads\/2015\/11\/IMG_2399-1-e1447170070109.jpg\" height=\"190px\"><\/a>\n<a href=\"https:\/\/coachingpartner.net\/cp\/wp-content\/uploads\/2015\/11\/FullSizeRender-1.jpg\"><img decoding=\"async\" src=\"https:\/\/coachingpartner.net\/cp\/wp-content\/uploads\/2015\/11\/FullSizeRender-1.jpg\" height=\"190px\" width=\"251px\"><\/a>\n<\/center><\/div>\n\t\t<\/div><\/div><\/div><div id=\"pgc-6395-4-1\"  class=\"panel-grid-cell\" ><div id=\"panel-6395-4-1-0\" class=\"so-panel widget widget_text panel-first-child panel-last-child\" data-index=\"8\" >\t\t\t<div class=\"textwidget\"><span class=\"texto_center\"><img decoding=\"async\" class=\"bola_naranaja\" src=\"https:\/\/coachingpartner.net\/cp\/wp-content\/uploads\/2015\/08\/bola_naranja_03.png\" width=\"11px\">\n<img decoding=\"async\" class=\"raya\" src=\"https:\/\/coachingpartner.net\/cp\/wp-content\/uploads\/2015\/08\/ralla_pixel_07.png\" height=\"174px\" width=\"9px\">\n<\/span><\/div>\n\t\t<\/div><\/div><div id=\"pgc-6395-4-2\"  class=\"panel-grid-cell\" ><div id=\"panel-6395-4-2-0\" class=\"so-panel widget widget_text panel-first-child panel-last-child\" data-index=\"9\" >\t\t\t<div class=\"textwidget\"><p class=\"cita_left_green\">VG<\/p>\n<p class=\"texto_justificado\">Heidi Marie Sellevold ble intervjuet om tips til omstilling i karriere.<\/p><\/div>\n\t\t<\/div><\/div><\/div><div id=\"pg-6395-5\"  class=\"panel-grid panel-no-style\" ><div id=\"pgc-6395-5-0\"  class=\"panel-grid-cell\" ><div id=\"panel-6395-5-0-0\" class=\"so-panel widget widget_text panel-first-child panel-last-child\" data-index=\"10\" >\t\t\t<div class=\"textwidget\"><p class=\"cita_right_green\">Prek! Vegard Olsen<\/p>\n<p class=\"texto_right\">Vegard Olsen \u2013 som 30 \u00e5ring grep han muligheten med begge hendene, slutta i Statoil og begynte fulltid som coach. Du er gr\u00fcnder av coachingpartner. Hvordan kom du dit? \u2013 Jeg jobba tidligere i markedsavdelingen til Statoil i Oslo. Mens jeg jobba der studerte jeg coaching...<\/p>\n<right><a class=\"vinculo_right_big_green\" href=\"http:\/\/www.sarpsborg24.no\/vegard-olsen-find-your-true-identity\/\" target=\"_blank\" style=\"float: right; font-size: 18px;\">Les mer<\/a><\/right>\n<\/div>\n\t\t<\/div><\/div><div id=\"pgc-6395-5-1\"  class=\"panel-grid-cell\" ><div id=\"panel-6395-5-1-0\" class=\"so-panel widget widget_text panel-first-child panel-last-child\" data-index=\"11\" >\t\t\t<div class=\"textwidget\"><span class=\"texto_center\"><img decoding=\"async\" class=\"bola_naranaja\" src=\"https:\/\/coachingpartner.net\/cp\/wp-content\/uploads\/2015\/08\/bola_naranja_03.png\" width=\"11px\">\n<img decoding=\"async\" class=\"raya\" src=\"https:\/\/coachingpartner.net\/cp\/wp-content\/uploads\/2015\/08\/ralla_pixel_07.png\" height=\"174px\" width=\"9px\">\n<\/span><\/div>\n\t\t<\/div><\/div><div id=\"pgc-6395-5-2\"  class=\"panel-grid-cell\" ><div id=\"panel-6395-5-2-0\" class=\"so-panel widget widget_text panel-first-child panel-last-child\" data-index=\"12\" ><div class=\"panel-widget-style panel-widget-style-for-6395-5-2-0\" >\t\t\t<div class=\"textwidget\"><left><img decoding=\"async\" style=\"float: left;\" src=\"https:\/\/coachingpartner.net\/cp\/wp-content\/uploads\/2015\/12\/imadia-vegard-big.png\" height=\"190px\"><\/left><\/div>\n\t\t<\/div><\/div><\/div><\/div><div id=\"pg-6395-6\"  class=\"panel-grid panel-no-style\" ><div id=\"pgc-6395-6-0\"  class=\"panel-grid-cell\" ><div id=\"panel-6395-6-0-0\" class=\"so-panel widget widget_text panel-first-child panel-last-child\" data-index=\"13\" ><div class=\"panel-widget-style panel-widget-style-for-6395-6-0-0\" >\t\t\t<div class=\"textwidget\"><left>\n<img decoding=\"async\" src=\"https:\/\/coachingpartner.net\/cp\/wp-content\/uploads\/2015\/12\/mari.jpg\" height=\"190px\"\/>\n<\/left><\/div>\n\t\t<\/div><\/div><\/div><div id=\"pgc-6395-6-1\"  class=\"panel-grid-cell\" ><div id=\"panel-6395-6-1-0\" class=\"so-panel widget widget_text panel-first-child panel-last-child\" data-index=\"14\" >\t\t\t<div class=\"textwidget\"><span class=\"texto_center\"><img decoding=\"async\" class=\"bola_naranaja\" src=\"https:\/\/coachingpartner.net\/cp\/wp-content\/uploads\/2015\/08\/bola_naranja_03.png\" width=\"11px\">\n<img decoding=\"async\" class=\"raya\" src=\"https:\/\/coachingpartner.net\/cp\/wp-content\/uploads\/2015\/08\/ralla_pixel_07.png\" height=\"188px\" width=\"9px\">\n<\/span><\/div>\n\t\t<\/div><\/div><div id=\"pgc-6395-6-2\"  class=\"panel-grid-cell\" ><div id=\"panel-6395-6-2-0\" class=\"so-panel widget widget_text panel-first-child panel-last-child\" data-index=\"15\" >\t\t\t<div class=\"textwidget\"><p class=\"cita_left_green\">FeiltastiskeMari<\/p>\n<p class=\"texto_justificado\">Et oppl\u00f8ftende tilbakeblikk p\u00e5 det siste begivenhetsrike \u00e5ret med blant annet coaching som et betydningsfullt og utviklende verkt\u00f8y for \u00e5 omsette teori til praksis. P\u00e5 fredag som var, gjennomf\u00f8rte jeg min siste coachingtime i en omtrent ti m\u00e5neder lang prosess som har v\u00e6rt utrolig spennende, l\u00e6rerik og utviklende.<\/p>\n<a class=\"vinculo_left_big_green\" href=\"https:\/\/feiltastiskemari.wordpress.com\/2015\/08\/24\/et-opploftende-tilbakeblikk-pa-det-siste-begivenhetsrike-aret-med-blant-annet-coaching-som-et-betydningsfullt-og-utviklende-verktoy-for-a-omsette-teori-til-praksis\/\" style=\"font-size: 18px;\" target=\"_blank\">FeiltastiskeMarit<\/a><\/div>\n\t\t<\/div><\/div><\/div><div id=\"pg-6395-7\"  class=\"panel-grid panel-no-style\" ><div id=\"pgc-6395-7-0\"  class=\"panel-grid-cell\" ><div id=\"panel-6395-7-0-0\" class=\"so-panel widget widget_text panel-first-child panel-last-child\" data-index=\"16\" >\t\t\t<div class=\"textwidget\"><p class=\"cita_right_green\">Jakten p\u00e5 min sanne identitet<\/p>\n<p class=\"texto_right\">Er jeg s\u00e5nn som andre sier at jeg er? Hva hvis det andre sier at jeg er, spriker i alle retninger? Hvem er jeg da? Jeg kan ikke tenke p\u00e5 min tidligere kollega Vegard, uten \u00e5 tenke \u201dUkulele\u201d. Det gjorde noe med stemningen n\u00e5r vi h\u00f8rte sang og musikk fra naborommet. <\/p>\n<p style=\"text-align: right !important\"><a class=\"vinculo_right_big_green\" href=\"https:\/\/lynballongen.wordpress.com\/2015\/07\/14\/14-juli-jakten-pa-min-sanne-identitet\/\" target=\"_blank\" style=\"font-size: 18px;\">Del 1<\/a> | <a class=\"vinculo_right_big_green\" href=\"https:\/\/lynballongen.wordpress.com\/2015\/07\/15\/15-juli-jakten-pa-min-sanne-identitet-del-2\/\" target=\"_blank\" style=\" font-size: 18px;\"> Del 2<\/a> | <a class=\"vinculo_right_big_green\" href=\"https:\/\/lynballongen.wordpress.com\/2015\/07\/16\/16-juli-jakten-pa-min-sanne-identitet-del-3-av-3\/\" target=\"_blank\" style=\"font-size: 18px;\"> Del 3<\/a><\/p><\/div>\n\t\t<\/div><\/div><div id=\"pgc-6395-7-1\"  class=\"panel-grid-cell\" ><div id=\"panel-6395-7-1-0\" class=\"so-panel widget widget_text panel-first-child panel-last-child\" data-index=\"17\" >\t\t\t<div class=\"textwidget\"><span class=\"texto_center\"><img decoding=\"async\" class=\"bola_naranaja\" src=\"https:\/\/coachingpartner.net\/cp\/wp-content\/uploads\/2015\/08\/bola_naranja_03.png\" width=\"11px\">\n<img decoding=\"async\" class=\"raya\" src=\"https:\/\/coachingpartner.net\/cp\/wp-content\/uploads\/2015\/08\/ralla_pixel_07.png\" height=\"174px\" width=\"9px\">\n<\/span><\/div>\n\t\t<\/div><\/div><div id=\"pgc-6395-7-2\"  class=\"panel-grid-cell\" ><div id=\"panel-6395-7-2-0\" class=\"so-panel widget widget_text panel-first-child panel-last-child\" data-index=\"18\" ><div class=\"panel-widget-style panel-widget-style-for-6395-7-2-0\" >\t\t\t<div class=\"textwidget\"><right>\n<img decoding=\"async\" src=\"https:\/\/coachingpartner.net\/cp\/wp-content\/uploads\/2015\/12\/14-juli-vegard-med-oliven-1024x391.jpg\" height=\"190px\"\/>\n<\/right><\/div>\n\t\t<\/div><\/div><\/div><\/div><div id=\"pg-6395-8\"  class=\"panel-grid panel-no-style\" ><div id=\"pgc-6395-8-0\"  class=\"panel-grid-cell\" ><div id=\"panel-6395-8-0-0\" class=\"so-panel widget widget_text panel-first-child panel-last-child\" data-index=\"19\" ><div class=\"panel-widget-style panel-widget-style-for-6395-8-0-0\" >\t\t\t<div class=\"textwidget\"><left>\n<a href=\"https:\/\/coachingpartner.net\/cp\/wp-content\/uploads\/2016\/03\/identitet_1.jpg\"><img decoding=\"async\" src=\"https:\/\/coachingpartner.net\/cp\/wp-content\/uploads\/2016\/03\/identitet_1.jpg\" height=\"130px\"\/><\/a>\n<a href=\"https:\/\/coachingpartner.net\/cp\/wp-content\/uploads\/2016\/03\/identitet_2.jpg\"><img decoding=\"async\" src=\"https:\/\/coachingpartner.net\/cp\/wp-content\/uploads\/2016\/03\/identitet_2.jpg\" height=\"130px\"\/><\/a>\n<a href=\"https:\/\/coachingpartner.net\/cp\/wp-content\/uploads\/2016\/03\/identitet_3.jpg\"><img decoding=\"async\" src=\"https:\/\/coachingpartner.net\/cp\/wp-content\/uploads\/2016\/03\/identitet_3.jpg\" height=\"130px\"\/><\/a>\n<a href=\"https:\/\/coachingpartner.net\/cp\/wp-content\/uploads\/2016\/03\/identitet_4.jpg\" ><img decoding=\"async\" src=\"https:\/\/coachingpartner.net\/cp\/wp-content\/uploads\/2016\/03\/identitet_4.jpg\" height=\"130px\"\/><\/a>\n<\/left><\/div>\n\t\t<\/div><\/div><\/div><div id=\"pgc-6395-8-1\"  class=\"panel-grid-cell\" ><div id=\"panel-6395-8-1-0\" class=\"so-panel widget widget_text panel-first-child panel-last-child\" data-index=\"20\" >\t\t\t<div class=\"textwidget\"><span class=\"texto_center\"><img decoding=\"async\" class=\"bola_naranaja\" src=\"https:\/\/coachingpartner.net\/cp\/wp-content\/uploads\/2015\/08\/bola_naranja_03.png\" width=\"11px\">\n<img decoding=\"async\" class=\"raya\" src=\"https:\/\/coachingpartner.net\/cp\/wp-content\/uploads\/2015\/08\/ralla_pixel_07.png\" height=\"188px\" width=\"9px\">\n<\/span><\/div>\n\t\t<\/div><\/div><div id=\"pgc-6395-8-2\"  class=\"panel-grid-cell\" ><div id=\"panel-6395-8-2-0\" class=\"so-panel widget widget_text panel-first-child panel-last-child\" data-index=\"21\" >\t\t\t<div class=\"textwidget\"><p class=\"cita_left_green\">110% meg sj\u00e6l<\/p>\n<p class=\"texto_justificado\">Vegard, Silje og Christine ble intervjuet av Det Nye.\n\u201cBare du er deg selv vil alt ordne seg, sa de. Men hva betyr det egentlig \u00e5 v\u00e6re seg selv?\"<\/p><\/div>\n\t\t<\/div><\/div><\/div><div id=\"pg-6395-9\"  class=\"panel-grid panel-no-style\" ><div id=\"pgc-6395-9-0\"  class=\"panel-grid-cell\" ><div id=\"panel-6395-9-0-0\" class=\"so-panel widget widget_text panel-first-child panel-last-child\" data-index=\"22\" >\t\t\t<div class=\"textwidget\"><p class=\"cita_right_green\">Lytter du \u2013 s\u00e5nn egentlig<\/p>\n<p class=\"texto_right\">\"Sikkert ikke alltid. Og det er helt lov. Men det \u00e5 lytte ordentlig \u2013 ikke bare h\u00f8re \u2013 er viktigere enn du tror\u201d.\nVegard ble intervjuet av Kamille med Lytting som tema.<\/p><\/div>\n\t\t<\/div><\/div><div id=\"pgc-6395-9-1\"  class=\"panel-grid-cell\" ><div id=\"panel-6395-9-1-0\" class=\"so-panel widget widget_text panel-first-child panel-last-child\" data-index=\"23\" >\t\t\t<div class=\"textwidget\"><span class=\"texto_center\"><img decoding=\"async\" class=\"bola_naranaja\" src=\"https:\/\/coachingpartner.net\/cp\/wp-content\/uploads\/2015\/08\/bola_naranja_03.png\" width=\"11px\">\n<img decoding=\"async\" class=\"raya\" src=\"https:\/\/coachingpartner.net\/cp\/wp-content\/uploads\/2015\/08\/ralla_pixel_07.png\" height=\"174px\" width=\"9px\">\n<\/span><\/div>\n\t\t<\/div><\/div><div id=\"pgc-6395-9-2\"  class=\"panel-grid-cell\" ><div id=\"panel-6395-9-2-0\" class=\"so-panel widget widget_text panel-first-child panel-last-child\" data-index=\"24\" ><div class=\"panel-widget-style panel-widget-style-for-6395-9-2-0\" >\t\t\t<div class=\"textwidget\"><left>\n<a href=\"https:\/\/coachingpartner.net\/cp\/wp-content\/uploads\/2016\/03\/lytting_1.png\"><img decoding=\"async\" src=\"https:\/\/coachingpartner.net\/cp\/wp-content\/uploads\/2016\/03\/lytting_1.png\" height=\"190px\"\/><\/a>\n<a href=\"https:\/\/coachingpartner.net\/cp\/wp-content\/uploads\/2016\/03\/lytting_2.png\"><img decoding=\"async\" src=\"https:\/\/coachingpartner.net\/cp\/wp-content\/uploads\/2016\/03\/lytting_2.png\" height=\"190px\"\/><\/a>\n<\/left><\/div>\n\t\t<\/div><\/div><\/div><\/div><div id=\"pg-6395-10\"  class=\"panel-grid panel-no-style\" ><div id=\"pgc-6395-10-0\"  class=\"panel-grid-cell panel-grid-cell-empty\" ><\/div><div id=\"pgc-6395-10-1\"  class=\"panel-grid-cell panel-grid-cell-empty panel-grid-cell-mobile-last\" ><\/div><div id=\"pgc-6395-10-2\"  class=\"panel-grid-cell panel-grid-cell-empty\" ><\/div><\/div><\/div><!-- AddThis Advanced Settings generic via filter on the_content --><!-- AddThis Share Buttons generic via filter on the_content -->","protected":false},"excerpt":{"rendered":"<p>I media V\u00e5re coacher blir fra tid til annen intervjuet om ulike temaer innen personlig utvikling. Her er et utvalg av artiklene. God lesning!<!-- AddThis Advanced Settings generic via filter on get_the_excerpt --><!-- AddThis Share Buttons generic via filter on get_the_excerpt --><\/p>\n","protected":false},"author":5,"featured_media":0,"parent":0,"menu_order":0,"comment_status":"closed","ping_status":"closed","template":"page-templates\/full-width.php","meta":{"_exactmetrics_skip_tracking":false,"_exactmetrics_sitenote_active":false,"_exactmetrics_sitenote_note":"","_exactmetrics_sitenote_category":0,"footnotes":""},"class_list":["post-6395","page","type-page","status-publish","hentry"],"wps_subtitle":"","_links":{"self":[{"href":"https:\/\/coachingpartner.net\/cp\/wp-json\/wp\/v2\/pages\/6395","targetHints":{"allow":["GET"]}}],"collection":[{"href":"https:\/\/coachingpartner.net\/cp\/wp-json\/wp\/v2\/pages"}],"about":[{"href":"https:\/\/coachingpartner.net\/cp\/wp-json\/wp\/v2\/types\/page"}],"author":[{"embeddable":true,"href":"https:\/\/coachingpartner.net\/cp\/wp-json\/wp\/v2\/users\/5"}],"replies":[{"embeddable":true,"href":"https:\/\/coachingpartner.net\/cp\/wp-json\/wp\/v2\/comments?post=6395"}],"version-history":[{"count":26,"href":"https:\/\/coachingpartner.net\/cp\/wp-json\/wp\/v2\/pages\/6395\/revisions"}],"predecessor-version":[{"id":7307,"href":"https:\/\/coachingpartner.net\/cp\/wp-json\/wp\/v2\/pages\/6395\/revisions\/7307"}],"wp:attachment":[{"href":"https:\/\/coachingpartner.net\/cp\/wp-json\/wp\/v2\/media?parent=6395"}],"curies":[{"name":"wp","href":"https:\/\/api.w.org\/{rel}","templated":true}]}}