{"id":6309,"date":"2015-11-10T05:18:17","date_gmt":"2015-11-10T04:18:17","guid":{"rendered":"http:\/\/coachingpartner.net\/cp\/?page_id=6309"},"modified":"2023-01-05T16:42:41","modified_gmt":"2023-01-05T16:42:41","slug":"our-team-2","status":"publish","type":"page","link":"https:\/\/coachingpartner.net\/cp\/nb\/our-team-2\/","title":{"rendered":"Teamet"},"content":{"rendered":"<div id=\"pl-6309\"  class=\"panel-layout\" ><div id=\"pg-6309-0\"  class=\"panel-grid panel-no-style\" ><div id=\"pgc-6309-0-0\"  class=\"panel-grid-cell panel-grid-cell-empty\" ><\/div><div id=\"pgc-6309-0-1\"  class=\"panel-grid-cell panel-grid-cell-mobile-last\" ><div id=\"panel-6309-0-1-0\" class=\"so-panel widget widget_text panel-first-child panel-last-child\" data-index=\"0\" >\t\t\t<div class=\"textwidget\"><p class=\"titles_center_orange\">Teamet<\/p>\n<p class=\"texto_center\">Vi er et team av profesjonelle coacher som samarbeider tett for \u00e5 l\u00e6re av hverandre og hele tiden videreutvikle v\u00e5r ekspertise. I tillegg til v\u00e5rt kjerneteam samarbeider vi ogs\u00e5 med erfare profesjonelle coacher i v\u00e5rt nettverk.\n<\/p><\/div>\n\t\t<\/div><\/div><div id=\"pgc-6309-0-2\"  class=\"panel-grid-cell panel-grid-cell-empty\" ><\/div><\/div><div id=\"pg-6309-1\"  class=\"panel-grid panel-no-style\" ><div id=\"pgc-6309-1-0\"  class=\"panel-grid-cell panel-grid-cell-empty\" ><\/div><div id=\"pgc-6309-1-1\"  class=\"panel-grid-cell panel-grid-cell-empty panel-grid-cell-mobile-last\" ><\/div><div id=\"pgc-6309-1-2\"  class=\"panel-grid-cell panel-grid-cell-empty\" ><\/div><\/div><div id=\"pg-6309-2\"  class=\"panel-grid panel-no-style\" ><div id=\"pgc-6309-2-0\"  class=\"panel-grid-cell\" ><div id=\"panel-6309-2-0-0\" class=\"so-panel widget widget_text panel-first-child panel-last-child\" data-index=\"1\" >\t\t\t<div class=\"textwidget\"><p class=\"titles_right_orange\">Hva vi tror p\u00e5:<\/p>\n<p style=\"text-align: right !important;\"><img decoding=\"async\" id=\"flechanaranja\" src=\"https:\/\/coachingpartner.net\/cp\/wp-content\/uploads\/2015\/10\/flecha1.jpg\" \/><\/div>\n\t\t<\/div><\/div><div id=\"pgc-6309-2-1\"  class=\"panel-grid-cell panel-grid-cell-empty\" ><\/div><div id=\"pgc-6309-2-2\"  class=\"panel-grid-cell\" ><div id=\"panel-6309-2-2-0\" class=\"so-panel widget widget_text panel-first-child panel-last-child\" data-index=\"2\" >\t\t\t<div class=\"textwidget\"><p class=\"bullets_left_green\" style=\"text-indent: -11px;\">\u2022 At det \u00e5 forst\u00e5 og uttrykke din unikhet er n\u00f8kkelen til suksess for ledere, team og bedrifter<\/p>\n<p class=\"bullets_left_green\" style=\"text-indent: -11px;\">\u2022 At det \u00e5 forst\u00e5 unike og individuelle forskjeller er n\u00f8kkelen til innovasjon samt det \u00e5 designe effektive team og organisasjoner som er i kontinuerlig vekst<\/p>\n<p class=\"bullets_left_green\" style=\"text-indent: -11px;\">\u2022 At varig endring skjer gjennom \u00e5 jobbe konsistent og med sterkt fokus og tydelig forpliktelse over tid<\/p><\/div>\n\t\t<\/div><\/div><\/div><div id=\"pg-6309-3\"  class=\"panel-grid panel-no-style\" ><div id=\"pgc-6309-3-0\"  class=\"panel-grid-cell panel-grid-cell-empty\" ><\/div><div id=\"pgc-6309-3-1\"  class=\"panel-grid-cell panel-grid-cell-empty panel-grid-cell-mobile-last\" ><\/div><div id=\"pgc-6309-3-2\"  class=\"panel-grid-cell panel-grid-cell-empty\" ><\/div><\/div><div id=\"pg-6309-4\"  class=\"panel-grid panel-no-style\" ><div id=\"pgc-6309-4-0\"  class=\"panel-grid-cell panel-grid-cell-empty\" ><\/div><div id=\"pgc-6309-4-1\"  class=\"panel-grid-cell panel-grid-cell-mobile-last\" ><div id=\"panel-6309-4-1-0\" class=\"so-panel widget widget_text panel-first-child panel-last-child\" data-index=\"3\" >\t\t\t<div class=\"textwidget\"><p class=\"titles_center_green\" style=\"line-height: 43px; margin-top: 58px;\">\"Med dypere forst\u00e5else av din unike kontekst samt dine unike erfaringer, kompetanser, evner og dr\u00f8mmer, kan du utvikle strategiene som hjelper deg \u00e5 realisere dine st\u00f8rste m\u00e5l og dr\u00f8mmer\"<\/p>\n<p class=\"intro_center_plomo\" style=\"text-align: right !important;  font-size: 22px !important;\"> \u2013 Vegard Olsen<\/p>\n\n<\/div>\n\t\t<\/div><\/div><div id=\"pgc-6309-4-2\"  class=\"panel-grid-cell panel-grid-cell-empty\" ><\/div><\/div><div id=\"pg-6309-5\"  class=\"panel-grid panel-no-style\" ><div id=\"pgc-6309-5-0\"  class=\"panel-grid-cell panel-grid-cell-empty\" ><\/div><div id=\"pgc-6309-5-1\"  class=\"panel-grid-cell panel-grid-cell-empty panel-grid-cell-mobile-last\" ><\/div><div id=\"pgc-6309-5-2\"  class=\"panel-grid-cell panel-grid-cell-empty\" ><\/div><\/div><div id=\"pg-6309-6\"  class=\"panel-grid panel-has-style\" ><div class=\"perfil_movil panel-row-style panel-row-style-for-6309-6\" ><div id=\"pgc-6309-6-0\"  class=\"panel-grid-cell\" ><div id=\"panel-6309-6-0-0\" class=\"so-panel widget widget_text panel-first-child\" data-index=\"4\" ><div class=\"panel-widget-style panel-widget-style-for-6309-6-0-0\" >\t\t\t<div class=\"textwidget\"><center>\n<img decoding=\"async\" src=\"https:\/\/coachingpartner.net\/cp\/wp-content\/uploads\/2017\/07\/vegard.png\">\n<\/center><\/div>\n\t\t<\/div><\/div><div id=\"panel-6309-6-0-1\" class=\"so-panel widget widget_text panel-last-child\" data-index=\"5\" >\t\t\t<div class=\"textwidget\"><p class=\"cita_right_green\">VEGARD OLSEN<\/p>\n<p class=\"texto_right\">Jeg har alltid hatt stort engasjement for ledelse og kommunikasjon.  Etter 4 \u00e5rs studier innen markedsf\u00f8ring, kommunikasjon og ledelse jobbet jeg 2 \u00e5r som prosjektleder hos TNS Gallup og 3 \u00e5r som kommunikasjonsr\u00e5dgiver hos Statoil ASA...<\/p>\n<p style=\"text-align: right !important\"><a class=\"vinculo_right_big_green\" href=\"https:\/\/coachingpartner.net\/cp\/nb\/vegard-olsen\/\">Les mer<\/a><\/p><\/div>\n\t\t<\/div><\/div><\/div><\/div><div id=\"pg-6309-7\"  class=\"panel-grid panel-has-style\" ><div class=\"perfiles_pc panel-row-style panel-row-style-for-6309-7\" ><div id=\"pgc-6309-7-0\"  class=\"panel-grid-cell\" ><div id=\"panel-6309-7-0-0\" class=\"so-panel widget widget_text panel-first-child panel-last-child\" data-index=\"6\" >\t\t\t<div class=\"textwidget\"><p class=\"cita_right_green\">VEGARD OLSEN<\/p>\n<p class=\"texto_right\">Jeg begynte \u00e5 jobbe fulltid som coach i 2011 og har siden den gang hatt coaching og kurs med hundrevis av ledere og workshops med mange bedrifter. Jeg har jobbet med mange ulike m\u00e5lgrupper siden starten, men fokuserer n\u00e5 hovedsakelig p\u00e5 bedrifter og ledere som \u00f8nsker \u00e5 gj\u00f8re en forskjell for sitt yrke, sin bransje eller for samfunnet generelt...<\/p>\n<p style=\"text-align: right !important\"><a class=\"vinculo_right_big_green\" href=\"https:\/\/coachingpartner.net\/cp\/nb\/vegard-olsen\/\">Les mer<\/a><\/p><\/div>\n\t\t<\/div><\/div><div id=\"pgc-6309-7-1\"  class=\"panel-grid-cell\" ><div id=\"panel-6309-7-1-0\" class=\"so-panel widget widget_text panel-first-child panel-last-child\" data-index=\"7\" >\t\t\t<div class=\"textwidget\"><span class=\"texto_center\"><img decoding=\"async\" class=\"bola_naranaja\" src=\"https:\/\/coachingpartner.net\/cp\/wp-content\/uploads\/2015\/08\/bola_naranja_03.png\" width=\"11px\">\n<img decoding=\"async\" class=\"raya\" src=\"https:\/\/coachingpartner.net\/cp\/wp-content\/uploads\/2015\/08\/ralla_pixel_07.png\" height=\"174px\" width=\"9px\">\n<\/span><\/div>\n\t\t<\/div><\/div><div id=\"pgc-6309-7-2\"  class=\"panel-grid-cell\" ><div id=\"panel-6309-7-2-0\" class=\"so-panel widget widget_text panel-first-child panel-last-child\" data-index=\"8\" ><div class=\"panel-widget-style panel-widget-style-for-6309-7-2-0\" >\t\t\t<div class=\"textwidget\"><left>\n<img decoding=\"async\" src=\"https:\/\/coachingpartner.net\/cp\/wp-content\/uploads\/2017\/07\/vegard.png\">\n<\/left><\/div>\n\t\t<\/div><\/div><\/div><\/div><\/div><div id=\"pg-6309-8\"  class=\"panel-grid panel-has-style\" ><div class=\"perfil_movil panel-row-style panel-row-style-for-6309-8\" ><div id=\"pgc-6309-8-0\"  class=\"panel-grid-cell\" ><div id=\"panel-6309-8-0-0\" class=\"so-panel widget widget_text panel-first-child\" data-index=\"9\" ><div class=\"panel-widget-style panel-widget-style-for-6309-8-0-0\" >\t\t\t<div class=\"textwidget\"><center>\n<img decoding=\"async\" src=\"https:\/\/coachingpartner.net\/cp\/wp-content\/uploads\/2017\/07\/Catherine-1.png\">\n<\/center><\/div>\n\t\t<\/div><\/div><div id=\"panel-6309-8-0-1\" class=\"so-panel widget widget_text panel-last-child\" data-index=\"10\" >\t\t\t<div class=\"textwidget\"><p class=\"cita_right_green\">CATHERINE JEYARATNAM<\/p>\n<p class=\"texto_right\">Understanding people and what makes them tick really fascinates me. As far as I can remember I have always been intrigued by how our minds work and why people do what they do. This curiosity comes from my passion for helping people live a better, happier and fulfilling life. I believe that when you can understand...<\/p>\n<p style=\"text-align: right !important\"><a class=\"vinculo_right_big_green\" href=\"https:\/\/coachingpartner.net\/cp\/nb\/catherine-jeyaratnam-2\/\">Les mer (English)<\/a><\/p>\n<\/div>\n\t\t<\/div><\/div><\/div><\/div><div id=\"pg-6309-9\"  class=\"panel-grid panel-has-style\" ><div class=\"perfiles_pc panel-row-style panel-row-style-for-6309-9\" ><div id=\"pgc-6309-9-0\"  class=\"panel-grid-cell\" ><div id=\"panel-6309-9-0-0\" class=\"so-panel widget widget_text panel-first-child panel-last-child\" data-index=\"11\" ><div class=\"panel-widget-style panel-widget-style-for-6309-9-0-0\" >\t\t\t<div class=\"textwidget\"><right>\n<img decoding=\"async\" src=\"https:\/\/coachingpartner.net\/cp\/wp-content\/uploads\/2017\/07\/Catherine-1.png\">\n<\/right>\n<\/div>\n\t\t<\/div><\/div><\/div><div id=\"pgc-6309-9-1\"  class=\"panel-grid-cell\" ><div id=\"panel-6309-9-1-0\" class=\"so-panel widget widget_text panel-first-child panel-last-child\" data-index=\"12\" >\t\t\t<div class=\"textwidget\"><span class=\"texto_center\"><img decoding=\"async\" class=\"bola_naranaja\" src=\"https:\/\/coachingpartner.net\/cp\/wp-content\/uploads\/2015\/08\/bola_naranja_03.png\" width=\"11px\">\n<img decoding=\"async\" class=\"raya\" src=\"https:\/\/coachingpartner.net\/cp\/wp-content\/uploads\/2015\/08\/ralla_pixel_07.png\" height=\"174px\" width=\"9px\">\n<\/span><\/div>\n\t\t<\/div><\/div><div id=\"pgc-6309-9-2\"  class=\"panel-grid-cell\" ><div id=\"panel-6309-9-2-0\" class=\"so-panel widget widget_text panel-first-child panel-last-child\" data-index=\"13\" >\t\t\t<div class=\"textwidget\"><p class=\"cita_left_green\">CATHERINE JEYARATNAM<\/p>\n<p class=\"texto_left\">Understanding people and what makes them tick really fascinates me. As far as I can remember I have always been intrigued by how our minds work and why people do what they do. This curiosity comes from my passion for helping people live a better, happier and fulfilling life. I believe that when you can understand...<\/p>\n<p style=\"text-align: left !important\"><a class=\"vinculo_right_big_green\" href=\"https:\/\/coachingpartner.net\/cp\/nb\/catherine-jeyaratnam-2\/\">Les mer (English)<\/a><\/p>\n\n<\/div>\n\t\t<\/div><\/div><\/div><\/div><div id=\"pg-6309-10\"  class=\"panel-grid panel-no-style\" ><div id=\"pgc-6309-10-0\"  class=\"panel-grid-cell panel-grid-cell-empty\" ><\/div><div id=\"pgc-6309-10-1\"  class=\"panel-grid-cell panel-grid-cell-empty panel-grid-cell-mobile-last\" ><\/div><div id=\"pgc-6309-10-2\"  class=\"panel-grid-cell panel-grid-cell-empty\" ><\/div><\/div><\/div>","protected":false},"excerpt":{"rendered":"<p>Teamet Vi er et team av profesjonelle coacher som samarbeider tett for \u00e5 l\u00e6re av hverandre og hele tiden videreutvikle v\u00e5r ekspertise. I tillegg til v\u00e5rt kjerneteam samarbeider vi ogs\u00e5 med erfare profesjonelle coacher i v\u00e5rt nettverk.<\/p>\n","protected":false},"author":5,"featured_media":0,"parent":0,"menu_order":0,"comment_status":"closed","ping_status":"closed","template":"page-templates\/full-width.php","meta":{"_exactmetrics_skip_tracking":false,"_exactmetrics_sitenote_active":false,"_exactmetrics_sitenote_note":"","_exactmetrics_sitenote_category":0,"footnotes":""},"class_list":["post-6309","page","type-page","status-publish","hentry"],"wps_subtitle":"","_links":{"self":[{"href":"https:\/\/coachingpartner.net\/cp\/wp-json\/wp\/v2\/pages\/6309","targetHints":{"allow":["GET"]}}],"collection":[{"href":"https:\/\/coachingpartner.net\/cp\/wp-json\/wp\/v2\/pages"}],"about":[{"href":"https:\/\/coachingpartner.net\/cp\/wp-json\/wp\/v2\/types\/page"}],"author":[{"embeddable":true,"href":"https:\/\/coachingpartner.net\/cp\/wp-json\/wp\/v2\/users\/5"}],"replies":[{"embeddable":true,"href":"https:\/\/coachingpartner.net\/cp\/wp-json\/wp\/v2\/comments?post=6309"}],"version-history":[{"count":7,"href":"https:\/\/coachingpartner.net\/cp\/wp-json\/wp\/v2\/pages\/6309\/revisions"}],"predecessor-version":[{"id":52497,"href":"https:\/\/coachingpartner.net\/cp\/wp-json\/wp\/v2\/pages\/6309\/revisions\/52497"}],"wp:attachment":[{"href":"https:\/\/coachingpartner.net\/cp\/wp-json\/wp\/v2\/media?parent=6309"}],"curies":[{"name":"wp","href":"https:\/\/api.w.org\/{rel}","templated":true}]}}