{"id":53635,"date":"2026-02-24T23:35:06","date_gmt":"2026-02-24T23:35:06","guid":{"rendered":"https:\/\/coachingpartner.net\/cp\/?page_id=53635"},"modified":"2026-02-25T02:17:44","modified_gmt":"2026-02-25T02:17:44","slug":"episode-29","status":"publish","type":"page","link":"https:\/\/coachingpartner.net\/cp\/nb\/lederutviklingspodden\/episode-29\/","title":{"rendered":"Episode 29"},"content":{"rendered":"\t\t<div data-elementor-type=\"wp-page\" data-elementor-id=\"53635\" class=\"elementor elementor-53635\">\n\t\t\t\t\t\t<section class=\"elementor-section elementor-top-section elementor-element elementor-element-c47c13c animated-slow elementor-section-boxed elementor-section-height-default elementor-section-height-default elementor-invisible\" data-id=\"c47c13c\" data-element_type=\"section\" data-settings=\"{&quot;animation&quot;:&quot;fadeIn&quot;}\">\n\t\t\t\t\t\t<div class=\"elementor-container elementor-column-gap-default\">\n\t\t\t\t\t<div class=\"elementor-column elementor-col-50 elementor-top-column elementor-element elementor-element-f62f432\" data-id=\"f62f432\" data-element_type=\"column\">\n\t\t\t<div class=\"elementor-widget-wrap elementor-element-populated\">\n\t\t\t\t\t\t<div class=\"elementor-element elementor-element-d518bd9 elementor-widget elementor-widget-image\" data-id=\"d518bd9\" data-element_type=\"widget\" data-widget_type=\"image.default\">\n\t\t\t\t<div class=\"elementor-widget-container\">\n\t\t\t\t\t\t\t\t\t\t\t\t\t\t\t<img fetchpriority=\"high\" decoding=\"async\" width=\"624\" height=\"624\" src=\"https:\/\/coachingpartner.net\/cp\/wp-content\/uploads\/2026\/02\/ALHVJO-624x624.jpg\" class=\"attachment-post-thumbnail size-post-thumbnail wp-image-53637\" alt=\"\" srcset=\"https:\/\/coachingpartner.net\/cp\/wp-content\/uploads\/2026\/02\/ALHVJO-624x624.jpg 624w, https:\/\/coachingpartner.net\/cp\/wp-content\/uploads\/2026\/02\/ALHVJO-300x300.jpg 300w, https:\/\/coachingpartner.net\/cp\/wp-content\/uploads\/2026\/02\/ALHVJO-150x150.jpg 150w, https:\/\/coachingpartner.net\/cp\/wp-content\/uploads\/2026\/02\/ALHVJO.jpg 700w\" sizes=\"(max-width: 624px) 100vw, 624px\" \/>\t\t\t\t\t\t\t\t\t\t\t\t\t\t\t<\/div>\n\t\t\t\t<\/div>\n\t\t\t\t\t<\/div>\n\t\t<\/div>\n\t\t\t\t<div class=\"elementor-column elementor-col-50 elementor-top-column elementor-element elementor-element-8dd81de\" data-id=\"8dd81de\" data-element_type=\"column\">\n\t\t\t<div class=\"elementor-widget-wrap elementor-element-populated\">\n\t\t\t\t\t\t<section class=\"elementor-section elementor-inner-section elementor-element elementor-element-2f5ca38 elementor-section-boxed elementor-section-height-default elementor-section-height-default\" data-id=\"2f5ca38\" data-element_type=\"section\">\n\t\t\t\t\t\t<div class=\"elementor-container elementor-column-gap-default\">\n\t\t\t\t\t<div class=\"elementor-column elementor-col-50 elementor-inner-column elementor-element elementor-element-f5a4b04\" data-id=\"f5a4b04\" data-element_type=\"column\">\n\t\t\t<div class=\"elementor-widget-wrap elementor-element-populated\">\n\t\t\t\t\t\t<div class=\"elementor-element elementor-element-acca0ce elementor-view-default elementor-widget elementor-widget-icon\" data-id=\"acca0ce\" data-element_type=\"widget\" data-widget_type=\"icon.default\">\n\t\t\t\t<div class=\"elementor-widget-container\">\n\t\t\t\t\t\t\t<div class=\"elementor-icon-wrapper\">\n\t\t\t<div class=\"elementor-icon\">\n\t\t\t<i aria-hidden=\"true\" class=\"fas fa-podcast\"><\/i>\t\t\t<\/div>\n\t\t<\/div>\n\t\t\t\t\t\t<\/div>\n\t\t\t\t<\/div>\n\t\t\t\t\t<\/div>\n\t\t<\/div>\n\t\t\t\t<div class=\"elementor-column elementor-col-50 elementor-inner-column elementor-element elementor-element-a872ade\" data-id=\"a872ade\" data-element_type=\"column\">\n\t\t\t<div class=\"elementor-widget-wrap elementor-element-populated\">\n\t\t\t\t\t\t<div class=\"elementor-element elementor-element-bfbae77 elementor-widget elementor-widget-heading\" data-id=\"bfbae77\" data-element_type=\"widget\" data-widget_type=\"heading.default\">\n\t\t\t\t<div class=\"elementor-widget-container\">\n\t\t\t\t\t<h1 class=\"elementor-heading-title elementor-size-default\">#29 HR-podden m\u00f8ter Lederutviklingspodden \u2013 Erfaringer fra lederutviklingsfaget<\/h1>\t\t\t\t<\/div>\n\t\t\t\t<\/div>\n\t\t\t\t\t<\/div>\n\t\t<\/div>\n\t\t\t\t\t<\/div>\n\t\t<\/section>\n\t\t\t\t<div class=\"elementor-element elementor-element-ee1853c elementor-widget elementor-widget-text-editor\" data-id=\"ee1853c\" data-element_type=\"widget\" data-widget_type=\"text-editor.default\">\n\t\t\t\t<div class=\"elementor-widget-container\">\n\t\t\t\t\t\t\t\t\t<div><p><span lang=\"NO-BOK\">Vi fortsetter \u00e5 gj\u00f8re nye ting i podden og denne gangen spilte vi inn en &#8220;HR-podden m\u00f8ter Lederutviklingspodden&#8221;-episode!<\/span><\/p><p>Det var veldig g\u00f8y \u00e5 ha med Anne Lise Heide fra HR-podden og Leonda i en ny type episode. Vi har begge jobbet mange \u00e5r med lederutvikling, men har ulik bakgrunn og ulike tiln\u00e6rminger til lederutviklingsfaget og i denne episoden deler vi v\u00e5re erfaringer, tips og r\u00e5d med lytterne.<\/p><p>I tillegg deler Anne Lise rikets tilstand for hvor vi er med HR faget i Norge i dag med blant annet rykende ferske data fra HR meldingen!<\/p><p>\u00a0<\/p><\/div>\t\t\t\t\t\t\t\t<\/div>\n\t\t\t\t<\/div>\n\t\t\t\t<div class=\"elementor-element elementor-element-7e5af04 elementor-widget elementor-widget-heading\" data-id=\"7e5af04\" data-element_type=\"widget\" data-widget_type=\"heading.default\">\n\t\t\t\t<div class=\"elementor-widget-container\">\n\t\t\t\t\t<p class=\"elementor-heading-title elementor-size-default\">25. february 2026<\/p>\t\t\t\t<\/div>\n\t\t\t\t<\/div>\n\t\t\t\t\t<\/div>\n\t\t<\/div>\n\t\t\t\t\t<\/div>\n\t\t<\/section>\n\t\t\t\t<section class=\"elementor-section elementor-top-section elementor-element elementor-element-567223d animated-slow elementor-section-boxed elementor-section-height-default elementor-section-height-default elementor-invisible\" data-id=\"567223d\" data-element_type=\"section\" data-settings=\"{&quot;animation&quot;:&quot;fadeIn&quot;,&quot;animation_delay&quot;:200}\">\n\t\t\t\t\t\t<div class=\"elementor-container elementor-column-gap-default\">\n\t\t\t\t\t<div class=\"elementor-column elementor-col-100 elementor-top-column elementor-element elementor-element-4fb0fac\" data-id=\"4fb0fac\" data-element_type=\"column\">\n\t\t\t<div class=\"elementor-widget-wrap elementor-element-populated\">\n\t\t\t\t\t\t<div class=\"elementor-element elementor-element-775f133 elementor-widget elementor-widget-html\" data-id=\"775f133\" data-element_type=\"widget\" data-widget_type=\"html.default\">\n\t\t\t\t<div class=\"elementor-widget-container\">\n\t\t\t\t\t<iframe src=\"https:\/\/player.rss.com\/lederutviklingspodden\/2576515?theme=light&v=2\" width=\"100%\" height=\"202px\" title=\"HR-podden m\u00f8ter Lederutviklingspodden - Erfaringer\" frameBorder=\"0\" allow=\"accelerometer; autoplay; clipboard-write; encrypted-media; gyroscope; picture-in-picture\" allowfullscreen scrolling=\"no\"><a href=\"https:\/\/rss.com\/podcasts\/lederutviklingspodden\/2576515\/\">HR-podden m\u00f8ter Lederutviklingspodden - Erfaringer | RSS.com<\/a><\/iframe>\t\t\t\t<\/div>\n\t\t\t\t<\/div>\n\t\t\t\t\t<\/div>\n\t\t<\/div>\n\t\t\t\t\t<\/div>\n\t\t<\/section>\n\t\t\t\t<section class=\"elementor-section elementor-top-section elementor-element elementor-element-7dc46a1 elementor-section-boxed elementor-section-height-default elementor-section-height-default\" data-id=\"7dc46a1\" data-element_type=\"section\">\n\t\t\t\t\t\t<div class=\"elementor-container elementor-column-gap-default\">\n\t\t\t\t\t<div class=\"elementor-column elementor-col-100 elementor-top-column elementor-element elementor-element-563eae5\" data-id=\"563eae5\" data-element_type=\"column\">\n\t\t\t<div class=\"elementor-widget-wrap elementor-element-populated\">\n\t\t\t\t\t\t<div class=\"elementor-element elementor-element-15f7517 elementor-widget elementor-widget-text-editor\" data-id=\"15f7517\" data-element_type=\"widget\" data-widget_type=\"text-editor.default\">\n\t\t\t\t<div class=\"elementor-widget-container\">\n\t\t\t\t\t\t\t\t\t<p><a href=\"https:\/\/coachingpartner.net\/cp\/nb\/lederutviklingspodden\/\"><strong>&lt; Back to list<\/strong><\/a><\/p>\t\t\t\t\t\t\t\t<\/div>\n\t\t\t\t<\/div>\n\t\t\t\t\t<\/div>\n\t\t<\/div>\n\t\t\t\t\t<\/div>\n\t\t<\/section>\n\t\t\t\t<\/div>\n\t\t<!-- AddThis Advanced Settings generic via filter on the_content --><!-- AddThis Share Buttons generic via filter on the_content -->","protected":false},"excerpt":{"rendered":"<p>#29 HR-podden m\u00f8ter Lederutviklingspodden \u2013 Erfaringer fra lederutviklingsfaget Vi fortsetter \u00e5 gj\u00f8re nye ting i podden og denne gangen spilte vi inn en &#8220;HR-podden m\u00f8ter Lederutviklingspodden&#8221;-episode! Det var veldig g\u00f8y \u00e5 ha med Anne Lise Heide fra HR-podden og Leonda i en ny type episode. Vi har begge jobbet mange \u00e5r med lederutvikling, men har [&hellip;]<!-- AddThis Advanced Settings generic via filter on get_the_excerpt --><!-- AddThis Share Buttons generic via filter on get_the_excerpt --><\/p>\n","protected":false},"author":6,"featured_media":0,"parent":52442,"menu_order":0,"comment_status":"closed","ping_status":"closed","template":"elementor_header_footer","meta":{"_exactmetrics_skip_tracking":false,"_exactmetrics_sitenote_active":false,"_exactmetrics_sitenote_note":"","_exactmetrics_sitenote_category":0,"footnotes":""},"class_list":["post-53635","page","type-page","status-publish","hentry"],"wps_subtitle":"","_links":{"self":[{"href":"https:\/\/coachingpartner.net\/cp\/wp-json\/wp\/v2\/pages\/53635","targetHints":{"allow":["GET"]}}],"collection":[{"href":"https:\/\/coachingpartner.net\/cp\/wp-json\/wp\/v2\/pages"}],"about":[{"href":"https:\/\/coachingpartner.net\/cp\/wp-json\/wp\/v2\/types\/page"}],"author":[{"embeddable":true,"href":"https:\/\/coachingpartner.net\/cp\/wp-json\/wp\/v2\/users\/6"}],"replies":[{"embeddable":true,"href":"https:\/\/coachingpartner.net\/cp\/wp-json\/wp\/v2\/comments?post=53635"}],"version-history":[{"count":5,"href":"https:\/\/coachingpartner.net\/cp\/wp-json\/wp\/v2\/pages\/53635\/revisions"}],"predecessor-version":[{"id":53646,"href":"https:\/\/coachingpartner.net\/cp\/wp-json\/wp\/v2\/pages\/53635\/revisions\/53646"}],"up":[{"embeddable":true,"href":"https:\/\/coachingpartner.net\/cp\/wp-json\/wp\/v2\/pages\/52442"}],"wp:attachment":[{"href":"https:\/\/coachingpartner.net\/cp\/wp-json\/wp\/v2\/media?parent=53635"}],"curies":[{"name":"wp","href":"https:\/\/api.w.org\/{rel}","templated":true}]}}