{"id":53626,"date":"2026-01-27T23:28:10","date_gmt":"2026-01-27T23:28:10","guid":{"rendered":"https:\/\/coachingpartner.net\/cp\/?page_id=53626"},"modified":"2026-01-27T23:34:47","modified_gmt":"2026-01-27T23:34:47","slug":"episode-28","status":"publish","type":"page","link":"https:\/\/coachingpartner.net\/cp\/nb\/lederutviklingspodden\/episode-28\/","title":{"rendered":"Episode 28"},"content":{"rendered":"\t\t<div data-elementor-type=\"wp-page\" data-elementor-id=\"53626\" class=\"elementor elementor-53626\">\n\t\t\t\t\t\t<section class=\"elementor-section elementor-top-section elementor-element elementor-element-c47c13c animated-slow elementor-section-boxed elementor-section-height-default elementor-section-height-default elementor-invisible\" data-id=\"c47c13c\" data-element_type=\"section\" data-settings=\"{&quot;animation&quot;:&quot;fadeIn&quot;}\">\n\t\t\t\t\t\t<div class=\"elementor-container elementor-column-gap-default\">\n\t\t\t\t\t<div class=\"elementor-column elementor-col-50 elementor-top-column elementor-element elementor-element-f62f432\" data-id=\"f62f432\" data-element_type=\"column\">\n\t\t\t<div class=\"elementor-widget-wrap elementor-element-populated\">\n\t\t\t\t\t\t<div class=\"elementor-element elementor-element-d518bd9 elementor-widget elementor-widget-image\" data-id=\"d518bd9\" data-element_type=\"widget\" data-widget_type=\"image.default\">\n\t\t\t\t<div class=\"elementor-widget-container\">\n\t\t\t\t\t\t\t\t\t\t\t\t\t\t\t<img fetchpriority=\"high\" decoding=\"async\" width=\"624\" height=\"624\" src=\"https:\/\/coachingpartner.net\/cp\/wp-content\/uploads\/2026\/01\/main_square_new-624x624.jpg\" class=\"attachment-post-thumbnail size-post-thumbnail wp-image-53628\" alt=\"\" srcset=\"https:\/\/coachingpartner.net\/cp\/wp-content\/uploads\/2026\/01\/main_square_new-624x624.jpg 624w, https:\/\/coachingpartner.net\/cp\/wp-content\/uploads\/2026\/01\/main_square_new-300x300.jpg 300w, https:\/\/coachingpartner.net\/cp\/wp-content\/uploads\/2026\/01\/main_square_new-1024x1024.jpg 1024w, https:\/\/coachingpartner.net\/cp\/wp-content\/uploads\/2026\/01\/main_square_new-150x150.jpg 150w, https:\/\/coachingpartner.net\/cp\/wp-content\/uploads\/2026\/01\/main_square_new-1536x1536.jpg 1536w, https:\/\/coachingpartner.net\/cp\/wp-content\/uploads\/2026\/01\/main_square_new.jpg 1731w\" sizes=\"(max-width: 624px) 100vw, 624px\" \/>\t\t\t\t\t\t\t\t\t\t\t\t\t\t\t<\/div>\n\t\t\t\t<\/div>\n\t\t\t\t\t<\/div>\n\t\t<\/div>\n\t\t\t\t<div class=\"elementor-column elementor-col-50 elementor-top-column elementor-element elementor-element-8dd81de\" data-id=\"8dd81de\" data-element_type=\"column\">\n\t\t\t<div class=\"elementor-widget-wrap elementor-element-populated\">\n\t\t\t\t\t\t<section class=\"elementor-section elementor-inner-section elementor-element elementor-element-2f5ca38 elementor-section-boxed elementor-section-height-default elementor-section-height-default\" data-id=\"2f5ca38\" data-element_type=\"section\">\n\t\t\t\t\t\t<div class=\"elementor-container elementor-column-gap-default\">\n\t\t\t\t\t<div class=\"elementor-column elementor-col-50 elementor-inner-column elementor-element elementor-element-f5a4b04\" data-id=\"f5a4b04\" data-element_type=\"column\">\n\t\t\t<div class=\"elementor-widget-wrap elementor-element-populated\">\n\t\t\t\t\t\t<div class=\"elementor-element elementor-element-acca0ce elementor-view-default elementor-widget elementor-widget-icon\" data-id=\"acca0ce\" data-element_type=\"widget\" data-widget_type=\"icon.default\">\n\t\t\t\t<div class=\"elementor-widget-container\">\n\t\t\t\t\t\t\t<div class=\"elementor-icon-wrapper\">\n\t\t\t<div class=\"elementor-icon\">\n\t\t\t<i aria-hidden=\"true\" class=\"fas fa-podcast\"><\/i>\t\t\t<\/div>\n\t\t<\/div>\n\t\t\t\t\t\t<\/div>\n\t\t\t\t<\/div>\n\t\t\t\t\t<\/div>\n\t\t<\/div>\n\t\t\t\t<div class=\"elementor-column elementor-col-50 elementor-inner-column elementor-element elementor-element-a872ade\" data-id=\"a872ade\" data-element_type=\"column\">\n\t\t\t<div class=\"elementor-widget-wrap elementor-element-populated\">\n\t\t\t\t\t\t<div class=\"elementor-element elementor-element-bfbae77 elementor-widget elementor-widget-heading\" data-id=\"bfbae77\" data-element_type=\"widget\" data-widget_type=\"heading.default\">\n\t\t\t\t<div class=\"elementor-widget-container\">\n\t\t\t\t\t<h1 class=\"elementor-heading-title elementor-size-default\">#28 Ny i lederrollen \u2013 Erfaringer fra 3 som er nye ledere!<\/h1>\t\t\t\t<\/div>\n\t\t\t\t<\/div>\n\t\t\t\t\t<\/div>\n\t\t<\/div>\n\t\t\t\t\t<\/div>\n\t\t<\/section>\n\t\t\t\t<div class=\"elementor-element elementor-element-ee1853c elementor-widget elementor-widget-text-editor\" data-id=\"ee1853c\" data-element_type=\"widget\" data-widget_type=\"text-editor.default\">\n\t\t\t\t<div class=\"elementor-widget-container\">\n\t\t\t\t\t\t\t\t\t<p>Nytt \u00e5r og nye muligheter og i f\u00f8rste episode av Lederutviklingspodden pr\u00f8ver vi p\u00e5 et nytt og veldig spennende format.<\/p><p>\u00a0<\/p><p>Vi har invitert 3 ledere som har en ny lederrolle for \u00e5 h\u00f8re om deres erfaringer og l\u00e6ringer i det de tr\u00e5dte inn i en ny rolle og hvilke refleksjoner de gj\u00f8r i en tidlig fase i ny rolle.<\/p><p>\u00a0<\/p><p>Emilie M\u00e6jlander er Kommunikasjonssjef i Transport\u00f8konomisk institutt, en rolle hun har hatt siden September 2025. Julie Ravn Johnsen er Leder Strategi hos Elvia, hun starta i sin rolle august 2024. Og Kristin M\u00f8yland er Seksjonssjef for \u00f8konomi og virksomhetsstyring i OsloMet, en rolle hun har hatt siden september 2025.<\/p><p>\u00a0<\/p><p>Vi utforsker temaer som hvordan lede de som er eldre og mer erfarne enn deg, hvordan bygge tillit innledningsvis og hvordan f\u00e5 tid til alt hva lederrollen krever inklusive strategisk rekning og planlegging.<\/p><p>\u00a0<\/p><p>Vi utforsker ogs\u00e5 noen av de temaene poddens vertskap har snakka med nye ledere om de siste 14 \u00e5rene. Temaer som:<br \/>&#8211; Hvor n\u00e6r vil du v\u00e6re de du leder? <br \/>&#8211; Hvor tilgjengelig b\u00f8r du v\u00e6re? <br \/>&#8211; Hvor g\u00e5r balansen mellom \u00e5 v\u00e6re sjef og leder?<\/p><p>\u00a0<\/p><p>Episoden er aktuell for de som g\u00e5r inn i en ny lederrolle for f\u00f8rste gang samt de som har erfaring som leder og trer inn i en ny rolle.<br \/>Og kanskje ogs\u00e5 for erfarne ledere som vil gj\u00f8re en \u2018inventory check\u2019 og reflektere over temaer som er viktige for alle som har en lederrolle.<\/p>\t\t\t\t\t\t\t\t<\/div>\n\t\t\t\t<\/div>\n\t\t\t\t<div class=\"elementor-element elementor-element-7e5af04 elementor-widget elementor-widget-heading\" data-id=\"7e5af04\" data-element_type=\"widget\" data-widget_type=\"heading.default\">\n\t\t\t\t<div class=\"elementor-widget-container\">\n\t\t\t\t\t<p class=\"elementor-heading-title elementor-size-default\">28. januar 2026<\/p>\t\t\t\t<\/div>\n\t\t\t\t<\/div>\n\t\t\t\t\t<\/div>\n\t\t<\/div>\n\t\t\t\t\t<\/div>\n\t\t<\/section>\n\t\t\t\t<section class=\"elementor-section elementor-top-section elementor-element elementor-element-567223d animated-slow elementor-section-boxed elementor-section-height-default elementor-section-height-default elementor-invisible\" data-id=\"567223d\" data-element_type=\"section\" data-settings=\"{&quot;animation&quot;:&quot;fadeIn&quot;,&quot;animation_delay&quot;:200}\">\n\t\t\t\t\t\t<div class=\"elementor-container elementor-column-gap-default\">\n\t\t\t\t\t<div class=\"elementor-column elementor-col-100 elementor-top-column elementor-element elementor-element-4fb0fac\" data-id=\"4fb0fac\" data-element_type=\"column\">\n\t\t\t<div class=\"elementor-widget-wrap elementor-element-populated\">\n\t\t\t\t\t\t<div class=\"elementor-element elementor-element-775f133 elementor-widget elementor-widget-html\" data-id=\"775f133\" data-element_type=\"widget\" data-widget_type=\"html.default\">\n\t\t\t\t<div class=\"elementor-widget-container\">\n\t\t\t\t\t<iframe src=\"https:\/\/player.rss.com\/lederutviklingspodden\/2498865?theme=light&v=2\" width=\"100%\" height=\"202px\" title=\"Ny i lederrollen \u2013 Erfaringer fra 3 som er nye led\" frameBorder=\"0\" allow=\"accelerometer; autoplay; clipboard-write; encrypted-media; gyroscope; picture-in-picture\" allowfullscreen scrolling=\"no\"><a href=\"https:\/\/rss.com\/podcasts\/lederutviklingspodden\/2498865\/\">Ny i lederrollen \u2013 Erfaringer fra 3 som er nye led | RSS.com<\/a><\/iframe>\t\t\t\t<\/div>\n\t\t\t\t<\/div>\n\t\t\t\t\t<\/div>\n\t\t<\/div>\n\t\t\t\t\t<\/div>\n\t\t<\/section>\n\t\t\t\t<section class=\"elementor-section elementor-top-section elementor-element elementor-element-7dc46a1 elementor-section-boxed elementor-section-height-default elementor-section-height-default\" data-id=\"7dc46a1\" data-element_type=\"section\">\n\t\t\t\t\t\t<div class=\"elementor-container elementor-column-gap-default\">\n\t\t\t\t\t<div class=\"elementor-column elementor-col-100 elementor-top-column elementor-element elementor-element-563eae5\" data-id=\"563eae5\" data-element_type=\"column\">\n\t\t\t<div class=\"elementor-widget-wrap elementor-element-populated\">\n\t\t\t\t\t\t<div class=\"elementor-element elementor-element-15f7517 elementor-widget elementor-widget-text-editor\" data-id=\"15f7517\" data-element_type=\"widget\" data-widget_type=\"text-editor.default\">\n\t\t\t\t<div class=\"elementor-widget-container\">\n\t\t\t\t\t\t\t\t\t<p><a href=\"https:\/\/coachingpartner.net\/cp\/nb\/lederutviklingspodden\/\"><strong>&lt; Back to list<\/strong><\/a><\/p>\t\t\t\t\t\t\t\t<\/div>\n\t\t\t\t<\/div>\n\t\t\t\t\t<\/div>\n\t\t<\/div>\n\t\t\t\t\t<\/div>\n\t\t<\/section>\n\t\t\t\t<\/div>\n\t\t<!-- AddThis Advanced Settings generic via filter on the_content --><!-- AddThis Share Buttons generic via filter on the_content -->","protected":false},"excerpt":{"rendered":"<p>#28 Ny i lederrollen \u2013 Erfaringer fra 3 som er nye ledere! Nytt \u00e5r og nye muligheter og i f\u00f8rste episode av Lederutviklingspodden pr\u00f8ver vi p\u00e5 et nytt og veldig spennende format. \u00a0 Vi har invitert 3 ledere som har en ny lederrolle for \u00e5 h\u00f8re om deres erfaringer og l\u00e6ringer i det de tr\u00e5dte [&hellip;]<!-- AddThis Advanced Settings generic via filter on get_the_excerpt --><!-- AddThis Share Buttons generic via filter on get_the_excerpt --><\/p>\n","protected":false},"author":6,"featured_media":0,"parent":52442,"menu_order":0,"comment_status":"closed","ping_status":"closed","template":"elementor_header_footer","meta":{"_exactmetrics_skip_tracking":false,"_exactmetrics_sitenote_active":false,"_exactmetrics_sitenote_note":"","_exactmetrics_sitenote_category":0,"footnotes":""},"class_list":["post-53626","page","type-page","status-publish","hentry"],"wps_subtitle":"","_links":{"self":[{"href":"https:\/\/coachingpartner.net\/cp\/wp-json\/wp\/v2\/pages\/53626","targetHints":{"allow":["GET"]}}],"collection":[{"href":"https:\/\/coachingpartner.net\/cp\/wp-json\/wp\/v2\/pages"}],"about":[{"href":"https:\/\/coachingpartner.net\/cp\/wp-json\/wp\/v2\/types\/page"}],"author":[{"embeddable":true,"href":"https:\/\/coachingpartner.net\/cp\/wp-json\/wp\/v2\/users\/6"}],"replies":[{"embeddable":true,"href":"https:\/\/coachingpartner.net\/cp\/wp-json\/wp\/v2\/comments?post=53626"}],"version-history":[{"count":4,"href":"https:\/\/coachingpartner.net\/cp\/wp-json\/wp\/v2\/pages\/53626\/revisions"}],"predecessor-version":[{"id":53631,"href":"https:\/\/coachingpartner.net\/cp\/wp-json\/wp\/v2\/pages\/53626\/revisions\/53631"}],"up":[{"embeddable":true,"href":"https:\/\/coachingpartner.net\/cp\/wp-json\/wp\/v2\/pages\/52442"}],"wp:attachment":[{"href":"https:\/\/coachingpartner.net\/cp\/wp-json\/wp\/v2\/media?parent=53626"}],"curies":[{"name":"wp","href":"https:\/\/api.w.org\/{rel}","templated":true}]}}