{"id":53590,"date":"2025-12-02T19:06:53","date_gmt":"2025-12-02T19:06:53","guid":{"rendered":"https:\/\/coachingpartner.net\/cp\/?page_id=53590"},"modified":"2026-04-12T12:16:49","modified_gmt":"2026-04-12T11:16:49","slug":"episode-27","status":"publish","type":"page","link":"https:\/\/coachingpartner.net\/cp\/nb\/lederutviklingspodden\/episode-27\/","title":{"rendered":"Episode 27"},"content":{"rendered":"\t\t<div data-elementor-type=\"wp-page\" data-elementor-id=\"53590\" class=\"elementor elementor-53590\">\n\t\t\t\t\t\t<section class=\"elementor-section elementor-top-section elementor-element elementor-element-c47c13c animated-slow elementor-section-boxed elementor-section-height-default elementor-section-height-default elementor-invisible\" data-id=\"c47c13c\" data-element_type=\"section\" data-settings=\"{&quot;animation&quot;:&quot;fadeIn&quot;}\">\n\t\t\t\t\t\t<div class=\"elementor-container elementor-column-gap-default\">\n\t\t\t\t\t<div class=\"elementor-column elementor-col-50 elementor-top-column elementor-element elementor-element-f62f432\" data-id=\"f62f432\" data-element_type=\"column\">\n\t\t\t<div class=\"elementor-widget-wrap elementor-element-populated\">\n\t\t\t\t\t\t<div class=\"elementor-element elementor-element-d518bd9 elementor-widget elementor-widget-image\" data-id=\"d518bd9\" data-element_type=\"widget\" data-widget_type=\"image.default\">\n\t\t\t\t<div class=\"elementor-widget-container\">\n\t\t\t\t\t\t\t\t\t\t\t\t\t\t\t<img fetchpriority=\"high\" decoding=\"async\" width=\"624\" height=\"623\" src=\"https:\/\/coachingpartner.net\/cp\/wp-content\/uploads\/2025\/12\/EHpod-624x623.jpg\" class=\"attachment-post-thumbnail size-post-thumbnail wp-image-53593\" alt=\"\" srcset=\"https:\/\/coachingpartner.net\/cp\/wp-content\/uploads\/2025\/12\/EHpod-624x623.jpg 624w, https:\/\/coachingpartner.net\/cp\/wp-content\/uploads\/2025\/12\/EHpod-300x300.jpg 300w, https:\/\/coachingpartner.net\/cp\/wp-content\/uploads\/2025\/12\/EHpod-1024x1024.jpg 1024w, https:\/\/coachingpartner.net\/cp\/wp-content\/uploads\/2025\/12\/EHpod-150x150.jpg 150w, https:\/\/coachingpartner.net\/cp\/wp-content\/uploads\/2025\/12\/EHpod.jpg 1201w\" sizes=\"(max-width: 624px) 100vw, 624px\" \/>\t\t\t\t\t\t\t\t\t\t\t\t\t\t\t<\/div>\n\t\t\t\t<\/div>\n\t\t\t\t\t<\/div>\n\t\t<\/div>\n\t\t\t\t<div class=\"elementor-column elementor-col-50 elementor-top-column elementor-element elementor-element-8dd81de\" data-id=\"8dd81de\" data-element_type=\"column\">\n\t\t\t<div class=\"elementor-widget-wrap elementor-element-populated\">\n\t\t\t\t\t\t<section class=\"elementor-section elementor-inner-section elementor-element elementor-element-2f5ca38 elementor-section-boxed elementor-section-height-default elementor-section-height-default\" data-id=\"2f5ca38\" data-element_type=\"section\">\n\t\t\t\t\t\t<div class=\"elementor-container elementor-column-gap-default\">\n\t\t\t\t\t<div class=\"elementor-column elementor-col-50 elementor-inner-column elementor-element elementor-element-f5a4b04\" data-id=\"f5a4b04\" data-element_type=\"column\">\n\t\t\t<div class=\"elementor-widget-wrap elementor-element-populated\">\n\t\t\t\t\t\t<div class=\"elementor-element elementor-element-acca0ce elementor-view-default elementor-widget elementor-widget-icon\" data-id=\"acca0ce\" data-element_type=\"widget\" data-widget_type=\"icon.default\">\n\t\t\t\t<div class=\"elementor-widget-container\">\n\t\t\t\t\t\t\t<div class=\"elementor-icon-wrapper\">\n\t\t\t<div class=\"elementor-icon\">\n\t\t\t<i aria-hidden=\"true\" class=\"fas fa-podcast\"><\/i>\t\t\t<\/div>\n\t\t<\/div>\n\t\t\t\t\t\t<\/div>\n\t\t\t\t<\/div>\n\t\t\t\t\t<\/div>\n\t\t<\/div>\n\t\t\t\t<div class=\"elementor-column elementor-col-50 elementor-inner-column elementor-element elementor-element-a872ade\" data-id=\"a872ade\" data-element_type=\"column\">\n\t\t\t<div class=\"elementor-widget-wrap elementor-element-populated\">\n\t\t\t\t\t\t<div class=\"elementor-element elementor-element-bfbae77 elementor-widget elementor-widget-heading\" data-id=\"bfbae77\" data-element_type=\"widget\" data-widget_type=\"heading.default\">\n\t\t\t\t<div class=\"elementor-widget-container\">\n\t\t\t\t\t<h1 class=\"elementor-heading-title elementor-size-default\">#27 Elin Hauge: - Kompetanseniv\u00e5et p\u00e5 lederniv\u00e5 n\u00e5r det gjelder KI er altfor svakt!<\/h1>\t\t\t\t<\/div>\n\t\t\t\t<\/div>\n\t\t\t\t\t<\/div>\n\t\t<\/div>\n\t\t\t\t\t<\/div>\n\t\t<\/section>\n\t\t\t\t<div class=\"elementor-element elementor-element-ee1853c elementor-widget elementor-widget-text-editor\" data-id=\"ee1853c\" data-element_type=\"widget\" data-widget_type=\"text-editor.default\">\n\t\t\t\t<div class=\"elementor-widget-container\">\n\t\t\t\t\t\t\t\t\t<p>&#8211; Vi blir veldig forvirra av at vi kaller det kunstig intelligens. Men det handler rett og slett om \u00e5 forst\u00e5 at n\u00e5r vi har dataene, vi har de digitale prosessene og vi har prosesseringskraften, s\u00e5 kan vi alts\u00e5 anvende matematiske algoritmer p\u00e5 disse dataene og disse prosessene for p\u00e5 et eller annen vis gj\u00f8re noe fornuftig med de dataene.<\/p><p>\u00a0<\/p><p>Elin Hauge har bred erfaring som leder fra flere st\u00f8rre selskaper og er i dag inspirator, strateg og foredragsholder om kunstig intelligens med mange oppdrag internasjonalt.<\/p><p>\u00a0<\/p><p>&#8211; Til syvende og sist s\u00e5 handler det industrielt sett om hvordan vi kan bruke matematikken til \u00e5 tjene mer eller bruke mindre. Det er alts\u00e5 ikke magi. Men begrepet AI ble etablert i 1956 fordi man trengte et marketing begrep som skapte interesse for fagomr\u00e5det. Det m\u00e5 ha v\u00e6rt tidenes mest vellykkede marketing tiln\u00e6rming, fordi n\u00e5 kjenner vi p\u00e5 konsekvensen av at vi har fyrt opp det her marketing begrepet til s\u00e5nne dimensjoner at n\u00e5r vi snakker om den finansielle boblen s\u00e5 er det fordi at vi har hypet marketing delen s\u00e5 ekstremt s\u00e5 det er jo sannsynlig at markedene vil se en eller annen form for korreksjon knyttet til prisingen av AI selskapene.<\/p><p>\u00a0<\/p><p>Om hva som blir viktigst i et lederutviklingsperspektiv trekker hun fram den tekniske kompetansen.<br \/>&#8211; Kompetanseniv\u00e5 p\u00e5 lederniv\u00e5 er altfor svakt n\u00e5r det gjelder digital teknologi generelt og AI og matematikk spesielt.<\/p><p>\u00a0<\/p><p>&#8211; Man m\u00e5 faktisk investere tiden p\u00e5 individniv\u00e5. Det er mange m\u00e5ter \u00e5 gj\u00f8re det p\u00e5, man kan lage seg et lederutviklingsprogram hvor man ogs\u00e5 tar inn teknologikomponentene som en del av det, eller man kan legge det p\u00e5 individniv\u00e5 og si at du m\u00e5 lese disse b\u00f8kene og ta disse kursene de neste m\u00e5nedene, legger hun til.<\/p><p>\u00a0<\/p><p>P\u00e5 sp\u00f8rsm\u00e5let om hvem som begynner og hvordan er hun tydelig.<br \/>&#8211; Det m\u00e5 begynne \u00f8verst. Hvis du har en toppledelse som ikke skj\u00f8nner nok til \u00e5 ha de riktige strategiske diskusjonene s\u00e5 blir det ikke noe fart ut av dette likevel, da kommer resten av organisasjonen til \u00e5 fly litt i alle retninger ogs\u00e5 blir det bare s\u00e5nn halvveis initiativer og litt skygge AI og skygge IT.<\/p><p>\u00a0<\/p><p>&#8211; Det store problemet p\u00e5 topplederniv\u00e5 er jo at veldig mange av diskusjonene rundt hvilken verdi AI skal bringe til virksomheten, ender opp med \u00e5 handle om bruk chatbotene. Det er feil diskusjon, understreker hun.<\/p><p>\u00a0<\/p><p>Viktigheten av \u00e5 koordinere med andre mennesker og ledere, fortsatt viktig som det alltid har v\u00e6rt og blir kanskje enda viktigere n\u00e5r AI skal adopteres i virksomhetene.<br \/>&#8211; Det menneskelighet aspektet er alltid viktigst. Og det er til syvende og sist det som avgj\u00f8r hvorvidt teknologimplementeringen ogs\u00e5 blir bra eller hvordan virksomheten faktisk g\u00e5r.<\/p><p>\u00a0<\/p><p>Disse og utallige flere innsikter og praktiske tips til god lederutvikling f\u00e5r du i siste episode av Lederutviklingspodden.<\/p>\t\t\t\t\t\t\t\t<\/div>\n\t\t\t\t<\/div>\n\t\t\t\t<div class=\"elementor-element elementor-element-7e5af04 elementor-widget elementor-widget-heading\" data-id=\"7e5af04\" data-element_type=\"widget\" data-widget_type=\"heading.default\">\n\t\t\t\t<div class=\"elementor-widget-container\">\n\t\t\t\t\t<p class=\"elementor-heading-title elementor-size-default\">2. desember 2025<\/p>\t\t\t\t<\/div>\n\t\t\t\t<\/div>\n\t\t\t\t\t<\/div>\n\t\t<\/div>\n\t\t\t\t\t<\/div>\n\t\t<\/section>\n\t\t\t\t<section class=\"elementor-section elementor-top-section elementor-element elementor-element-567223d animated-slow elementor-section-boxed elementor-section-height-default elementor-section-height-default elementor-invisible\" data-id=\"567223d\" data-element_type=\"section\" data-settings=\"{&quot;animation&quot;:&quot;fadeIn&quot;,&quot;animation_delay&quot;:200}\">\n\t\t\t\t\t\t<div class=\"elementor-container elementor-column-gap-default\">\n\t\t\t\t\t<div class=\"elementor-column elementor-col-100 elementor-top-column elementor-element elementor-element-4fb0fac\" data-id=\"4fb0fac\" data-element_type=\"column\">\n\t\t\t<div class=\"elementor-widget-wrap elementor-element-populated\">\n\t\t\t\t\t\t<div class=\"elementor-element elementor-element-775f133 elementor-widget elementor-widget-html\" data-id=\"775f133\" data-element_type=\"widget\" data-widget_type=\"html.default\">\n\t\t\t\t<div class=\"elementor-widget-container\">\n\t\t\t\t\t<iframe src=\"https:\/\/player.rss.com\/lederutviklingspodden\/2365002?theme=light&v=2\" width=\"100%\" height=\"202px\" title=\"Elin Hauge - Vi blir veldig forvirra av at vi kall\" frameBorder=\"0\" allow=\"accelerometer; autoplay; clipboard-write; encrypted-media; gyroscope; picture-in-picture\" allowfullscreen scrolling=\"no\"><a href=\"https:\/\/rss.com\/podcasts\/lederutviklingspodden\/2365002\/\">Elin Hauge - Vi blir veldig forvirra av at vi kall | RSS.com<\/a><\/iframe>\t\t\t\t<\/div>\n\t\t\t\t<\/div>\n\t\t\t\t\t<\/div>\n\t\t<\/div>\n\t\t\t\t\t<\/div>\n\t\t<\/section>\n\t\t\t\t<section class=\"elementor-section elementor-top-section elementor-element elementor-element-7dc46a1 elementor-section-boxed elementor-section-height-default elementor-section-height-default\" data-id=\"7dc46a1\" data-element_type=\"section\">\n\t\t\t\t\t\t<div class=\"elementor-container elementor-column-gap-default\">\n\t\t\t\t\t<div class=\"elementor-column elementor-col-100 elementor-top-column elementor-element elementor-element-563eae5\" data-id=\"563eae5\" data-element_type=\"column\">\n\t\t\t<div class=\"elementor-widget-wrap elementor-element-populated\">\n\t\t\t\t\t\t<div class=\"elementor-element elementor-element-15f7517 elementor-widget elementor-widget-text-editor\" data-id=\"15f7517\" data-element_type=\"widget\" data-widget_type=\"text-editor.default\">\n\t\t\t\t<div class=\"elementor-widget-container\">\n\t\t\t\t\t\t\t\t\t<p><a href=\"https:\/\/coachingpartner.net\/cp\/nb\/lederutviklingspodden\/\"><strong>&lt; Back to list<\/strong><\/a><\/p>\t\t\t\t\t\t\t\t<\/div>\n\t\t\t\t<\/div>\n\t\t\t\t\t<\/div>\n\t\t<\/div>\n\t\t\t\t\t<\/div>\n\t\t<\/section>\n\t\t\t\t<\/div>\n\t\t<!-- AddThis Advanced Settings generic via filter on the_content --><!-- AddThis Share Buttons generic via filter on the_content -->","protected":false},"excerpt":{"rendered":"<p>#27 Elin Hauge: &#8211; Kompetanseniv\u00e5et p\u00e5 lederniv\u00e5 n\u00e5r det gjelder KI er altfor svakt! &#8211; Vi blir veldig forvirra av at vi kaller det kunstig intelligens. Men det handler rett og slett om \u00e5 forst\u00e5 at n\u00e5r vi har dataene, vi har de digitale prosessene og vi har prosesseringskraften, s\u00e5 kan vi alts\u00e5 anvende matematiske [&hellip;]<!-- AddThis Advanced Settings generic via filter on get_the_excerpt --><!-- AddThis Share Buttons generic via filter on get_the_excerpt --><\/p>\n","protected":false},"author":6,"featured_media":0,"parent":52442,"menu_order":0,"comment_status":"closed","ping_status":"closed","template":"elementor_header_footer","meta":{"_exactmetrics_skip_tracking":false,"_exactmetrics_sitenote_active":false,"_exactmetrics_sitenote_note":"","_exactmetrics_sitenote_category":0,"footnotes":""},"class_list":["post-53590","page","type-page","status-publish","hentry"],"wps_subtitle":"","_links":{"self":[{"href":"https:\/\/coachingpartner.net\/cp\/wp-json\/wp\/v2\/pages\/53590","targetHints":{"allow":["GET"]}}],"collection":[{"href":"https:\/\/coachingpartner.net\/cp\/wp-json\/wp\/v2\/pages"}],"about":[{"href":"https:\/\/coachingpartner.net\/cp\/wp-json\/wp\/v2\/types\/page"}],"author":[{"embeddable":true,"href":"https:\/\/coachingpartner.net\/cp\/wp-json\/wp\/v2\/users\/6"}],"replies":[{"embeddable":true,"href":"https:\/\/coachingpartner.net\/cp\/wp-json\/wp\/v2\/comments?post=53590"}],"version-history":[{"count":5,"href":"https:\/\/coachingpartner.net\/cp\/wp-json\/wp\/v2\/pages\/53590\/revisions"}],"predecessor-version":[{"id":53652,"href":"https:\/\/coachingpartner.net\/cp\/wp-json\/wp\/v2\/pages\/53590\/revisions\/53652"}],"up":[{"embeddable":true,"href":"https:\/\/coachingpartner.net\/cp\/wp-json\/wp\/v2\/pages\/52442"}],"wp:attachment":[{"href":"https:\/\/coachingpartner.net\/cp\/wp-json\/wp\/v2\/media?parent=53590"}],"curies":[{"name":"wp","href":"https:\/\/api.w.org\/{rel}","templated":true}]}}