{"id":53580,"date":"2025-11-04T11:19:34","date_gmt":"2025-11-04T11:19:34","guid":{"rendered":"https:\/\/coachingpartner.net\/cp\/?page_id=53580"},"modified":"2025-11-04T11:34:55","modified_gmt":"2025-11-04T11:34:55","slug":"episode-26","status":"publish","type":"page","link":"https:\/\/coachingpartner.net\/cp\/nb\/lederutviklingspodden\/episode-26\/","title":{"rendered":"Episode 26"},"content":{"rendered":"\t\t<div data-elementor-type=\"wp-page\" data-elementor-id=\"53580\" class=\"elementor elementor-53580\">\n\t\t\t\t\t\t<section class=\"elementor-section elementor-top-section elementor-element elementor-element-c47c13c animated-slow elementor-section-boxed elementor-section-height-default elementor-section-height-default elementor-invisible\" data-id=\"c47c13c\" data-element_type=\"section\" data-settings=\"{&quot;animation&quot;:&quot;fadeIn&quot;}\">\n\t\t\t\t\t\t<div class=\"elementor-container elementor-column-gap-default\">\n\t\t\t\t\t<div class=\"elementor-column elementor-col-50 elementor-top-column elementor-element elementor-element-f62f432\" data-id=\"f62f432\" data-element_type=\"column\">\n\t\t\t<div class=\"elementor-widget-wrap elementor-element-populated\">\n\t\t\t\t\t\t<div class=\"elementor-element elementor-element-d518bd9 elementor-widget elementor-widget-image\" data-id=\"d518bd9\" data-element_type=\"widget\" data-widget_type=\"image.default\">\n\t\t\t\t<div class=\"elementor-widget-container\">\n\t\t\t\t\t\t\t\t\t\t\t\t\t\t\t<img fetchpriority=\"high\" decoding=\"async\" width=\"624\" height=\"624\" src=\"https:\/\/coachingpartner.net\/cp\/wp-content\/uploads\/2025\/11\/KortinnpaVJO-1-624x624.jpg\" class=\"attachment-post-thumbnail size-post-thumbnail wp-image-53583\" alt=\"\" srcset=\"https:\/\/coachingpartner.net\/cp\/wp-content\/uploads\/2025\/11\/KortinnpaVJO-1-624x624.jpg 624w, https:\/\/coachingpartner.net\/cp\/wp-content\/uploads\/2025\/11\/KortinnpaVJO-1-300x300.jpg 300w, https:\/\/coachingpartner.net\/cp\/wp-content\/uploads\/2025\/11\/KortinnpaVJO-1-1024x1024.jpg 1024w, https:\/\/coachingpartner.net\/cp\/wp-content\/uploads\/2025\/11\/KortinnpaVJO-1-150x150.jpg 150w, https:\/\/coachingpartner.net\/cp\/wp-content\/uploads\/2025\/11\/KortinnpaVJO-1.jpg 1500w\" sizes=\"(max-width: 624px) 100vw, 624px\" \/>\t\t\t\t\t\t\t\t\t\t\t\t\t\t\t<\/div>\n\t\t\t\t<\/div>\n\t\t\t\t\t<\/div>\n\t\t<\/div>\n\t\t\t\t<div class=\"elementor-column elementor-col-50 elementor-top-column elementor-element elementor-element-8dd81de\" data-id=\"8dd81de\" data-element_type=\"column\">\n\t\t\t<div class=\"elementor-widget-wrap elementor-element-populated\">\n\t\t\t\t\t\t<section class=\"elementor-section elementor-inner-section elementor-element elementor-element-2f5ca38 elementor-section-boxed elementor-section-height-default elementor-section-height-default\" data-id=\"2f5ca38\" data-element_type=\"section\">\n\t\t\t\t\t\t<div class=\"elementor-container elementor-column-gap-default\">\n\t\t\t\t\t<div class=\"elementor-column elementor-col-50 elementor-inner-column elementor-element elementor-element-f5a4b04\" data-id=\"f5a4b04\" data-element_type=\"column\">\n\t\t\t<div class=\"elementor-widget-wrap elementor-element-populated\">\n\t\t\t\t\t\t<div class=\"elementor-element elementor-element-acca0ce elementor-view-default elementor-widget elementor-widget-icon\" data-id=\"acca0ce\" data-element_type=\"widget\" data-widget_type=\"icon.default\">\n\t\t\t\t<div class=\"elementor-widget-container\">\n\t\t\t\t\t\t\t<div class=\"elementor-icon-wrapper\">\n\t\t\t<div class=\"elementor-icon\">\n\t\t\t<i aria-hidden=\"true\" class=\"fas fa-podcast\"><\/i>\t\t\t<\/div>\n\t\t<\/div>\n\t\t\t\t\t\t<\/div>\n\t\t\t\t<\/div>\n\t\t\t\t\t<\/div>\n\t\t<\/div>\n\t\t\t\t<div class=\"elementor-column elementor-col-50 elementor-inner-column elementor-element elementor-element-a872ade\" data-id=\"a872ade\" data-element_type=\"column\">\n\t\t\t<div class=\"elementor-widget-wrap elementor-element-populated\">\n\t\t\t\t\t\t<div class=\"elementor-element elementor-element-bfbae77 elementor-widget elementor-widget-heading\" data-id=\"bfbae77\" data-element_type=\"widget\" data-widget_type=\"heading.default\">\n\t\t\t\t<div class=\"elementor-widget-container\">\n\t\t\t\t\t<h1 class=\"elementor-heading-title elementor-size-default\">#26 Kort innp\u00e5: - Hvorfor ledere er mer forn\u00f8yde b\u00e5de i jobben og i livet enn \u00f8vrige ansatte<\/h1>\t\t\t\t<\/div>\n\t\t\t\t<\/div>\n\t\t\t\t\t<\/div>\n\t\t<\/div>\n\t\t\t\t\t<\/div>\n\t\t<\/section>\n\t\t\t\t<div class=\"elementor-element elementor-element-ee1853c elementor-widget elementor-widget-text-editor\" data-id=\"ee1853c\" data-element_type=\"widget\" data-widget_type=\"text-editor.default\">\n\t\t\t\t<div class=\"elementor-widget-container\">\n\t\t\t\t\t\t\t\t\t<p data-pm-slice=\"1 1 []\">Det er med stor glede vi deler nytt podkastformat i Lederutviklingspodden i dag som har f\u00e5tt navnet &#8220;Kort innp\u00e5&#8221;.<\/p><p data-pm-slice=\"1 1 []\">\u00a0<\/p><p data-pm-slice=\"1 1 []\">Vi vil fortsette \u00e5 ha gjester i podden som vanlig, men innimellom disse episodene vil poddens vertskap, Vegard Olsen, ha en kort innp\u00e5 serie hvor vi deler aktuelle temaer innen ledelse og lederutvikling.\u00a0<\/p><p>\u00a0<\/p><p>Forskning b\u00e5de fra Norge og internasjonalt viser at ledere trives bedre p\u00e5 jobb og ogs\u00e5 har st\u00f8rre tilfredshet i livet &#8211; og faktisk ogs\u00e5 mindre stress p\u00e5 jobb(!). Vi vil dele forskning og artikler knyttet til hvert tema og Vegard vil dele sine egne erfaringer som lederutvikler knytta til temaet, samt hva tidligere gjester i podden har sagt om temaet. Dagens tema blir blant annet belyst av kommentarer fra tidligere episoder med Birgitte Lange, Bj\u00f8rn Arve Ofstad og Gry Haugsnes som blant annet deler sine erfaringer og perspektiver med tanke p\u00e5 det \u00e5 ta en lederrolle.<\/p>\t\t\t\t\t\t\t\t<\/div>\n\t\t\t\t<\/div>\n\t\t\t\t<div class=\"elementor-element elementor-element-7e5af04 elementor-widget elementor-widget-heading\" data-id=\"7e5af04\" data-element_type=\"widget\" data-widget_type=\"heading.default\">\n\t\t\t\t<div class=\"elementor-widget-container\">\n\t\t\t\t\t<p class=\"elementor-heading-title elementor-size-default\">4. november 2025<\/p>\t\t\t\t<\/div>\n\t\t\t\t<\/div>\n\t\t\t\t\t<\/div>\n\t\t<\/div>\n\t\t\t\t\t<\/div>\n\t\t<\/section>\n\t\t\t\t<section class=\"elementor-section elementor-top-section elementor-element elementor-element-567223d animated-slow elementor-section-boxed elementor-section-height-default elementor-section-height-default elementor-invisible\" data-id=\"567223d\" data-element_type=\"section\" data-settings=\"{&quot;animation&quot;:&quot;fadeIn&quot;,&quot;animation_delay&quot;:200}\">\n\t\t\t\t\t\t<div class=\"elementor-container elementor-column-gap-default\">\n\t\t\t\t\t<div class=\"elementor-column elementor-col-100 elementor-top-column elementor-element elementor-element-4fb0fac\" data-id=\"4fb0fac\" data-element_type=\"column\">\n\t\t\t<div class=\"elementor-widget-wrap elementor-element-populated\">\n\t\t\t\t\t\t<div class=\"elementor-element elementor-element-775f133 elementor-widget elementor-widget-html\" data-id=\"775f133\" data-element_type=\"widget\" data-widget_type=\"html.default\">\n\t\t\t\t<div class=\"elementor-widget-container\">\n\t\t\t\t\t<iframe src=\"https:\/\/player.rss.com\/lederutviklingspodden\/2307119?theme=light&v=2\" width=\"100%\" height=\"202px\" title=\"Kort innp\u00e5: \"Hvorfor ledere er mer forn\u00f8yde b\u00e5de i\" frameBorder=\"0\" allow=\"accelerometer; autoplay; clipboard-write; encrypted-media; gyroscope; picture-in-picture\" allowfullscreen scrolling=\"no\"><a href=\"https:\/\/rss.com\/podcasts\/lederutviklingspodden\/2307119\/\">Kort innp\u00e5: \"Hvorfor ledere er mer forn\u00f8yde b\u00e5de i | RSS.com<\/a><\/iframe>\t\t\t\t<\/div>\n\t\t\t\t<\/div>\n\t\t\t\t\t<\/div>\n\t\t<\/div>\n\t\t\t\t\t<\/div>\n\t\t<\/section>\n\t\t\t\t<section class=\"elementor-section elementor-top-section elementor-element elementor-element-7dc46a1 elementor-section-boxed elementor-section-height-default elementor-section-height-default\" data-id=\"7dc46a1\" data-element_type=\"section\">\n\t\t\t\t\t\t<div class=\"elementor-container elementor-column-gap-default\">\n\t\t\t\t\t<div class=\"elementor-column elementor-col-100 elementor-top-column elementor-element elementor-element-563eae5\" data-id=\"563eae5\" data-element_type=\"column\">\n\t\t\t<div class=\"elementor-widget-wrap elementor-element-populated\">\n\t\t\t\t\t\t<div class=\"elementor-element elementor-element-15f7517 elementor-widget elementor-widget-text-editor\" data-id=\"15f7517\" data-element_type=\"widget\" data-widget_type=\"text-editor.default\">\n\t\t\t\t<div class=\"elementor-widget-container\">\n\t\t\t\t\t\t\t\t\t<p><a href=\"https:\/\/coachingpartner.net\/cp\/nb\/lederutviklingspodden\/\"><strong>&lt; Back to list<\/strong><\/a><\/p>\t\t\t\t\t\t\t\t<\/div>\n\t\t\t\t<\/div>\n\t\t\t\t\t<\/div>\n\t\t<\/div>\n\t\t\t\t\t<\/div>\n\t\t<\/section>\n\t\t\t\t<\/div>\n\t\t<!-- AddThis Advanced Settings generic via filter on the_content --><!-- AddThis Share Buttons generic via filter on the_content -->","protected":false},"excerpt":{"rendered":"<p>#26 Kort innp\u00e5: &#8211; Hvorfor ledere er mer forn\u00f8yde b\u00e5de i jobben og i livet enn \u00f8vrige ansatte Det er med stor glede vi deler nytt podkastformat i Lederutviklingspodden i dag som har f\u00e5tt navnet &#8220;Kort innp\u00e5&#8221;. \u00a0 Vi vil fortsette \u00e5 ha gjester i podden som vanlig, men innimellom disse episodene vil poddens vertskap, [&hellip;]<!-- AddThis Advanced Settings generic via filter on get_the_excerpt --><!-- AddThis Share Buttons generic via filter on get_the_excerpt --><\/p>\n","protected":false},"author":6,"featured_media":0,"parent":52442,"menu_order":0,"comment_status":"closed","ping_status":"closed","template":"elementor_header_footer","meta":{"_exactmetrics_skip_tracking":false,"_exactmetrics_sitenote_active":false,"_exactmetrics_sitenote_note":"","_exactmetrics_sitenote_category":0,"footnotes":""},"class_list":["post-53580","page","type-page","status-publish","hentry"],"wps_subtitle":"","_links":{"self":[{"href":"https:\/\/coachingpartner.net\/cp\/wp-json\/wp\/v2\/pages\/53580","targetHints":{"allow":["GET"]}}],"collection":[{"href":"https:\/\/coachingpartner.net\/cp\/wp-json\/wp\/v2\/pages"}],"about":[{"href":"https:\/\/coachingpartner.net\/cp\/wp-json\/wp\/v2\/types\/page"}],"author":[{"embeddable":true,"href":"https:\/\/coachingpartner.net\/cp\/wp-json\/wp\/v2\/users\/6"}],"replies":[{"embeddable":true,"href":"https:\/\/coachingpartner.net\/cp\/wp-json\/wp\/v2\/comments?post=53580"}],"version-history":[{"count":4,"href":"https:\/\/coachingpartner.net\/cp\/wp-json\/wp\/v2\/pages\/53580\/revisions"}],"predecessor-version":[{"id":53586,"href":"https:\/\/coachingpartner.net\/cp\/wp-json\/wp\/v2\/pages\/53580\/revisions\/53586"}],"up":[{"embeddable":true,"href":"https:\/\/coachingpartner.net\/cp\/wp-json\/wp\/v2\/pages\/52442"}],"wp:attachment":[{"href":"https:\/\/coachingpartner.net\/cp\/wp-json\/wp\/v2\/media?parent=53580"}],"curies":[{"name":"wp","href":"https:\/\/api.w.org\/{rel}","templated":true}]}}