{"id":53571,"date":"2025-09-22T23:03:27","date_gmt":"2025-09-22T22:03:27","guid":{"rendered":"https:\/\/coachingpartner.net\/cp\/?page_id=53571"},"modified":"2025-09-22T23:07:09","modified_gmt":"2025-09-22T22:07:09","slug":"episode-25","status":"publish","type":"page","link":"https:\/\/coachingpartner.net\/cp\/nb\/lederutviklingspodden\/episode-25\/","title":{"rendered":"Episode 25"},"content":{"rendered":"\t\t<div data-elementor-type=\"wp-page\" data-elementor-id=\"53571\" class=\"elementor elementor-53571\">\n\t\t\t\t\t\t<section class=\"elementor-section elementor-top-section elementor-element elementor-element-c47c13c animated-slow elementor-section-boxed elementor-section-height-default elementor-section-height-default elementor-invisible\" data-id=\"c47c13c\" data-element_type=\"section\" data-settings=\"{&quot;animation&quot;:&quot;fadeIn&quot;}\">\n\t\t\t\t\t\t<div class=\"elementor-container elementor-column-gap-default\">\n\t\t\t\t\t<div class=\"elementor-column elementor-col-50 elementor-top-column elementor-element elementor-element-f62f432\" data-id=\"f62f432\" data-element_type=\"column\">\n\t\t\t<div class=\"elementor-widget-wrap elementor-element-populated\">\n\t\t\t\t\t\t<div class=\"elementor-element elementor-element-d518bd9 elementor-widget elementor-widget-image\" data-id=\"d518bd9\" data-element_type=\"widget\" data-widget_type=\"image.default\">\n\t\t\t\t<div class=\"elementor-widget-container\">\n\t\t\t\t\t\t\t\t\t\t\t\t\t\t\t<img fetchpriority=\"high\" decoding=\"async\" width=\"624\" height=\"624\" src=\"https:\/\/coachingpartner.net\/cp\/wp-content\/uploads\/2025\/09\/GryHaugsnes-624x624.jpg\" class=\"attachment-post-thumbnail size-post-thumbnail wp-image-53573\" alt=\"\" srcset=\"https:\/\/coachingpartner.net\/cp\/wp-content\/uploads\/2025\/09\/GryHaugsnes-624x624.jpg 624w, https:\/\/coachingpartner.net\/cp\/wp-content\/uploads\/2025\/09\/GryHaugsnes-300x300.jpg 300w, https:\/\/coachingpartner.net\/cp\/wp-content\/uploads\/2025\/09\/GryHaugsnes-1024x1024.jpg 1024w, https:\/\/coachingpartner.net\/cp\/wp-content\/uploads\/2025\/09\/GryHaugsnes-150x150.jpg 150w, https:\/\/coachingpartner.net\/cp\/wp-content\/uploads\/2025\/09\/GryHaugsnes.jpg 1050w\" sizes=\"(max-width: 624px) 100vw, 624px\" \/>\t\t\t\t\t\t\t\t\t\t\t\t\t\t\t<\/div>\n\t\t\t\t<\/div>\n\t\t\t\t\t<\/div>\n\t\t<\/div>\n\t\t\t\t<div class=\"elementor-column elementor-col-50 elementor-top-column elementor-element elementor-element-8dd81de\" data-id=\"8dd81de\" data-element_type=\"column\">\n\t\t\t<div class=\"elementor-widget-wrap elementor-element-populated\">\n\t\t\t\t\t\t<section class=\"elementor-section elementor-inner-section elementor-element elementor-element-2f5ca38 elementor-section-boxed elementor-section-height-default elementor-section-height-default\" data-id=\"2f5ca38\" data-element_type=\"section\">\n\t\t\t\t\t\t<div class=\"elementor-container elementor-column-gap-default\">\n\t\t\t\t\t<div class=\"elementor-column elementor-col-50 elementor-inner-column elementor-element elementor-element-f5a4b04\" data-id=\"f5a4b04\" data-element_type=\"column\">\n\t\t\t<div class=\"elementor-widget-wrap elementor-element-populated\">\n\t\t\t\t\t\t<div class=\"elementor-element elementor-element-acca0ce elementor-view-default elementor-widget elementor-widget-icon\" data-id=\"acca0ce\" data-element_type=\"widget\" data-widget_type=\"icon.default\">\n\t\t\t\t<div class=\"elementor-widget-container\">\n\t\t\t\t\t\t\t<div class=\"elementor-icon-wrapper\">\n\t\t\t<div class=\"elementor-icon\">\n\t\t\t<i aria-hidden=\"true\" class=\"fas fa-podcast\"><\/i>\t\t\t<\/div>\n\t\t<\/div>\n\t\t\t\t\t\t<\/div>\n\t\t\t\t<\/div>\n\t\t\t\t\t<\/div>\n\t\t<\/div>\n\t\t\t\t<div class=\"elementor-column elementor-col-50 elementor-inner-column elementor-element elementor-element-a872ade\" data-id=\"a872ade\" data-element_type=\"column\">\n\t\t\t<div class=\"elementor-widget-wrap elementor-element-populated\">\n\t\t\t\t\t\t<div class=\"elementor-element elementor-element-bfbae77 elementor-widget elementor-widget-heading\" data-id=\"bfbae77\" data-element_type=\"widget\" data-widget_type=\"heading.default\">\n\t\t\t\t<div class=\"elementor-widget-container\">\n\t\t\t\t\t<h1 class=\"elementor-heading-title elementor-size-default\">#25 Gry Haugsnes: - Du m\u00e5 sette mer inn i banken enn du tar ut!<\/h1>\t\t\t\t<\/div>\n\t\t\t\t<\/div>\n\t\t\t\t\t<\/div>\n\t\t<\/div>\n\t\t\t\t\t<\/div>\n\t\t<\/section>\n\t\t\t\t<div class=\"elementor-element elementor-element-ee1853c elementor-widget elementor-widget-text-editor\" data-id=\"ee1853c\" data-element_type=\"widget\" data-widget_type=\"text-editor.default\">\n\t\t\t\t<div class=\"elementor-widget-container\">\n\t\t\t\t\t\t\t\t\t<p>&#8211; Min kj\u00e6re mann pleier \u00e5 si at du m\u00e5 sette mer inn i banken enn du tar ut. Jeg tror det er akkurat det som gjelder. Du kan kreve mye men du m\u00e5 ogs\u00e5 la folk v\u00e6re med \u00e5 bestemme selv og dette m\u00e5 v\u00e6re i en form for balanse.<\/p><p>\u00a0<\/p><p>Gry Haugsnes er daglig leder i Den magiske fabrikken, som var en av de f\u00f8rste biogassbedriftene som ble etablert i Norge med en stor og ferdigstilt sirkul\u00e6r verdikjede. De har en sterk innovasjonskultur og har blant annet v\u00e6rt nominert til \u00e5rets sirkul\u00e6re bedrift og vunnet innovasjonsprisen til Sirk Norge. Den Magiske Fabrikken er en viktig brikke i arbeidet mot en sirkul\u00e6r \u00f8konomi og gr\u00f8nn vekst.<\/p><p>\u00a0<\/p><p>&#8211; Stoltheten om \u00e5 vite at du gj\u00f8re noe for b\u00e5de samfunnet og for klima og milj\u00f8, skaper et fellesskap og et stort engasjement, forteller Gry.<\/p><p>\u00a0<\/p><p>Gry har over 20 \u00e5rs erfaring som leder i ulike roller. Om n\u00f8kkelen til \u00e5 utvikle seg som leder trekker hun blant annet fram viktigheten av fokus p\u00e5 prestasjonsorientert framfor resultatorientering, noe ogs\u00e5 Bj\u00f8rn Mannsverk poengterte i episode 16 av podden.<br \/>&#8211; Noen ganger s\u00e5 er m\u00e5let riktig og du har skj\u00f8nt hvor du skal, men noen ganger s\u00e5 blir m\u00e5let til mens du g\u00e5r. Og noen ganger kan det \u00e5 styre for absolutt et resultat kan gj\u00f8re at du oppn\u00e5r mindre.<\/p><p>\u00a0<\/p><p>Som leder er hun opptatt av \u00e5penhet, og det \u00e5 oppf\u00f8re seg ordentlig, noe Bj\u00f8rn Arve Ofstad fra samme bransje ogs\u00e5 poengterte i episode 22:<br \/>&#8211; Man m\u00e5 oppf\u00f8re seg, man m\u00f8ter igjen folk overalt. Mangel p\u00e5 \u00e5penhet og det \u00e5 v\u00e6re transparent vil bare bite deg i halen, forklarer hun.<br \/>&#8211; S\u00e5 lenge man er \u00e6rlig da har man ihvertfall kommet godt i gang, \u00e5 t\u00f8rre \u00e5 si at beklager n\u00e5 ble det feil, let\u2019s try again, poengterer hun.<\/p><p>\u00a0<\/p><p>I forhold til \u00e5 skape et godt milj\u00f8 for innovasjon og et godt arbeidsmilj\u00f8 p\u00e5peker hun viktigheten av \u00e5 gi tillit og la folk bidra.<br \/>&#8211; Nesten uansett hvor jeg har jobbet s\u00e5 er det utrolig viktig at folk opplever at de f\u00e5r lov til \u00e5 bidra. Jeg tror alle har lyst til \u00e5 bidra i en jobb. Det som er viktig er \u00e5 sp\u00f8rre hva skal til for at du gj\u00f8r en god jobb, hva er det du trives med, hvordan kan vi f\u00e5 deg til \u00e5 bli engasjert? <br \/>&#8211; S\u00e5 er det en motsats ogs\u00e5, at man m\u00e5 jo ogs\u00e5 t\u00f8rre \u00e5 stille noen krav og kommunisere noen forventninger. De fleste har et \u00f8nske om \u00e5 vite hva som forventes av en og hva en skal forholde seg til, poengterer hun.<\/p><p>\u00a0<\/p><p>&#8211; Men igjen, \u00e5 sette mer inn i banken enn man tar ut og \u00e5 s\u00f8rge for \u00e5 p\u00e5peke n\u00e5r noe har blitt gjort bra er minst like viktig, legger hun til.<\/p><p>\u00a0<\/p><p>Disse og utallige flere innsikter og praktiske tips til god lederutvikling f\u00e5r du i siste episode av Lederutviklingspodden.<\/p>\t\t\t\t\t\t\t\t<\/div>\n\t\t\t\t<\/div>\n\t\t\t\t<div class=\"elementor-element elementor-element-7e5af04 elementor-widget elementor-widget-heading\" data-id=\"7e5af04\" data-element_type=\"widget\" data-widget_type=\"heading.default\">\n\t\t\t\t<div class=\"elementor-widget-container\">\n\t\t\t\t\t<p class=\"elementor-heading-title elementor-size-default\">23. september 2025<\/p>\t\t\t\t<\/div>\n\t\t\t\t<\/div>\n\t\t\t\t\t<\/div>\n\t\t<\/div>\n\t\t\t\t\t<\/div>\n\t\t<\/section>\n\t\t\t\t<section class=\"elementor-section elementor-top-section elementor-element elementor-element-567223d animated-slow elementor-section-boxed elementor-section-height-default elementor-section-height-default elementor-invisible\" data-id=\"567223d\" data-element_type=\"section\" data-settings=\"{&quot;animation&quot;:&quot;fadeIn&quot;,&quot;animation_delay&quot;:200}\">\n\t\t\t\t\t\t<div class=\"elementor-container elementor-column-gap-default\">\n\t\t\t\t\t<div class=\"elementor-column elementor-col-100 elementor-top-column elementor-element elementor-element-4fb0fac\" data-id=\"4fb0fac\" data-element_type=\"column\">\n\t\t\t<div class=\"elementor-widget-wrap elementor-element-populated\">\n\t\t\t\t\t\t<div class=\"elementor-element elementor-element-775f133 elementor-widget elementor-widget-html\" data-id=\"775f133\" data-element_type=\"widget\" data-widget_type=\"html.default\">\n\t\t\t\t<div class=\"elementor-widget-container\">\n\t\t\t\t\t<iframe src=\"https:\/\/player.rss.com\/lederutviklingspodden\/2228482?theme=light&v=2\" width=\"100%\" height=\"202px\" title=\"Gry Haugsnes - Du m\u00e5 sette mer inn i banken enn du\" frameBorder=\"0\" allow=\"accelerometer; autoplay; clipboard-write; encrypted-media; gyroscope; picture-in-picture\" allowfullscreen scrolling=\"no\"><a href=\"https:\/\/rss.com\/podcasts\/lederutviklingspodden\/2228482\/\">Gry Haugsnes - Du m\u00e5 sette mer inn i banken enn du | RSS.com<\/a><\/iframe>\t\t\t\t<\/div>\n\t\t\t\t<\/div>\n\t\t\t\t\t<\/div>\n\t\t<\/div>\n\t\t\t\t\t<\/div>\n\t\t<\/section>\n\t\t\t\t<section class=\"elementor-section elementor-top-section elementor-element elementor-element-7dc46a1 elementor-section-boxed elementor-section-height-default elementor-section-height-default\" data-id=\"7dc46a1\" data-element_type=\"section\">\n\t\t\t\t\t\t<div class=\"elementor-container elementor-column-gap-default\">\n\t\t\t\t\t<div class=\"elementor-column elementor-col-100 elementor-top-column elementor-element elementor-element-563eae5\" data-id=\"563eae5\" data-element_type=\"column\">\n\t\t\t<div class=\"elementor-widget-wrap elementor-element-populated\">\n\t\t\t\t\t\t<div class=\"elementor-element elementor-element-15f7517 elementor-widget elementor-widget-text-editor\" data-id=\"15f7517\" data-element_type=\"widget\" data-widget_type=\"text-editor.default\">\n\t\t\t\t<div class=\"elementor-widget-container\">\n\t\t\t\t\t\t\t\t\t<p><a href=\"https:\/\/coachingpartner.net\/cp\/nb\/lederutviklingspodden\/\"><strong>&lt; Back to list<\/strong><\/a><\/p>\t\t\t\t\t\t\t\t<\/div>\n\t\t\t\t<\/div>\n\t\t\t\t\t<\/div>\n\t\t<\/div>\n\t\t\t\t\t<\/div>\n\t\t<\/section>\n\t\t\t\t<\/div>\n\t\t<!-- AddThis Advanced Settings generic via filter on the_content --><!-- AddThis Share Buttons generic via filter on the_content -->","protected":false},"excerpt":{"rendered":"<p>#25 Gry Haugsnes: &#8211; Du m\u00e5 sette mer inn i banken enn du tar ut! &#8211; Min kj\u00e6re mann pleier \u00e5 si at du m\u00e5 sette mer inn i banken enn du tar ut. Jeg tror det er akkurat det som gjelder. Du kan kreve mye men du m\u00e5 ogs\u00e5 la folk v\u00e6re med \u00e5 [&hellip;]<!-- AddThis Advanced Settings generic via filter on get_the_excerpt --><!-- AddThis Share Buttons generic via filter on get_the_excerpt --><\/p>\n","protected":false},"author":6,"featured_media":0,"parent":52442,"menu_order":0,"comment_status":"closed","ping_status":"closed","template":"elementor_header_footer","meta":{"_exactmetrics_skip_tracking":false,"_exactmetrics_sitenote_active":false,"_exactmetrics_sitenote_note":"","_exactmetrics_sitenote_category":0,"footnotes":""},"class_list":["post-53571","page","type-page","status-publish","hentry"],"wps_subtitle":"","_links":{"self":[{"href":"https:\/\/coachingpartner.net\/cp\/wp-json\/wp\/v2\/pages\/53571","targetHints":{"allow":["GET"]}}],"collection":[{"href":"https:\/\/coachingpartner.net\/cp\/wp-json\/wp\/v2\/pages"}],"about":[{"href":"https:\/\/coachingpartner.net\/cp\/wp-json\/wp\/v2\/types\/page"}],"author":[{"embeddable":true,"href":"https:\/\/coachingpartner.net\/cp\/wp-json\/wp\/v2\/users\/6"}],"replies":[{"embeddable":true,"href":"https:\/\/coachingpartner.net\/cp\/wp-json\/wp\/v2\/comments?post=53571"}],"version-history":[{"count":4,"href":"https:\/\/coachingpartner.net\/cp\/wp-json\/wp\/v2\/pages\/53571\/revisions"}],"predecessor-version":[{"id":53576,"href":"https:\/\/coachingpartner.net\/cp\/wp-json\/wp\/v2\/pages\/53571\/revisions\/53576"}],"up":[{"embeddable":true,"href":"https:\/\/coachingpartner.net\/cp\/wp-json\/wp\/v2\/pages\/52442"}],"wp:attachment":[{"href":"https:\/\/coachingpartner.net\/cp\/wp-json\/wp\/v2\/media?parent=53571"}],"curies":[{"name":"wp","href":"https:\/\/api.w.org\/{rel}","templated":true}]}}