{"id":53562,"date":"2025-06-25T22:59:39","date_gmt":"2025-06-25T21:59:39","guid":{"rendered":"https:\/\/coachingpartner.net\/cp\/?page_id=53562"},"modified":"2025-12-03T11:49:36","modified_gmt":"2025-12-03T11:49:36","slug":"episode-24","status":"publish","type":"page","link":"https:\/\/coachingpartner.net\/cp\/nb\/lederutviklingspodden\/episode-24\/","title":{"rendered":"Episode 24"},"content":{"rendered":"\t\t<div data-elementor-type=\"wp-page\" data-elementor-id=\"53562\" class=\"elementor elementor-53562\">\n\t\t\t\t\t\t<section class=\"elementor-section elementor-top-section elementor-element elementor-element-c47c13c animated-slow elementor-section-boxed elementor-section-height-default elementor-section-height-default elementor-invisible\" data-id=\"c47c13c\" data-element_type=\"section\" data-settings=\"{&quot;animation&quot;:&quot;fadeIn&quot;}\">\n\t\t\t\t\t\t<div class=\"elementor-container elementor-column-gap-default\">\n\t\t\t\t\t<div class=\"elementor-column elementor-col-50 elementor-top-column elementor-element elementor-element-f62f432\" data-id=\"f62f432\" data-element_type=\"column\">\n\t\t\t<div class=\"elementor-widget-wrap elementor-element-populated\">\n\t\t\t\t\t\t<div class=\"elementor-element elementor-element-d518bd9 elementor-widget elementor-widget-image\" data-id=\"d518bd9\" data-element_type=\"widget\" data-widget_type=\"image.default\">\n\t\t\t\t<div class=\"elementor-widget-container\">\n\t\t\t\t\t\t\t\t\t\t\t\t\t\t\t<img fetchpriority=\"high\" decoding=\"async\" width=\"624\" height=\"624\" src=\"https:\/\/coachingpartner.net\/cp\/wp-content\/uploads\/2025\/06\/et_new-624x624.jpg\" class=\"attachment-post-thumbnail size-post-thumbnail wp-image-53564\" alt=\"\" srcset=\"https:\/\/coachingpartner.net\/cp\/wp-content\/uploads\/2025\/06\/et_new-624x624.jpg 624w, https:\/\/coachingpartner.net\/cp\/wp-content\/uploads\/2025\/06\/et_new-300x300.jpg 300w, https:\/\/coachingpartner.net\/cp\/wp-content\/uploads\/2025\/06\/et_new-1024x1024.jpg 1024w, https:\/\/coachingpartner.net\/cp\/wp-content\/uploads\/2025\/06\/et_new-150x150.jpg 150w, https:\/\/coachingpartner.net\/cp\/wp-content\/uploads\/2025\/06\/et_new.jpg 1500w\" sizes=\"(max-width: 624px) 100vw, 624px\" \/>\t\t\t\t\t\t\t\t\t\t\t\t\t\t\t<\/div>\n\t\t\t\t<\/div>\n\t\t\t\t\t<\/div>\n\t\t<\/div>\n\t\t\t\t<div class=\"elementor-column elementor-col-50 elementor-top-column elementor-element elementor-element-8dd81de\" data-id=\"8dd81de\" data-element_type=\"column\">\n\t\t\t<div class=\"elementor-widget-wrap elementor-element-populated\">\n\t\t\t\t\t\t<section class=\"elementor-section elementor-inner-section elementor-element elementor-element-2f5ca38 elementor-section-boxed elementor-section-height-default elementor-section-height-default\" data-id=\"2f5ca38\" data-element_type=\"section\">\n\t\t\t\t\t\t<div class=\"elementor-container elementor-column-gap-default\">\n\t\t\t\t\t<div class=\"elementor-column elementor-col-50 elementor-inner-column elementor-element elementor-element-f5a4b04\" data-id=\"f5a4b04\" data-element_type=\"column\">\n\t\t\t<div class=\"elementor-widget-wrap elementor-element-populated\">\n\t\t\t\t\t\t<div class=\"elementor-element elementor-element-acca0ce elementor-view-default elementor-widget elementor-widget-icon\" data-id=\"acca0ce\" data-element_type=\"widget\" data-widget_type=\"icon.default\">\n\t\t\t\t<div class=\"elementor-widget-container\">\n\t\t\t\t\t\t\t<div class=\"elementor-icon-wrapper\">\n\t\t\t<div class=\"elementor-icon\">\n\t\t\t<i aria-hidden=\"true\" class=\"fas fa-podcast\"><\/i>\t\t\t<\/div>\n\t\t<\/div>\n\t\t\t\t\t\t<\/div>\n\t\t\t\t<\/div>\n\t\t\t\t\t<\/div>\n\t\t<\/div>\n\t\t\t\t<div class=\"elementor-column elementor-col-50 elementor-inner-column elementor-element elementor-element-a872ade\" data-id=\"a872ade\" data-element_type=\"column\">\n\t\t\t<div class=\"elementor-widget-wrap elementor-element-populated\">\n\t\t\t\t\t\t<div class=\"elementor-element elementor-element-bfbae77 elementor-widget elementor-widget-heading\" data-id=\"bfbae77\" data-element_type=\"widget\" data-widget_type=\"heading.default\">\n\t\t\t\t<div class=\"elementor-widget-container\">\n\t\t\t\t\t<h1 class=\"elementor-heading-title elementor-size-default\">#24 Espen Thunestvedt: - Hvordan lede andre uten \u00e5 miste seg selv<\/h1>\t\t\t\t<\/div>\n\t\t\t\t<\/div>\n\t\t\t\t\t<\/div>\n\t\t<\/div>\n\t\t\t\t\t<\/div>\n\t\t<\/section>\n\t\t\t\t<div class=\"elementor-element elementor-element-ee1853c elementor-widget elementor-widget-text-editor\" data-id=\"ee1853c\" data-element_type=\"widget\" data-widget_type=\"text-editor.default\">\n\t\t\t\t<div class=\"elementor-widget-container\">\n\t\t\t\t\t\t\t\t\t<p style=\"font-weight: 400;\">&#8211; Oraklet i Delfi var der man i antikkens Hellas kom for \u00e5 f\u00e5 svare p\u00e5 livets store og sm\u00e5 sp\u00f8rsm\u00e5l, og i s\u00f8ylegangen til Apollotempelet hvor orakelet er s\u00e5 st\u00e5r det skrevet Gnothi Sauton og det skulle v\u00e6re den fremste visdommen enhver mann og kvinne kunne ha, forklarer Espen Thunestvedt og legger til at man oversetter \u00b4Gnothi Sauton\u00b4 til \u00b4Kjenn deg selv\u00b4.<br \/><br \/>Espen Thunestvedt er seksjonsleder i politiet og har nylig gitt ut boka \u00b4Hvordan lede andre uten \u00e5 miste seg selv\u00b4. Espen har en videreutdanning i ledelse, prosess- og endringsledelse, men hans tiln\u00e6rming g\u00e5r langt utover tradisjonelle lederteorier. Han er spesielt opptatt av hvordan innsikter fra \u00e5rtusen gammel visdom, psykologi og moderne nevrovitenskap og hvordan disse sammen kan gi oss en dypere forst\u00e5else av ledelse. <br \/><br \/>Han brenner for ledelse og lederutvikling og mener det viktigste startpunktet er consciousness eller selvbevissthet.<br \/><br \/>&#8211; Selvbevissthet er selve fundamentet og selve grunnmuren som man b\u00f8r reise ledelse p\u00e5. Du kan gjerne begynne med \u00e5 stille deg sp\u00f8rsm\u00e5let hvorfor har jeg i det hele tatt lyst til \u00e5 v\u00e6re leder? Og s\u00e5 stille flere oppf\u00f8lgingssp\u00f8rsm\u00e5l knytta til det: Hva er mine verdier som leder, hva er viktig for meg? Og hvis jeg m\u00f8ter noe som g\u00e5r p\u00e5 akkord med mine verdier, har jeg da noen tanker om hvordan jeg kommer til \u00e5 h\u00e5ndtere det? Slike sp\u00f8rsm\u00e5l tenker jeg vil v\u00e6re en god start.<br \/><br \/>Av andre viktige lederutviklingsfaktorer han trekker fram er tilstedev\u00e6relse, trygghet i seg selv, \u00e5penhet, evne til sm\u00e5prat og \u00e5 bygge tilh\u00f8righet samt gode dialogferdigheter.<br \/><br \/>N\u00f8kkelen til disse faktorene mener han er selvbevissthet, spesielt n\u00e5r det gjelder f\u00f8lelser:<br \/>&#8211; Det mange ledere synes er vanskeligst \u00e5 jobbe med er den vanskelige samtalen eller det \u00e5 drive endringsledelse n\u00e5r det er motstand i organisasjonen. Man snakker ofte om dette som konsepter, men slik jeg ser det er det man egentlig snakker om er: \u00b4hvordan skal jeg h\u00e5ndtere det ubehaget som skjer inni meg n\u00e5r jeg skal ta den vanskelige samtalen\u00b4, poengterer han.<br \/><br \/>Videre legger han til:<br \/>&#8211; Alts\u00e5 man snakker egentlig om f\u00f8lelser, alts\u00e5 det som skjer i oss. Og det er derfor jeg er s\u00e5 opptatt av hvordan jobber vi da med f\u00f8lelser? Hvor gode er vi egentlig p\u00e5 \u00e5 snakke om f\u00f8lelser? For det er egentlig det som gjennomsyrer alle temaene som folk synes er ubehagelige. Og da g\u00e5r det igjen p\u00e5 selvbevissthet. <br \/>De fleste n\u00e5r de f\u00e5r en vond f\u00f8lelse skal pr\u00f8ve \u00e5 overvinne den eller undertrykke den, men der finnes det bedre verkt\u00f8y og det er de jeg fors\u00f8ker \u00e5 formidle i boka mi.<br \/><br \/>Disse og utallige flere innsikter og praktiske tips til god lederutvikling f\u00e5r du episode 24 av Lederutviklingspodden.<\/p>\t\t\t\t\t\t\t\t<\/div>\n\t\t\t\t<\/div>\n\t\t\t\t<div class=\"elementor-element elementor-element-7e5af04 elementor-widget elementor-widget-heading\" data-id=\"7e5af04\" data-element_type=\"widget\" data-widget_type=\"heading.default\">\n\t\t\t\t<div class=\"elementor-widget-container\">\n\t\t\t\t\t<p class=\"elementor-heading-title elementor-size-default\">26. juni 2025<\/p>\t\t\t\t<\/div>\n\t\t\t\t<\/div>\n\t\t\t\t\t<\/div>\n\t\t<\/div>\n\t\t\t\t\t<\/div>\n\t\t<\/section>\n\t\t\t\t<section class=\"elementor-section elementor-top-section elementor-element elementor-element-567223d animated-slow elementor-section-boxed elementor-section-height-default elementor-section-height-default elementor-invisible\" data-id=\"567223d\" data-element_type=\"section\" data-settings=\"{&quot;animation&quot;:&quot;fadeIn&quot;,&quot;animation_delay&quot;:200}\">\n\t\t\t\t\t\t<div class=\"elementor-container elementor-column-gap-default\">\n\t\t\t\t\t<div class=\"elementor-column elementor-col-100 elementor-top-column elementor-element elementor-element-4fb0fac\" data-id=\"4fb0fac\" data-element_type=\"column\">\n\t\t\t<div class=\"elementor-widget-wrap elementor-element-populated\">\n\t\t\t\t\t\t<div class=\"elementor-element elementor-element-775f133 elementor-widget elementor-widget-html\" data-id=\"775f133\" data-element_type=\"widget\" data-widget_type=\"html.default\">\n\t\t\t\t<div class=\"elementor-widget-container\">\n\t\t\t\t\t<iframe src=\"https:\/\/player.rss.com\/lederutviklingspodden\/2089493?theme=light&v=2\" width=\"100%\" height=\"202px\" title=\"Espen Thunestvedt: - Gnothi Seauton!\" frameBorder=\"0\" allow=\"accelerometer; autoplay; clipboard-write; encrypted-media; gyroscope; picture-in-picture\" allowfullscreen scrolling=\"no\"><a href=\"https:\/\/rss.com\/podcasts\/lederutviklingspodden\/2089493\/\">Espen Thunestvedt: - Gnothi Seauton! | RSS.com<\/a><\/iframe>\t\t\t\t<\/div>\n\t\t\t\t<\/div>\n\t\t\t\t\t<\/div>\n\t\t<\/div>\n\t\t\t\t\t<\/div>\n\t\t<\/section>\n\t\t\t\t<section class=\"elementor-section elementor-top-section elementor-element elementor-element-7dc46a1 elementor-section-boxed elementor-section-height-default elementor-section-height-default\" data-id=\"7dc46a1\" data-element_type=\"section\">\n\t\t\t\t\t\t<div class=\"elementor-container elementor-column-gap-default\">\n\t\t\t\t\t<div class=\"elementor-column elementor-col-100 elementor-top-column elementor-element elementor-element-563eae5\" data-id=\"563eae5\" data-element_type=\"column\">\n\t\t\t<div class=\"elementor-widget-wrap elementor-element-populated\">\n\t\t\t\t\t\t<div class=\"elementor-element elementor-element-15f7517 elementor-widget elementor-widget-text-editor\" data-id=\"15f7517\" data-element_type=\"widget\" data-widget_type=\"text-editor.default\">\n\t\t\t\t<div class=\"elementor-widget-container\">\n\t\t\t\t\t\t\t\t\t<p><a href=\"https:\/\/coachingpartner.net\/cp\/nb\/lederutviklingspodden\/\"><strong>&lt; Back to list<\/strong><\/a><\/p>\t\t\t\t\t\t\t\t<\/div>\n\t\t\t\t<\/div>\n\t\t\t\t\t<\/div>\n\t\t<\/div>\n\t\t\t\t\t<\/div>\n\t\t<\/section>\n\t\t\t\t<\/div>\n\t\t<!-- AddThis Advanced Settings generic via filter on the_content --><!-- AddThis Share Buttons generic via filter on the_content -->","protected":false},"excerpt":{"rendered":"<p>#24 Espen Thunestvedt: &#8211; Hvordan lede andre uten \u00e5 miste seg selv &#8211; Oraklet i Delfi var der man i antikkens Hellas kom for \u00e5 f\u00e5 svare p\u00e5 livets store og sm\u00e5 sp\u00f8rsm\u00e5l, og i s\u00f8ylegangen til Apollotempelet hvor orakelet er s\u00e5 st\u00e5r det skrevet Gnothi Sauton og det skulle v\u00e6re den fremste visdommen enhver [&hellip;]<!-- AddThis Advanced Settings generic via filter on get_the_excerpt --><!-- AddThis Share Buttons generic via filter on get_the_excerpt --><\/p>\n","protected":false},"author":6,"featured_media":0,"parent":52442,"menu_order":0,"comment_status":"closed","ping_status":"closed","template":"elementor_header_footer","meta":{"_exactmetrics_skip_tracking":false,"_exactmetrics_sitenote_active":false,"_exactmetrics_sitenote_note":"","_exactmetrics_sitenote_category":0,"footnotes":""},"class_list":["post-53562","page","type-page","status-publish","hentry"],"wps_subtitle":"","_links":{"self":[{"href":"https:\/\/coachingpartner.net\/cp\/wp-json\/wp\/v2\/pages\/53562","targetHints":{"allow":["GET"]}}],"collection":[{"href":"https:\/\/coachingpartner.net\/cp\/wp-json\/wp\/v2\/pages"}],"about":[{"href":"https:\/\/coachingpartner.net\/cp\/wp-json\/wp\/v2\/types\/page"}],"author":[{"embeddable":true,"href":"https:\/\/coachingpartner.net\/cp\/wp-json\/wp\/v2\/users\/6"}],"replies":[{"embeddable":true,"href":"https:\/\/coachingpartner.net\/cp\/wp-json\/wp\/v2\/comments?post=53562"}],"version-history":[{"count":6,"href":"https:\/\/coachingpartner.net\/cp\/wp-json\/wp\/v2\/pages\/53562\/revisions"}],"predecessor-version":[{"id":53607,"href":"https:\/\/coachingpartner.net\/cp\/wp-json\/wp\/v2\/pages\/53562\/revisions\/53607"}],"up":[{"embeddable":true,"href":"https:\/\/coachingpartner.net\/cp\/wp-json\/wp\/v2\/pages\/52442"}],"wp:attachment":[{"href":"https:\/\/coachingpartner.net\/cp\/wp-json\/wp\/v2\/media?parent=53562"}],"curies":[{"name":"wp","href":"https:\/\/api.w.org\/{rel}","templated":true}]}}