{"id":53552,"date":"2025-06-10T00:33:17","date_gmt":"2025-06-09T23:33:17","guid":{"rendered":"https:\/\/coachingpartner.net\/cp\/?page_id=53552"},"modified":"2025-06-10T00:37:49","modified_gmt":"2025-06-09T23:37:49","slug":"episode-23-1","status":"publish","type":"page","link":"https:\/\/coachingpartner.net\/cp\/nb\/lederutviklingspodden\/episode-23-1\/","title":{"rendered":"Episode 23"},"content":{"rendered":"\t\t<div data-elementor-type=\"wp-page\" data-elementor-id=\"53552\" class=\"elementor elementor-53552\">\n\t\t\t\t\t\t<section class=\"elementor-section elementor-top-section elementor-element elementor-element-c47c13c animated-slow elementor-section-boxed elementor-section-height-default elementor-section-height-default elementor-invisible\" data-id=\"c47c13c\" data-element_type=\"section\" data-settings=\"{&quot;animation&quot;:&quot;fadeIn&quot;}\">\n\t\t\t\t\t\t<div class=\"elementor-container elementor-column-gap-default\">\n\t\t\t\t\t<div class=\"elementor-column elementor-col-50 elementor-top-column elementor-element elementor-element-f62f432\" data-id=\"f62f432\" data-element_type=\"column\">\n\t\t\t<div class=\"elementor-widget-wrap elementor-element-populated\">\n\t\t\t\t\t\t<div class=\"elementor-element elementor-element-d518bd9 elementor-widget elementor-widget-image\" data-id=\"d518bd9\" data-element_type=\"widget\" data-widget_type=\"image.default\">\n\t\t\t\t<div class=\"elementor-widget-container\">\n\t\t\t\t\t\t\t\t\t\t\t\t\t\t\t<img fetchpriority=\"high\" decoding=\"async\" width=\"624\" height=\"624\" src=\"https:\/\/coachingpartner.net\/cp\/wp-content\/uploads\/2025\/06\/JKA3-624x624.jpeg\" class=\"attachment-post-thumbnail size-post-thumbnail wp-image-53541\" alt=\"\" srcset=\"https:\/\/coachingpartner.net\/cp\/wp-content\/uploads\/2025\/06\/JKA3-624x624.jpeg 624w, https:\/\/coachingpartner.net\/cp\/wp-content\/uploads\/2025\/06\/JKA3-300x300.jpeg 300w, https:\/\/coachingpartner.net\/cp\/wp-content\/uploads\/2025\/06\/JKA3-1024x1024.jpeg 1024w, https:\/\/coachingpartner.net\/cp\/wp-content\/uploads\/2025\/06\/JKA3-150x150.jpeg 150w, https:\/\/coachingpartner.net\/cp\/wp-content\/uploads\/2025\/06\/JKA3-1536x1536.jpeg 1536w, https:\/\/coachingpartner.net\/cp\/wp-content\/uploads\/2025\/06\/JKA3.jpeg 1800w\" sizes=\"(max-width: 624px) 100vw, 624px\" \/>\t\t\t\t\t\t\t\t\t\t\t\t\t\t\t<\/div>\n\t\t\t\t<\/div>\n\t\t\t\t\t<\/div>\n\t\t<\/div>\n\t\t\t\t<div class=\"elementor-column elementor-col-50 elementor-top-column elementor-element elementor-element-8dd81de\" data-id=\"8dd81de\" data-element_type=\"column\">\n\t\t\t<div class=\"elementor-widget-wrap elementor-element-populated\">\n\t\t\t\t\t\t<section class=\"elementor-section elementor-inner-section elementor-element elementor-element-2f5ca38 elementor-section-boxed elementor-section-height-default elementor-section-height-default\" data-id=\"2f5ca38\" data-element_type=\"section\">\n\t\t\t\t\t\t<div class=\"elementor-container elementor-column-gap-default\">\n\t\t\t\t\t<div class=\"elementor-column elementor-col-50 elementor-inner-column elementor-element elementor-element-f5a4b04\" data-id=\"f5a4b04\" data-element_type=\"column\">\n\t\t\t<div class=\"elementor-widget-wrap elementor-element-populated\">\n\t\t\t\t\t\t<div class=\"elementor-element elementor-element-acca0ce elementor-view-default elementor-widget elementor-widget-icon\" data-id=\"acca0ce\" data-element_type=\"widget\" data-widget_type=\"icon.default\">\n\t\t\t\t<div class=\"elementor-widget-container\">\n\t\t\t\t\t\t\t<div class=\"elementor-icon-wrapper\">\n\t\t\t<div class=\"elementor-icon\">\n\t\t\t<i aria-hidden=\"true\" class=\"fas fa-podcast\"><\/i>\t\t\t<\/div>\n\t\t<\/div>\n\t\t\t\t\t\t<\/div>\n\t\t\t\t<\/div>\n\t\t\t\t\t<\/div>\n\t\t<\/div>\n\t\t\t\t<div class=\"elementor-column elementor-col-50 elementor-inner-column elementor-element elementor-element-a872ade\" data-id=\"a872ade\" data-element_type=\"column\">\n\t\t\t<div class=\"elementor-widget-wrap elementor-element-populated\">\n\t\t\t\t\t\t<div class=\"elementor-element elementor-element-bfbae77 elementor-widget elementor-widget-heading\" data-id=\"bfbae77\" data-element_type=\"widget\" data-widget_type=\"heading.default\">\n\t\t\t\t<div class=\"elementor-widget-container\">\n\t\t\t\t\t<h1 class=\"elementor-heading-title elementor-size-default\">#23 Jan Ketil Arnulf -Ledelse og lederutvikling er relativt nye begreper!<\/h1>\t\t\t\t<\/div>\n\t\t\t\t<\/div>\n\t\t\t\t\t<\/div>\n\t\t<\/div>\n\t\t\t\t\t<\/div>\n\t\t<\/section>\n\t\t\t\t<div class=\"elementor-element elementor-element-ee1853c elementor-widget elementor-widget-text-editor\" data-id=\"ee1853c\" data-element_type=\"widget\" data-widget_type=\"text-editor.default\">\n\t\t\t\t<div class=\"elementor-widget-container\">\n\t\t\t\t\t\t\t\t\t<p style=\"font-weight: 400;\">&#8211; N\u00e5r jeg sp\u00f8r hvor lenge har det v\u00e6rt ledelse, s\u00e5 tror folk det har v\u00e6rt ledelse alltid, men det har det ikke, poengterer Jan Ketil Arnulf, professor i organisasjonspsykologi ved Handelsh\u00f8yskolen BI.<\/p><p style=\"font-weight: 400;\">\u00a0<\/p><p style=\"font-weight: 400;\">&#8211; Et s\u00f8k i Google Ngram eller Nasjonalbibliotekets hjemmesider som viser hvordan Amerikansk management tankegang blir langsomt importert i Norge gjennom det 20. \u00e5rhundre og at vi ikke snakka om ledelse f\u00f8r dette. Eksempelvis approberte forsvaret ordet ledelse f\u00f8rst i 1967 som en del av importeringen av amerikansk management tankegods, forklarer han.<\/p><p style=\"font-weight: 400;\"><br \/>&#8211; Lederutvikling ble funnet p\u00e5 av General Electric i 1951. F\u00f8r det s\u00e5 fantes ikke lederutvikling, poengterer han videre og legger til at lederutvikling i Norge ble en sak f\u00f8rst p\u00e5 60-tallet.<br \/><br \/><\/p><p style=\"font-weight: 400;\">Jan Ketil er opptatt av spr\u00e5kets betydning for forming av organisasjoner, kultur og ledelse.\u00a0<\/p><p style=\"font-weight: 400;\">\u00a0<\/p><p style=\"font-weight: 400;\">&#8211; Spr\u00e5k er mye viktigere enn folk tror. Organisasjoner er kontrakter, planer og rapporter og organisasjoner er i veldig stor grad strukturert spr\u00e5klig, forklarer han.<\/p><p style=\"font-weight: 400;\">\u00a0<\/p><p style=\"font-weight: 400;\">Om utvikling av ledelse og lederutvikling forklarer han f\u00f8lgende:<\/p><p style=\"font-weight: 400;\">&#8211; Det er aksjeselskapet som konstruksjon som var en britisk konstruksjon i 1840 som skapte begrepet ledelse og aksjeselskapet eksplodert p\u00e5 \u00f8stkyststatene i USA og det skapte handelsh\u00f8yskolene som er knytta til de store universitetene som Harvard og hele Ivy league gjengen.<\/p><p style=\"font-weight: 400;\">Det er i disse amerikanske handelsh\u00f8yskolene at begrepene management og leadership sliter seg l\u00f8s fra hverandre og blir to forskjellige parhester som alle trenger og kunne noen ting og vite noen ting om, og dette blir da eksportert rundt omkring i verden i l\u00f8pet av det 20. \u00e5rhundre<\/p><p style=\"font-weight: 400;\">\u00a0<\/p><p style=\"font-weight: 400;\">Om relevansen av spr\u00e5k i ledelse og lederutvikling forklarer han:\u00a0<\/p><p style=\"font-weight: 400;\">&#8211; Kanskje det vanligste problemet i organisasjoner er at ledere ikke f\u00e5r til det de \u00f8nsker seg. Og ledere f\u00e5r ikke til de de \u00f8nsker seg fordi at de har noen mer eller mindre godt formulerte ideer om fremtiden, de har malt seg ut en fremtid og den finnes jo ogs\u00e5 bare i spr\u00e5ket, ogs\u00e5 pr\u00f8ver de \u00e5 f\u00e5 den spr\u00e5klig formulerte fremtiden til \u00e5 finne sted, ogs\u00e5 oppdager de at det er s\u00f8ren meg lettere sagt enn gjort.\u00a0<\/p><p style=\"font-weight: 400;\">\u00a0<\/p><p style=\"font-weight: 400;\">Hans r\u00e5d til bedrifter som vil investere i utvikling av sine ledere er \u00e5 skape rom for refleksjon:<\/p><p style=\"font-weight: 400;\">&#8211; Mitt r\u00e5d er \u00e5 skape et refleksjonsrom for lederne hvor de kan reflektere over egen praksis og egenfungering. Det er kostbart \u00e5 gj\u00f8re det for det tar litt tid \u00e5 sette av ressurser til det, men hvis du ikke gj\u00f8re det kan du banne p\u00e5 at du kan jobbe et helt liv uten \u00e5 l\u00e6re noen ting.<\/p><p style=\"font-weight: 400;\">\u00a0<\/p><p style=\"font-weight: 400;\">Disse og utallige flere innsikter og praktiske tips om ledelse og lederutvikling f\u00e5r du episode 23 av Lederutviklingspodden.<\/p>\t\t\t\t\t\t\t\t<\/div>\n\t\t\t\t<\/div>\n\t\t\t\t<div class=\"elementor-element elementor-element-7e5af04 elementor-widget elementor-widget-heading\" data-id=\"7e5af04\" data-element_type=\"widget\" data-widget_type=\"heading.default\">\n\t\t\t\t<div class=\"elementor-widget-container\">\n\t\t\t\t\t<p class=\"elementor-heading-title elementor-size-default\">10. juni 2025<\/p>\t\t\t\t<\/div>\n\t\t\t\t<\/div>\n\t\t\t\t\t<\/div>\n\t\t<\/div>\n\t\t\t\t\t<\/div>\n\t\t<\/section>\n\t\t\t\t<section class=\"elementor-section elementor-top-section elementor-element elementor-element-567223d animated-slow elementor-section-boxed elementor-section-height-default elementor-section-height-default elementor-invisible\" data-id=\"567223d\" data-element_type=\"section\" data-settings=\"{&quot;animation&quot;:&quot;fadeIn&quot;,&quot;animation_delay&quot;:200}\">\n\t\t\t\t\t\t<div class=\"elementor-container elementor-column-gap-default\">\n\t\t\t\t\t<div class=\"elementor-column elementor-col-100 elementor-top-column elementor-element elementor-element-4fb0fac\" data-id=\"4fb0fac\" data-element_type=\"column\">\n\t\t\t<div class=\"elementor-widget-wrap elementor-element-populated\">\n\t\t\t\t\t\t<div class=\"elementor-element elementor-element-775f133 elementor-widget elementor-widget-html\" data-id=\"775f133\" data-element_type=\"widget\" data-widget_type=\"html.default\">\n\t\t\t\t<div class=\"elementor-widget-container\">\n\t\t\t\t\t<iframe src=\"https:\/\/player.rss.com\/lederutviklingspodden\/2066247?theme=light\" width=\"100%\" height=\"202px\" title=\"Jan Ketil Arnulf \u2013 Ledelse og lederutvikling er re\" frameBorder=\"0\" allow=\"accelerometer; autoplay; clipboard-write; encrypted-media; gyroscope; picture-in-picture\" allowfullscreen scrolling=\"no\"><a href=\"https:\/\/rss.com\/podcasts\/lederutviklingspodden\/2066247\/\">Jan Ketil Arnulf \u2013 Ledelse og lederutvikling er re | RSS.com<\/a><\/iframe>\t\t\t\t<\/div>\n\t\t\t\t<\/div>\n\t\t\t\t\t<\/div>\n\t\t<\/div>\n\t\t\t\t\t<\/div>\n\t\t<\/section>\n\t\t\t\t<section class=\"elementor-section elementor-top-section elementor-element elementor-element-7dc46a1 elementor-section-boxed elementor-section-height-default elementor-section-height-default\" data-id=\"7dc46a1\" data-element_type=\"section\">\n\t\t\t\t\t\t<div class=\"elementor-container elementor-column-gap-default\">\n\t\t\t\t\t<div class=\"elementor-column elementor-col-100 elementor-top-column elementor-element elementor-element-563eae5\" data-id=\"563eae5\" data-element_type=\"column\">\n\t\t\t<div class=\"elementor-widget-wrap elementor-element-populated\">\n\t\t\t\t\t\t<div class=\"elementor-element elementor-element-15f7517 elementor-widget elementor-widget-text-editor\" data-id=\"15f7517\" data-element_type=\"widget\" data-widget_type=\"text-editor.default\">\n\t\t\t\t<div class=\"elementor-widget-container\">\n\t\t\t\t\t\t\t\t\t<p><a href=\"https:\/\/coachingpartner.net\/cp\/nb\/lederutviklingspodden\/\"><strong>&lt; Back to list<\/strong><\/a><\/p>\t\t\t\t\t\t\t\t<\/div>\n\t\t\t\t<\/div>\n\t\t\t\t\t<\/div>\n\t\t<\/div>\n\t\t\t\t\t<\/div>\n\t\t<\/section>\n\t\t\t\t<\/div>\n\t\t<!-- AddThis Advanced Settings generic via filter on the_content --><!-- AddThis Share Buttons generic via filter on the_content -->","protected":false},"excerpt":{"rendered":"<p>#23 Jan Ketil Arnulf -Ledelse og lederutvikling er relativt nye begreper! &#8211; N\u00e5r jeg sp\u00f8r hvor lenge har det v\u00e6rt ledelse, s\u00e5 tror folk det har v\u00e6rt ledelse alltid, men det har det ikke, poengterer Jan Ketil Arnulf, professor i organisasjonspsykologi ved Handelsh\u00f8yskolen BI. &#8211; Et s\u00f8k i Google Ngram eller Nasjonalbibliotekets hjemmesider som viser [&hellip;]<!-- AddThis Advanced Settings generic via filter on get_the_excerpt --><!-- AddThis Share Buttons generic via filter on get_the_excerpt --><\/p>\n","protected":false},"author":6,"featured_media":0,"parent":52442,"menu_order":0,"comment_status":"closed","ping_status":"closed","template":"elementor_header_footer","meta":{"_exactmetrics_skip_tracking":false,"_exactmetrics_sitenote_active":false,"_exactmetrics_sitenote_note":"","_exactmetrics_sitenote_category":0,"footnotes":""},"class_list":["post-53552","page","type-page","status-publish","hentry"],"wps_subtitle":"","_links":{"self":[{"href":"https:\/\/coachingpartner.net\/cp\/wp-json\/wp\/v2\/pages\/53552","targetHints":{"allow":["GET"]}}],"collection":[{"href":"https:\/\/coachingpartner.net\/cp\/wp-json\/wp\/v2\/pages"}],"about":[{"href":"https:\/\/coachingpartner.net\/cp\/wp-json\/wp\/v2\/types\/page"}],"author":[{"embeddable":true,"href":"https:\/\/coachingpartner.net\/cp\/wp-json\/wp\/v2\/users\/6"}],"replies":[{"embeddable":true,"href":"https:\/\/coachingpartner.net\/cp\/wp-json\/wp\/v2\/comments?post=53552"}],"version-history":[{"count":5,"href":"https:\/\/coachingpartner.net\/cp\/wp-json\/wp\/v2\/pages\/53552\/revisions"}],"predecessor-version":[{"id":53558,"href":"https:\/\/coachingpartner.net\/cp\/wp-json\/wp\/v2\/pages\/53552\/revisions\/53558"}],"up":[{"embeddable":true,"href":"https:\/\/coachingpartner.net\/cp\/wp-json\/wp\/v2\/pages\/52442"}],"wp:attachment":[{"href":"https:\/\/coachingpartner.net\/cp\/wp-json\/wp\/v2\/media?parent=53552"}],"curies":[{"name":"wp","href":"https:\/\/api.w.org\/{rel}","templated":true}]}}