{"id":53312,"date":"2024-06-26T01:19:38","date_gmt":"2024-06-26T00:19:38","guid":{"rendered":"https:\/\/coachingpartner.net\/cp\/?page_id=53312"},"modified":"2024-06-26T01:24:05","modified_gmt":"2024-06-26T00:24:05","slug":"episode-17","status":"publish","type":"page","link":"https:\/\/coachingpartner.net\/cp\/nb\/lederutviklingspodden\/episode-17\/","title":{"rendered":"Episode 17"},"content":{"rendered":"\t\t<div data-elementor-type=\"wp-page\" data-elementor-id=\"53312\" class=\"elementor elementor-53312\">\n\t\t\t\t\t\t<section class=\"elementor-section elementor-top-section elementor-element elementor-element-c47c13c animated-slow elementor-section-boxed elementor-section-height-default elementor-section-height-default elementor-invisible\" data-id=\"c47c13c\" data-element_type=\"section\" data-settings=\"{&quot;animation&quot;:&quot;fadeIn&quot;}\">\n\t\t\t\t\t\t<div class=\"elementor-container elementor-column-gap-default\">\n\t\t\t\t\t<div class=\"elementor-column elementor-col-50 elementor-top-column elementor-element elementor-element-f62f432\" data-id=\"f62f432\" data-element_type=\"column\">\n\t\t\t<div class=\"elementor-widget-wrap elementor-element-populated\">\n\t\t\t\t\t\t<div class=\"elementor-element elementor-element-d518bd9 elementor-widget elementor-widget-image\" data-id=\"d518bd9\" data-element_type=\"widget\" data-widget_type=\"image.default\">\n\t\t\t\t<div class=\"elementor-widget-container\">\n\t\t\t\t\t\t\t\t\t\t\t\t\t\t\t<img fetchpriority=\"high\" decoding=\"async\" width=\"624\" height=\"624\" src=\"https:\/\/coachingpartner.net\/cp\/wp-content\/uploads\/2024\/06\/BLfinal-624x624.jpg\" class=\"attachment-post-thumbnail size-post-thumbnail wp-image-53314\" alt=\"\" srcset=\"https:\/\/coachingpartner.net\/cp\/wp-content\/uploads\/2024\/06\/BLfinal-624x624.jpg 624w, https:\/\/coachingpartner.net\/cp\/wp-content\/uploads\/2024\/06\/BLfinal-300x300.jpg 300w, https:\/\/coachingpartner.net\/cp\/wp-content\/uploads\/2024\/06\/BLfinal-1024x1024.jpg 1024w, https:\/\/coachingpartner.net\/cp\/wp-content\/uploads\/2024\/06\/BLfinal-150x150.jpg 150w, https:\/\/coachingpartner.net\/cp\/wp-content\/uploads\/2024\/06\/BLfinal.jpg 1158w\" sizes=\"(max-width: 624px) 100vw, 624px\" \/>\t\t\t\t\t\t\t\t\t\t\t\t\t\t\t<\/div>\n\t\t\t\t<\/div>\n\t\t\t\t\t<\/div>\n\t\t<\/div>\n\t\t\t\t<div class=\"elementor-column elementor-col-50 elementor-top-column elementor-element elementor-element-8dd81de\" data-id=\"8dd81de\" data-element_type=\"column\">\n\t\t\t<div class=\"elementor-widget-wrap elementor-element-populated\">\n\t\t\t\t\t\t<section class=\"elementor-section elementor-inner-section elementor-element elementor-element-2f5ca38 elementor-section-boxed elementor-section-height-default elementor-section-height-default\" data-id=\"2f5ca38\" data-element_type=\"section\">\n\t\t\t\t\t\t<div class=\"elementor-container elementor-column-gap-default\">\n\t\t\t\t\t<div class=\"elementor-column elementor-col-50 elementor-inner-column elementor-element elementor-element-f5a4b04\" data-id=\"f5a4b04\" data-element_type=\"column\">\n\t\t\t<div class=\"elementor-widget-wrap elementor-element-populated\">\n\t\t\t\t\t\t<div class=\"elementor-element elementor-element-acca0ce elementor-view-default elementor-widget elementor-widget-icon\" data-id=\"acca0ce\" data-element_type=\"widget\" data-widget_type=\"icon.default\">\n\t\t\t\t<div class=\"elementor-widget-container\">\n\t\t\t\t\t\t\t<div class=\"elementor-icon-wrapper\">\n\t\t\t<div class=\"elementor-icon\">\n\t\t\t<i aria-hidden=\"true\" class=\"fas fa-podcast\"><\/i>\t\t\t<\/div>\n\t\t<\/div>\n\t\t\t\t\t\t<\/div>\n\t\t\t\t<\/div>\n\t\t\t\t\t<\/div>\n\t\t<\/div>\n\t\t\t\t<div class=\"elementor-column elementor-col-50 elementor-inner-column elementor-element elementor-element-a872ade\" data-id=\"a872ade\" data-element_type=\"column\">\n\t\t\t<div class=\"elementor-widget-wrap elementor-element-populated\">\n\t\t\t\t\t\t<div class=\"elementor-element elementor-element-bfbae77 elementor-widget elementor-widget-heading\" data-id=\"bfbae77\" data-element_type=\"widget\" data-widget_type=\"heading.default\">\n\t\t\t\t<div class=\"elementor-widget-container\">\n\t\t\t\t\t<h1 class=\"elementor-heading-title elementor-size-default\">#17 Birgitte Lange: - For \u00e5 v\u00e6re en god leder s\u00e5 m\u00e5 du elske mennesker<\/h1>\t\t\t\t<\/div>\n\t\t\t\t<\/div>\n\t\t\t\t\t<\/div>\n\t\t<\/div>\n\t\t\t\t\t<\/div>\n\t\t<\/section>\n\t\t\t\t<div class=\"elementor-element elementor-element-ee1853c elementor-widget elementor-widget-text-editor\" data-id=\"ee1853c\" data-element_type=\"widget\" data-widget_type=\"text-editor.default\">\n\t\t\t\t<div class=\"elementor-widget-container\">\n\t\t\t\t\t\t\t\t\t<p>&#8211; For \u00e5 v\u00e6re en god leder s\u00e5 m\u00e5 du elske mennesker. <br \/>Og hva legger jeg i det? Jo, du m\u00e5 ha kj\u00e6rlighet til andre mennesker, ha lyst til \u00e5 se det beste i dem, ha lyst til \u00e5 f\u00e5 de til \u00e5 blomstre og f\u00e5 tatt i bruk de egenskapene de har, og v\u00e6re opptatt av at de skal mestre, trives og fungere godt p\u00e5 jobben.<\/p><p>\u00a0<\/p><p>Birgitte Lange har v\u00e6rt Generalsekret\u00e6r i Redd Barna siden 2018 og hatt flere sentrale lederstillinger, blant annet som assisterende direkt\u00f8r i Utlendingsdirektoratet (UDI) og ekspedisjonssjef i Kulturdepartementet.<\/p><p>\u00a0<\/p><p>Hun er lidenskapelig opptatt av ledelse og lederutvikling, har skrevet b\u00f8ker om selvutvikling og skriver fast om ledelse i Dagens N\u00e6ringsliv.<\/p><p>\u00a0<\/p><p>Forrige uke var hennes siste uke som toppleder i Redd Barna, n\u00e5 starter hun for seg selv med lederutvikling i eget selskap.<br \/>&#8211; Min profesjonelle m\u00e5lsetning er at trygge ledere gir gode ledere. Hvis jeg kan hjelpe en eller flere ledere til \u00e5 bli s\u00e5 trygge som mulig i lederrollen, da f\u00f8ler jeg at jeg har lykkes, forteller hun.<\/p><p>\u00a0<\/p><p>N\u00e5r vi sp\u00f8r henne om hennes reise til dit hun er i dag, er lytting en av n\u00f8kkelferdighetene, som hun ser som sentralt b\u00e5de for seg selv og ledere generelt.<br \/>&#8211; Lytting er noe av det fineste og st\u00f8rste vi mennesker kan gj\u00f8re for hverandre, ikke bare i lederrollen, men i resten av livet. Hvis vi lytter og pr\u00f8ver \u00e5 ta innover oss det den andre pr\u00f8ver \u00e5 fortelle og v\u00e6re genuint tilstede i det jeg blir opptatt av fra det du forteller meg, s\u00e5 kan vi skape gull og magi i m\u00f8tene mellom oss, poengterer hun.<\/p><p>\u00a0<\/p><p>P\u00e5 sp\u00f8rsm\u00e5l om viktige egenskaper for ledere, trekker hun fram strategisk tenkning og poengterer at tydelig ledelse er et viktig bidrag for \u00e5 skape psykologisk trygghet.<\/p><p>\u00a0<\/p><p>&#8211; Jo mer forutsigbarhet du kan skape som leder og jo mer trygt du kan gj\u00f8re det for dine ansatte, jo mer slapper folk av og konsentrerer seg om jobben sin, forklarer hun.<\/p><p>\u00a0<\/p><p>Lederutviklingspodden\u00b4s episode nr 17 er proppfull av spennende innsikter fra en leder som 25 \u00e5rs sammenhengende erfaring som leder og toppleder.<\/p><p>\u00a0<\/p><p>God lytting og god ledelse!<\/p>\t\t\t\t\t\t\t\t<\/div>\n\t\t\t\t<\/div>\n\t\t\t\t<div class=\"elementor-element elementor-element-7e5af04 elementor-widget elementor-widget-heading\" data-id=\"7e5af04\" data-element_type=\"widget\" data-widget_type=\"heading.default\">\n\t\t\t\t<div class=\"elementor-widget-container\">\n\t\t\t\t\t<p class=\"elementor-heading-title elementor-size-default\">26. juni 2024<\/p>\t\t\t\t<\/div>\n\t\t\t\t<\/div>\n\t\t\t\t\t<\/div>\n\t\t<\/div>\n\t\t\t\t\t<\/div>\n\t\t<\/section>\n\t\t\t\t<section class=\"elementor-section elementor-top-section elementor-element elementor-element-567223d animated-slow elementor-section-boxed elementor-section-height-default elementor-section-height-default elementor-invisible\" data-id=\"567223d\" data-element_type=\"section\" data-settings=\"{&quot;animation&quot;:&quot;fadeIn&quot;,&quot;animation_delay&quot;:200}\">\n\t\t\t\t\t\t<div class=\"elementor-container elementor-column-gap-default\">\n\t\t\t\t\t<div class=\"elementor-column elementor-col-100 elementor-top-column elementor-element elementor-element-4fb0fac\" data-id=\"4fb0fac\" data-element_type=\"column\">\n\t\t\t<div class=\"elementor-widget-wrap elementor-element-populated\">\n\t\t\t\t\t\t<div class=\"elementor-element elementor-element-775f133 elementor-widget elementor-widget-html\" data-id=\"775f133\" data-element_type=\"widget\" data-widget_type=\"html.default\">\n\t\t\t\t<div class=\"elementor-widget-container\">\n\t\t\t\t\t<iframe src=\"https:\/\/player.rss.com\/lederutviklingspodden\/1539284?theme=light\" style=\"width: 100%; height: 150px;\" title=\"Birgitte Lange: - For \u00e5 v\u00e6re en god leder s\u00e5 m\u00e5 du\" frameBorder=\"0\" allow=\"accelerometer; autoplay; clipboard-write; encrypted-media; gyroscope; picture-in-picture\"><a href=\"https:\/\/rss.com\/podcasts\/lederutviklingspodden\/1539284\/\">Birgitte Lange: - For \u00e5 v\u00e6re en god leder s\u00e5 m\u00e5 du | RSS.com<\/a><\/iframe>\t\t\t\t<\/div>\n\t\t\t\t<\/div>\n\t\t\t\t\t<\/div>\n\t\t<\/div>\n\t\t\t\t\t<\/div>\n\t\t<\/section>\n\t\t\t\t<section class=\"elementor-section elementor-top-section elementor-element elementor-element-7dc46a1 elementor-section-boxed elementor-section-height-default elementor-section-height-default\" data-id=\"7dc46a1\" data-element_type=\"section\">\n\t\t\t\t\t\t<div class=\"elementor-container elementor-column-gap-default\">\n\t\t\t\t\t<div class=\"elementor-column elementor-col-100 elementor-top-column elementor-element elementor-element-563eae5\" data-id=\"563eae5\" data-element_type=\"column\">\n\t\t\t<div class=\"elementor-widget-wrap elementor-element-populated\">\n\t\t\t\t\t\t<div class=\"elementor-element elementor-element-15f7517 elementor-widget elementor-widget-text-editor\" data-id=\"15f7517\" data-element_type=\"widget\" data-widget_type=\"text-editor.default\">\n\t\t\t\t<div class=\"elementor-widget-container\">\n\t\t\t\t\t\t\t\t\t<p><a href=\"https:\/\/coachingpartner.net\/cp\/nb\/lederutviklingspodden\/\"><strong>&lt; Back to list<\/strong><\/a><\/p>\t\t\t\t\t\t\t\t<\/div>\n\t\t\t\t<\/div>\n\t\t\t\t\t<\/div>\n\t\t<\/div>\n\t\t\t\t\t<\/div>\n\t\t<\/section>\n\t\t\t\t<\/div>\n\t\t<!-- AddThis Advanced Settings generic via filter on the_content --><!-- AddThis Share Buttons generic via filter on the_content -->","protected":false},"excerpt":{"rendered":"<p>#17 Birgitte Lange: &#8211; For \u00e5 v\u00e6re en god leder s\u00e5 m\u00e5 du elske mennesker &#8211; For \u00e5 v\u00e6re en god leder s\u00e5 m\u00e5 du elske mennesker. Og hva legger jeg i det? Jo, du m\u00e5 ha kj\u00e6rlighet til andre mennesker, ha lyst til \u00e5 se det beste i dem, ha lyst til \u00e5 f\u00e5 [&hellip;]<!-- AddThis Advanced Settings generic via filter on get_the_excerpt --><!-- AddThis Share Buttons generic via filter on get_the_excerpt --><\/p>\n","protected":false},"author":6,"featured_media":0,"parent":52442,"menu_order":0,"comment_status":"closed","ping_status":"closed","template":"elementor_header_footer","meta":{"_exactmetrics_skip_tracking":false,"_exactmetrics_sitenote_active":false,"_exactmetrics_sitenote_note":"","_exactmetrics_sitenote_category":0,"footnotes":""},"class_list":["post-53312","page","type-page","status-publish","hentry"],"wps_subtitle":"","_links":{"self":[{"href":"https:\/\/coachingpartner.net\/cp\/wp-json\/wp\/v2\/pages\/53312","targetHints":{"allow":["GET"]}}],"collection":[{"href":"https:\/\/coachingpartner.net\/cp\/wp-json\/wp\/v2\/pages"}],"about":[{"href":"https:\/\/coachingpartner.net\/cp\/wp-json\/wp\/v2\/types\/page"}],"author":[{"embeddable":true,"href":"https:\/\/coachingpartner.net\/cp\/wp-json\/wp\/v2\/users\/6"}],"replies":[{"embeddable":true,"href":"https:\/\/coachingpartner.net\/cp\/wp-json\/wp\/v2\/comments?post=53312"}],"version-history":[{"count":4,"href":"https:\/\/coachingpartner.net\/cp\/wp-json\/wp\/v2\/pages\/53312\/revisions"}],"predecessor-version":[{"id":53317,"href":"https:\/\/coachingpartner.net\/cp\/wp-json\/wp\/v2\/pages\/53312\/revisions\/53317"}],"up":[{"embeddable":true,"href":"https:\/\/coachingpartner.net\/cp\/wp-json\/wp\/v2\/pages\/52442"}],"wp:attachment":[{"href":"https:\/\/coachingpartner.net\/cp\/wp-json\/wp\/v2\/media?parent=53312"}],"curies":[{"name":"wp","href":"https:\/\/api.w.org\/{rel}","templated":true}]}}