{"id":53302,"date":"2024-06-11T21:39:59","date_gmt":"2024-06-11T20:39:59","guid":{"rendered":"https:\/\/coachingpartner.net\/cp\/?page_id=53302"},"modified":"2024-06-11T21:45:55","modified_gmt":"2024-06-11T20:45:55","slug":"episode-16","status":"publish","type":"page","link":"https:\/\/coachingpartner.net\/cp\/nb\/lederutviklingspodden\/episode-16\/","title":{"rendered":"Episode 16"},"content":{"rendered":"\t\t<div data-elementor-type=\"wp-page\" data-elementor-id=\"53302\" class=\"elementor elementor-53302\">\n\t\t\t\t\t\t<section class=\"elementor-section elementor-top-section elementor-element elementor-element-c47c13c animated-slow elementor-section-boxed elementor-section-height-default elementor-section-height-default elementor-invisible\" data-id=\"c47c13c\" data-element_type=\"section\" data-settings=\"{&quot;animation&quot;:&quot;fadeIn&quot;}\">\n\t\t\t\t\t\t<div class=\"elementor-container elementor-column-gap-default\">\n\t\t\t\t\t<div class=\"elementor-column elementor-col-50 elementor-top-column elementor-element elementor-element-f62f432\" data-id=\"f62f432\" data-element_type=\"column\">\n\t\t\t<div class=\"elementor-widget-wrap elementor-element-populated\">\n\t\t\t\t\t\t<div class=\"elementor-element elementor-element-d518bd9 elementor-widget elementor-widget-image\" data-id=\"d518bd9\" data-element_type=\"widget\" data-widget_type=\"image.default\">\n\t\t\t\t<div class=\"elementor-widget-container\">\n\t\t\t\t\t\t\t\t\t\t\t\t\t\t\t<img fetchpriority=\"high\" decoding=\"async\" width=\"624\" height=\"624\" src=\"https:\/\/coachingpartner.net\/cp\/wp-content\/uploads\/2024\/06\/BMVO.jpg\" class=\"attachment-post-thumbnail size-post-thumbnail wp-image-53304\" alt=\"\" srcset=\"https:\/\/coachingpartner.net\/cp\/wp-content\/uploads\/2024\/06\/BMVO.jpg 2316w, https:\/\/coachingpartner.net\/cp\/wp-content\/uploads\/2024\/06\/BMVO-300x300.jpg 300w, https:\/\/coachingpartner.net\/cp\/wp-content\/uploads\/2024\/06\/BMVO-1024x1024.jpg 1024w, https:\/\/coachingpartner.net\/cp\/wp-content\/uploads\/2024\/06\/BMVO-150x150.jpg 150w, https:\/\/coachingpartner.net\/cp\/wp-content\/uploads\/2024\/06\/BMVO-1536x1536.jpg 1536w\" sizes=\"(max-width: 624px) 100vw, 624px\" \/>\t\t\t\t\t\t\t\t\t\t\t\t\t\t\t<\/div>\n\t\t\t\t<\/div>\n\t\t\t\t\t<\/div>\n\t\t<\/div>\n\t\t\t\t<div class=\"elementor-column elementor-col-50 elementor-top-column elementor-element elementor-element-8dd81de\" data-id=\"8dd81de\" data-element_type=\"column\">\n\t\t\t<div class=\"elementor-widget-wrap elementor-element-populated\">\n\t\t\t\t\t\t<section class=\"elementor-section elementor-inner-section elementor-element elementor-element-2f5ca38 elementor-section-boxed elementor-section-height-default elementor-section-height-default\" data-id=\"2f5ca38\" data-element_type=\"section\">\n\t\t\t\t\t\t<div class=\"elementor-container elementor-column-gap-default\">\n\t\t\t\t\t<div class=\"elementor-column elementor-col-50 elementor-inner-column elementor-element elementor-element-f5a4b04\" data-id=\"f5a4b04\" data-element_type=\"column\">\n\t\t\t<div class=\"elementor-widget-wrap elementor-element-populated\">\n\t\t\t\t\t\t<div class=\"elementor-element elementor-element-acca0ce elementor-view-default elementor-widget elementor-widget-icon\" data-id=\"acca0ce\" data-element_type=\"widget\" data-widget_type=\"icon.default\">\n\t\t\t\t<div class=\"elementor-widget-container\">\n\t\t\t\t\t\t\t<div class=\"elementor-icon-wrapper\">\n\t\t\t<div class=\"elementor-icon\">\n\t\t\t<i aria-hidden=\"true\" class=\"fas fa-podcast\"><\/i>\t\t\t<\/div>\n\t\t<\/div>\n\t\t\t\t\t\t<\/div>\n\t\t\t\t<\/div>\n\t\t\t\t\t<\/div>\n\t\t<\/div>\n\t\t\t\t<div class=\"elementor-column elementor-col-50 elementor-inner-column elementor-element elementor-element-a872ade\" data-id=\"a872ade\" data-element_type=\"column\">\n\t\t\t<div class=\"elementor-widget-wrap elementor-element-populated\">\n\t\t\t\t\t\t<div class=\"elementor-element elementor-element-bfbae77 elementor-widget elementor-widget-heading\" data-id=\"bfbae77\" data-element_type=\"widget\" data-widget_type=\"heading.default\">\n\t\t\t\t<div class=\"elementor-widget-container\">\n\t\t\t\t\t<h1 class=\"elementor-heading-title elementor-size-default\">#16 Bj\u00f8rn Mannsverk: - \u00b4Den st\u00f8rste faktoren er endringen fra en resultatorientert til en prestasjonsorientert kultur\u00b4<\/h1>\t\t\t\t<\/div>\n\t\t\t\t<\/div>\n\t\t\t\t\t<\/div>\n\t\t<\/div>\n\t\t\t\t\t<\/div>\n\t\t<\/section>\n\t\t\t\t<div class=\"elementor-element elementor-element-ee1853c elementor-widget elementor-widget-text-editor\" data-id=\"ee1853c\" data-element_type=\"widget\" data-widget_type=\"text-editor.default\">\n\t\t\t\t<div class=\"elementor-widget-container\">\n\t\t\t\t\t\t\t\t\t<p style=\"font-weight: 400;\">Bj\u00f8rn Mannsverk er av mange kjent som mentaltreneren som bidro til \u00e5 l\u00f8fte Bod\u00f8 Glimt fra 1. divisjon til toppen av Eliteserien i fotball og mange kjenner han ogs\u00e5 som team og lederutvikleren som siden 2022 har jobba i Oljefondet.<\/p><p style=\"font-weight: 400;\">\u00a0<\/p><p style=\"font-weight: 400;\">Han er utdannet jagerflyger og har hatt flere lederstillinger i forsvaret, blant annet som skvadronssjef ved forsvarets flybase i Bod\u00f8. <br \/><br \/>Som leder ved Skvadronen \u00f8nsket han \u00e5 satse p\u00e5 mental trening og fikk mulighet til \u00e5 teste ut et program fra Olympiatoppen. Fokus var p\u00e5 oppmerksomhetstrening (meditasjon, body skanning mm) i kombinasjon med \u00e5pne samtaler i grupper samt individuelle samtaler. De merka veldig gode effekter av dette.<\/p><p style=\"font-weight: 400;\">\u00a0<\/p><p style=\"font-weight: 400;\">Dette ble ogs\u00e5 utgangspunktet for mentaltrening og toppspillerutvikling i Bod\u00f8 Glimt \u2013 og n\u00e5 ogs\u00e5 team- og lederutvikling i Oljefondet.<\/p><p style=\"font-weight: 400;\">\u00a0<\/p><p style=\"font-weight: 400;\">Han forklarer at noe av fordelen med denne treningen at du blir bevisst p\u00e5 tanker og f\u00f8lelser og kan velge \u00e5 ta deg inn i f\u00f8lelsene eller \u00e5 ta deg ut av de.<\/p><p style=\"font-weight: 400;\">\u00a0<\/p><p style=\"font-weight: 400;\">&#8211; \u00a0N\u00e5r du har trent mye, blir tankesurr og f\u00f8lelsesaspektet bakgrunnsst\u00f8y.<\/p><p style=\"font-weight: 400;\">\u00a0<\/p><p style=\"font-weight: 400;\">Han forklarer at mye handler om eksponering og normalisering.<\/p><p style=\"font-weight: 400;\">\u00a0<\/p><p style=\"font-weight: 400;\">&#8211; Vi kan snakke med noen av de mest erfarne og dyktigste fotballspillerne vi har i Bod\u00f8 Glimt og sp\u00f8rre hvordan f\u00f8ler du det f\u00f8r kamp. \u00b4Nei jeg kjenner jo fortsatt p\u00e5 nerv\u00f8sitet, sitringer og hjertebank, men jeg lar ikke det p\u00e5virke meg p\u00e5 samme m\u00e5ten\u2019, sier de.<\/p><p style=\"font-weight: 400;\">\u00a0<\/p><p style=\"font-weight: 400;\">N\u00e5r det gjelder Bod\u00f8 Glimts suksess med mentaltrening trekker han fram kulturendringen <br \/>&#8211; Den st\u00f8rste faktoren i Bod\u00f8 Glimt er at vi endra kultur. Vi har endra kulturen fra en resultatorientert kultur til en prestasjonsorientert kultur, forklarer han.<\/p><p style=\"font-weight: 400;\">\u00a0<\/p><p style=\"font-weight: 400;\">Metoden er i det store og det hele den samme n\u00e5r han n\u00e5 jobber med Oljefondet. Det er de samme prinsippene, men med mer fokus p\u00e5 struktur med blant annet med programmer p\u00e5 individ, team og lederniv\u00e5.<\/p><p style=\"font-weight: 400;\">\u00a0<\/p><p style=\"font-weight: 400;\">Han forklarer videre:<\/p><p style=\"font-weight: 400;\">&#8211; Den overordna filosofen v\u00e5r er b\u00e6rekraftig organisasjonskultur, og da m\u00e5 vi se p\u00e5 individ, individet skal vare og organisasjonen skal vare.\u00a0<\/p><p style=\"font-weight: 400;\">\u00a0<\/p><p style=\"font-weight: 400;\">&#8211; M\u00e5let er at vi f\u00f8ler oss s\u00e5 trygg p\u00e5 hverandre, at vi kan aktivere mangfoldet, at vi t\u00f8r \u00e5 dele det vi f\u00f8ler og mener innenfor visse rammer uten at du f\u00e5r en frykt for en sosial konsekvens. Psykologisk trygghet st\u00e5r veldig sentralt.<\/p><p style=\"font-weight: 400;\">\u00a0<\/p><p style=\"font-weight: 400;\">&#8211; For oss er psykologisk trygget er en konsekvens av at vi gj\u00f8r de riktige tinga. Med riktig oppf\u00f8rsel, riktige behaviours, s\u00e5 vil vi skape psykologisk trygget i kombinasjon med at vi styrker selvf\u00f8lelsen p\u00e5 individniv\u00e5.<\/p><p style=\"font-weight: 400;\">\u00a0<\/p><p style=\"font-weight: 400;\">Du kan h\u00f8re mer om disse og mange andre spennende innsikter fra Lederutviklingspoddens episode nr 16.<\/p>\t\t\t\t\t\t\t\t<\/div>\n\t\t\t\t<\/div>\n\t\t\t\t<div class=\"elementor-element elementor-element-7e5af04 elementor-widget elementor-widget-heading\" data-id=\"7e5af04\" data-element_type=\"widget\" data-widget_type=\"heading.default\">\n\t\t\t\t<div class=\"elementor-widget-container\">\n\t\t\t\t\t<p class=\"elementor-heading-title elementor-size-default\">11. juni 2024<\/p>\t\t\t\t<\/div>\n\t\t\t\t<\/div>\n\t\t\t\t\t<\/div>\n\t\t<\/div>\n\t\t\t\t\t<\/div>\n\t\t<\/section>\n\t\t\t\t<section class=\"elementor-section elementor-top-section elementor-element elementor-element-567223d animated-slow elementor-section-boxed elementor-section-height-default elementor-section-height-default elementor-invisible\" data-id=\"567223d\" data-element_type=\"section\" data-settings=\"{&quot;animation&quot;:&quot;fadeIn&quot;,&quot;animation_delay&quot;:200}\">\n\t\t\t\t\t\t<div class=\"elementor-container elementor-column-gap-default\">\n\t\t\t\t\t<div class=\"elementor-column elementor-col-100 elementor-top-column elementor-element elementor-element-4fb0fac\" data-id=\"4fb0fac\" data-element_type=\"column\">\n\t\t\t<div class=\"elementor-widget-wrap elementor-element-populated\">\n\t\t\t\t\t\t<div class=\"elementor-element elementor-element-775f133 elementor-widget elementor-widget-html\" data-id=\"775f133\" data-element_type=\"widget\" data-widget_type=\"html.default\">\n\t\t\t\t<div class=\"elementor-widget-container\">\n\t\t\t\t\t<iframe src=\"https:\/\/player.rss.com\/lederutviklingspodden\/1521494?theme=light\" style=\"width: 100%; height: 150px;\" title=\"Bj\u00f8rn Mannsverk: - Den st\u00f8rste faktoren er endring\" frameBorder=\"0\" allow=\"accelerometer; autoplay; clipboard-write; encrypted-media; gyroscope; picture-in-picture\"><a href=\"https:\/\/rss.com\/podcasts\/lederutviklingspodden\/1521494\/\">Bj\u00f8rn Mannsverk: - Den st\u00f8rste faktoren er endring | RSS.com<\/a><\/iframe>\t\t\t\t<\/div>\n\t\t\t\t<\/div>\n\t\t\t\t\t<\/div>\n\t\t<\/div>\n\t\t\t\t\t<\/div>\n\t\t<\/section>\n\t\t\t\t<section class=\"elementor-section elementor-top-section elementor-element elementor-element-7dc46a1 elementor-section-boxed elementor-section-height-default elementor-section-height-default\" data-id=\"7dc46a1\" data-element_type=\"section\">\n\t\t\t\t\t\t<div class=\"elementor-container elementor-column-gap-default\">\n\t\t\t\t\t<div class=\"elementor-column elementor-col-100 elementor-top-column elementor-element elementor-element-563eae5\" data-id=\"563eae5\" data-element_type=\"column\">\n\t\t\t<div class=\"elementor-widget-wrap elementor-element-populated\">\n\t\t\t\t\t\t<div class=\"elementor-element elementor-element-15f7517 elementor-widget elementor-widget-text-editor\" data-id=\"15f7517\" data-element_type=\"widget\" data-widget_type=\"text-editor.default\">\n\t\t\t\t<div class=\"elementor-widget-container\">\n\t\t\t\t\t\t\t\t\t<p><a href=\"https:\/\/coachingpartner.net\/cp\/nb\/lederutviklingspodden\/\"><strong>&lt; Back to list<\/strong><\/a><\/p>\t\t\t\t\t\t\t\t<\/div>\n\t\t\t\t<\/div>\n\t\t\t\t\t<\/div>\n\t\t<\/div>\n\t\t\t\t\t<\/div>\n\t\t<\/section>\n\t\t\t\t<\/div>\n\t\t<!-- AddThis Advanced Settings generic via filter on the_content --><!-- AddThis Share Buttons generic via filter on the_content -->","protected":false},"excerpt":{"rendered":"<p>#16 Bj\u00f8rn Mannsverk: &#8211; \u00b4Den st\u00f8rste faktoren er endringen fra en resultatorientert til en prestasjonsorientert kultur\u00b4 Bj\u00f8rn Mannsverk er av mange kjent som mentaltreneren som bidro til \u00e5 l\u00f8fte Bod\u00f8 Glimt fra 1. divisjon til toppen av Eliteserien i fotball og mange kjenner han ogs\u00e5 som team og lederutvikleren som siden 2022 har jobba i [&hellip;]<!-- AddThis Advanced Settings generic via filter on get_the_excerpt --><!-- AddThis Share Buttons generic via filter on get_the_excerpt --><\/p>\n","protected":false},"author":6,"featured_media":0,"parent":52442,"menu_order":0,"comment_status":"closed","ping_status":"closed","template":"elementor_header_footer","meta":{"_exactmetrics_skip_tracking":false,"_exactmetrics_sitenote_active":false,"_exactmetrics_sitenote_note":"","_exactmetrics_sitenote_category":0,"footnotes":""},"class_list":["post-53302","page","type-page","status-publish","hentry"],"wps_subtitle":"","_links":{"self":[{"href":"https:\/\/coachingpartner.net\/cp\/wp-json\/wp\/v2\/pages\/53302","targetHints":{"allow":["GET"]}}],"collection":[{"href":"https:\/\/coachingpartner.net\/cp\/wp-json\/wp\/v2\/pages"}],"about":[{"href":"https:\/\/coachingpartner.net\/cp\/wp-json\/wp\/v2\/types\/page"}],"author":[{"embeddable":true,"href":"https:\/\/coachingpartner.net\/cp\/wp-json\/wp\/v2\/users\/6"}],"replies":[{"embeddable":true,"href":"https:\/\/coachingpartner.net\/cp\/wp-json\/wp\/v2\/comments?post=53302"}],"version-history":[{"count":5,"href":"https:\/\/coachingpartner.net\/cp\/wp-json\/wp\/v2\/pages\/53302\/revisions"}],"predecessor-version":[{"id":53308,"href":"https:\/\/coachingpartner.net\/cp\/wp-json\/wp\/v2\/pages\/53302\/revisions\/53308"}],"up":[{"embeddable":true,"href":"https:\/\/coachingpartner.net\/cp\/wp-json\/wp\/v2\/pages\/52442"}],"wp:attachment":[{"href":"https:\/\/coachingpartner.net\/cp\/wp-json\/wp\/v2\/media?parent=53302"}],"curies":[{"name":"wp","href":"https:\/\/api.w.org\/{rel}","templated":true}]}}