{"id":53187,"date":"2023-12-19T00:17:17","date_gmt":"2023-12-19T00:17:17","guid":{"rendered":"https:\/\/coachingpartner.net\/cp\/?page_id=53187"},"modified":"2023-12-19T11:23:31","modified_gmt":"2023-12-19T11:23:31","slug":"episode-11","status":"publish","type":"page","link":"https:\/\/coachingpartner.net\/cp\/nb\/lederutviklingspodden\/episode-11\/","title":{"rendered":"Episode 11"},"content":{"rendered":"\t\t<div data-elementor-type=\"wp-page\" data-elementor-id=\"53187\" class=\"elementor elementor-53187\">\n\t\t\t\t\t\t<section class=\"elementor-section elementor-top-section elementor-element elementor-element-c47c13c animated-slow elementor-section-boxed elementor-section-height-default elementor-section-height-default elementor-invisible\" data-id=\"c47c13c\" data-element_type=\"section\" data-settings=\"{&quot;animation&quot;:&quot;fadeIn&quot;}\">\n\t\t\t\t\t\t<div class=\"elementor-container elementor-column-gap-default\">\n\t\t\t\t\t<div class=\"elementor-column elementor-col-50 elementor-top-column elementor-element elementor-element-f62f432\" data-id=\"f62f432\" data-element_type=\"column\">\n\t\t\t<div class=\"elementor-widget-wrap elementor-element-populated\">\n\t\t\t\t\t\t<div class=\"elementor-element elementor-element-d518bd9 elementor-widget elementor-widget-image\" data-id=\"d518bd9\" data-element_type=\"widget\" data-widget_type=\"image.default\">\n\t\t\t\t<div class=\"elementor-widget-container\">\n\t\t\t\t\t\t\t\t\t\t\t\t\t\t\t<img fetchpriority=\"high\" decoding=\"async\" width=\"624\" height=\"624\" src=\"https:\/\/coachingpartner.net\/cp\/wp-content\/uploads\/2023\/12\/Photo-12-10-2023-15-11-11-624x624.jpg\" class=\"attachment-post-thumbnail size-post-thumbnail wp-image-53195\" alt=\"\" srcset=\"https:\/\/coachingpartner.net\/cp\/wp-content\/uploads\/2023\/12\/Photo-12-10-2023-15-11-11-624x624.jpg 624w, https:\/\/coachingpartner.net\/cp\/wp-content\/uploads\/2023\/12\/Photo-12-10-2023-15-11-11-300x300.jpg 300w, https:\/\/coachingpartner.net\/cp\/wp-content\/uploads\/2023\/12\/Photo-12-10-2023-15-11-11-1024x1024.jpg 1024w, https:\/\/coachingpartner.net\/cp\/wp-content\/uploads\/2023\/12\/Photo-12-10-2023-15-11-11-150x150.jpg 150w, https:\/\/coachingpartner.net\/cp\/wp-content\/uploads\/2023\/12\/Photo-12-10-2023-15-11-11-1536x1536.jpg 1536w, https:\/\/coachingpartner.net\/cp\/wp-content\/uploads\/2023\/12\/Photo-12-10-2023-15-11-11-2048x2048.jpg 2048w\" sizes=\"(max-width: 624px) 100vw, 624px\" \/>\t\t\t\t\t\t\t\t\t\t\t\t\t\t\t<\/div>\n\t\t\t\t<\/div>\n\t\t\t\t\t<\/div>\n\t\t<\/div>\n\t\t\t\t<div class=\"elementor-column elementor-col-50 elementor-top-column elementor-element elementor-element-8dd81de\" data-id=\"8dd81de\" data-element_type=\"column\">\n\t\t\t<div class=\"elementor-widget-wrap elementor-element-populated\">\n\t\t\t\t\t\t<section class=\"elementor-section elementor-inner-section elementor-element elementor-element-2f5ca38 elementor-section-boxed elementor-section-height-default elementor-section-height-default\" data-id=\"2f5ca38\" data-element_type=\"section\">\n\t\t\t\t\t\t<div class=\"elementor-container elementor-column-gap-default\">\n\t\t\t\t\t<div class=\"elementor-column elementor-col-50 elementor-inner-column elementor-element elementor-element-f5a4b04\" data-id=\"f5a4b04\" data-element_type=\"column\">\n\t\t\t<div class=\"elementor-widget-wrap elementor-element-populated\">\n\t\t\t\t\t\t<div class=\"elementor-element elementor-element-acca0ce elementor-view-default elementor-widget elementor-widget-icon\" data-id=\"acca0ce\" data-element_type=\"widget\" data-widget_type=\"icon.default\">\n\t\t\t\t<div class=\"elementor-widget-container\">\n\t\t\t\t\t\t\t<div class=\"elementor-icon-wrapper\">\n\t\t\t<div class=\"elementor-icon\">\n\t\t\t<i aria-hidden=\"true\" class=\"fas fa-podcast\"><\/i>\t\t\t<\/div>\n\t\t<\/div>\n\t\t\t\t\t\t<\/div>\n\t\t\t\t<\/div>\n\t\t\t\t\t<\/div>\n\t\t<\/div>\n\t\t\t\t<div class=\"elementor-column elementor-col-50 elementor-inner-column elementor-element elementor-element-a872ade\" data-id=\"a872ade\" data-element_type=\"column\">\n\t\t\t<div class=\"elementor-widget-wrap elementor-element-populated\">\n\t\t\t\t\t\t<div class=\"elementor-element elementor-element-bfbae77 elementor-widget elementor-widget-heading\" data-id=\"bfbae77\" data-element_type=\"widget\" data-widget_type=\"heading.default\">\n\t\t\t\t<div class=\"elementor-widget-container\">\n\t\t\t\t\t<h1 class=\"elementor-heading-title elementor-size-default\">#11 Per-Magnus Thompson - \u00b4I emosjonsfokusert ledelse er det f\u00f8lelsene som har forrang\u00b4<\/h1>\t\t\t\t<\/div>\n\t\t\t\t<\/div>\n\t\t\t\t\t<\/div>\n\t\t<\/div>\n\t\t\t\t\t<\/div>\n\t\t<\/section>\n\t\t\t\t<div class=\"elementor-element elementor-element-ee1853c elementor-widget elementor-widget-text-editor\" data-id=\"ee1853c\" data-element_type=\"widget\" data-widget_type=\"text-editor.default\">\n\t\t\t\t<div class=\"elementor-widget-container\">\n\t\t\t\t\t\t\t\t\t<p style=\"font-weight: 400;\"><span style=\"color: #000000;\">&#8211; Vi er i en tidsalder hvor det er en liten emosjonell revolusjon p\u00e5 gang.<\/span><\/p><p style=\"font-weight: 400;\"><span style=\"color: #000000;\">Vi er i et skifte der de nye generasjonene er vant til \u00e5 forholde seg til voksne som er emosjonelt kompetente. De er mer opptatt av perspektivet om at varm er effektivt, trygg er effektivt og tillit er effektivt, og har forventninger om at arbeidslivet ogs\u00e5 er rigga p\u00e5 den m\u00e5ten.<\/span><\/p><p style=\"font-weight: 400;\"><span style=\"color: #000000;\">Per-Magnus Thompson er f\u00f8rsteamanuensis ved Institutt for ledelse og organisasjon ved Handelsh\u00f8yskolen BI, der han underviser og forsker p\u00e5 ledelse og teamutvikling. Han er ogs\u00e5 psykologspesialist med bakgrunn fra Universitet i Oslo og har i flere \u00e5r jobbet som terapeut for ledere.<\/span><\/p><p style=\"font-weight: 400;\"><span style=\"color: #000000;\">Han\u00a0p\u00e5peker at lederens emosjonelle ferdigheter blir stadig viktigere.<\/span><\/p><p style=\"font-weight: 400;\"><span style=\"color: #000000;\">&#8211; I emosjonsfokusert ledelse tenker man at f\u00f8lelsene er fulle av informasjon og n\u00e5r vi jobber med endring s\u00e5 jobber vi mye med \u00e5 prosessere f\u00f8lelser. Utgangspunktet er at vi starter med f\u00f8lelser og at f\u00f8lelser er et informasjonssystem som forteller b\u00e5de oss selv og omverdenen om behovene v\u00e5re, hva vi trenger for \u00e5 ha det bra og hva vi trenger n\u00e5, forklarer han.<\/span><\/p><p style=\"font-weight: 400;\"><span style=\"color: #000000;\">Vi snakker ogs\u00e5 om psykologisk trygghet som har v\u00e6rt et \u00b4buzzword\u00b4 i Norge de siste 5 til 10 \u00e5rene men som er et begrep som har v\u00e6rt velkjent i psykologien siden 70-tallet.\u00a0<\/span><\/p><p style=\"font-weight: 400;\"><span style=\"color: #000000;\">Han beskriver psykologisk trygghet som en velfungerende og trygg relasjon som gj\u00f8r at vi presterer. Fra tilknytnings &#8211; og omsorgslitteraturen p\u00e5peker han at er det 3 mark\u00f8rer som st\u00e5r frem:<\/span><\/p><p style=\"font-weight: 400;\"><span style=\"color: #000000;\">\u2714 Tilgjengelighet, er du der n\u00e5r jeg trenger deg?<\/span><\/p><p style=\"font-weight: 400;\"><span style=\"color: #000000;\">\u2714 Empati og perspektivtaking, n\u00e5r jeg kommer til deg, forst\u00e5r du meg?<\/span><\/p><p style=\"font-weight: 400;\"><span style=\"color: #000000;\">\u2714 Responsivitet, kan du hjelpe meg n\u00e5r jeg kommer til deg?<\/span><\/p><p style=\"font-weight: 400;\"><span style=\"color: #000000;\">&#8211; Hvis en av de 3 ikke funker vil du f\u00e5 en ikke-fungerende og utrygg relasjon, poengterer han.<\/span><\/p><p style=\"font-weight: 400;\"><span style=\"color: #000000;\">I Lederutviklingspodden episode nr. 11 f\u00e5r du klare svar p\u00e5 n\u00f8kkelferdighetene ledere m\u00e5 h\u00e5ndtere og utvikle seg innenfor, og hvordan de kan trene p\u00e5 disse i praksis.<\/span><\/p>\t\t\t\t\t\t\t\t<\/div>\n\t\t\t\t<\/div>\n\t\t\t\t<div class=\"elementor-element elementor-element-7e5af04 elementor-widget elementor-widget-heading\" data-id=\"7e5af04\" data-element_type=\"widget\" data-widget_type=\"heading.default\">\n\t\t\t\t<div class=\"elementor-widget-container\">\n\t\t\t\t\t<p class=\"elementor-heading-title elementor-size-default\">December 19, 2023<\/p>\t\t\t\t<\/div>\n\t\t\t\t<\/div>\n\t\t\t\t\t<\/div>\n\t\t<\/div>\n\t\t\t\t\t<\/div>\n\t\t<\/section>\n\t\t\t\t<section class=\"elementor-section elementor-top-section elementor-element elementor-element-567223d animated-slow elementor-section-boxed elementor-section-height-default elementor-section-height-default elementor-invisible\" data-id=\"567223d\" data-element_type=\"section\" data-settings=\"{&quot;animation&quot;:&quot;fadeIn&quot;,&quot;animation_delay&quot;:200}\">\n\t\t\t\t\t\t<div class=\"elementor-container elementor-column-gap-default\">\n\t\t\t\t\t<div class=\"elementor-column elementor-col-100 elementor-top-column elementor-element elementor-element-4fb0fac\" data-id=\"4fb0fac\" data-element_type=\"column\">\n\t\t\t<div class=\"elementor-widget-wrap elementor-element-populated\">\n\t\t\t\t\t\t<div class=\"elementor-element elementor-element-775f133 elementor-widget elementor-widget-html\" data-id=\"775f133\" data-element_type=\"widget\" data-widget_type=\"html.default\">\n\t\t\t\t<div class=\"elementor-widget-container\">\n\t\t\t\t\t<iframe src=\"https:\/\/player.rss.com\/lederutviklingspodden\/1270729?theme=light\" style=\"width: 100%\" title=\"Lederutviklingspodden\" frameborder=\"0\" allow=\"accelerometer; autoplay; clipboard-write; encrypted-media; gyroscope; picture-in-picture\" allowfullscreen><a href=\"https:\/\/rss.com\/podcasts\/lederutviklingspodden\/1270729\/\">Per-Magnus Thompson - \u00b4I emosjonsfokusert ledelse er det f\u00f8lelsene som har forrang\u00b4 | RSS.com<\/a><\/iframe>\t\t\t\t<\/div>\n\t\t\t\t<\/div>\n\t\t\t\t\t<\/div>\n\t\t<\/div>\n\t\t\t\t\t<\/div>\n\t\t<\/section>\n\t\t\t\t<section class=\"elementor-section elementor-top-section elementor-element elementor-element-7dc46a1 elementor-section-boxed elementor-section-height-default elementor-section-height-default\" data-id=\"7dc46a1\" data-element_type=\"section\">\n\t\t\t\t\t\t<div class=\"elementor-container elementor-column-gap-default\">\n\t\t\t\t\t<div class=\"elementor-column elementor-col-100 elementor-top-column elementor-element elementor-element-563eae5\" data-id=\"563eae5\" data-element_type=\"column\">\n\t\t\t<div class=\"elementor-widget-wrap elementor-element-populated\">\n\t\t\t\t\t\t<div class=\"elementor-element elementor-element-15f7517 elementor-widget elementor-widget-text-editor\" data-id=\"15f7517\" data-element_type=\"widget\" data-widget_type=\"text-editor.default\">\n\t\t\t\t<div class=\"elementor-widget-container\">\n\t\t\t\t\t\t\t\t\t<p><a href=\"https:\/\/coachingpartner.net\/cp\/nb\/lederutviklingspodden\/\"><strong>&lt; Back to list<\/strong><\/a><\/p>\t\t\t\t\t\t\t\t<\/div>\n\t\t\t\t<\/div>\n\t\t\t\t\t<\/div>\n\t\t<\/div>\n\t\t\t\t\t<\/div>\n\t\t<\/section>\n\t\t\t\t<\/div>\n\t\t<!-- AddThis Advanced Settings generic via filter on the_content --><!-- AddThis Share Buttons generic via filter on the_content -->","protected":false},"excerpt":{"rendered":"<p>#11 Per-Magnus Thompson &#8211; \u00b4I emosjonsfokusert ledelse er det f\u00f8lelsene som har forrang\u00b4 &#8211; Vi er i en tidsalder hvor det er en liten emosjonell revolusjon p\u00e5 gang. Vi er i et skifte der de nye generasjonene er vant til \u00e5 forholde seg til voksne som er emosjonelt kompetente. De er mer opptatt av perspektivet [&hellip;]<!-- AddThis Advanced Settings generic via filter on get_the_excerpt --><!-- AddThis Share Buttons generic via filter on get_the_excerpt --><\/p>\n","protected":false},"author":6,"featured_media":0,"parent":52442,"menu_order":0,"comment_status":"closed","ping_status":"closed","template":"elementor_header_footer","meta":{"_exactmetrics_skip_tracking":false,"_exactmetrics_sitenote_active":false,"_exactmetrics_sitenote_note":"","_exactmetrics_sitenote_category":0,"footnotes":""},"class_list":["post-53187","page","type-page","status-publish","hentry"],"wps_subtitle":"","_links":{"self":[{"href":"https:\/\/coachingpartner.net\/cp\/wp-json\/wp\/v2\/pages\/53187","targetHints":{"allow":["GET"]}}],"collection":[{"href":"https:\/\/coachingpartner.net\/cp\/wp-json\/wp\/v2\/pages"}],"about":[{"href":"https:\/\/coachingpartner.net\/cp\/wp-json\/wp\/v2\/types\/page"}],"author":[{"embeddable":true,"href":"https:\/\/coachingpartner.net\/cp\/wp-json\/wp\/v2\/users\/6"}],"replies":[{"embeddable":true,"href":"https:\/\/coachingpartner.net\/cp\/wp-json\/wp\/v2\/comments?post=53187"}],"version-history":[{"count":5,"href":"https:\/\/coachingpartner.net\/cp\/wp-json\/wp\/v2\/pages\/53187\/revisions"}],"predecessor-version":[{"id":53204,"href":"https:\/\/coachingpartner.net\/cp\/wp-json\/wp\/v2\/pages\/53187\/revisions\/53204"}],"up":[{"embeddable":true,"href":"https:\/\/coachingpartner.net\/cp\/wp-json\/wp\/v2\/pages\/52442"}],"wp:attachment":[{"href":"https:\/\/coachingpartner.net\/cp\/wp-json\/wp\/v2\/media?parent=53187"}],"curies":[{"name":"wp","href":"https:\/\/api.w.org\/{rel}","templated":true}]}}