{"id":53172,"date":"2023-11-15T01:12:20","date_gmt":"2023-11-15T01:12:20","guid":{"rendered":"https:\/\/coachingpartner.net\/cp\/?page_id=53172"},"modified":"2023-11-15T01:29:44","modified_gmt":"2023-11-15T01:29:44","slug":"episode-10","status":"publish","type":"page","link":"https:\/\/coachingpartner.net\/cp\/nb\/lederutviklingspodden\/episode-10\/","title":{"rendered":"Episode 10"},"content":{"rendered":"\t\t<div data-elementor-type=\"wp-page\" data-elementor-id=\"53172\" class=\"elementor elementor-53172\">\n\t\t\t\t\t\t<section class=\"elementor-section elementor-top-section elementor-element elementor-element-c47c13c animated-slow elementor-section-boxed elementor-section-height-default elementor-section-height-default elementor-invisible\" data-id=\"c47c13c\" data-element_type=\"section\" data-settings=\"{&quot;animation&quot;:&quot;fadeIn&quot;}\">\n\t\t\t\t\t\t<div class=\"elementor-container elementor-column-gap-default\">\n\t\t\t\t\t<div class=\"elementor-column elementor-col-50 elementor-top-column elementor-element elementor-element-f62f432\" data-id=\"f62f432\" data-element_type=\"column\">\n\t\t\t<div class=\"elementor-widget-wrap elementor-element-populated\">\n\t\t\t\t\t\t<div class=\"elementor-element elementor-element-d518bd9 elementor-widget elementor-widget-image\" data-id=\"d518bd9\" data-element_type=\"widget\" data-widget_type=\"image.default\">\n\t\t\t\t<div class=\"elementor-widget-container\">\n\t\t\t\t\t\t\t\t\t\t\t\t\t\t\t<img fetchpriority=\"high\" decoding=\"async\" width=\"624\" height=\"624\" src=\"https:\/\/coachingpartner.net\/cp\/wp-content\/uploads\/2023\/11\/CEB.jpg\" class=\"attachment-post-thumbnail size-post-thumbnail wp-image-53174\" alt=\"\" srcset=\"https:\/\/coachingpartner.net\/cp\/wp-content\/uploads\/2023\/11\/CEB.jpg 2320w, https:\/\/coachingpartner.net\/cp\/wp-content\/uploads\/2023\/11\/CEB-300x300.jpg 300w, https:\/\/coachingpartner.net\/cp\/wp-content\/uploads\/2023\/11\/CEB-1024x1024.jpg 1024w, https:\/\/coachingpartner.net\/cp\/wp-content\/uploads\/2023\/11\/CEB-150x150.jpg 150w, https:\/\/coachingpartner.net\/cp\/wp-content\/uploads\/2023\/11\/CEB-1536x1536.jpg 1536w\" sizes=\"(max-width: 624px) 100vw, 624px\" \/>\t\t\t\t\t\t\t\t\t\t\t\t\t\t\t<\/div>\n\t\t\t\t<\/div>\n\t\t\t\t\t<\/div>\n\t\t<\/div>\n\t\t\t\t<div class=\"elementor-column elementor-col-50 elementor-top-column elementor-element elementor-element-8dd81de\" data-id=\"8dd81de\" data-element_type=\"column\">\n\t\t\t<div class=\"elementor-widget-wrap elementor-element-populated\">\n\t\t\t\t\t\t<section class=\"elementor-section elementor-inner-section elementor-element elementor-element-2f5ca38 elementor-section-boxed elementor-section-height-default elementor-section-height-default\" data-id=\"2f5ca38\" data-element_type=\"section\">\n\t\t\t\t\t\t<div class=\"elementor-container elementor-column-gap-default\">\n\t\t\t\t\t<div class=\"elementor-column elementor-col-50 elementor-inner-column elementor-element elementor-element-f5a4b04\" data-id=\"f5a4b04\" data-element_type=\"column\">\n\t\t\t<div class=\"elementor-widget-wrap elementor-element-populated\">\n\t\t\t\t\t\t<div class=\"elementor-element elementor-element-acca0ce elementor-view-default elementor-widget elementor-widget-icon\" data-id=\"acca0ce\" data-element_type=\"widget\" data-widget_type=\"icon.default\">\n\t\t\t\t<div class=\"elementor-widget-container\">\n\t\t\t\t\t\t\t<div class=\"elementor-icon-wrapper\">\n\t\t\t<div class=\"elementor-icon\">\n\t\t\t<i aria-hidden=\"true\" class=\"fas fa-podcast\"><\/i>\t\t\t<\/div>\n\t\t<\/div>\n\t\t\t\t\t\t<\/div>\n\t\t\t\t<\/div>\n\t\t\t\t\t<\/div>\n\t\t<\/div>\n\t\t\t\t<div class=\"elementor-column elementor-col-50 elementor-inner-column elementor-element elementor-element-a872ade\" data-id=\"a872ade\" data-element_type=\"column\">\n\t\t\t<div class=\"elementor-widget-wrap elementor-element-populated\">\n\t\t\t\t\t\t<div class=\"elementor-element elementor-element-bfbae77 elementor-widget elementor-widget-heading\" data-id=\"bfbae77\" data-element_type=\"widget\" data-widget_type=\"heading.default\">\n\t\t\t\t<div class=\"elementor-widget-container\">\n\t\t\t\t\t<h1 class=\"elementor-heading-title elementor-size-default\">#10 Camilla Elise Berg - \u00b4Vi m\u00e5 roe ned for \u00e5 finne de gode l\u00f8sningene\u00b4<\/h1>\t\t\t\t<\/div>\n\t\t\t\t<\/div>\n\t\t\t\t\t<\/div>\n\t\t<\/div>\n\t\t\t\t\t<\/div>\n\t\t<\/section>\n\t\t\t\t<div class=\"elementor-element elementor-element-ee1853c elementor-widget elementor-widget-text-editor\" data-id=\"ee1853c\" data-element_type=\"widget\" data-widget_type=\"text-editor.default\">\n\t\t\t\t<div class=\"elementor-widget-container\">\n\t\t\t\t\t\t\t\t\t<p style=\"font-weight: 400;\"><span style=\"color: #000000;\">Det er krise i verden i dag n\u00e5r det gjelder milj\u00f8, og det er vanskelig \u00e5 snakke om lederutvikling uten \u00e5 snakke om hvordan ledere h\u00e5ndterer kriser som dette.<\/span><\/p><p>\u00a0<\/p><p style=\"font-weight: 400;\"><span style=\"color: #000000;\">Mange vil nok hevde at h\u00e5ndtering av kriser og store problemer er selve syretesten p\u00e5 god ledelse.\u00a0<\/span><\/p><p>\u00a0<\/p><p style=\"font-weight: 400;\"><span style=\"color: #000000;\">Sp\u00f8rsm\u00e5let er: hvilke ferdigheter er viktige for ledere som vil v\u00e6re en del av l\u00f8sningen p\u00e5 de store krisene verden st\u00e5r overfor?\u00a0<\/span><\/p><p>\u00a0<\/p><p style=\"font-weight: 400;\"><span style=\"color: #000000;\">En som jobber aktiv med dette er Camilla Elise Berg. I 2019 starta hun Awake sammen med sin medgr\u00fcnder Marte Alstad Hansen. Hos Awake jobber de aktivt med b\u00e6rekraftig utvikling og indre b\u00e6rekraft, og hjelper bedrifter b\u00e5de med strategi og kommunikasjonsstrategi, og med lederutvikling og personlig utvikling individuelt og kollektivt.<\/span><\/p><p>\u00a0<\/p><p style=\"font-weight: 400;\"><span style=\"color: #000000;\">&#8211; Mange tenker at b\u00e6rekraft er bare milj\u00f8 og klima, men b\u00e6rekraft handler om \u00e5 ha kraft over tid med noe som skal vare lenge og at du skal forvalte ressursene dine over lengre tid, forklarer Camilla.<\/span><\/p><p>\u00a0<\/p><p style=\"font-weight: 400;\"><span style=\"color: #000000;\">&#8211; Samfunnet har mye fokus p\u00e5 den ytre b\u00e6rekraften &#8211; p\u00e5 teknologi, politikk og finans, hva slags tiltak vi skal gj\u00f8re og hva slags teknologi vi skal utvikle, ogs\u00e5 er det veldig lite fokus p\u00e5 \u00e5 forvalte de ressursene som faktisk skal gj\u00f8re endringene.<\/span><\/p><p>\u00a0<\/p><p style=\"font-weight: 400;\"><span style=\"color: #000000;\">&#8211; En gallupunders\u00f8kelse fra i fjor viser at vi aldri har v\u00e6rt s\u00e5 slitne og utbrente som i dag p\u00e5 verdensbasis. S\u00e5 vi skal skynde oss p\u00e5 \u00e5 n\u00e5 noen b\u00e6rekraftsm\u00e5l og gj\u00f8re veldig mye tiltak, ogs\u00e5 brenner vi ut folkene i andre enden og da har du egentlig ikke l\u00f8st problemet, poengterer Camilla<\/span><\/p><p>\u00a0<\/p><p style=\"font-weight: 400;\"><span style=\"color: #000000;\">&#8211; Mange stresser og skal skynde seg for \u00e5 f\u00e5 de gode l\u00f8sningene, og jeg er ogs\u00e5 opptatt av dette, men for \u00e5 f\u00e5 de gode l\u00f8sningene er vi n\u00f8dt til \u00e5 roe ned\u201d, poengterer hun engasjert.<\/span><\/p><p>\u00a0<\/p><p style=\"font-weight: 400;\"><span style=\"color: #000000;\">Lederutviklingspodden episode nr. 10 har klare svar p\u00e5 hva ledere m\u00e5 bli bevisst p\u00e5 og trene p\u00e5 for \u00e5 h\u00e5ndtere kriser best mulig. Den er ogs\u00e5 proppfull av gode og praktiske eksempler b\u00e5de ledere og medarbeidere kan benytte i hverdagen.<\/span><\/p>\t\t\t\t\t\t\t\t<\/div>\n\t\t\t\t<\/div>\n\t\t\t\t<div class=\"elementor-element elementor-element-7e5af04 elementor-widget elementor-widget-heading\" data-id=\"7e5af04\" data-element_type=\"widget\" data-widget_type=\"heading.default\">\n\t\t\t\t<div class=\"elementor-widget-container\">\n\t\t\t\t\t<p class=\"elementor-heading-title elementor-size-default\">November 15, 2023<\/p>\t\t\t\t<\/div>\n\t\t\t\t<\/div>\n\t\t\t\t\t<\/div>\n\t\t<\/div>\n\t\t\t\t\t<\/div>\n\t\t<\/section>\n\t\t\t\t<section class=\"elementor-section elementor-top-section elementor-element elementor-element-567223d animated-slow elementor-section-boxed elementor-section-height-default elementor-section-height-default elementor-invisible\" data-id=\"567223d\" data-element_type=\"section\" data-settings=\"{&quot;animation&quot;:&quot;fadeIn&quot;,&quot;animation_delay&quot;:200}\">\n\t\t\t\t\t\t<div class=\"elementor-container elementor-column-gap-default\">\n\t\t\t\t\t<div class=\"elementor-column elementor-col-100 elementor-top-column elementor-element elementor-element-4fb0fac\" data-id=\"4fb0fac\" data-element_type=\"column\">\n\t\t\t<div class=\"elementor-widget-wrap elementor-element-populated\">\n\t\t\t\t\t\t<div class=\"elementor-element elementor-element-775f133 elementor-widget elementor-widget-html\" data-id=\"775f133\" data-element_type=\"widget\" data-widget_type=\"html.default\">\n\t\t\t\t<div class=\"elementor-widget-container\">\n\t\t\t\t\t<iframe src=\"https:\/\/player.rss.com\/lederutviklingspodden\/1222528?theme=light\" style=\"width: 100%\" title=\"Lederutviklingspodden\" frameborder=\"0\" allow=\"accelerometer; autoplay; clipboard-write; encrypted-media; gyroscope; picture-in-picture\" allowfullscreen><a href=\"https:\/\/rss.com\/podcasts\/lederutviklingspodden\/1222528\/\">Camilla Elise Berg - \u00b4Vi m\u00e5 roe ned for \u00e5 finne de gode l\u00f8sningene\u00b4 | RSS.com<\/a><\/iframe>\t\t\t\t<\/div>\n\t\t\t\t<\/div>\n\t\t\t\t\t<\/div>\n\t\t<\/div>\n\t\t\t\t\t<\/div>\n\t\t<\/section>\n\t\t\t\t<section class=\"elementor-section elementor-top-section elementor-element elementor-element-7dc46a1 elementor-section-boxed elementor-section-height-default elementor-section-height-default\" data-id=\"7dc46a1\" data-element_type=\"section\">\n\t\t\t\t\t\t<div class=\"elementor-container elementor-column-gap-default\">\n\t\t\t\t\t<div class=\"elementor-column elementor-col-100 elementor-top-column elementor-element elementor-element-563eae5\" data-id=\"563eae5\" data-element_type=\"column\">\n\t\t\t<div class=\"elementor-widget-wrap elementor-element-populated\">\n\t\t\t\t\t\t<div class=\"elementor-element elementor-element-15f7517 elementor-widget elementor-widget-text-editor\" data-id=\"15f7517\" data-element_type=\"widget\" data-widget_type=\"text-editor.default\">\n\t\t\t\t<div class=\"elementor-widget-container\">\n\t\t\t\t\t\t\t\t\t<p><a href=\"https:\/\/coachingpartner.net\/cp\/nb\/lederutviklingspodden\/\"><strong>&lt; Back to list<\/strong><\/a><\/p>\t\t\t\t\t\t\t\t<\/div>\n\t\t\t\t<\/div>\n\t\t\t\t\t<\/div>\n\t\t<\/div>\n\t\t\t\t\t<\/div>\n\t\t<\/section>\n\t\t\t\t<\/div>\n\t\t<!-- AddThis Advanced Settings generic via filter on the_content --><!-- AddThis Share Buttons generic via filter on the_content -->","protected":false},"excerpt":{"rendered":"<p>#10 Camilla Elise Berg &#8211; \u00b4Vi m\u00e5 roe ned for \u00e5 finne de gode l\u00f8sningene\u00b4 Det er krise i verden i dag n\u00e5r det gjelder milj\u00f8, og det er vanskelig \u00e5 snakke om lederutvikling uten \u00e5 snakke om hvordan ledere h\u00e5ndterer kriser som dette. \u00a0 Mange vil nok hevde at h\u00e5ndtering av kriser og store [&hellip;]<!-- AddThis Advanced Settings generic via filter on get_the_excerpt --><!-- AddThis Share Buttons generic via filter on get_the_excerpt --><\/p>\n","protected":false},"author":6,"featured_media":0,"parent":52442,"menu_order":0,"comment_status":"closed","ping_status":"closed","template":"elementor_header_footer","meta":{"_exactmetrics_skip_tracking":false,"_exactmetrics_sitenote_active":false,"_exactmetrics_sitenote_note":"","_exactmetrics_sitenote_category":0,"footnotes":""},"class_list":["post-53172","page","type-page","status-publish","hentry"],"wps_subtitle":"","_links":{"self":[{"href":"https:\/\/coachingpartner.net\/cp\/wp-json\/wp\/v2\/pages\/53172","targetHints":{"allow":["GET"]}}],"collection":[{"href":"https:\/\/coachingpartner.net\/cp\/wp-json\/wp\/v2\/pages"}],"about":[{"href":"https:\/\/coachingpartner.net\/cp\/wp-json\/wp\/v2\/types\/page"}],"author":[{"embeddable":true,"href":"https:\/\/coachingpartner.net\/cp\/wp-json\/wp\/v2\/users\/6"}],"replies":[{"embeddable":true,"href":"https:\/\/coachingpartner.net\/cp\/wp-json\/wp\/v2\/comments?post=53172"}],"version-history":[{"count":5,"href":"https:\/\/coachingpartner.net\/cp\/wp-json\/wp\/v2\/pages\/53172\/revisions"}],"predecessor-version":[{"id":53186,"href":"https:\/\/coachingpartner.net\/cp\/wp-json\/wp\/v2\/pages\/53172\/revisions\/53186"}],"up":[{"embeddable":true,"href":"https:\/\/coachingpartner.net\/cp\/wp-json\/wp\/v2\/pages\/52442"}],"wp:attachment":[{"href":"https:\/\/coachingpartner.net\/cp\/wp-json\/wp\/v2\/media?parent=53172"}],"curies":[{"name":"wp","href":"https:\/\/api.w.org\/{rel}","templated":true}]}}