{"id":53130,"date":"2023-10-10T20:03:51","date_gmt":"2023-10-10T19:03:51","guid":{"rendered":"https:\/\/coachingpartner.net\/cp\/?page_id=53130"},"modified":"2023-10-11T10:30:50","modified_gmt":"2023-10-11T09:30:50","slug":"episode-09","status":"publish","type":"page","link":"https:\/\/coachingpartner.net\/cp\/nb\/lederutviklingspodden\/episode-09\/","title":{"rendered":"Episode 09"},"content":{"rendered":"\t\t<div data-elementor-type=\"wp-page\" data-elementor-id=\"53130\" class=\"elementor elementor-53130\">\n\t\t\t\t\t\t<section class=\"elementor-section elementor-top-section elementor-element elementor-element-c47c13c animated-slow elementor-section-boxed elementor-section-height-default elementor-section-height-default elementor-invisible\" data-id=\"c47c13c\" data-element_type=\"section\" data-settings=\"{&quot;animation&quot;:&quot;fadeIn&quot;}\">\n\t\t\t\t\t\t<div class=\"elementor-container elementor-column-gap-default\">\n\t\t\t\t\t<div class=\"elementor-column elementor-col-50 elementor-top-column elementor-element elementor-element-f62f432\" data-id=\"f62f432\" data-element_type=\"column\">\n\t\t\t<div class=\"elementor-widget-wrap elementor-element-populated\">\n\t\t\t\t\t\t<div class=\"elementor-element elementor-element-d518bd9 elementor-widget elementor-widget-image\" data-id=\"d518bd9\" data-element_type=\"widget\" data-widget_type=\"image.default\">\n\t\t\t\t<div class=\"elementor-widget-container\">\n\t\t\t\t\t\t\t\t\t\t\t\t\t\t\t<img fetchpriority=\"high\" decoding=\"async\" width=\"624\" height=\"624\" src=\"https:\/\/coachingpartner.net\/cp\/wp-content\/uploads\/2023\/10\/Photo-19-09-2023-11-56-06-1-624x624.jpg\" class=\"attachment-post-thumbnail size-post-thumbnail wp-image-53132\" alt=\"\" srcset=\"https:\/\/coachingpartner.net\/cp\/wp-content\/uploads\/2023\/10\/Photo-19-09-2023-11-56-06-1-624x624.jpg 624w, https:\/\/coachingpartner.net\/cp\/wp-content\/uploads\/2023\/10\/Photo-19-09-2023-11-56-06-1-300x300.jpg 300w, https:\/\/coachingpartner.net\/cp\/wp-content\/uploads\/2023\/10\/Photo-19-09-2023-11-56-06-1-1024x1024.jpg 1024w, https:\/\/coachingpartner.net\/cp\/wp-content\/uploads\/2023\/10\/Photo-19-09-2023-11-56-06-1-150x150.jpg 150w, https:\/\/coachingpartner.net\/cp\/wp-content\/uploads\/2023\/10\/Photo-19-09-2023-11-56-06-1-1536x1536.jpg 1536w, https:\/\/coachingpartner.net\/cp\/wp-content\/uploads\/2023\/10\/Photo-19-09-2023-11-56-06-1-2048x2048.jpg 2048w\" sizes=\"(max-width: 624px) 100vw, 624px\" \/>\t\t\t\t\t\t\t\t\t\t\t\t\t\t\t<\/div>\n\t\t\t\t<\/div>\n\t\t\t\t\t<\/div>\n\t\t<\/div>\n\t\t\t\t<div class=\"elementor-column elementor-col-50 elementor-top-column elementor-element elementor-element-8dd81de\" data-id=\"8dd81de\" data-element_type=\"column\">\n\t\t\t<div class=\"elementor-widget-wrap elementor-element-populated\">\n\t\t\t\t\t\t<section class=\"elementor-section elementor-inner-section elementor-element elementor-element-2f5ca38 elementor-section-boxed elementor-section-height-default elementor-section-height-default\" data-id=\"2f5ca38\" data-element_type=\"section\">\n\t\t\t\t\t\t<div class=\"elementor-container elementor-column-gap-default\">\n\t\t\t\t\t<div class=\"elementor-column elementor-col-50 elementor-inner-column elementor-element elementor-element-f5a4b04\" data-id=\"f5a4b04\" data-element_type=\"column\">\n\t\t\t<div class=\"elementor-widget-wrap elementor-element-populated\">\n\t\t\t\t\t\t<div class=\"elementor-element elementor-element-acca0ce elementor-view-default elementor-widget elementor-widget-icon\" data-id=\"acca0ce\" data-element_type=\"widget\" data-widget_type=\"icon.default\">\n\t\t\t\t<div class=\"elementor-widget-container\">\n\t\t\t\t\t\t\t<div class=\"elementor-icon-wrapper\">\n\t\t\t<div class=\"elementor-icon\">\n\t\t\t<i aria-hidden=\"true\" class=\"fas fa-podcast\"><\/i>\t\t\t<\/div>\n\t\t<\/div>\n\t\t\t\t\t\t<\/div>\n\t\t\t\t<\/div>\n\t\t\t\t\t<\/div>\n\t\t<\/div>\n\t\t\t\t<div class=\"elementor-column elementor-col-50 elementor-inner-column elementor-element elementor-element-a872ade\" data-id=\"a872ade\" data-element_type=\"column\">\n\t\t\t<div class=\"elementor-widget-wrap elementor-element-populated\">\n\t\t\t\t\t\t<div class=\"elementor-element elementor-element-bfbae77 elementor-widget elementor-widget-heading\" data-id=\"bfbae77\" data-element_type=\"widget\" data-widget_type=\"heading.default\">\n\t\t\t\t<div class=\"elementor-widget-container\">\n\t\t\t\t\t<h1 class=\"elementor-heading-title elementor-size-default\">#9 Tom Georg Olsen - Ledelse er for viktig til \u00e5 bli overlatt til ledere kun<\/h1>\t\t\t\t<\/div>\n\t\t\t\t<\/div>\n\t\t\t\t\t<\/div>\n\t\t<\/div>\n\t\t\t\t\t<\/div>\n\t\t<\/section>\n\t\t\t\t<div class=\"elementor-element elementor-element-ee1853c elementor-widget elementor-widget-text-editor\" data-id=\"ee1853c\" data-element_type=\"widget\" data-widget_type=\"text-editor.default\">\n\t\t\t\t<div class=\"elementor-widget-container\">\n\t\t\t\t\t\t\t\t\t<div><span style=\"color: #000000;\">Han er kjent for \u00e5 inneha tittelen konserntjener og har v\u00e6rt en av grunnleggerne til IT-konsulentselskapet Miles, som 2 ganger har blitt k\u00e5ret til Norges beste arbeidsplass og som i tillegg har blitt k\u00e5ret til en av Norges mest innovative bedrifter.<\/span><\/div><div>\u00a0<\/div><div><span style=\"color: #000000;\">Servant leadership, eller tjenende ledelse har alltid st\u00e5tt i sentrum av Tom Georg Olsen og Miles sitt lederskap. Det handler om \u00e5 gi st\u00f8rre grad av tillit til b\u00e5de medarbeidere og ledere med en forventning om at samtlige tar ledelse i sine roller.<\/span><\/div><div>\u00a0<\/div><div><span style=\"color: #000000;\">&#8211; Jeg har engang i mellom sagt at ledelse er for viktig til \u00e5 bli overlatt til ledere kun, fordi du \u00f8nsker egentlig i en moderne organisasjon med h\u00f8yt utdannede mennesker at alle skal f\u00f8le at de er med og leder selskapet fra sitt st\u00e5sted, forklarer Tom Georg.<\/span><\/div><div>\u00a0<\/div><div><span style=\"color: #000000;\">Av ingredienser i tillitsbasert ledelse hos Miles er at medarbeiderne selv bestemmer hvilke produkter de vil kj\u00f8pe samt kurs og konferanser de vil g\u00e5 p\u00e5 &#8211; og at de ikke har budsjetter. <\/span><br \/><span style=\"color: #000000;\">Og selv om de blir gitt mye tillit er det et trangt n\u00e5l\u00f8ye \u00e5 komme igjennom; Av de 500 som har blitt ansatt, har alle v\u00e6rt igjennom 10(!) referansesesjekker.<\/span><\/div><div><span style=\"color: #000000;\">\u00a0<\/span><\/div><div><p><span style=\"color: #000000;\">Lederutviklingspoddens episode nummer 9 er proppfull av spennende eksempler og perspektiver fra en leder som tenker annerledes og har lyktes veldig godt med det gjennom 30 \u00e5r som leder.<\/span><\/p><p><span style=\"color: #000000;\">\u00a0<\/span><\/p><p><span style=\"color: #000000;\">Vi h\u00e5per den er til inspirasjon og l\u00e6ring for alle som har aspirasjoner om \u00e5 utvikle seg selv og ta sitt lederskap til neste niv\u00e5!<\/span><\/p><\/div><div><span style=\"color: #000000;\">\u00a0<\/span><\/div>\t\t\t\t\t\t\t\t<\/div>\n\t\t\t\t<\/div>\n\t\t\t\t<div class=\"elementor-element elementor-element-7e5af04 elementor-widget elementor-widget-heading\" data-id=\"7e5af04\" data-element_type=\"widget\" data-widget_type=\"heading.default\">\n\t\t\t\t<div class=\"elementor-widget-container\">\n\t\t\t\t\t<p class=\"elementor-heading-title elementor-size-default\">October 10, 2023<\/p>\t\t\t\t<\/div>\n\t\t\t\t<\/div>\n\t\t\t\t\t<\/div>\n\t\t<\/div>\n\t\t\t\t\t<\/div>\n\t\t<\/section>\n\t\t\t\t<section class=\"elementor-section elementor-top-section elementor-element elementor-element-567223d animated-slow elementor-section-boxed elementor-section-height-default elementor-section-height-default elementor-invisible\" data-id=\"567223d\" data-element_type=\"section\" data-settings=\"{&quot;animation&quot;:&quot;fadeIn&quot;,&quot;animation_delay&quot;:200}\">\n\t\t\t\t\t\t<div class=\"elementor-container elementor-column-gap-default\">\n\t\t\t\t\t<div class=\"elementor-column elementor-col-100 elementor-top-column elementor-element elementor-element-4fb0fac\" data-id=\"4fb0fac\" data-element_type=\"column\">\n\t\t\t<div class=\"elementor-widget-wrap elementor-element-populated\">\n\t\t\t\t\t\t<div class=\"elementor-element elementor-element-775f133 elementor-widget elementor-widget-html\" data-id=\"775f133\" data-element_type=\"widget\" data-widget_type=\"html.default\">\n\t\t\t\t<div class=\"elementor-widget-container\">\n\t\t\t\t\t<iframe src=\"https:\/\/player.rss.com\/lederutviklingspodden\/1165808?theme=light\" style=\"width: 100%\" title=\"Lederutviklingspodden\" frameborder=\"0\" allow=\"accelerometer; autoplay; clipboard-write; encrypted-media; gyroscope; picture-in-picture\" allowfullscreen><a href=\"https:\/\/rss.com\/podcasts\/lederutviklingspodden\/1165808\/\">Tom Georg Olsen: - Ledelse er for viktig til \u00e5 bli overlatt til ledere kun | RSS.com<\/a><\/iframe>\t\t\t\t<\/div>\n\t\t\t\t<\/div>\n\t\t\t\t\t<\/div>\n\t\t<\/div>\n\t\t\t\t\t<\/div>\n\t\t<\/section>\n\t\t\t\t<section class=\"elementor-section elementor-top-section elementor-element elementor-element-7dc46a1 elementor-section-boxed elementor-section-height-default elementor-section-height-default\" data-id=\"7dc46a1\" data-element_type=\"section\">\n\t\t\t\t\t\t<div class=\"elementor-container elementor-column-gap-default\">\n\t\t\t\t\t<div class=\"elementor-column elementor-col-100 elementor-top-column elementor-element elementor-element-563eae5\" data-id=\"563eae5\" data-element_type=\"column\">\n\t\t\t<div class=\"elementor-widget-wrap elementor-element-populated\">\n\t\t\t\t\t\t<div class=\"elementor-element elementor-element-15f7517 elementor-widget elementor-widget-text-editor\" data-id=\"15f7517\" data-element_type=\"widget\" data-widget_type=\"text-editor.default\">\n\t\t\t\t<div class=\"elementor-widget-container\">\n\t\t\t\t\t\t\t\t\t<p><a href=\"https:\/\/coachingpartner.net\/cp\/nb\/lederutviklingspodden\/\"><strong>&lt; Back to list<\/strong><\/a><\/p>\t\t\t\t\t\t\t\t<\/div>\n\t\t\t\t<\/div>\n\t\t\t\t\t<\/div>\n\t\t<\/div>\n\t\t\t\t\t<\/div>\n\t\t<\/section>\n\t\t\t\t<\/div>\n\t\t<!-- AddThis Advanced Settings generic via filter on the_content --><!-- AddThis Share Buttons generic via filter on the_content -->","protected":false},"excerpt":{"rendered":"<p>#9 Tom Georg Olsen &#8211; Ledelse er for viktig til \u00e5 bli overlatt til ledere kun Han er kjent for \u00e5 inneha tittelen konserntjener og har v\u00e6rt en av grunnleggerne til IT-konsulentselskapet Miles, som 2 ganger har blitt k\u00e5ret til Norges beste arbeidsplass og som i tillegg har blitt k\u00e5ret til en av Norges mest [&hellip;]<!-- AddThis Advanced Settings generic via filter on get_the_excerpt --><!-- AddThis Share Buttons generic via filter on get_the_excerpt --><\/p>\n","protected":false},"author":6,"featured_media":0,"parent":52442,"menu_order":0,"comment_status":"closed","ping_status":"closed","template":"elementor_header_footer","meta":{"_exactmetrics_skip_tracking":false,"_exactmetrics_sitenote_active":false,"_exactmetrics_sitenote_note":"","_exactmetrics_sitenote_category":0,"footnotes":""},"class_list":["post-53130","page","type-page","status-publish","hentry"],"wps_subtitle":"","_links":{"self":[{"href":"https:\/\/coachingpartner.net\/cp\/wp-json\/wp\/v2\/pages\/53130","targetHints":{"allow":["GET"]}}],"collection":[{"href":"https:\/\/coachingpartner.net\/cp\/wp-json\/wp\/v2\/pages"}],"about":[{"href":"https:\/\/coachingpartner.net\/cp\/wp-json\/wp\/v2\/types\/page"}],"author":[{"embeddable":true,"href":"https:\/\/coachingpartner.net\/cp\/wp-json\/wp\/v2\/users\/6"}],"replies":[{"embeddable":true,"href":"https:\/\/coachingpartner.net\/cp\/wp-json\/wp\/v2\/comments?post=53130"}],"version-history":[{"count":5,"href":"https:\/\/coachingpartner.net\/cp\/wp-json\/wp\/v2\/pages\/53130\/revisions"}],"predecessor-version":[{"id":53171,"href":"https:\/\/coachingpartner.net\/cp\/wp-json\/wp\/v2\/pages\/53130\/revisions\/53171"}],"up":[{"embeddable":true,"href":"https:\/\/coachingpartner.net\/cp\/wp-json\/wp\/v2\/pages\/52442"}],"wp:attachment":[{"href":"https:\/\/coachingpartner.net\/cp\/wp-json\/wp\/v2\/media?parent=53130"}],"curies":[{"name":"wp","href":"https:\/\/api.w.org\/{rel}","templated":true}]}}