{"id":53048,"date":"2023-05-22T01:10:38","date_gmt":"2023-05-22T00:10:38","guid":{"rendered":"https:\/\/coachingpartner.net\/cp\/?page_id=53048"},"modified":"2023-05-22T01:20:47","modified_gmt":"2023-05-22T00:20:47","slug":"episode-06","status":"publish","type":"page","link":"https:\/\/coachingpartner.net\/cp\/nb\/lederutviklingspodden\/episode-06\/","title":{"rendered":"Episode 06"},"content":{"rendered":"\t\t<div data-elementor-type=\"wp-page\" data-elementor-id=\"53048\" class=\"elementor elementor-53048\">\n\t\t\t\t\t\t<section class=\"elementor-section elementor-top-section elementor-element elementor-element-c47c13c animated-slow elementor-section-boxed elementor-section-height-default elementor-section-height-default elementor-invisible\" data-id=\"c47c13c\" data-element_type=\"section\" data-settings=\"{&quot;animation&quot;:&quot;fadeIn&quot;}\">\n\t\t\t\t\t\t<div class=\"elementor-container elementor-column-gap-default\">\n\t\t\t\t\t<div class=\"elementor-column elementor-col-50 elementor-top-column elementor-element elementor-element-f62f432\" data-id=\"f62f432\" data-element_type=\"column\">\n\t\t\t<div class=\"elementor-widget-wrap elementor-element-populated\">\n\t\t\t\t\t\t<div class=\"elementor-element elementor-element-d518bd9 elementor-widget elementor-widget-image\" data-id=\"d518bd9\" data-element_type=\"widget\" data-widget_type=\"image.default\">\n\t\t\t\t<div class=\"elementor-widget-container\">\n\t\t\t\t\t\t\t\t\t\t\t\t\t\t\t<img fetchpriority=\"high\" decoding=\"async\" width=\"624\" height=\"604\" src=\"https:\/\/coachingpartner.net\/cp\/wp-content\/uploads\/2023\/05\/Eilen-podcast-1.jpeg\" class=\"attachment-post-thumbnail size-post-thumbnail wp-image-53051\" alt=\"\" srcset=\"https:\/\/coachingpartner.net\/cp\/wp-content\/uploads\/2023\/05\/Eilen-podcast-1.jpeg 2257w, https:\/\/coachingpartner.net\/cp\/wp-content\/uploads\/2023\/05\/Eilen-podcast-1-300x290.jpeg 300w, https:\/\/coachingpartner.net\/cp\/wp-content\/uploads\/2023\/05\/Eilen-podcast-1-1024x991.jpeg 1024w, https:\/\/coachingpartner.net\/cp\/wp-content\/uploads\/2023\/05\/Eilen-podcast-1-1536x1487.jpeg 1536w\" sizes=\"(max-width: 624px) 100vw, 624px\" \/>\t\t\t\t\t\t\t\t\t\t\t\t\t\t\t<\/div>\n\t\t\t\t<\/div>\n\t\t\t\t\t<\/div>\n\t\t<\/div>\n\t\t\t\t<div class=\"elementor-column elementor-col-50 elementor-top-column elementor-element elementor-element-8dd81de\" data-id=\"8dd81de\" data-element_type=\"column\">\n\t\t\t<div class=\"elementor-widget-wrap elementor-element-populated\">\n\t\t\t\t\t\t<section class=\"elementor-section elementor-inner-section elementor-element elementor-element-2f5ca38 elementor-section-boxed elementor-section-height-default elementor-section-height-default\" data-id=\"2f5ca38\" data-element_type=\"section\">\n\t\t\t\t\t\t<div class=\"elementor-container elementor-column-gap-default\">\n\t\t\t\t\t<div class=\"elementor-column elementor-col-50 elementor-inner-column elementor-element elementor-element-f5a4b04\" data-id=\"f5a4b04\" data-element_type=\"column\">\n\t\t\t<div class=\"elementor-widget-wrap elementor-element-populated\">\n\t\t\t\t\t\t<div class=\"elementor-element elementor-element-acca0ce elementor-view-default elementor-widget elementor-widget-icon\" data-id=\"acca0ce\" data-element_type=\"widget\" data-widget_type=\"icon.default\">\n\t\t\t\t<div class=\"elementor-widget-container\">\n\t\t\t\t\t\t\t<div class=\"elementor-icon-wrapper\">\n\t\t\t<div class=\"elementor-icon\">\n\t\t\t<i aria-hidden=\"true\" class=\"fas fa-podcast\"><\/i>\t\t\t<\/div>\n\t\t<\/div>\n\t\t\t\t\t\t<\/div>\n\t\t\t\t<\/div>\n\t\t\t\t\t<\/div>\n\t\t<\/div>\n\t\t\t\t<div class=\"elementor-column elementor-col-50 elementor-inner-column elementor-element elementor-element-a872ade\" data-id=\"a872ade\" data-element_type=\"column\">\n\t\t\t<div class=\"elementor-widget-wrap elementor-element-populated\">\n\t\t\t\t\t\t<div class=\"elementor-element elementor-element-bfbae77 elementor-widget elementor-widget-heading\" data-id=\"bfbae77\" data-element_type=\"widget\" data-widget_type=\"heading.default\">\n\t\t\t\t<div class=\"elementor-widget-container\">\n\t\t\t\t\t<h1 class=\"elementor-heading-title elementor-size-default\">#6 Eilen Klev - \u00b4Ved \u00e5 lytte p\u00e5 kroppen kan du bruke mer av ditt potensial\u00b4<\/h1>\t\t\t\t<\/div>\n\t\t\t\t<\/div>\n\t\t\t\t\t<\/div>\n\t\t<\/div>\n\t\t\t\t\t<\/div>\n\t\t<\/section>\n\t\t\t\t<div class=\"elementor-element elementor-element-ee1853c elementor-widget elementor-widget-text-editor\" data-id=\"ee1853c\" data-element_type=\"widget\" data-widget_type=\"text-editor.default\">\n\t\t\t\t<div class=\"elementor-widget-container\">\n\t\t\t\t\t\t\t\t\t<div><div><span style=\"color: #000000;\"><a style=\"color: #000000;\" href=\"http:\/\/www.eilenklev.no\">Eilen Klev<\/a> har jobba som coach, lederutvikler og r\u00e5dgiver de siste 11 \u00e5rene, og ettersom ho har bakgrunn fra b\u00e5de coaching og terapi s\u00e5 jobber ho dypere med sine kunder enn det de fleste coacher og lederutviklere gj\u00f8r.<\/span><\/div><\/div><div>\u00a0<\/div><div><span style=\"font-size: 1rem; color: #000000;\">Unikhet er et n\u00f8kkelord i Eilen sitt arbeid. I sin tidligere karriere jobba ho mange \u00e5r med merkevarebygging, som handler om det \u00e5 finne og styrke det unike i bedrifter og produkter, mens de siste 11 \u00e5ra har ho jobba som coach og lederutvikler for \u00e5 hjelpe flere til \u00e5 oppdage sin unikhet, s\u00e5nn at de kan f\u00e5 brukt mer av potensialet sitt i sin videre karriere.<\/span><\/div><div>\u00a0<\/div><div><div><span style=\"color: #000000;\">Eilen brenner for \u00e5 hjelpe ledere \u00e5 finne tilbake til gl\u00f8den og forklarer at det er viktig \u00e5 se p\u00e5 sine unike styrker som leder mer enn \u00e5 sammenligne seg med andre.<\/span><\/div><div><span style=\"color: #000000;\">&#8211; Man kan jo tro at man som leder skal v\u00e6re p\u00e5 en bestemt m\u00e5te, men min erfaring er at n\u00e5r du forst\u00e5r hva som er dine styrker og bruker disse, da vil du f\u00e5 med deg folk p\u00e5 en helt annen m\u00e5te.<\/span><\/div><\/div><div>\u00a0<\/div><div><div><span style=\"color: #000000;\">Eilen forklarer videre hvordan det \u00e5 lytte p\u00e5 magef\u00f8lelsen og kroppen er en viktig del av \u00e5 forst\u00e5 og bruke mer av sitt potensial som leder:<\/span><\/div><div><span style=\"color: #000000;\">&#8211; Sammenlignet med et isfjell er bevissthet det du ser over vannoverflaten, og det er ganske lite i forhold til den uendelig store underbevisstheten, det som er isfjellet under vann.\u00a0S\u00e5nn er det med v\u00e5rt sinn ogs\u00e5, vi er bevisst p\u00e5 en liten del, ogs\u00e5 har vi veldig mye spennende kunnskap som vi ikke alltid er bevisst p\u00e5.\u00a0Og skal du f\u00e5 litt mer kontakt med potensialet ditt, s\u00e5 m\u00e5 du lytte til underbevisstheten og der er kroppen fantastisk fin, for den er direkte link til underbevisstheten.<\/span><\/div><\/div><div>\u00a0<\/div><div><div><div><div><span style=\"color: #000000;\">Videre poengterer Eilen at utvikling er en helt naturlig del av det \u00e5 v\u00e6re menneske og at vi alle trenger utvikling:<\/span><\/div><div><span style=\"color: #000000;\">&#8211; Vi er i utvikling hele veien enten vi liker det eller ei og alternativet til \u00e5 stoppe utvikling det er \u00e5 vissne hen, og det er ikke et godt sted \u00e5 v\u00e6re.<\/span><\/div><\/div><\/div><\/div>\t\t\t\t\t\t\t\t<\/div>\n\t\t\t\t<\/div>\n\t\t\t\t<div class=\"elementor-element elementor-element-7e5af04 elementor-widget elementor-widget-heading\" data-id=\"7e5af04\" data-element_type=\"widget\" data-widget_type=\"heading.default\">\n\t\t\t\t<div class=\"elementor-widget-container\">\n\t\t\t\t\t<p class=\"elementor-heading-title elementor-size-default\">May 22, 2023<\/p>\t\t\t\t<\/div>\n\t\t\t\t<\/div>\n\t\t\t\t\t<\/div>\n\t\t<\/div>\n\t\t\t\t\t<\/div>\n\t\t<\/section>\n\t\t\t\t<section class=\"elementor-section elementor-top-section elementor-element elementor-element-567223d animated-slow elementor-section-boxed elementor-section-height-default elementor-section-height-default elementor-invisible\" data-id=\"567223d\" data-element_type=\"section\" data-settings=\"{&quot;animation&quot;:&quot;fadeIn&quot;,&quot;animation_delay&quot;:200}\">\n\t\t\t\t\t\t<div class=\"elementor-container elementor-column-gap-default\">\n\t\t\t\t\t<div class=\"elementor-column elementor-col-100 elementor-top-column elementor-element elementor-element-4fb0fac\" data-id=\"4fb0fac\" data-element_type=\"column\">\n\t\t\t<div class=\"elementor-widget-wrap elementor-element-populated\">\n\t\t\t\t\t\t<div class=\"elementor-element elementor-element-775f133 elementor-widget elementor-widget-html\" data-id=\"775f133\" data-element_type=\"widget\" data-widget_type=\"html.default\">\n\t\t\t\t<div class=\"elementor-widget-container\">\n\t\t\t\t\t<iframe src=\"https:\/\/player.rss.com\/lederutviklingspodden\/961246?theme=light\" style=\"width: 100%\" title=\"Lederutviklingspodden\" frameborder=\"0\" allow=\"accelerometer; autoplay; clipboard-write; encrypted-media; gyroscope; picture-in-picture\" allowfullscreen><a href=\"https:\/\/rss.com\/podcasts\/lederutviklingspodden\/961246\/\">Eilen Klev - \u00b4Ved \u00e5 lytte p\u00e5 kroppen kan du mer av ditt potensial\u00b4 | RSS.com<\/a><\/iframe>\t\t\t\t<\/div>\n\t\t\t\t<\/div>\n\t\t\t\t\t<\/div>\n\t\t<\/div>\n\t\t\t\t\t<\/div>\n\t\t<\/section>\n\t\t\t\t<section class=\"elementor-section elementor-top-section elementor-element elementor-element-7dc46a1 elementor-section-boxed elementor-section-height-default elementor-section-height-default\" data-id=\"7dc46a1\" data-element_type=\"section\">\n\t\t\t\t\t\t<div class=\"elementor-container elementor-column-gap-default\">\n\t\t\t\t\t<div class=\"elementor-column elementor-col-100 elementor-top-column elementor-element elementor-element-563eae5\" data-id=\"563eae5\" data-element_type=\"column\">\n\t\t\t<div class=\"elementor-widget-wrap elementor-element-populated\">\n\t\t\t\t\t\t<div class=\"elementor-element elementor-element-15f7517 elementor-widget elementor-widget-text-editor\" data-id=\"15f7517\" data-element_type=\"widget\" data-widget_type=\"text-editor.default\">\n\t\t\t\t<div class=\"elementor-widget-container\">\n\t\t\t\t\t\t\t\t\t<p><a href=\"https:\/\/coachingpartner.net\/cp\/nb\/lederutviklingspodden\/\"><strong>&lt; Back to list<\/strong><\/a><\/p>\t\t\t\t\t\t\t\t<\/div>\n\t\t\t\t<\/div>\n\t\t\t\t\t<\/div>\n\t\t<\/div>\n\t\t\t\t\t<\/div>\n\t\t<\/section>\n\t\t\t\t<\/div>\n\t\t<!-- AddThis Advanced Settings generic via filter on the_content --><!-- AddThis Share Buttons generic via filter on the_content -->","protected":false},"excerpt":{"rendered":"<p>#6 Eilen Klev &#8211; \u00b4Ved \u00e5 lytte p\u00e5 kroppen kan du bruke mer av ditt potensial\u00b4 Eilen Klev har jobba som coach, lederutvikler og r\u00e5dgiver de siste 11 \u00e5rene, og ettersom ho har bakgrunn fra b\u00e5de coaching og terapi s\u00e5 jobber ho dypere med sine kunder enn det de fleste coacher og lederutviklere gj\u00f8r.\u00a0Unikhet er [&hellip;]<!-- AddThis Advanced Settings generic via filter on get_the_excerpt --><!-- AddThis Share Buttons generic via filter on get_the_excerpt --><\/p>\n","protected":false},"author":6,"featured_media":0,"parent":52442,"menu_order":0,"comment_status":"closed","ping_status":"closed","template":"elementor_header_footer","meta":{"_exactmetrics_skip_tracking":false,"_exactmetrics_sitenote_active":false,"_exactmetrics_sitenote_note":"","_exactmetrics_sitenote_category":0,"footnotes":""},"class_list":["post-53048","page","type-page","status-publish","hentry"],"wps_subtitle":"","_links":{"self":[{"href":"https:\/\/coachingpartner.net\/cp\/wp-json\/wp\/v2\/pages\/53048","targetHints":{"allow":["GET"]}}],"collection":[{"href":"https:\/\/coachingpartner.net\/cp\/wp-json\/wp\/v2\/pages"}],"about":[{"href":"https:\/\/coachingpartner.net\/cp\/wp-json\/wp\/v2\/types\/page"}],"author":[{"embeddable":true,"href":"https:\/\/coachingpartner.net\/cp\/wp-json\/wp\/v2\/users\/6"}],"replies":[{"embeddable":true,"href":"https:\/\/coachingpartner.net\/cp\/wp-json\/wp\/v2\/comments?post=53048"}],"version-history":[{"count":5,"href":"https:\/\/coachingpartner.net\/cp\/wp-json\/wp\/v2\/pages\/53048\/revisions"}],"predecessor-version":[{"id":53057,"href":"https:\/\/coachingpartner.net\/cp\/wp-json\/wp\/v2\/pages\/53048\/revisions\/53057"}],"up":[{"embeddable":true,"href":"https:\/\/coachingpartner.net\/cp\/wp-json\/wp\/v2\/pages\/52442"}],"wp:attachment":[{"href":"https:\/\/coachingpartner.net\/cp\/wp-json\/wp\/v2\/media?parent=53048"}],"curies":[{"name":"wp","href":"https:\/\/api.w.org\/{rel}","templated":true}]}}