{"id":53026,"date":"2023-05-01T22:14:10","date_gmt":"2023-05-01T21:14:10","guid":{"rendered":"https:\/\/coachingpartner.net\/cp\/?page_id=53026"},"modified":"2023-05-01T23:27:13","modified_gmt":"2023-05-01T22:27:13","slug":"episode-05","status":"publish","type":"page","link":"https:\/\/coachingpartner.net\/cp\/nb\/lederutviklingspodden\/episode-05\/","title":{"rendered":"Episode 05"},"content":{"rendered":"\t\t<div data-elementor-type=\"wp-page\" data-elementor-id=\"53026\" class=\"elementor elementor-53026\">\n\t\t\t\t\t\t<section class=\"elementor-section elementor-top-section elementor-element elementor-element-c47c13c animated-slow elementor-section-boxed elementor-section-height-default elementor-section-height-default elementor-invisible\" data-id=\"c47c13c\" data-element_type=\"section\" data-settings=\"{&quot;animation&quot;:&quot;fadeIn&quot;}\">\n\t\t\t\t\t\t<div class=\"elementor-container elementor-column-gap-default\">\n\t\t\t\t\t<div class=\"elementor-column elementor-col-50 elementor-top-column elementor-element elementor-element-f62f432\" data-id=\"f62f432\" data-element_type=\"column\">\n\t\t\t<div class=\"elementor-widget-wrap elementor-element-populated\">\n\t\t\t\t\t\t<div class=\"elementor-element elementor-element-d518bd9 elementor-widget elementor-widget-image\" data-id=\"d518bd9\" data-element_type=\"widget\" data-widget_type=\"image.default\">\n\t\t\t\t<div class=\"elementor-widget-container\">\n\t\t\t\t\t\t\t\t\t\t\t\t\t\t\t<img fetchpriority=\"high\" decoding=\"async\" width=\"624\" height=\"624\" src=\"https:\/\/coachingpartner.net\/cp\/wp-content\/uploads\/2023\/02\/podcast_cover_4-624x624.jpg\" class=\"attachment-post-thumbnail size-post-thumbnail wp-image-52888\" alt=\"\" srcset=\"https:\/\/coachingpartner.net\/cp\/wp-content\/uploads\/2023\/02\/podcast_cover_4-624x624.jpg 624w, https:\/\/coachingpartner.net\/cp\/wp-content\/uploads\/2023\/02\/podcast_cover_4-300x300.jpg 300w, https:\/\/coachingpartner.net\/cp\/wp-content\/uploads\/2023\/02\/podcast_cover_4-1024x1024.jpg 1024w, https:\/\/coachingpartner.net\/cp\/wp-content\/uploads\/2023\/02\/podcast_cover_4-150x150.jpg 150w, https:\/\/coachingpartner.net\/cp\/wp-content\/uploads\/2023\/02\/podcast_cover_4.jpg 1400w\" sizes=\"(max-width: 624px) 100vw, 624px\" \/>\t\t\t\t\t\t\t\t\t\t\t\t\t\t\t<\/div>\n\t\t\t\t<\/div>\n\t\t\t\t\t<\/div>\n\t\t<\/div>\n\t\t\t\t<div class=\"elementor-column elementor-col-50 elementor-top-column elementor-element elementor-element-8dd81de\" data-id=\"8dd81de\" data-element_type=\"column\">\n\t\t\t<div class=\"elementor-widget-wrap elementor-element-populated\">\n\t\t\t\t\t\t<section class=\"elementor-section elementor-inner-section elementor-element elementor-element-2f5ca38 elementor-section-boxed elementor-section-height-default elementor-section-height-default\" data-id=\"2f5ca38\" data-element_type=\"section\">\n\t\t\t\t\t\t<div class=\"elementor-container elementor-column-gap-default\">\n\t\t\t\t\t<div class=\"elementor-column elementor-col-50 elementor-inner-column elementor-element elementor-element-f5a4b04\" data-id=\"f5a4b04\" data-element_type=\"column\">\n\t\t\t<div class=\"elementor-widget-wrap elementor-element-populated\">\n\t\t\t\t\t\t<div class=\"elementor-element elementor-element-acca0ce elementor-view-default elementor-widget elementor-widget-icon\" data-id=\"acca0ce\" data-element_type=\"widget\" data-widget_type=\"icon.default\">\n\t\t\t\t<div class=\"elementor-widget-container\">\n\t\t\t\t\t\t\t<div class=\"elementor-icon-wrapper\">\n\t\t\t<div class=\"elementor-icon\">\n\t\t\t<i aria-hidden=\"true\" class=\"fas fa-podcast\"><\/i>\t\t\t<\/div>\n\t\t<\/div>\n\t\t\t\t\t\t<\/div>\n\t\t\t\t<\/div>\n\t\t\t\t\t<\/div>\n\t\t<\/div>\n\t\t\t\t<div class=\"elementor-column elementor-col-50 elementor-inner-column elementor-element elementor-element-a872ade\" data-id=\"a872ade\" data-element_type=\"column\">\n\t\t\t<div class=\"elementor-widget-wrap elementor-element-populated\">\n\t\t\t\t\t\t<div class=\"elementor-element elementor-element-bfbae77 elementor-widget elementor-widget-heading\" data-id=\"bfbae77\" data-element_type=\"widget\" data-widget_type=\"heading.default\">\n\t\t\t\t<div class=\"elementor-widget-container\">\n\t\t\t\t\t<h1 class=\"elementor-heading-title elementor-size-default\">#5 P\u00e5l Riis- \u00b4Det er et kulturprosjekt \u00e5 v\u00e6re leder\u00b4<\/h1>\t\t\t\t<\/div>\n\t\t\t\t<\/div>\n\t\t\t\t\t<\/div>\n\t\t<\/div>\n\t\t\t\t\t<\/div>\n\t\t<\/section>\n\t\t\t\t<div class=\"elementor-element elementor-element-ee1853c elementor-widget elementor-widget-text-editor\" data-id=\"ee1853c\" data-element_type=\"widget\" data-widget_type=\"text-editor.default\">\n\t\t\t\t<div class=\"elementor-widget-container\">\n\t\t\t\t\t\t\t\t\t<div><span style=\"color: #000000;\">Ullern videreg\u00e5ende skole var \u00e9n stemme i bystyret fra \u00e5 bli lagt ned i 2000 og skolen slet med store problemer relatert til frav\u00e6r, vold og rus. Men etter en enorm snuoperasjon ledet av rektor P\u00e5l Riis, vant skolen sensasjonelt HR Norges kompetansepris i 2008, hvor de blant annet utkonkurrerte Vinmonopolet som mange journalister trodde skulle vinne dette \u00e5ret.\u00a0<\/span><\/div><div>\u00a0<\/div><div><p><span style=\"color: #000000;\">P\u00e5l Riis,\u00a0som var rektor p\u00e5 Ullern videreg\u00e5ende skole fra 2001 til 2014, trekker fram kulturbygging som det som var n\u00f8kkelen til den store snuoperasjonen.<\/span><\/p><p><span style=\"color: #000000;\">&#8211; Det er et kulturprosjekt \u00e5 v\u00e6re leder, det er det du skaper, poengterer han.<\/span><\/p><\/div><div>\u00a0<\/div><div><span style=\"color: #000000;\">Da P\u00e5l Riis ble rektor p\u00e5 Ullern i 2001 var hans mandat var \u00e5 bygge opp skolen igjen fra grunnen av. Og selv om han lanserte flere tiltak det f\u00f8rste \u00e5ret, inns\u00e5 han at han ikke fikk med seg folk.\u00a0<\/span><\/div><div>\u00a0<\/div><div><span style=\"color: #000000;\">&#8211; Det var da jeg m\u00f8tte coaching og relasjonsledelsen med Jan Georg Kristiansen fra <a href=\"https:\/\/www.erickson.no\">Erickson Coaching<\/a>. Jeg l\u00e6rte meg m\u00e5ter \u00e5 jobbe bedre relasjonelt, inspirere medarbeidere og bygge kultur. Og i l\u00f8pet av 3-4 \u00e5r hadde vi snudd veldig mye av det negative og ble etterhvert en av Oslos best s\u00f8kte skoler.\u00a0<\/span><\/div><div>\u00a0<\/div><div><span style=\"color: #000000;\">Han trekker ogs\u00e5 fram viktigheten av at lederne g\u00e5r foran n\u00e5r man skal bygge ny kultur:- Hvis ikke ledelsen g\u00e5r foran b\u00e5de p\u00e5 individniv\u00e5, team og kulturniv\u00e5 s\u00e5 er det vanskelig \u00e5 f\u00e5 til tilsvarende endringer ute i organisasjonen.\u00a0<\/span><\/div><div>\u00a0<\/div><div><span style=\"color: #000000;\">Som en del av dette tok blant annet en coachutdanning hos Erickson coaching mens han jobbet som rektor.- Som leder m\u00e5tte jeg begynne med meg selv, selv v\u00e6re trygg, og v\u00e6re den som initerer, ikke bare ville at andre skalgj\u00f8re det, men selv erfare det og gj\u00f8re det og skolere meg godt.<\/span><\/div><div>\u00a0<\/div><div><span style=\"color: #000000;\">P\u00e5l trekker ogs\u00e5 fram viktigheten av trening, noe Bj\u00f8rn Ekelund ogs\u00e5 snakker mye om i <a href=\"https:\/\/coachingpartner.net\/cp\/nb\/lederutviklingspodden\/episode-04\/\">episode 4 av Lederutviklingspodden<\/a>. Han snakker blant annet om det \u00e5 aktivt bruke ledergruppa som en treningsarena for \u00e5 skaper den kulturen man \u00f8nsker i resten av organisasjonen. I det hele tatt er den 5. episoden av\u00a0<\/span><\/div><div>\u00a0<\/div><div><span style=\"color: #000000;\">Lederutviklingspodden full av praktiske eksempler p\u00e5 hva det vil si \u00e5 gjennomf\u00f8re en transformerende kulturendring, og hva det i praksis betyr \u00e5 skape psykologisk trygghet og utvikling p\u00e5 alle niv\u00e5er i organisasjonen.<\/span><\/div>\t\t\t\t\t\t\t\t<\/div>\n\t\t\t\t<\/div>\n\t\t\t\t<div class=\"elementor-element elementor-element-7e5af04 elementor-widget elementor-widget-heading\" data-id=\"7e5af04\" data-element_type=\"widget\" data-widget_type=\"heading.default\">\n\t\t\t\t<div class=\"elementor-widget-container\">\n\t\t\t\t\t<p class=\"elementor-heading-title elementor-size-default\">May 2, 2023<\/p>\t\t\t\t<\/div>\n\t\t\t\t<\/div>\n\t\t\t\t\t<\/div>\n\t\t<\/div>\n\t\t\t\t\t<\/div>\n\t\t<\/section>\n\t\t\t\t<section class=\"elementor-section elementor-top-section elementor-element elementor-element-567223d animated-slow elementor-section-boxed elementor-section-height-default elementor-section-height-default elementor-invisible\" data-id=\"567223d\" data-element_type=\"section\" data-settings=\"{&quot;animation&quot;:&quot;fadeIn&quot;,&quot;animation_delay&quot;:200}\">\n\t\t\t\t\t\t<div class=\"elementor-container elementor-column-gap-default\">\n\t\t\t\t\t<div class=\"elementor-column elementor-col-100 elementor-top-column elementor-element elementor-element-4fb0fac\" data-id=\"4fb0fac\" data-element_type=\"column\">\n\t\t\t<div class=\"elementor-widget-wrap elementor-element-populated\">\n\t\t\t\t\t\t<div class=\"elementor-element elementor-element-775f133 elementor-widget elementor-widget-html\" data-id=\"775f133\" data-element_type=\"widget\" data-widget_type=\"html.default\">\n\t\t\t\t<div class=\"elementor-widget-container\">\n\t\t\t\t\t<iframe src=\"https:\/\/player.rss.com\/lederutviklingspodden\/932850?theme=light\" style=\"width: 100%\" title=\"Lederutviklingspodden\" frameborder=\"0\" allow=\"accelerometer; autoplay; clipboard-write; encrypted-media; gyroscope; picture-in-picture\" allowfullscreen><a href=\"https:\/\/rss.com\/podcasts\/lederutviklingspodden\/932850\/\">P\u00e5l Riis: - \u00b4Det er et kulturprosjekt \u00e5 v\u00e6re leder\u00b4 | RSS.com<\/a><\/iframe>\t\t\t\t<\/div>\n\t\t\t\t<\/div>\n\t\t\t\t\t<\/div>\n\t\t<\/div>\n\t\t\t\t\t<\/div>\n\t\t<\/section>\n\t\t\t\t<section class=\"elementor-section elementor-top-section elementor-element elementor-element-7dc46a1 elementor-section-boxed elementor-section-height-default elementor-section-height-default\" data-id=\"7dc46a1\" data-element_type=\"section\">\n\t\t\t\t\t\t<div class=\"elementor-container elementor-column-gap-default\">\n\t\t\t\t\t<div class=\"elementor-column elementor-col-100 elementor-top-column elementor-element elementor-element-563eae5\" data-id=\"563eae5\" data-element_type=\"column\">\n\t\t\t<div class=\"elementor-widget-wrap elementor-element-populated\">\n\t\t\t\t\t\t<div class=\"elementor-element elementor-element-15f7517 elementor-widget elementor-widget-text-editor\" data-id=\"15f7517\" data-element_type=\"widget\" data-widget_type=\"text-editor.default\">\n\t\t\t\t<div class=\"elementor-widget-container\">\n\t\t\t\t\t\t\t\t\t<p><a href=\"https:\/\/coachingpartner.net\/cp\/nb\/lederutviklingspodden\/\"><strong>&lt; Back to list<\/strong><\/a><\/p>\t\t\t\t\t\t\t\t<\/div>\n\t\t\t\t<\/div>\n\t\t\t\t\t<\/div>\n\t\t<\/div>\n\t\t\t\t\t<\/div>\n\t\t<\/section>\n\t\t\t\t<\/div>\n\t\t<!-- AddThis Advanced Settings generic via filter on the_content --><!-- AddThis Share Buttons generic via filter on the_content -->","protected":false},"excerpt":{"rendered":"<p>#5 P\u00e5l Riis- \u00b4Det er et kulturprosjekt \u00e5 v\u00e6re leder\u00b4 Ullern videreg\u00e5ende skole var \u00e9n stemme i bystyret fra \u00e5 bli lagt ned i 2000 og skolen slet med store problemer relatert til frav\u00e6r, vold og rus. Men etter en enorm snuoperasjon ledet av rektor P\u00e5l Riis, vant skolen sensasjonelt HR Norges kompetansepris i 2008, [&hellip;]<!-- AddThis Advanced Settings generic via filter on get_the_excerpt --><!-- AddThis Share Buttons generic via filter on get_the_excerpt --><\/p>\n","protected":false},"author":6,"featured_media":0,"parent":52442,"menu_order":0,"comment_status":"closed","ping_status":"closed","template":"elementor_header_footer","meta":{"_exactmetrics_skip_tracking":false,"_exactmetrics_sitenote_active":false,"_exactmetrics_sitenote_note":"","_exactmetrics_sitenote_category":0,"footnotes":""},"class_list":["post-53026","page","type-page","status-publish","hentry"],"wps_subtitle":"","_links":{"self":[{"href":"https:\/\/coachingpartner.net\/cp\/wp-json\/wp\/v2\/pages\/53026","targetHints":{"allow":["GET"]}}],"collection":[{"href":"https:\/\/coachingpartner.net\/cp\/wp-json\/wp\/v2\/pages"}],"about":[{"href":"https:\/\/coachingpartner.net\/cp\/wp-json\/wp\/v2\/types\/page"}],"author":[{"embeddable":true,"href":"https:\/\/coachingpartner.net\/cp\/wp-json\/wp\/v2\/users\/6"}],"replies":[{"embeddable":true,"href":"https:\/\/coachingpartner.net\/cp\/wp-json\/wp\/v2\/comments?post=53026"}],"version-history":[{"count":5,"href":"https:\/\/coachingpartner.net\/cp\/wp-json\/wp\/v2\/pages\/53026\/revisions"}],"predecessor-version":[{"id":53047,"href":"https:\/\/coachingpartner.net\/cp\/wp-json\/wp\/v2\/pages\/53026\/revisions\/53047"}],"up":[{"embeddable":true,"href":"https:\/\/coachingpartner.net\/cp\/wp-json\/wp\/v2\/pages\/52442"}],"wp:attachment":[{"href":"https:\/\/coachingpartner.net\/cp\/wp-json\/wp\/v2\/media?parent=53026"}],"curies":[{"name":"wp","href":"https:\/\/api.w.org\/{rel}","templated":true}]}}