{"id":53004,"date":"2023-04-11T01:09:14","date_gmt":"2023-04-11T00:09:14","guid":{"rendered":"https:\/\/coachingpartner.net\/cp\/?page_id=53004"},"modified":"2023-04-13T10:48:42","modified_gmt":"2023-04-13T09:48:42","slug":"episode-04","status":"publish","type":"page","link":"https:\/\/coachingpartner.net\/cp\/nb\/lederutviklingspodden\/episode-04\/","title":{"rendered":"Episode 04"},"content":{"rendered":"\t\t<div data-elementor-type=\"wp-page\" data-elementor-id=\"53004\" class=\"elementor elementor-53004\">\n\t\t\t\t\t\t<section class=\"elementor-section elementor-top-section elementor-element elementor-element-c47c13c animated-slow elementor-section-boxed elementor-section-height-default elementor-section-height-default elementor-invisible\" data-id=\"c47c13c\" data-element_type=\"section\" data-settings=\"{&quot;animation&quot;:&quot;fadeIn&quot;}\">\n\t\t\t\t\t\t<div class=\"elementor-container elementor-column-gap-default\">\n\t\t\t\t\t<div class=\"elementor-column elementor-col-50 elementor-top-column elementor-element elementor-element-f62f432\" data-id=\"f62f432\" data-element_type=\"column\">\n\t\t\t<div class=\"elementor-widget-wrap elementor-element-populated\">\n\t\t\t\t\t\t<div class=\"elementor-element elementor-element-d518bd9 elementor-widget elementor-widget-image\" data-id=\"d518bd9\" data-element_type=\"widget\" data-widget_type=\"image.default\">\n\t\t\t\t<div class=\"elementor-widget-container\">\n\t\t\t\t\t\t\t\t\t\t\t\t\t\t\t<img fetchpriority=\"high\" decoding=\"async\" width=\"624\" height=\"624\" src=\"https:\/\/coachingpartner.net\/cp\/wp-content\/uploads\/2023\/04\/Photo-29-03-2023-11-11-54-624x624.jpg\" class=\"attachment-post-thumbnail size-post-thumbnail wp-image-53006\" alt=\"\" srcset=\"https:\/\/coachingpartner.net\/cp\/wp-content\/uploads\/2023\/04\/Photo-29-03-2023-11-11-54-624x624.jpg 624w, https:\/\/coachingpartner.net\/cp\/wp-content\/uploads\/2023\/04\/Photo-29-03-2023-11-11-54-300x300.jpg 300w, https:\/\/coachingpartner.net\/cp\/wp-content\/uploads\/2023\/04\/Photo-29-03-2023-11-11-54-1024x1024.jpg 1024w, https:\/\/coachingpartner.net\/cp\/wp-content\/uploads\/2023\/04\/Photo-29-03-2023-11-11-54-150x150.jpg 150w, https:\/\/coachingpartner.net\/cp\/wp-content\/uploads\/2023\/04\/Photo-29-03-2023-11-11-54-1536x1536.jpg 1536w, https:\/\/coachingpartner.net\/cp\/wp-content\/uploads\/2023\/04\/Photo-29-03-2023-11-11-54-2048x2048.jpg 2048w\" sizes=\"(max-width: 624px) 100vw, 624px\" \/>\t\t\t\t\t\t\t\t\t\t\t\t\t\t\t<\/div>\n\t\t\t\t<\/div>\n\t\t\t\t\t<\/div>\n\t\t<\/div>\n\t\t\t\t<div class=\"elementor-column elementor-col-50 elementor-top-column elementor-element elementor-element-8dd81de\" data-id=\"8dd81de\" data-element_type=\"column\">\n\t\t\t<div class=\"elementor-widget-wrap elementor-element-populated\">\n\t\t\t\t\t\t<section class=\"elementor-section elementor-inner-section elementor-element elementor-element-2f5ca38 elementor-section-boxed elementor-section-height-default elementor-section-height-default\" data-id=\"2f5ca38\" data-element_type=\"section\">\n\t\t\t\t\t\t<div class=\"elementor-container elementor-column-gap-default\">\n\t\t\t\t\t<div class=\"elementor-column elementor-col-50 elementor-inner-column elementor-element elementor-element-f5a4b04\" data-id=\"f5a4b04\" data-element_type=\"column\">\n\t\t\t<div class=\"elementor-widget-wrap elementor-element-populated\">\n\t\t\t\t\t\t<div class=\"elementor-element elementor-element-acca0ce elementor-view-default elementor-widget elementor-widget-icon\" data-id=\"acca0ce\" data-element_type=\"widget\" data-widget_type=\"icon.default\">\n\t\t\t\t<div class=\"elementor-widget-container\">\n\t\t\t\t\t\t\t<div class=\"elementor-icon-wrapper\">\n\t\t\t<div class=\"elementor-icon\">\n\t\t\t<i aria-hidden=\"true\" class=\"fas fa-podcast\"><\/i>\t\t\t<\/div>\n\t\t<\/div>\n\t\t\t\t\t\t<\/div>\n\t\t\t\t<\/div>\n\t\t\t\t\t<\/div>\n\t\t<\/div>\n\t\t\t\t<div class=\"elementor-column elementor-col-50 elementor-inner-column elementor-element elementor-element-a872ade\" data-id=\"a872ade\" data-element_type=\"column\">\n\t\t\t<div class=\"elementor-widget-wrap elementor-element-populated\">\n\t\t\t\t\t\t<div class=\"elementor-element elementor-element-bfbae77 elementor-widget elementor-widget-heading\" data-id=\"bfbae77\" data-element_type=\"widget\" data-widget_type=\"heading.default\">\n\t\t\t\t<div class=\"elementor-widget-container\">\n\t\t\t\t\t<h1 class=\"elementor-heading-title elementor-size-default\">#4 Bj\u00f8rn Z. Ekelund og Piotr Pluta - \u00b4Dr\u00f8mmen er det gode samspillet\u00b4<\/h1>\t\t\t\t<\/div>\n\t\t\t\t<\/div>\n\t\t\t\t\t<\/div>\n\t\t<\/div>\n\t\t\t\t\t<\/div>\n\t\t<\/section>\n\t\t\t\t<div class=\"elementor-element elementor-element-ee1853c elementor-widget elementor-widget-text-editor\" data-id=\"ee1853c\" data-element_type=\"widget\" data-widget_type=\"text-editor.default\">\n\t\t\t\t<div class=\"elementor-widget-container\">\n\t\t\t\t\t\t\t\t\t<p data-pm-slice=\"1 1 []\"><span style=\"color: #000000;\">&#8211; Dr\u00f8mmen er det gode samspillet der vi forst\u00e5r hva skal til for at 2+2 blir mer enn 4. Det handler om \u00e5 skape noe mer enn det man selv har n\u00e6rhet til og bidra med noe som er s\u00e5pass stort at det kan g\u00e5 utover noe som den enkelte har oversikt over. Det \u00e5 lage store prosjekter i verden kan man ikke gj\u00f8re alene, ergo s\u00e5 blir det samspillet og det verdiskapende samspillet som vi hele tiden m\u00e5 s\u00f8ke etter. Det \u00e5 bygge en katedral er et eksempel p\u00e5 det, man greier ikke det alene man m\u00e5 gj\u00f8re det sammen med andre.<\/span><\/p>\n<p><\/p>\n<p><span style=\"color: #000000;\"><br><\/span><\/p><p><span style=\"color: #000000;\">Bj\u00f8rn Z Ekelund, Piotr Pluta og teamet i<\/span> <a href=\"https:\/\/human-factors.no\" target=\"_blank\" rel=\"noopener\">Human Factors<\/a> <span style=\"color: #000000;\">er samspill og synergi det mest essensielle i utvikling av ledere og organisasjoner, og som del av dr\u00f8mmen om \u00e5 skape det gode samspillet ble Diversity Icebreaker utviklet for 25 \u00e5r siden.<\/span><\/p>\n<p data-pm-slice=\"1 1 []\"><span style=\"color: #000000;\">&#8211; Diversity Icebreaker er et verkt\u00f8y for at folk skal finne fram til hvem er jeg i sammen med andre mennesker og hvordan kan jeg bruke meg selv p\u00e5 en best mulig m\u00e5te &#8211; og hvordan kan jeg hjelpe andre til \u00e5 bruke seg selv p\u00e5 best mulig m\u00e5te slik at vi kan finne hverandres posisjoner for \u00e5 skape noe sammen som er mer enn hva hver enkelt person kunne f\u00e5tt til, forteller Bj\u00f8rn videre.<\/span><\/p>\n<p data-pm-slice=\"1 1 []\"><span style=\"color: #000000;\"><br><\/span><\/p><p data-pm-slice=\"1 1 []\"><span style=\"color: #000000;\">Piotr trekker fram et viktig perspektiv p\u00e5 lederutvikling med Diversity Icebreaker:- Du har det uformelle niv\u00e5et der man g\u00e5r ut og tar en middag eller pils med teamet, ogs\u00e5 har det strategiske toppniv\u00e5et der problemer l\u00f8ses p\u00e5 et h\u00f8yere niv\u00e5. V\u00e5rt verkt\u00f8y kommer i mellom disse to, det er icebreaker som skaper en lav terskel for \u00e5 dele. Vi prater ikke om \u00b4ingenting\u00b4 ved middagen etter en utviklingsdag, men det er relevant samtaler som oppst\u00e5r og vi kan dr\u00f8fte p\u00e5 en enkel m\u00e5te ganske komplekse temaer.<\/span><\/p>\n<p data-pm-slice=\"1 1 []\">\n<\/p><p data-pm-slice=\"1 1 []\"><span style=\"color: #000000;\"><br><\/span><\/p><p data-pm-slice=\"1 1 []\"><span style=\"color: #000000;\">P\u00e5 sp\u00f8rsm\u00e5l om hva som bidrar til utvikling for ledere nevner Bj\u00f8rn:<br>&#8211; Trening er et begrep vi undervurderer mye i norsk setting. Vi bruker for lite tid i lederutvikling p\u00e5 \u00e5 trene folk i praktiske ferdigheter &#8211; m\u00f8teledelse, tilbakemeldinger, konflikth\u00e5ndteringer, motiverende intervju &#8211; praksis relaterteaktiviter som vi dessverre sender ledere ut i vanskelige situasjoner uten \u00e5 ha gitt den anledning til \u00e5 kunne trene, feile og erfaringsl\u00e6re. Eksempelvis sv\u00f8mte jeg 100 ganger p\u00e5 25 meteren f\u00f8r gikk opp til kretsmesterskap, men det er veldig f\u00e5 ledere som har trent p\u00e5 vanskelige samtaler 100 ganger f\u00f8r de tar dem, og det er er paradoks at vi i s\u00e5 liten grad jobber praksisbasert og treningsbasert.<\/span><\/p>\t\t\t\t\t\t\t\t<\/div>\n\t\t\t\t<\/div>\n\t\t\t\t<div class=\"elementor-element elementor-element-7e5af04 elementor-widget elementor-widget-heading\" data-id=\"7e5af04\" data-element_type=\"widget\" data-widget_type=\"heading.default\">\n\t\t\t\t<div class=\"elementor-widget-container\">\n\t\t\t\t\t<p class=\"elementor-heading-title elementor-size-default\">April 11, 2023<\/p>\t\t\t\t<\/div>\n\t\t\t\t<\/div>\n\t\t\t\t\t<\/div>\n\t\t<\/div>\n\t\t\t\t\t<\/div>\n\t\t<\/section>\n\t\t\t\t<section class=\"elementor-section elementor-top-section elementor-element elementor-element-567223d animated-slow elementor-section-boxed elementor-section-height-default elementor-section-height-default elementor-invisible\" data-id=\"567223d\" data-element_type=\"section\" data-settings=\"{&quot;animation&quot;:&quot;fadeIn&quot;,&quot;animation_delay&quot;:200}\">\n\t\t\t\t\t\t<div class=\"elementor-container elementor-column-gap-default\">\n\t\t\t\t\t<div class=\"elementor-column elementor-col-100 elementor-top-column elementor-element elementor-element-4fb0fac\" data-id=\"4fb0fac\" data-element_type=\"column\">\n\t\t\t<div class=\"elementor-widget-wrap elementor-element-populated\">\n\t\t\t\t\t\t<div class=\"elementor-element elementor-element-775f133 elementor-widget elementor-widget-html\" data-id=\"775f133\" data-element_type=\"widget\" data-widget_type=\"html.default\">\n\t\t\t\t<div class=\"elementor-widget-container\">\n\t\t\t\t\t<iframe src=\"https:\/\/player.rss.com\/lederutviklingspodden\/902696?theme=light\" style=\"width: 100%\" title=\"Lederutviklingspodden\" frameborder=\"0\" allow=\"accelerometer; autoplay; clipboard-write; encrypted-media; gyroscope; picture-in-picture\" allowfullscreen><a href=\"https:\/\/rss.com\/podcasts\/lederutviklingspodden\/902696\/\">Bj\u00f8rn Z Ekelund og Piotr Pluta - \u00b4Dr\u00f8mmen er det gode samspillet!\u00b4 | RSS.com<\/a><\/iframe>\t\t\t\t<\/div>\n\t\t\t\t<\/div>\n\t\t\t\t\t<\/div>\n\t\t<\/div>\n\t\t\t\t\t<\/div>\n\t\t<\/section>\n\t\t\t\t<section class=\"elementor-section elementor-top-section elementor-element elementor-element-7dc46a1 elementor-section-boxed elementor-section-height-default elementor-section-height-default\" data-id=\"7dc46a1\" data-element_type=\"section\">\n\t\t\t\t\t\t<div class=\"elementor-container elementor-column-gap-default\">\n\t\t\t\t\t<div class=\"elementor-column elementor-col-100 elementor-top-column elementor-element elementor-element-563eae5\" data-id=\"563eae5\" data-element_type=\"column\">\n\t\t\t<div class=\"elementor-widget-wrap elementor-element-populated\">\n\t\t\t\t\t\t<div class=\"elementor-element elementor-element-15f7517 elementor-widget elementor-widget-text-editor\" data-id=\"15f7517\" data-element_type=\"widget\" data-widget_type=\"text-editor.default\">\n\t\t\t\t<div class=\"elementor-widget-container\">\n\t\t\t\t\t\t\t\t\t<p><a href=\"https:\/\/coachingpartner.net\/cp\/nb\/lederutviklingspodden\/\"><strong>&lt; Back to list<\/strong><\/a><\/p>\t\t\t\t\t\t\t\t<\/div>\n\t\t\t\t<\/div>\n\t\t\t\t\t<\/div>\n\t\t<\/div>\n\t\t\t\t\t<\/div>\n\t\t<\/section>\n\t\t\t\t<\/div>\n\t\t<!-- AddThis Advanced Settings generic via filter on the_content --><!-- AddThis Share Buttons generic via filter on the_content -->","protected":false},"excerpt":{"rendered":"<p>#4 Bj\u00f8rn Z. Ekelund og Piotr Pluta &#8211; \u00b4Dr\u00f8mmen er det gode samspillet\u00b4 &#8211; Dr\u00f8mmen er det gode samspillet der vi forst\u00e5r hva skal til for at 2+2 blir mer enn 4. Det handler om \u00e5 skape noe mer enn det man selv har n\u00e6rhet til og bidra med noe som er s\u00e5pass stort at [&hellip;]<!-- AddThis Advanced Settings generic via filter on get_the_excerpt --><!-- AddThis Share Buttons generic via filter on get_the_excerpt --><\/p>\n","protected":false},"author":6,"featured_media":0,"parent":52442,"menu_order":0,"comment_status":"closed","ping_status":"closed","template":"elementor_header_footer","meta":{"_exactmetrics_skip_tracking":false,"_exactmetrics_sitenote_active":false,"_exactmetrics_sitenote_note":"","_exactmetrics_sitenote_category":0,"footnotes":""},"class_list":["post-53004","page","type-page","status-publish","hentry"],"wps_subtitle":"","_links":{"self":[{"href":"https:\/\/coachingpartner.net\/cp\/wp-json\/wp\/v2\/pages\/53004","targetHints":{"allow":["GET"]}}],"collection":[{"href":"https:\/\/coachingpartner.net\/cp\/wp-json\/wp\/v2\/pages"}],"about":[{"href":"https:\/\/coachingpartner.net\/cp\/wp-json\/wp\/v2\/types\/page"}],"author":[{"embeddable":true,"href":"https:\/\/coachingpartner.net\/cp\/wp-json\/wp\/v2\/users\/6"}],"replies":[{"embeddable":true,"href":"https:\/\/coachingpartner.net\/cp\/wp-json\/wp\/v2\/comments?post=53004"}],"version-history":[{"count":5,"href":"https:\/\/coachingpartner.net\/cp\/wp-json\/wp\/v2\/pages\/53004\/revisions"}],"predecessor-version":[{"id":53025,"href":"https:\/\/coachingpartner.net\/cp\/wp-json\/wp\/v2\/pages\/53004\/revisions\/53025"}],"up":[{"embeddable":true,"href":"https:\/\/coachingpartner.net\/cp\/wp-json\/wp\/v2\/pages\/52442"}],"wp:attachment":[{"href":"https:\/\/coachingpartner.net\/cp\/wp-json\/wp\/v2\/media?parent=53004"}],"curies":[{"name":"wp","href":"https:\/\/api.w.org\/{rel}","templated":true}]}}