{"id":52512,"date":"2023-01-18T12:46:52","date_gmt":"2023-01-18T12:46:52","guid":{"rendered":"https:\/\/coachingpartner.net\/cp\/?page_id=52512"},"modified":"2023-02-21T11:29:16","modified_gmt":"2023-02-21T11:29:16","slug":"michael-monrad-krohn","status":"publish","type":"page","link":"https:\/\/coachingpartner.net\/cp\/nb\/michael-monrad-krohn\/","title":{"rendered":"Michael Monrad-Krohn"},"content":{"rendered":"<div id=\"pl-52512\"  class=\"panel-layout\" ><div id=\"pg-52512-0\"  class=\"panel-grid panel-no-style\" ><div id=\"pgc-52512-0-0\"  class=\"panel-grid-cell panel-grid-cell-empty\" ><\/div><div id=\"pgc-52512-0-1\"  class=\"panel-grid-cell panel-grid-cell-mobile-last\" ><div id=\"panel-52512-0-1-0\" class=\"so-panel widget widget_text panel-first-child\" data-index=\"0\" >\t\t\t<div class=\"textwidget\"><center><img decoding=\"async\" src=\"https:\/\/coachingpartner.net\/cp\/wp-content\/uploads\/2023\/02\/Michael.jpeg\"\/><\/center>\n<br>\n<center><span class=\"titles_center_green \">Michael Monrad-Krohn<\/span><\/center><\/div>\n\t\t<\/div><div id=\"panel-52512-0-1-1\" class=\"so-panel widget widget_text\" data-index=\"1\" >\t\t\t<div class=\"textwidget\"><p>Michael har jobbet fulltid som coach og lederutvikler siden 2006 og er en av de mest erfarne i Norge p\u00e5 \u00e5 drive leder- og teamutviklingsprosesser, workshops og coachingforl\u00f8p. <\/p>\n<p>Han brenner for styrke- og verdibasert selvledelse som essensen for utvikling av team og ledere og har blant annet internasjonal sertifisering fra Gallup\u00b4s Strengthfinder og Strengthscope som en del av sin verkt\u00f8ykasse. <\/p>\n<p>Han har erfaring fra coaching med toppledere, mellomledere og nye ledere og fra en et bredt spekter av bransjer gjennom sin karriere. <\/p>\n<p>Prosess, utvikling og balanse er tre n\u00f8kkelord i Michaels arbeid som coach og lederutvikler.<\/p>\n<\/div>\n\t\t<\/div><div id=\"panel-52512-0-1-2\" class=\"so-panel widget widget_text\" data-index=\"2\" >\t\t\t<div class=\"textwidget\"><\/div>\n\t\t<\/div><div id=\"panel-52512-0-1-3\" class=\"so-panel widget widget_text panel-last-child\" data-index=\"3\" ><div class=\"panel-widget-style panel-widget-style-for-52512-0-1-3\" >\t\t\t<div class=\"textwidget\"><p><center><span class=\"titles_center_orange\">Bakgrunn<\/span><\/center><br \/>\n<\/br><\/p>\n<p class=\"bullets_left_green\">\u2022 Coach, team- og lederutvikler siden 2006<\/p>\n<p class=\"bullets_left_green\">\u2022 Prosjektleder, r\u00e5dgiver og lederst\u00f8tte for Reaktorskolen<\/p>\n<p class=\"bullets_left_green\">\u2022 Daglig leder og fotograf fra Eplekjelleren studio AS<\/p>\n<p class=\"bullets_left_green\">\u2022 Prosessledelse fra Lent og Emergence School of Leadership<\/p>\n<p class=\"bullets_left_green\">\u2022 Bachelor's degree design and visual communication, University of Manchester<\/p>\n<\/div>\n\t\t<\/div><\/div><\/div><div id=\"pgc-52512-0-2\"  class=\"panel-grid-cell panel-grid-cell-empty\" ><\/div><\/div><\/div><!-- AddThis Advanced Settings generic via filter on the_content --><!-- AddThis Share Buttons generic via filter on the_content -->","protected":false},"excerpt":{"rendered":"<p>Michael Monrad-Krohn Michael har jobbet fulltid som coach og lederutvikler siden 2006 og er en av de mest erfarne i Norge p\u00e5 \u00e5 drive leder- og teamutviklingsprosesser, workshops og coachingforl\u00f8p. Han brenner for styrke- og verdibasert selvledelse som essensen for utvikling av team og ledere og har blant annet internasjonal sertifisering fra Gallup\u00b4s Strengthfinder og [&hellip;]<!-- AddThis Advanced Settings generic via filter on get_the_excerpt --><!-- AddThis Share Buttons generic via filter on get_the_excerpt --><\/p>\n","protected":false},"author":1,"featured_media":0,"parent":0,"menu_order":0,"comment_status":"closed","ping_status":"closed","template":"page-profiles.php","meta":{"_exactmetrics_skip_tracking":false,"_exactmetrics_sitenote_active":false,"_exactmetrics_sitenote_note":"","_exactmetrics_sitenote_category":0,"footnotes":""},"class_list":["post-52512","page","type-page","status-publish","hentry"],"wps_subtitle":"","_links":{"self":[{"href":"https:\/\/coachingpartner.net\/cp\/wp-json\/wp\/v2\/pages\/52512","targetHints":{"allow":["GET"]}}],"collection":[{"href":"https:\/\/coachingpartner.net\/cp\/wp-json\/wp\/v2\/pages"}],"about":[{"href":"https:\/\/coachingpartner.net\/cp\/wp-json\/wp\/v2\/types\/page"}],"author":[{"embeddable":true,"href":"https:\/\/coachingpartner.net\/cp\/wp-json\/wp\/v2\/users\/1"}],"replies":[{"embeddable":true,"href":"https:\/\/coachingpartner.net\/cp\/wp-json\/wp\/v2\/comments?post=52512"}],"version-history":[{"count":5,"href":"https:\/\/coachingpartner.net\/cp\/wp-json\/wp\/v2\/pages\/52512\/revisions"}],"predecessor-version":[{"id":52913,"href":"https:\/\/coachingpartner.net\/cp\/wp-json\/wp\/v2\/pages\/52512\/revisions\/52913"}],"wp:attachment":[{"href":"https:\/\/coachingpartner.net\/cp\/wp-json\/wp\/v2\/media?parent=52512"}],"curies":[{"name":"wp","href":"https:\/\/api.w.org\/{rel}","templated":true}]}}