{"id":52507,"date":"2023-01-18T12:37:00","date_gmt":"2023-01-18T12:37:00","guid":{"rendered":"https:\/\/coachingpartner.net\/cp\/?page_id=52507"},"modified":"2023-02-21T11:24:24","modified_gmt":"2023-02-21T11:24:24","slug":"christine-wittusen","status":"publish","type":"page","link":"https:\/\/coachingpartner.net\/cp\/nb\/christine-wittusen\/","title":{"rendered":"Christine Wittusen"},"content":{"rendered":"<div id=\"pl-52507\"  class=\"panel-layout\" ><div id=\"pg-52507-0\"  class=\"panel-grid panel-no-style\" ><div id=\"pgc-52507-0-0\"  class=\"panel-grid-cell panel-grid-cell-empty\" ><\/div><div id=\"pgc-52507-0-1\"  class=\"panel-grid-cell panel-grid-cell-mobile-last\" ><div id=\"panel-52507-0-1-0\" class=\"so-panel widget widget_text panel-first-child\" data-index=\"0\" >\t\t\t<div class=\"textwidget\"><center><img decoding=\"async\" src=\"https:\/\/coachingpartner.net\/cp\/wp-content\/uploads\/2023\/02\/1650963203466.jpeg\"\/><\/center>\n<center><i><a href=\"https:\/\/sbraathen.no\/\">Foto: Sveinung Br\u00e5then<\/a><\/center><\/i>\n<br>\n<center><span class=\"titles_center_green \">Christine Wittusen<\/span><\/center><\/div>\n\t\t<\/div><div id=\"panel-52507-0-1-1\" class=\"so-panel widget widget_text\" data-index=\"1\" >\t\t\t<div class=\"textwidget\"><p>Christine\u00a0etablerte\u00a0sin\u00a0coachingpraksis i 2010 og har lang\u00a0erfaring\u00a0med coaching, lederutvikling, og teamutvikling. Hun har en spesiell lidenskap\u00a0for \u00e5 hjelpe ledere \u00e5 skape bedre relasjoner til\u00a0kolleger og kunder, samt hjelpe team og avdelinger til bedre samspill. <\/p>\n<p>Gjennom sitt arbeid f\u00e5r hun stadig bekreftet at n\u00f8kkelen til bedre relasjoner er en dypere forst\u00e5else av oss selv og av andre. <\/p>\n<p>Hun er utdannet master- og teamcoach fra Mindjuice Academy i K\u00f8benhavn, og har i tillegg en rekke kurs og sertifiseringer innen coachingfaget. Fra tidligere har hun en Bachelor i kommunikasjon og en Master i PR fra USA, og har jobbet flere \u00e5r som kommunikasjonsr\u00e5dgiver.\u00a0Hun er assosisert samarbeidspartner til coachingpartner og driver ogs\u00e5 sin egen bedrift <a href=\"www.barerelasjoner.no\">Bare Relasjoner.<\/a><\/p>\n<\/div>\n\t\t<\/div><div id=\"panel-52507-0-1-2\" class=\"so-panel widget widget_text\" data-index=\"2\" >\t\t\t<div class=\"textwidget\"><\/div>\n\t\t<\/div><div id=\"panel-52507-0-1-3\" class=\"so-panel widget widget_text panel-last-child\" data-index=\"3\" ><div class=\"panel-widget-style panel-widget-style-for-52507-0-1-3\" >\t\t\t<div class=\"textwidget\"><p><center><span class=\"titles_center_orange\">Bakgrunn<\/span><\/center><br \/>\n<\/br><\/p>\n<p class=\"bullets_left_green\">\u2022 Master- og teamcoach fra Mindjuice Academy i K\u00f8benhavn<\/p>\n<p class=\"bullets_left_green\">\u2022 Bachelor i kommunikasjon og master i PR<\/p>\n<p class=\"bullets_left_green\">\u2022 Kommunikasjonsr\u00e5dgiver<\/p>\n<\/div>\n\t\t<\/div><\/div><\/div><div id=\"pgc-52507-0-2\"  class=\"panel-grid-cell panel-grid-cell-empty\" ><\/div><\/div><\/div><!-- AddThis Advanced Settings generic via filter on the_content --><!-- AddThis Share Buttons generic via filter on the_content -->","protected":false},"excerpt":{"rendered":"<p>Foto: Sveinung Br\u00e5then Christine Wittusen Christine\u00a0etablerte\u00a0sin\u00a0coachingpraksis i 2010 og har lang\u00a0erfaring\u00a0med coaching, lederutvikling, og teamutvikling. Hun har en spesiell lidenskap\u00a0for \u00e5 hjelpe ledere \u00e5 skape bedre relasjoner til\u00a0kolleger og kunder, samt hjelpe team og avdelinger til bedre samspill. Gjennom sitt arbeid f\u00e5r hun stadig bekreftet at n\u00f8kkelen til bedre relasjoner er en dypere forst\u00e5else av [&hellip;]<!-- AddThis Advanced Settings generic via filter on get_the_excerpt --><!-- AddThis Share Buttons generic via filter on get_the_excerpt --><\/p>\n","protected":false},"author":1,"featured_media":0,"parent":0,"menu_order":0,"comment_status":"closed","ping_status":"closed","template":"page-profiles.php","meta":{"_exactmetrics_skip_tracking":false,"_exactmetrics_sitenote_active":false,"_exactmetrics_sitenote_note":"","_exactmetrics_sitenote_category":0,"footnotes":""},"class_list":["post-52507","page","type-page","status-publish","hentry"],"wps_subtitle":"","_links":{"self":[{"href":"https:\/\/coachingpartner.net\/cp\/wp-json\/wp\/v2\/pages\/52507","targetHints":{"allow":["GET"]}}],"collection":[{"href":"https:\/\/coachingpartner.net\/cp\/wp-json\/wp\/v2\/pages"}],"about":[{"href":"https:\/\/coachingpartner.net\/cp\/wp-json\/wp\/v2\/types\/page"}],"author":[{"embeddable":true,"href":"https:\/\/coachingpartner.net\/cp\/wp-json\/wp\/v2\/users\/1"}],"replies":[{"embeddable":true,"href":"https:\/\/coachingpartner.net\/cp\/wp-json\/wp\/v2\/comments?post=52507"}],"version-history":[{"count":6,"href":"https:\/\/coachingpartner.net\/cp\/wp-json\/wp\/v2\/pages\/52507\/revisions"}],"predecessor-version":[{"id":52912,"href":"https:\/\/coachingpartner.net\/cp\/wp-json\/wp\/v2\/pages\/52507\/revisions\/52912"}],"wp:attachment":[{"href":"https:\/\/coachingpartner.net\/cp\/wp-json\/wp\/v2\/media?parent=52507"}],"curies":[{"name":"wp","href":"https:\/\/api.w.org\/{rel}","templated":true}]}}