{"id":52429,"date":"2022-12-22T14:57:48","date_gmt":"2022-12-22T14:57:48","guid":{"rendered":"https:\/\/coachingpartner.net\/cp\/?page_id=52429"},"modified":"2026-01-01T22:16:31","modified_gmt":"2026-01-01T22:16:31","slug":"om-oss","status":"publish","type":"page","link":"https:\/\/coachingpartner.net\/cp\/nb\/om-oss\/","title":{"rendered":"Om oss"},"content":{"rendered":"<div id=\"pl-52429\"  class=\"panel-layout\" ><div id=\"pg-52429-0\"  class=\"panel-grid panel-no-style\" ><div id=\"pgc-52429-0-0\"  class=\"panel-grid-cell panel-grid-cell-empty\" ><\/div><div id=\"pgc-52429-0-1\"  class=\"panel-grid-cell panel-grid-cell-mobile-last\" ><div id=\"panel-52429-0-1-0\" class=\"so-panel widget widget_text panel-first-child panel-last-child\" data-index=\"0\" >\t\t\t<div class=\"textwidget\"><p class=\"titles_center_orange\">Mer om coachingpartner<\/p>\n<p class=\"texto_center\">Coachingpartner ble etablert i Oslo i 2012. Side den gang har vi gjennomf\u00f8rt utviklingsprosesser for hundrevis av ledere i Norge og internasjonalt samt jobbet med mange sm\u00e5 og mellomstore bedrifter i Oslo og i London. V\u00e5r lidenskap er \u00e5 hjelpe ambisi\u00f8se bedrifter, ledere og gr\u00fcndere \u00e5 f\u00e5 st\u00f8rre innflytelse slik at de kan oppn\u00e5 mer av det de brenner for og f\u00e5 klare konkurransefordeler i sin bransje.\n<\/p><\/div>\n\t\t<\/div><\/div><div id=\"pgc-52429-0-2\"  class=\"panel-grid-cell panel-grid-cell-empty\" ><\/div><\/div><div id=\"pg-52429-1\"  class=\"panel-grid panel-no-style\" ><div id=\"pgc-52429-1-0\"  class=\"panel-grid-cell\" ><div id=\"panel-52429-1-0-0\" class=\"so-panel widget widget_text panel-first-child panel-last-child\" data-index=\"1\" >\t\t\t<div class=\"textwidget\"><\/div>\n\t\t<\/div><\/div><div id=\"pgc-52429-1-1\"  class=\"panel-grid-cell panel-grid-cell-empty panel-grid-cell-mobile-last\" ><\/div><div id=\"pgc-52429-1-2\"  class=\"panel-grid-cell panel-grid-cell-empty\" ><\/div><\/div><div id=\"pg-52429-2\"  class=\"panel-grid panel-no-style\" ><div id=\"pgc-52429-2-0\"  class=\"panel-grid-cell panel-grid-cell-empty\" ><\/div><div id=\"pgc-52429-2-1\"  class=\"panel-grid-cell panel-grid-cell-empty panel-grid-cell-mobile-last\" ><\/div><div id=\"pgc-52429-2-2\"  class=\"panel-grid-cell panel-grid-cell-empty\" ><\/div><\/div><div id=\"pg-52429-3\"  class=\"panel-grid panel-no-style\" ><div id=\"pgc-52429-3-0\"  class=\"panel-grid-cell\" ><div id=\"panel-52429-3-0-0\" class=\"so-panel widget widget_text panel-first-child panel-last-child\" data-index=\"2\" >\t\t\t<div class=\"textwidget\"><p class=\"titles_center_orange\">Grunnlegger<\/p>\n<p class=\"texto_left\">Coachingpartner ble grunnlagt i 2012 av Vegard Olsen. Vegard har jobbet fulltid som leder- og teamutvikler i Norge og internasjonalt siden 2011 og etablerte coachingpartner i 2012. Han har et stort nettverk av lederutviklere i Norge og England og har god kjennskap til gode akt\u00f8rer i markedet, blant annet gjennom sin rolle som vertskap for Lederutviklingspodden hvor han har intervjuet noen av landets mest ambisi\u00f8se lederutviklere siden 2023. \n<\/p>\n<\/div>\n\t\t<\/div><\/div><div id=\"pgc-52429-3-1\"  class=\"panel-grid-cell panel-grid-cell-empty\" ><\/div><div id=\"pgc-52429-3-2\"  class=\"panel-grid-cell\" ><div id=\"panel-52429-3-2-0\" class=\"so-panel widget widget_text panel-first-child panel-last-child\" data-index=\"3\" >\t\t\t<div class=\"textwidget\"><p>&nbsp;<\/p>\n<center>\n<div class=\"fotos_team_no\" style=\"text-align:center;\"><div class=\"image-1\"><a href=\"https:\/\/coachingpartner.net\/cp\/nb\/vegard-olsen\/\"><img decoding=\"async\" src=\"https:\/\/coachingpartner.net\/cp\/wp-content\/uploads\/2023\/01\/intro.jpg\" alt=\"Vegard Olsen\" title=\"Vegard Olsen\" style=\"width: 120px;\"\/><\/a><\/div>\n<\/div>\n<\/center>\n<\/div>\n\t\t<\/div><\/div><\/div><div id=\"pg-52429-4\"  class=\"panel-grid panel-no-style\" ><div id=\"pgc-52429-4-0\"  class=\"panel-grid-cell\" ><div id=\"panel-52429-4-0-0\" class=\"so-panel widget widget_text panel-first-child panel-last-child\" data-index=\"4\" >\t\t\t<div class=\"textwidget\"><\/div>\n\t\t<\/div><\/div><div id=\"pgc-52429-4-1\"  class=\"panel-grid-cell panel-grid-cell-empty panel-grid-cell-mobile-last\" ><\/div><div id=\"pgc-52429-4-2\"  class=\"panel-grid-cell panel-grid-cell-empty\" ><\/div><\/div><div id=\"pg-52429-5\"  class=\"panel-grid panel-no-style\" ><div id=\"pgc-52429-5-0\"  class=\"panel-grid-cell panel-grid-cell-empty\" ><\/div><div id=\"pgc-52429-5-1\"  class=\"panel-grid-cell panel-grid-cell-empty panel-grid-cell-mobile-last\" ><\/div><div id=\"pgc-52429-5-2\"  class=\"panel-grid-cell panel-grid-cell-empty\" ><\/div><\/div><div id=\"pg-52429-6\"  class=\"panel-grid panel-no-style\" ><div id=\"pgc-52429-6-0\"  class=\"panel-grid-cell\" ><div id=\"panel-52429-6-0-0\" class=\"so-panel widget widget_text panel-first-child panel-last-child\" data-index=\"5\" >\t\t\t<div class=\"textwidget\"><p class=\"titles_center_orange\">Assosierte samarbeidspartnere<\/p>\n<p class=\"texto_left\">I v\u00e5rt team av assosierte samarbeidspartnere har vi med oss to av Norges mest erfarne innen coaching, team og lederutvikling, Christine Wittusen og Michael Monrad-Krohn, som mellom seg har mer enn 29 \u00e5rs erfaring i faget.<\/p>\n<\/div>\n\t\t<\/div><\/div><div id=\"pgc-52429-6-1\"  class=\"panel-grid-cell panel-grid-cell-empty\" ><\/div><div id=\"pgc-52429-6-2\"  class=\"panel-grid-cell\" ><div id=\"panel-52429-6-2-0\" class=\"so-panel widget widget_text panel-first-child panel-last-child\" data-index=\"6\" >\t\t\t<div class=\"textwidget\"><p>&nbsp;<\/p>\n<center>\n<div class=\"fotos_team_no\" style=\"text-align:center;\"><div class=\"image-1\"><a href=\"https:\/\/coachingpartner.net\/cp\/nb\/christine-wittusen\/\"><img decoding=\"async\" src=\"https:\/\/coachingpartner.net\/cp\/wp-content\/uploads\/2023\/02\/1650963203466.jpeg\" alt=\"Christine Wittusen\" title=\"Christine Wittusen\" style=\"width: 120px;\"\/><\/a><\/div>\n<div class=\"image-1\"><a href=\"https:\/\/coachingpartner.net\/cp\/nb\/michael-monrad-krohn\/\"><img decoding=\"async\" src=\"https:\/\/coachingpartner.net\/cp\/wp-content\/uploads\/2023\/02\/Michael.jpeg\" alt=\"Michael Monrad Krohn\" title=\"Michael Monrad Krohn\" style=\"width: 120px;\" \/><\/a><\/div>\n<\/div>\n<\/center>\n\n\n<\/div>\n\t\t<\/div><\/div><\/div><div id=\"pg-52429-7\"  class=\"panel-grid panel-no-style\" ><div id=\"pgc-52429-7-0\"  class=\"panel-grid-cell\" ><div id=\"panel-52429-7-0-0\" class=\"so-panel widget widget_text panel-first-child panel-last-child\" data-index=\"7\" >\t\t\t<div class=\"textwidget\"><\/div>\n\t\t<\/div><\/div><div id=\"pgc-52429-7-1\"  class=\"panel-grid-cell panel-grid-cell-empty panel-grid-cell-mobile-last\" ><\/div><div id=\"pgc-52429-7-2\"  class=\"panel-grid-cell panel-grid-cell-empty\" ><\/div><\/div><div id=\"pg-52429-8\"  class=\"panel-grid panel-no-style\" ><div id=\"pgc-52429-8-0\"  class=\"panel-grid-cell panel-grid-cell-empty\" ><\/div><div id=\"pgc-52429-8-1\"  class=\"panel-grid-cell panel-grid-cell-empty panel-grid-cell-mobile-last\" ><\/div><div id=\"pgc-52429-8-2\"  class=\"panel-grid-cell panel-grid-cell-empty\" ><\/div><\/div><div id=\"pg-52429-9\"  class=\"panel-grid panel-no-style\" ><div id=\"pgc-52429-9-0\"  class=\"panel-grid-cell\" ><div id=\"panel-52429-9-0-0\" class=\"so-panel widget widget_text panel-first-child panel-last-child\" data-index=\"8\" >\t\t\t<div class=\"textwidget\"><p class=\"titles_right_orange\">Hva vi tror p\u00e5:<\/p>\n<p style=\"text-align: right !important;\"><img decoding=\"async\" id=\"flechanaranja\" src=\"https:\/\/coachingpartner.net\/cp\/wp-content\/uploads\/2015\/10\/flecha1.jpg\" \/><\/div>\n\t\t<\/div><\/div><div id=\"pgc-52429-9-1\"  class=\"panel-grid-cell panel-grid-cell-empty\" ><\/div><div id=\"pgc-52429-9-2\"  class=\"panel-grid-cell\" ><div id=\"panel-52429-9-2-0\" class=\"so-panel widget widget_text panel-first-child panel-last-child\" data-index=\"9\" >\t\t\t<div class=\"textwidget\"><p class=\"bullets_left_green\" style=\"text-indent: -11px;\">\u2022 At med god lederutvikling kan alle ledere og team utvikle seg og ta sine prestasjoner og resultater til neste niv\u00e5<\/p>\n<p class=\"bullets_left_green\" style=\"text-indent: -11px;\">\u2022 At det \u00e5 forst\u00e5 og bruke individuelle forskjeller som en styrke er n\u00f8kkelen til innovasjon samt det \u00e5 designe effektive team og organisasjoner som er i kontinuerlig vekst<\/p>\n<p class=\"bullets_left_green\" style=\"text-indent: -11px;\">\u2022 At varig endring skjer gjennom \u00e5 jobbe konsistent med fokus p\u00e5 trening og utvikling over tid<\/p>\n<\/div>\n\t\t<\/div><\/div><\/div><div id=\"pg-52429-10\"  class=\"panel-grid panel-no-style\" ><div id=\"pgc-52429-10-0\"  class=\"panel-grid-cell\" ><div id=\"panel-52429-10-0-0\" class=\"so-panel widget widget_text panel-first-child panel-last-child\" data-index=\"10\" >\t\t\t<div class=\"textwidget\"><\/div>\n\t\t<\/div><\/div><div id=\"pgc-52429-10-1\"  class=\"panel-grid-cell panel-grid-cell-empty panel-grid-cell-mobile-last\" ><\/div><div id=\"pgc-52429-10-2\"  class=\"panel-grid-cell panel-grid-cell-empty\" ><\/div><\/div><div id=\"pg-52429-11\"  class=\"panel-grid panel-no-style\" ><div id=\"pgc-52429-11-0\"  class=\"panel-grid-cell panel-grid-cell-empty\" ><\/div><div id=\"pgc-52429-11-1\"  class=\"panel-grid-cell panel-grid-cell-empty panel-grid-cell-mobile-last\" ><\/div><div id=\"pgc-52429-11-2\"  class=\"panel-grid-cell panel-grid-cell-empty\" ><\/div><\/div><div id=\"pg-52429-12\"  class=\"panel-grid panel-no-style\" ><div id=\"pgc-52429-12-0\"  class=\"panel-grid-cell panel-grid-cell-empty\" ><\/div><div id=\"pgc-52429-12-1\"  class=\"panel-grid-cell panel-grid-cell-mobile-last\" ><div id=\"panel-52429-12-1-0\" class=\"so-panel widget widget_text panel-first-child panel-last-child\" data-index=\"11\" >\t\t\t<div class=\"textwidget\"><p class=\"titles_center_green\" style=\"line-height: 43px; margin-top: 58px;\">\"Med en dypere forst\u00e5else av hver enkelt leder sine styrker samt trening p\u00e5 n\u00f8kkelferligheter, utvikler organisasjonen ledere som har et betydelig konkurransefortrinn i markedet\"<\/p>\n<p class=\"intro_center_plomo\" style=\"text-align: right !important;  font-size: 22px !important;\"> \u2013 Vegard Olsen<\/p>\n<\/div>\n\t\t<\/div><\/div><div id=\"pgc-52429-12-2\"  class=\"panel-grid-cell panel-grid-cell-empty\" ><\/div><\/div><div id=\"pg-52429-13\"  class=\"panel-grid panel-no-style\" ><div id=\"pgc-52429-13-0\"  class=\"panel-grid-cell\" ><div id=\"panel-52429-13-0-0\" class=\"so-panel widget widget_text panel-first-child panel-last-child\" data-index=\"12\" >\t\t\t<div class=\"textwidget\"><\/div>\n\t\t<\/div><\/div><div id=\"pgc-52429-13-1\"  class=\"panel-grid-cell panel-grid-cell-empty panel-grid-cell-mobile-last\" ><\/div><div id=\"pgc-52429-13-2\"  class=\"panel-grid-cell panel-grid-cell-empty\" ><\/div><\/div><div id=\"pg-52429-14\"  class=\"panel-grid panel-no-style\" ><div id=\"pgc-52429-14-0\"  class=\"panel-grid-cell panel-grid-cell-empty\" ><\/div><\/div><\/div><!-- AddThis Advanced Settings generic via filter on the_content --><!-- AddThis Share Buttons generic via filter on the_content -->","protected":false},"excerpt":{"rendered":"<p>Mer om coachingpartner Coachingpartner ble etablert i Oslo i 2012. Side den gang har vi gjennomf\u00f8rt utviklingsprosesser for hundrevis av ledere i Norge og internasjonalt samt jobbet med mange sm\u00e5 og mellomstore bedrifter i Oslo og i London. V\u00e5r lidenskap er \u00e5 hjelpe ambisi\u00f8se bedrifter, ledere og gr\u00fcndere \u00e5 f\u00e5 st\u00f8rre innflytelse slik at de [&hellip;]<!-- AddThis Advanced Settings generic via filter on get_the_excerpt --><!-- AddThis Share Buttons generic via filter on get_the_excerpt --><\/p>\n","protected":false},"author":1,"featured_media":0,"parent":0,"menu_order":0,"comment_status":"closed","ping_status":"closed","template":"page-templates\/full-width.php","meta":{"_exactmetrics_skip_tracking":false,"_exactmetrics_sitenote_active":false,"_exactmetrics_sitenote_note":"","_exactmetrics_sitenote_category":0,"footnotes":""},"class_list":["post-52429","page","type-page","status-publish","hentry"],"wps_subtitle":"Om oss","_links":{"self":[{"href":"https:\/\/coachingpartner.net\/cp\/wp-json\/wp\/v2\/pages\/52429","targetHints":{"allow":["GET"]}}],"collection":[{"href":"https:\/\/coachingpartner.net\/cp\/wp-json\/wp\/v2\/pages"}],"about":[{"href":"https:\/\/coachingpartner.net\/cp\/wp-json\/wp\/v2\/types\/page"}],"author":[{"embeddable":true,"href":"https:\/\/coachingpartner.net\/cp\/wp-json\/wp\/v2\/users\/1"}],"replies":[{"embeddable":true,"href":"https:\/\/coachingpartner.net\/cp\/wp-json\/wp\/v2\/comments?post=52429"}],"version-history":[{"count":5,"href":"https:\/\/coachingpartner.net\/cp\/wp-json\/wp\/v2\/pages\/52429\/revisions"}],"predecessor-version":[{"id":53620,"href":"https:\/\/coachingpartner.net\/cp\/wp-json\/wp\/v2\/pages\/52429\/revisions\/53620"}],"wp:attachment":[{"href":"https:\/\/coachingpartner.net\/cp\/wp-json\/wp\/v2\/media?parent=52429"}],"curies":[{"name":"wp","href":"https:\/\/api.w.org\/{rel}","templated":true}]}}