{"id":51085,"date":"2020-05-28T23:25:40","date_gmt":"2020-05-28T21:25:40","guid":{"rendered":"https:\/\/coachingpartner.net\/cp\/?page_id=51085"},"modified":"2024-10-15T19:01:40","modified_gmt":"2024-10-15T18:01:40","slug":"forsta-teamets-verdier-motivasjon-og-retning","status":"publish","type":"page","link":"https:\/\/coachingpartner.net\/cp\/nb\/forsta-teamets-verdier-motivasjon-og-retning\/","title":{"rendered":"Selvledelse og tidsstyring for ledere og medarbeidere"},"content":{"rendered":"<div id=\"pl-51085\"  class=\"panel-layout\" ><div id=\"pg-51085-0\"  class=\"panel-grid panel-no-style\" ><div id=\"pgc-51085-0-0\"  class=\"panel-grid-cell panel-grid-cell-empty\" ><\/div><div id=\"pgc-51085-0-1\"  class=\"panel-grid-cell panel-grid-cell-mobile-last\" ><div id=\"panel-51085-0-1-0\" class=\"so-panel widget widget_text panel-first-child panel-last-child\" data-index=\"0\" >\t\t\t<div class=\"textwidget\"><p class=\"titles_center_orange\" style=\"font-weight:400\">Selvledelse og tidsstyring for ledere og medarbeidere<\/p>\n<\/div>\n\t\t<\/div><\/div><div id=\"pgc-51085-0-2\"  class=\"panel-grid-cell panel-grid-cell-empty\" ><\/div><\/div><div id=\"pg-51085-1\"  class=\"panel-grid panel-no-style\" ><div id=\"pgc-51085-1-0\"  class=\"panel-grid-cell\" ><div id=\"panel-51085-1-0-0\" class=\"so-panel widget widget_text panel-first-child panel-last-child\" data-index=\"1\" >\t\t\t<div class=\"textwidget\"><center>\n<img decoding=\"async\" src=\"https:\/\/coachingpartner.net\/cp\/wp-content\/uploads\/2024\/08\/tim-bogdanov-4uojMEdcwI8-unsplash.jpg\" width=\"80%\" \/>\n<\/center>\n\n<\/div>\n\t\t<\/div><\/div><\/div><div id=\"pg-51085-2\"  class=\"panel-grid panel-no-style\" ><div id=\"pgc-51085-2-0\"  class=\"panel-grid-cell panel-grid-cell-empty\" ><\/div><div id=\"pgc-51085-2-1\"  class=\"panel-grid-cell panel-grid-cell-empty panel-grid-cell-mobile-last\" ><\/div><div id=\"pgc-51085-2-2\"  class=\"panel-grid-cell panel-grid-cell-empty\" ><\/div><\/div><div id=\"pg-51085-3\"  class=\"panel-grid panel-no-style\" ><div id=\"pgc-51085-3-0\"  class=\"panel-grid-cell panel-grid-cell-empty\" ><\/div><div id=\"pgc-51085-3-1\"  class=\"panel-grid-cell panel-grid-cell-mobile-last\" ><div id=\"panel-51085-3-1-0\" class=\"so-panel widget widget_text panel-first-child panel-last-child\" data-index=\"2\" >\t\t\t<div class=\"textwidget\"><p class=\"titles_center_orange\" style=\"color: #40a56d; margin-bottom: 40px;\">Om kurset<\/p>\n<p class=\"text_center\" style=\"text-align: center !important; font-size: 19px;\n    line-height: 30px !important;\n    font-weight: 100;\">I dagens organisasjoner er tempoet stadig \u00f8kende, forventningene til raske svar og leveranser stadig st\u00f8rre, og antallet komplekse problemer som skal l\u00f8ses kontinuerlig voksende.<p class=\"text_center\" style=\"text-align: center !important; font-size: 19px;\n    line-height: 30px !important;\n    font-weight: 100;\">For \u00e5 m\u00f8te disse forventingene p\u00e5 en best mulig m\u00e5te, b\u00e5de som leder og medarbeider, er det viktig \u00e5 kunne lede seg selv p\u00e5 en best mulig m\u00e5te i sin rolle og sitt arbeid.<p class=\"text_center\" style=\"text-align: center !important; font-size: 19px;\n    line-height: 30px !important;\n    font-weight: 100;\">Gjennom kurset deles verkt\u00f8y som gir nye innsikter, klarhet om m\u00e5l og prioriteringer og ikke minst nye konkrete handlinger som skaper bedre selvledelse og bedre tidsstyring.<\/div>\n\t\t<\/div><\/div><div id=\"pgc-51085-3-2\"  class=\"panel-grid-cell panel-grid-cell-empty\" ><\/div><\/div><div id=\"pg-51085-4\"  class=\"panel-grid panel-no-style\" ><div id=\"pgc-51085-4-0\"  class=\"panel-grid-cell panel-grid-cell-empty\" ><\/div><div id=\"pgc-51085-4-1\"  class=\"panel-grid-cell panel-grid-cell-empty panel-grid-cell-mobile-last\" ><\/div><div id=\"pgc-51085-4-2\"  class=\"panel-grid-cell panel-grid-cell-empty\" ><\/div><\/div><div id=\"pg-51085-5\"  class=\"panel-grid panel-no-style\" ><div id=\"pgc-51085-5-0\"  class=\"panel-grid-cell panel-grid-cell-empty\" ><\/div><div id=\"pgc-51085-5-1\"  class=\"panel-grid-cell panel-grid-cell-mobile-last\" ><div id=\"panel-51085-5-1-0\" class=\"so-panel widget widget_text panel-first-child\" data-index=\"3\" >\t\t\t<div class=\"textwidget\"><p class=\"titles_center_orange\">Kursets innhold<\/p>\n<\/div>\n\t\t<\/div><div id=\"panel-51085-5-1-1\" class=\"so-panel widget widget_text panel-last-child\" data-index=\"4\" >\t\t\t<div class=\"textwidget\"><p class=\"bullets_left_green\" style=\"color: #444 !important;\">\u2022 Utforske og tydeliggj\u00f8re hver enkelts m\u00e5l, retning og prioriteringer<\/p>\n<p class=\"bullets_left_green\" style=\"color: #444 !important;\">\u2022 Verkt\u00f8y for \u00e5 forst\u00e5 essensen av hver enkelts lederstil<\/p>\n<p class=\"bullets_left_green\" style=\"color: #444 !important;\">\u2022 Verkt\u00f8y som viser potensial for bedre av selvledelse og tidsstyring<\/p>\n<p class=\"bullets_left_green\" style=\"color: #444 !important;\">\u2022 Tips og r\u00e5d til god selvledelse og forbedret tidsstyring<\/p>\n<p class=\"bullets_left_green\" style=\"color: #444 !important;\">\u2022 Konkrete nye handlinger som kan implementeres<\/p>\n<p class=\"bullets_left_green\" style=\"color: #444 !important;\">\u2022 M\u00e5ling av langsiktige effekter fra kurset fra f\u00f8r kurset til etter 3 m\u00e5neder etter kurset<\/p><\/div>\n\t\t<\/div><\/div><div id=\"pgc-51085-5-2\"  class=\"panel-grid-cell panel-grid-cell-empty\" ><\/div><\/div><div id=\"pg-51085-6\"  class=\"panel-grid panel-no-style\" ><div id=\"pgc-51085-6-0\"  class=\"panel-grid-cell panel-grid-cell-empty\" ><\/div><div id=\"pgc-51085-6-1\"  class=\"panel-grid-cell panel-grid-cell-empty panel-grid-cell-mobile-last\" ><\/div><div id=\"pgc-51085-6-2\"  class=\"panel-grid-cell panel-grid-cell-empty\" ><\/div><\/div><div id=\"pg-51085-7\"  class=\"panel-grid panel-no-style\" ><div id=\"pgc-51085-7-0\"  class=\"panel-grid-cell panel-grid-cell-empty\" ><\/div><div id=\"pgc-51085-7-1\"  class=\"panel-grid-cell panel-grid-cell-empty panel-grid-cell-mobile-last\" ><\/div><div id=\"pgc-51085-7-2\"  class=\"panel-grid-cell panel-grid-cell-empty\" ><\/div><\/div><div id=\"pg-51085-8\"  class=\"panel-grid panel-no-style\" ><div id=\"pgc-51085-8-0\"  class=\"panel-grid-cell panel-grid-cell-empty\" ><\/div><div id=\"pgc-51085-8-1\"  class=\"panel-grid-cell panel-grid-cell-mobile-last\" ><div id=\"panel-51085-8-1-0\" class=\"so-panel widget widget_text panel-first-child panel-last-child\" data-index=\"5\" >\t\t\t<div class=\"textwidget\"><p class=\"titles_center_orange\" style=\"margin-bottom: 40px;\">M\u00e5lgruppe<\/p>\n<center><p style=\"text-align: left !important; font-size: 20px;\n    line-height: 30px !important;\n    font-weight: 100;\">Dette kurset for ledergrupper, team og avdelinger i sm\u00e5, mellomstore og store bedrifter som \u00f8nsker \u00e5 bli mer bevisst sine styrker og aspirasjoner og hvilket tankesett som kan hjelp dem til bedre selvledelse og tidsstyring i hverdagen. Kurset er godt egnet for b\u00e5de ledergrupper, team og medarbeidere og kurset tilpasses til hver enkelt m\u00e5lgruppe og deres spesifikke behov n\u00e5r det gjelder selvledelse og tidsstyring.<\/p>\n<\/center><\/div>\n\t\t<\/div><\/div><div id=\"pgc-51085-8-2\"  class=\"panel-grid-cell panel-grid-cell-empty\" ><\/div><\/div><div id=\"pg-51085-9\"  class=\"panel-grid panel-no-style\" ><div id=\"pgc-51085-9-0\"  class=\"panel-grid-cell panel-grid-cell-empty\" ><\/div><div id=\"pgc-51085-9-1\"  class=\"panel-grid-cell panel-grid-cell-empty panel-grid-cell-mobile-last\" ><\/div><div id=\"pgc-51085-9-2\"  class=\"panel-grid-cell panel-grid-cell-empty\" ><\/div><\/div><div id=\"pg-51085-10\"  class=\"panel-grid panel-no-style\" ><div id=\"pgc-51085-10-0\"  class=\"panel-grid-cell panel-grid-cell-empty\" ><\/div><div id=\"pgc-51085-10-1\"  class=\"panel-grid-cell panel-grid-cell-empty panel-grid-cell-mobile-last\" ><\/div><div id=\"pgc-51085-10-2\"  class=\"panel-grid-cell panel-grid-cell-empty\" ><\/div><\/div><div id=\"pg-51085-11\"  class=\"panel-grid panel-no-style\" ><div id=\"pgc-51085-11-0\"  class=\"panel-grid-cell panel-grid-cell-empty\" ><\/div><div id=\"pgc-51085-11-1\"  class=\"panel-grid-cell panel-grid-cell-mobile-last\" ><div id=\"panel-51085-11-1-0\" class=\"so-panel widget widget_text panel-first-child\" data-index=\"6\" >\t\t\t<div class=\"textwidget\"><p class=\"titles_center_orange\">Hva vil dere f\u00e5 ut av dette kurset?<\/p>\n<\/div>\n\t\t<\/div><div id=\"panel-51085-11-1-1\" class=\"so-panel widget widget_text panel-last-child\" data-index=\"7\" >\t\t\t<div class=\"textwidget\"><p class=\"bullets_left_green\" style=\"color: #444 !important;\">\u2022 St\u00f8rre selvinnsikt om egen kommunikasjons-, relasjons- og lederstil<\/p>\n<p class=\"bullets_left_green\" style=\"color: #444 !important;\">\u2022 Praktisk verkt\u00f8y som hver enkelt kan bruke i hverdagen<\/p>\n<p class=\"bullets_left_green\" style=\"color: #444 !important;\">\u2022 Tydelige prioriteringer med fokus p\u00e5 mer tid til de viktigste oppgavene p\u00e5 jobb<\/p>\n<p class=\"bullets_left_green\" style=\"color: #444 !important;\">\u2022 Verkt\u00f8y som kan bidra til bedre balanse mellom jobb og fritid<\/p><\/div>\n\t\t<\/div><\/div><div id=\"pgc-51085-11-2\"  class=\"panel-grid-cell panel-grid-cell-empty\" ><\/div><\/div><div id=\"pg-51085-12\"  class=\"panel-grid panel-no-style\" ><div id=\"pgc-51085-12-0\"  class=\"panel-grid-cell panel-grid-cell-empty\" ><\/div><div id=\"pgc-51085-12-1\"  class=\"panel-grid-cell panel-grid-cell-empty panel-grid-cell-mobile-last\" ><\/div><div id=\"pgc-51085-12-2\"  class=\"panel-grid-cell panel-grid-cell-empty\" ><\/div><\/div><div id=\"pg-51085-13\"  class=\"panel-grid panel-no-style\" ><div id=\"pgc-51085-13-0\"  class=\"panel-grid-cell panel-grid-cell-empty\" ><\/div><div id=\"pgc-51085-13-1\"  class=\"panel-grid-cell panel-grid-cell-empty panel-grid-cell-mobile-last\" ><\/div><div id=\"pgc-51085-13-2\"  class=\"panel-grid-cell panel-grid-cell-empty\" ><\/div><\/div><div id=\"pg-51085-14\"  class=\"panel-grid panel-no-style\" ><div id=\"pgc-51085-14-0\"  class=\"panel-grid-cell\" ><div id=\"panel-51085-14-0-0\" class=\"so-panel widget widget_text panel-first-child panel-last-child\" data-index=\"8\" >\t\t\t<div class=\"textwidget\"><p class=\"titles_center_orange\">Praktisk info<\/p><\/div>\n\t\t<\/div><\/div><\/div><div id=\"pg-51085-15\"  class=\"panel-grid panel-no-style\" ><div id=\"pgc-51085-15-0\"  class=\"panel-grid-cell\" ><div id=\"panel-51085-15-0-0\" class=\"so-panel widget widget_text panel-first-child panel-last-child\" data-index=\"9\" >\t\t\t<div class=\"textwidget\"><p class=\"cita_right_green\">Format<\/p>\n<p class=\"texto_right\" style=\"    font-size: 20px;\n    line-height: 30px !important;\n    font-weight: 100;\">Fasiliteres av 1-2 kursledere, kurset f\u00f8lger en stegvis prosess der hver enkelt noterer sine personlige innsikter underveis. Mulighet for inndeling i grupper for \u00e5 l\u00e6re av hverandre, samt sp\u00f8rsm\u00e5l og svar underveis og mot slutten av kurset.<\/p>\n<\/div>\n\t\t<\/div><\/div><div id=\"pgc-51085-15-1\"  class=\"panel-grid-cell\" ><div id=\"panel-51085-15-1-0\" class=\"so-panel widget widget_text panel-first-child panel-last-child\" data-index=\"10\" >\t\t\t<div class=\"textwidget\"><span class=\"texto_center\"><img decoding=\"async\" class=\"bola_naranaja\" src=\"https:\/\/coachingpartner.net\/cp\/wp-content\/uploads\/2015\/08\/bola_naranja_03.png\" width=\"11px\">\n<img decoding=\"async\" class=\"raya\" src=\"https:\/\/coachingpartner.net\/cp\/wp-content\/uploads\/2015\/08\/ralla_pixel_07.png\" height=\"83px\" width=\"9px\">\n<img decoding=\"async\" class=\"bola_naranaja\" src=\"https:\/\/coachingpartner.net\/cp\/wp-content\/uploads\/2015\/08\/bola_naranja_03.png\" width=\"11px\">\n<img decoding=\"async\" class=\"raya\" src=\"https:\/\/coachingpartner.net\/cp\/wp-content\/uploads\/2015\/08\/ralla_pixel_07.png\" height=\"50px\" width=\"9px\">\n<\/span><\/div>\n\t\t<\/div><\/div><div id=\"pgc-51085-15-2\"  class=\"panel-grid-cell\" ><div id=\"panel-51085-15-2-0\" class=\"so-panel widget widget_text panel-first-child panel-last-child\" data-index=\"11\" ><div class=\"panel-widget-style panel-widget-style-for-51085-15-2-0\" >\t\t\t<div class=\"textwidget\"><p class=\"cita_left_green\">Tid<\/p>\n<p class=\"texto_justificado\" style=\"    font-size: 20px;\n    line-height: 30px !important;\n    font-weight: 100;\n    text-align: left !important;\">Kursvarighet typisk fra 1,5 til 3 timer. Kurset kj\u00f8res som online eller offline kurs og kursopplegget tilpasses gruppa st\u00f8rrelse samt tilgjengelig tid.\n<\/p>\n<\/div>\n\t\t<\/div><\/div><\/div><\/div><div id=\"pg-51085-16\"  class=\"panel-grid panel-no-style\" ><div id=\"pgc-51085-16-0\"  class=\"panel-grid-cell\" ><div id=\"panel-51085-16-0-0\" class=\"so-panel widget widget_text panel-first-child panel-last-child\" data-index=\"12\" >\t\t\t<div class=\"textwidget\"><center><a class=\"vinculo_center_big_green\" href=\"https:\/\/coachingpartner.net\/cp\/nb\/kontakt\/\">Ta kontakt med oss for mer informasjon<\/a><\/center>\n\n<\/div>\n\t\t<\/div><\/div><\/div><div id=\"pg-51085-17\"  class=\"panel-grid panel-no-style\" ><div id=\"pgc-51085-17-0\"  class=\"panel-grid-cell panel-grid-cell-empty\" ><\/div><div id=\"pgc-51085-17-1\"  class=\"panel-grid-cell panel-grid-cell-empty panel-grid-cell-mobile-last\" ><\/div><div id=\"pgc-51085-17-2\"  class=\"panel-grid-cell panel-grid-cell-empty\" ><\/div><\/div><div id=\"pg-51085-18\"  class=\"panel-grid panel-no-style\" ><div id=\"pgc-51085-18-0\"  class=\"panel-grid-cell panel-grid-cell-empty\" ><\/div><div id=\"pgc-51085-18-1\"  class=\"panel-grid-cell panel-grid-cell-empty panel-grid-cell-mobile-last\" ><\/div><div id=\"pgc-51085-18-2\"  class=\"panel-grid-cell panel-grid-cell-empty\" ><\/div><\/div><div id=\"pg-51085-19\"  class=\"panel-grid panel-no-style\" ><div id=\"pgc-51085-19-0\"  class=\"panel-grid-cell panel-grid-cell-empty\" ><\/div><div id=\"pgc-51085-19-1\"  class=\"panel-grid-cell panel-grid-cell-mobile-last\" ><div id=\"panel-51085-19-1-0\" class=\"so-panel widget widget_text panel-first-child panel-last-child\" data-index=\"13\" >\t\t\t<div class=\"textwidget\"><p class=\"titles_center_orange\">Hva sier tidligere kunder?<\/p><\/div>\n\t\t<\/div><\/div><div id=\"pgc-51085-19-2\"  class=\"panel-grid-cell panel-grid-cell-empty\" ><\/div><\/div><div id=\"pg-51085-20\"  class=\"panel-grid panel-no-style\" ><div id=\"pgc-51085-20-0\"  class=\"panel-grid-cell\" ><div id=\"panel-51085-20-0-0\" class=\"so-panel widget widget_text panel-first-child panel-last-child\" data-index=\"14\" >\t\t\t<div class=\"textwidget\"><center> <img fetchpriority=\"high\" decoding=\"async\" src=\"https:\/\/coachingpartner.net\/cp\/wp-content\/uploads\/2024\/08\/1718693061812.jpeg\" width=\"350\" \n     height=\"350\"><\/center> \n<right>\n<p  style=\"font-size:20px; line-height: 30px !important; font-weight: 100; text-align: right !important;\">\u201cFra v\u00e5r avdeling (personal\/HR) har vi f\u00e5tt tilbakemelding p\u00e5 at flere ledere: \n<br>- prioriterer sin egen tid i st\u00f8rre grad \n<br>- setter klare m\u00e5l for kommende uke \n<br>- f\u00e5r unna forfallent arbeid \n<br>- prioriterer en bedre balanse mellom jobb og fritid \n<br>Tusen takk for et veldig motiverende og inspirerende kurs!\u201d\n<br>\n<span style=\"font-size:14px; text-align: right !important;\">- Kavita Kristine Asp Gjervoldstad, Personalr\u00e5dgiver Misjonssambandet<\/span>\n <\/p>\n<\/right>\n<\/div>\n\t\t<\/div><\/div><div id=\"pgc-51085-20-1\"  class=\"panel-grid-cell\" ><div id=\"panel-51085-20-1-0\" class=\"so-panel widget widget_text panel-first-child panel-last-child\" data-index=\"15\" >\t\t\t<div class=\"textwidget\"><span class=\"texto_center\">\n<div class=\"espacio_bola2\"><\/div>\n<img decoding=\"async\" class=\"raya\" src=\"https:\/\/coachingpartner.net\/cp\/wp-content\/uploads\/2015\/08\/ralla_pixel_07.png\" height=\"492px\" width=\"9px\">\n<\/span>\n<\/div>\n\t\t<\/div><\/div><div id=\"pgc-51085-20-2\"  class=\"panel-grid-cell\" ><div id=\"panel-51085-20-2-0\" class=\"so-panel widget widget_text panel-first-child panel-last-child\" data-index=\"16\" ><div class=\"panel-widget-style panel-widget-style-for-51085-20-2-0\" >\t\t\t<div class=\"textwidget\"><left>\n<p class=\"cita_left_green\">Kurs med 35 ledere hos Misjonssambandet mars 2024 med m\u00e5ling av effekter f\u00f8r og etter kurset<\/p>\n<p style=\"text-align: left !important;\">\n<span style=\"font-size:20px; line-height: 30px !important; font-weight: 100; text-align: left  !important;\">\u00abJeg har blitt bedre kjent med meg selv som leder\u00bb <br>- 90% er enig i utsagnet<\/span>\n<br>\n<span style=\"font-size:20px; line-height: 30px !important; font-weight: 100; text-align: left  !important;\">\u00abJeg fikk nye innsikter jeg kan bruke i jobben\u00bb \n<br>- 90% er enig i utsagnet<\/span>\n<br>\n<span style=\"font-size:20px; line-height: 30px !important; font-weight: 100; text-align: left  !important;\"><span style=\"font-size:20px; line-height: 30px !important; font-weight: 100; text-align: left  !important;\">\u00abJeg har identifisert konkrete nye handlinger jeg skal implementere de neste ukene basert p\u00e5 kurset\u00bb <br>- 85% er enig i utsagnet<\/span>\n<p>\n<span style=\"font-size:20px; line-height: 30px !important; font-weight: 100; text-align: left  !important;\"><span style=\"font-size:20px; line-height: 30px !important; font-weight: 100; text-align: left  !important;\">\u00abJeg er en god rollemodell for mine kolleger og ansatte n\u00e5r det gjelder selvledelse\u00bb <br>- 87% er enig i utsagnet. 37% forbedring sammenlignet med f\u00f8r kurset<\/span>\n<br><span style=\"font-size:20px; line-height: 30px !important; font-weight: 100; text-align: left  !important;\"><span style=\"font-size:20px; line-height: 30px !important; font-weight: 100; text-align: left  !important;\">\u00abJeg er god p\u00e5 \u00e5 kommunisere prioriteringer til de jeg leder\u00bb <br>- 79% er enig i utsagnet. 22% forbedring sammenlignet med f\u00f8r kurset<\/span>\n<br>\n<span style=\"font-size:20px; line-height: 30px !important; font-weight: 100; text-align: left  !important;\"><span style=\"font-size:20px; line-height: 30px !important; font-weight: 100; text-align: left  !important;\">\u00abJeg er en god rollemodell for mine kolleger og ansatte n\u00e5r det gjelder tidsledelse\u00bb <br>- 67% er enig i utsagnet. 23% forbedring sammenlignet med f\u00f8r kurset<\/span>\n<p>\n<span style=\"font-size:20px; line-height: 30px !important; font-weight: 100; text-align: left  !important;\"><span style=\"font-size:20px; line-height: 30px !important; font-weight: 100; text-align: left  !important;\">11 av 11 m\u00e5lte parametere ble forbedret fra f\u00f8r kurset til etter kurset<\/span>\n\n\n\n<br>\n<span style=\"font-size:14px; font-weight: 100;\">- M\u00e5ling f\u00f8r kurset, rett i etterkant og 3 m\u00e5neder etter kurset<\/span>\n <\/p>\n<\/left>\n  \n<\/div>\n\t\t<\/div><\/div><\/div><\/div><div id=\"pg-51085-21\"  class=\"panel-grid panel-no-style\" ><div id=\"pgc-51085-21-0\"  class=\"panel-grid-cell panel-grid-cell-empty\" ><\/div><div id=\"pgc-51085-21-1\"  class=\"panel-grid-cell panel-grid-cell-empty panel-grid-cell-mobile-last\" ><\/div><div id=\"pgc-51085-21-2\"  class=\"panel-grid-cell panel-grid-cell-empty\" ><\/div><\/div><div id=\"pg-51085-22\"  class=\"panel-grid panel-no-style\" ><div id=\"pgc-51085-22-0\"  class=\"panel-grid-cell panel-grid-cell-empty\" ><\/div><div id=\"pgc-51085-22-1\"  class=\"panel-grid-cell panel-grid-cell-empty panel-grid-cell-mobile-last\" ><\/div><div id=\"pgc-51085-22-2\"  class=\"panel-grid-cell panel-grid-cell-empty\" ><\/div><\/div><div id=\"pg-51085-23\"  class=\"panel-grid panel-no-style\" ><div id=\"pgc-51085-23-0\"  class=\"panel-grid-cell panel-grid-cell-empty\" ><\/div><div id=\"pgc-51085-23-1\"  class=\"panel-grid-cell panel-grid-cell-empty panel-grid-cell-mobile-last\" ><\/div><div id=\"pgc-51085-23-2\"  class=\"panel-grid-cell panel-grid-cell-empty\" ><\/div><\/div><div id=\"pg-51085-24\"  class=\"panel-grid panel-no-style\" ><div id=\"pgc-51085-24-0\"  class=\"panel-grid-cell panel-grid-cell-empty\" ><\/div><div id=\"pgc-51085-24-1\"  class=\"panel-grid-cell panel-grid-cell-empty panel-grid-cell-mobile-last\" ><\/div><div id=\"pgc-51085-24-2\"  class=\"panel-grid-cell panel-grid-cell-empty\" ><\/div><\/div><div id=\"pg-51085-25\"  class=\"panel-grid panel-no-style\" ><div id=\"pgc-51085-25-0\"  class=\"panel-grid-cell panel-grid-cell-empty\" ><\/div><div id=\"pgc-51085-25-1\"  class=\"panel-grid-cell panel-grid-cell-empty panel-grid-cell-mobile-last\" ><\/div><div id=\"pgc-51085-25-2\"  class=\"panel-grid-cell panel-grid-cell-empty\" ><\/div><\/div><div id=\"pg-51085-26\"  class=\"panel-grid panel-no-style\" ><div id=\"pgc-51085-26-0\"  class=\"panel-grid-cell\" ><div id=\"panel-51085-26-0-0\" class=\"so-panel widget widget_text panel-first-child panel-last-child\" data-index=\"17\" >\t\t\t<div class=\"textwidget\"><p class=\"titles_center_orange\" style=\"margin-bottom: 40px;\">Bilde fra tidligere kurs<\/p>\n<center>\n<img decoding=\"async\" src=\"https:\/\/coachingpartner.net\/cp\/wp-content\/uploads\/2018\/01\/Coachingpartner_team_development.jpg\n\" style=\"width: 80%;\"\/>\n<br>\n<\/center><\/div>\n\t\t<\/div><\/div><\/div><div id=\"pg-51085-27\"  class=\"panel-grid panel-no-style\" ><div id=\"pgc-51085-27-0\"  class=\"panel-grid-cell panel-grid-cell-empty\" ><\/div><div id=\"pgc-51085-27-1\"  class=\"panel-grid-cell panel-grid-cell-empty panel-grid-cell-mobile-last\" ><\/div><div id=\"pgc-51085-27-2\"  class=\"panel-grid-cell panel-grid-cell-empty\" ><\/div><\/div><div id=\"pg-51085-28\"  class=\"panel-grid panel-no-style\" ><div id=\"pgc-51085-28-0\"  class=\"panel-grid-cell panel-grid-cell-empty\" ><\/div><div id=\"pgc-51085-28-1\"  class=\"panel-grid-cell panel-grid-cell-empty panel-grid-cell-mobile-last\" ><\/div><div id=\"pgc-51085-28-2\"  class=\"panel-grid-cell panel-grid-cell-empty\" ><\/div><\/div><div id=\"pg-51085-29\"  class=\"panel-grid panel-no-style\" ><div id=\"pgc-51085-29-0\"  class=\"panel-grid-cell\" ><div id=\"panel-51085-29-0-0\" class=\"so-panel widget widget_text panel-first-child panel-last-child\" data-index=\"18\" >\t\t\t<div class=\"textwidget\"><p class=\"titles_center_orange\">Flere bilder fra tidligere kurs<\/p><\/div>\n\t\t<\/div><\/div><\/div><div id=\"pg-51085-30\"  class=\"panel-grid panel-no-style\" ><div id=\"pgc-51085-30-0\"  class=\"panel-grid-cell\" ><div id=\"panel-51085-30-0-0\" class=\"so-panel widget widget_text panel-first-child panel-last-child\" data-index=\"19\" >\t\t\t<div class=\"textwidget\"><center> <a href=\"https:\/\/coachingpartner.net\/cp\/wp-content\/uploads\/2017\/05\/Photo-13-09-2017-19-22-46.jpg\"><img decoding=\"async\" src=\"https:\/\/coachingpartner.net\/cp\/wp-content\/uploads\/2017\/05\/Photo-13-09-2017-19-22-46.jpg\"><\/a><\/center> <\/div>\n\t\t<\/div><\/div><div id=\"pgc-51085-30-1\"  class=\"panel-grid-cell\" ><div id=\"panel-51085-30-1-0\" class=\"so-panel widget widget_text panel-first-child panel-last-child\" data-index=\"20\" >\t\t\t<div class=\"textwidget\"><center> <a href=\"https:\/\/coachingpartner.net\/cp\/wp-content\/uploads\/2017\/05\/DSC_0025.jpg\"><img decoding=\"async\" src=\"https:\/\/coachingpartner.net\/cp\/wp-content\/uploads\/2017\/05\/DSC_0025.jpg\"><\/a><\/center> <\/div>\n\t\t<\/div><\/div><div id=\"pgc-51085-30-2\"  class=\"panel-grid-cell\" ><div id=\"panel-51085-30-2-0\" class=\"so-panel widget widget_text panel-first-child panel-last-child\" data-index=\"21\" >\t\t\t<div class=\"textwidget\"><center><a href=\"https:\/\/coachingpartner.net\/cp\/wp-content\/uploads\/2015\/11\/IMG_4597.jpg\"><img decoding=\"async\" src=\"https:\/\/coachingpartner.net\/cp\/wp-content\/uploads\/2015\/11\/IMG_4597.jpg\"><\/a><\/center> <\/div>\n\t\t<\/div><\/div><\/div><div id=\"pg-51085-31\"  class=\"panel-grid panel-no-style\" ><div id=\"pgc-51085-31-0\"  class=\"panel-grid-cell panel-grid-cell-empty\" ><\/div><div id=\"pgc-51085-31-1\"  class=\"panel-grid-cell panel-grid-cell-empty panel-grid-cell-mobile-last\" ><\/div><div id=\"pgc-51085-31-2\"  class=\"panel-grid-cell panel-grid-cell-empty\" ><\/div><\/div><div id=\"pg-51085-32\"  class=\"panel-grid panel-no-style\" ><div id=\"pgc-51085-32-0\"  class=\"panel-grid-cell\" ><div id=\"panel-51085-32-0-0\" class=\"so-panel widget widget_text panel-first-child panel-last-child\" data-index=\"22\" >\t\t\t<div class=\"textwidget\"><p class=\"titles_center_green\" style=\"line-height: 43px; margin-top: 58px;\">\u00d8nsker dere mer informasjon?<\/p>\n<center><a class=\"vinculo_center_big_green\" href=\"https:\/\/coachingpartner.net\/cp\/nb\/kontakt\/\">Ta gjerne kontakt med oss!\n<\/a><\/center>\n\n<\/div>\n\t\t<\/div><\/div><\/div><div id=\"pg-51085-33\"  class=\"panel-grid panel-no-style\" ><div id=\"pgc-51085-33-0\"  class=\"panel-grid-cell panel-grid-cell-empty\" ><\/div><div id=\"pgc-51085-33-1\"  class=\"panel-grid-cell panel-grid-cell-empty panel-grid-cell-mobile-last\" ><\/div><div id=\"pgc-51085-33-2\"  class=\"panel-grid-cell panel-grid-cell-empty\" ><\/div><\/div><\/div><!-- AddThis Advanced Settings generic via filter on the_content --><!-- AddThis Share Buttons generic via filter on the_content -->","protected":false},"excerpt":{"rendered":"<p>Selvledelse og tidsstyring for ledere og medarbeidere<!-- AddThis Advanced Settings generic via filter on get_the_excerpt --><!-- AddThis Share Buttons generic via filter on get_the_excerpt --><\/p>\n","protected":false},"author":1,"featured_media":0,"parent":0,"menu_order":0,"comment_status":"closed","ping_status":"closed","template":"page-templates\/full-width.php","meta":{"_exactmetrics_skip_tracking":false,"_exactmetrics_sitenote_active":false,"_exactmetrics_sitenote_note":"","_exactmetrics_sitenote_category":0,"footnotes":""},"class_list":["post-51085","page","type-page","status-publish","hentry"],"wps_subtitle":"","_links":{"self":[{"href":"https:\/\/coachingpartner.net\/cp\/wp-json\/wp\/v2\/pages\/51085","targetHints":{"allow":["GET"]}}],"collection":[{"href":"https:\/\/coachingpartner.net\/cp\/wp-json\/wp\/v2\/pages"}],"about":[{"href":"https:\/\/coachingpartner.net\/cp\/wp-json\/wp\/v2\/types\/page"}],"author":[{"embeddable":true,"href":"https:\/\/coachingpartner.net\/cp\/wp-json\/wp\/v2\/users\/1"}],"replies":[{"embeddable":true,"href":"https:\/\/coachingpartner.net\/cp\/wp-json\/wp\/v2\/comments?post=51085"}],"version-history":[{"count":6,"href":"https:\/\/coachingpartner.net\/cp\/wp-json\/wp\/v2\/pages\/51085\/revisions"}],"predecessor-version":[{"id":53471,"href":"https:\/\/coachingpartner.net\/cp\/wp-json\/wp\/v2\/pages\/51085\/revisions\/53471"}],"wp:attachment":[{"href":"https:\/\/coachingpartner.net\/cp\/wp-json\/wp\/v2\/media?parent=51085"}],"curies":[{"name":"wp","href":"https:\/\/api.w.org\/{rel}","templated":true}]}}