{"id":51073,"date":"2020-05-28T22:56:29","date_gmt":"2020-05-28T20:56:29","guid":{"rendered":"https:\/\/coachingpartner.net\/cp\/?page_id=51073"},"modified":"2024-08-18T22:56:22","modified_gmt":"2024-08-18T21:56:22","slug":"integrer-dine-skyggesider","status":"publish","type":"page","link":"https:\/\/coachingpartner.net\/cp\/nb\/integrer-dine-skyggesider\/","title":{"rendered":"Integrer dine skyggesider"},"content":{"rendered":"<div id=\"pl-51073\"  class=\"panel-layout\" ><div id=\"pg-51073-0\"  class=\"panel-grid panel-no-style\" ><div id=\"pgc-51073-0-0\"  class=\"panel-grid-cell panel-grid-cell-empty\" ><\/div><div id=\"pgc-51073-0-1\"  class=\"panel-grid-cell panel-grid-cell-mobile-last\" ><div id=\"panel-51073-0-1-0\" class=\"so-panel widget widget_text panel-first-child panel-last-child\" data-index=\"0\" >\t\t\t<div class=\"textwidget\"><p class=\"titles_center_orange\" style=\"font-weight:400\">Integrer dine skyggesider<\/p>\n<\/div>\n\t\t<\/div><\/div><div id=\"pgc-51073-0-2\"  class=\"panel-grid-cell panel-grid-cell-empty\" ><\/div><\/div><div id=\"pg-51073-1\"  class=\"panel-grid panel-no-style\" ><div id=\"pgc-51073-1-0\"  class=\"panel-grid-cell\" ><div id=\"panel-51073-1-0-0\" class=\"so-panel widget widget_text panel-first-child panel-last-child\" data-index=\"1\" >\t\t\t<div class=\"textwidget\"><center>\n<img decoding=\"async\" src=\"https:\/\/coachingpartner.net\/cp\/wp-content\/uploads\/2018\/11\/56.jpg\" width=\"80%\" \/>\n<\/center>\n<\/div>\n\t\t<\/div><\/div><\/div><div id=\"pg-51073-2\"  class=\"panel-grid panel-no-style\" ><div id=\"pgc-51073-2-0\"  class=\"panel-grid-cell panel-grid-cell-empty\" ><\/div><div id=\"pgc-51073-2-1\"  class=\"panel-grid-cell panel-grid-cell-empty panel-grid-cell-mobile-last\" ><\/div><div id=\"pgc-51073-2-2\"  class=\"panel-grid-cell panel-grid-cell-empty\" ><\/div><\/div><div id=\"pg-51073-3\"  class=\"panel-grid panel-no-style\" ><div id=\"pgc-51073-3-0\"  class=\"panel-grid-cell panel-grid-cell-empty\" ><\/div><div id=\"pgc-51073-3-1\"  class=\"panel-grid-cell panel-grid-cell-mobile-last\" ><div id=\"panel-51073-3-1-0\" class=\"so-panel widget widget_text panel-first-child panel-last-child\" data-index=\"2\" >\t\t\t<div class=\"textwidget\"><p class=\"titles_center_orange\" style=\"color: #40a56d; margin-bottom: 40px;\">Om kurset<\/p>\n<p class=\"text_center\" style=\"text-align: center !important; font-size: 19px;\n    line-height: 30px !important;\n    font-weight: 100;\">For \u00e5 maksimere ditt potensial er det viktig at du er bevisst p\u00e5 dine skyggesider som leder. Hver av dine unike styrker som leder har en unik skyggestyrke som enten hjelper deg eller hindrer deg i \u00e5 v\u00e6re p\u00e5 ditt beste som leder. Det har derfor stor verdi \u00e5 forst\u00e5 dine skyggesider samt \u00e5 l\u00e6re hvordan du kan integrere disse slik at de jobber med deg og ikke mot deg. I dette kurset blir du bevisst p\u00e5 kraftfulle deler av ditt lederskap og hvordan du kan bruke disse for \u00e5 oppn\u00e5 det som er <br>viktigst for deg som leder<\/p>\n<\/div>\n\t\t<\/div><\/div><div id=\"pgc-51073-3-2\"  class=\"panel-grid-cell panel-grid-cell-empty\" ><\/div><\/div><div id=\"pg-51073-4\"  class=\"panel-grid panel-no-style\" ><div id=\"pgc-51073-4-0\"  class=\"panel-grid-cell panel-grid-cell-empty\" ><\/div><div id=\"pgc-51073-4-1\"  class=\"panel-grid-cell panel-grid-cell-empty panel-grid-cell-mobile-last\" ><\/div><div id=\"pgc-51073-4-2\"  class=\"panel-grid-cell panel-grid-cell-empty\" ><\/div><\/div><div id=\"pg-51073-5\"  class=\"panel-grid panel-no-style\" ><div id=\"pgc-51073-5-0\"  class=\"panel-grid-cell panel-grid-cell-empty\" ><\/div><div id=\"pgc-51073-5-1\"  class=\"panel-grid-cell panel-grid-cell-mobile-last\" ><div id=\"panel-51073-5-1-0\" class=\"so-panel widget widget_text panel-first-child\" data-index=\"3\" >\t\t\t<div class=\"textwidget\"><p class=\"titles_center_orange\">Kursinnhold<\/p>\n<\/div>\n\t\t<\/div><div id=\"panel-51073-5-1-1\" class=\"so-panel widget widget_text panel-last-child\" data-index=\"4\" >\t\t\t<div class=\"textwidget\"><p class=\"bullets_left_green\" style=\"color: #444 !important;\">\u2022 Forst\u00e5 hva skyggesider er<\/p>\n<p class=\"bullets_left_green\" style=\"color: #444 !important;\">\u2022 Identifisere noen av dine skyggesider som leder<\/p>\n<p class=\"bullets_left_green\" style=\"color: #444 !important;\">\u2022 Forst\u00e5 hvordan disse egenskapene kan hjelpe deg i ditt lederskap<\/p>\n<p class=\"bullets_left_green\" style=\"color: #444 !important;\">\u2022 Ta de f\u00f8rste stegene for \u00e5 integrere dine skyggesider og styrke din balanse som leder<\/p><\/div>\n\t\t<\/div><\/div><div id=\"pgc-51073-5-2\"  class=\"panel-grid-cell panel-grid-cell-empty\" ><\/div><\/div><div id=\"pg-51073-6\"  class=\"panel-grid panel-no-style\" ><div id=\"pgc-51073-6-0\"  class=\"panel-grid-cell panel-grid-cell-empty\" ><\/div><div id=\"pgc-51073-6-1\"  class=\"panel-grid-cell panel-grid-cell-empty panel-grid-cell-mobile-last\" ><\/div><div id=\"pgc-51073-6-2\"  class=\"panel-grid-cell panel-grid-cell-empty\" ><\/div><\/div><div id=\"pg-51073-7\"  class=\"panel-grid panel-no-style\" ><div id=\"pgc-51073-7-0\"  class=\"panel-grid-cell panel-grid-cell-empty\" ><\/div><div id=\"pgc-51073-7-1\"  class=\"panel-grid-cell panel-grid-cell-empty panel-grid-cell-mobile-last\" ><\/div><div id=\"pgc-51073-7-2\"  class=\"panel-grid-cell panel-grid-cell-empty\" ><\/div><\/div><div id=\"pg-51073-8\"  class=\"panel-grid panel-no-style\" ><div id=\"pgc-51073-8-0\"  class=\"panel-grid-cell panel-grid-cell-empty\" ><\/div><div id=\"pgc-51073-8-1\"  class=\"panel-grid-cell panel-grid-cell-mobile-last\" ><div id=\"panel-51073-8-1-0\" class=\"so-panel widget widget_text panel-first-child panel-last-child\" data-index=\"5\" >\t\t\t<div class=\"textwidget\"><p class=\"titles_center_orange\" style=\"margin-bottom: 40px;\">M\u00e5lgruppe<\/p>\n<center><p style=\"text-align: left !important; font-size: 20px;\n    line-height: 30px !important;\n    font-weight: 100;\">Sm\u00e5 og mellomstore bedrifter som \u00f8nsker \u00e5 investere i felles l\u00e6ring og utvikling for \u00e5 ta organisasjonen til neste niv\u00e5<\/p>\n<\/center><\/div>\n\t\t<\/div><\/div><div id=\"pgc-51073-8-2\"  class=\"panel-grid-cell panel-grid-cell-empty\" ><\/div><\/div><div id=\"pg-51073-9\"  class=\"panel-grid panel-no-style\" ><div id=\"pgc-51073-9-0\"  class=\"panel-grid-cell panel-grid-cell-empty\" ><\/div><div id=\"pgc-51073-9-1\"  class=\"panel-grid-cell panel-grid-cell-empty panel-grid-cell-mobile-last\" ><\/div><div id=\"pgc-51073-9-2\"  class=\"panel-grid-cell panel-grid-cell-empty\" ><\/div><\/div><div id=\"pg-51073-10\"  class=\"panel-grid panel-no-style\" ><div id=\"pgc-51073-10-0\"  class=\"panel-grid-cell panel-grid-cell-empty\" ><\/div><div id=\"pgc-51073-10-1\"  class=\"panel-grid-cell panel-grid-cell-empty panel-grid-cell-mobile-last\" ><\/div><div id=\"pgc-51073-10-2\"  class=\"panel-grid-cell panel-grid-cell-empty\" ><\/div><\/div><div id=\"pg-51073-11\"  class=\"panel-grid panel-no-style\" ><div id=\"pgc-51073-11-0\"  class=\"panel-grid-cell panel-grid-cell-empty\" ><\/div><div id=\"pgc-51073-11-1\"  class=\"panel-grid-cell panel-grid-cell-mobile-last\" ><div id=\"panel-51073-11-1-0\" class=\"so-panel widget widget_text panel-first-child\" data-index=\"6\" >\t\t\t<div class=\"textwidget\"><p class=\"titles_center_orange\">Hva vil du f\u00e5 ut av dette kurset?<\/p>\n<\/div>\n\t\t<\/div><div id=\"panel-51073-11-1-1\" class=\"so-panel widget widget_text panel-last-child\" data-index=\"7\" >\t\t\t<div class=\"textwidget\"><p class=\"bullets_left_green\" style=\"color: #444 !important;\">\u2022 St\u00f8rre bevissthet om dine styrker og utviklingsomr\u00e5der som leder<\/p>\n<p class=\"bullets_left_green\" style=\"color: #444 !important;\">\u2022 Verkt\u00f8y som hjelper deg \u00e5 v\u00e6re p\u00e5 ditt beste i krevende situasjoner<\/p>\n<p class=\"bullets_left_green\" style=\"color: #444 !important;\">\u2022 Verkt\u00f8y som hjelper deg \u00e5 holde et konsistent fokus<\/p>\n<p class=\"bullets_left_green\" style=\"color: #444 !important;\">\u2022 Inspirasjon til \u00e5 gj\u00f8re justeringer som tar deg til neste niv\u00e5 i ditt lederskap<\/p><\/div>\n\t\t<\/div><\/div><div id=\"pgc-51073-11-2\"  class=\"panel-grid-cell panel-grid-cell-empty\" ><\/div><\/div><div id=\"pg-51073-12\"  class=\"panel-grid panel-no-style\" ><div id=\"pgc-51073-12-0\"  class=\"panel-grid-cell panel-grid-cell-empty\" ><\/div><div id=\"pgc-51073-12-1\"  class=\"panel-grid-cell panel-grid-cell-empty panel-grid-cell-mobile-last\" ><\/div><div id=\"pgc-51073-12-2\"  class=\"panel-grid-cell panel-grid-cell-empty\" ><\/div><\/div><div id=\"pg-51073-13\"  class=\"panel-grid panel-no-style\" ><div id=\"pgc-51073-13-0\"  class=\"panel-grid-cell panel-grid-cell-empty\" ><\/div><div id=\"pgc-51073-13-1\"  class=\"panel-grid-cell panel-grid-cell-empty panel-grid-cell-mobile-last\" ><\/div><div id=\"pgc-51073-13-2\"  class=\"panel-grid-cell panel-grid-cell-empty\" ><\/div><\/div><div id=\"pg-51073-14\"  class=\"panel-grid panel-no-style\" ><div id=\"pgc-51073-14-0\"  class=\"panel-grid-cell\" ><div id=\"panel-51073-14-0-0\" class=\"so-panel widget widget_text panel-first-child panel-last-child\" data-index=\"8\" >\t\t\t<div class=\"textwidget\"><p class=\"titles_center_orange\">Praktisk info<\/p><\/div>\n\t\t<\/div><\/div><\/div><div id=\"pg-51073-15\"  class=\"panel-grid panel-no-style\" ><div id=\"pgc-51073-15-0\"  class=\"panel-grid-cell\" ><div id=\"panel-51073-15-0-0\" class=\"so-panel widget widget_text panel-first-child panel-last-child\" data-index=\"9\" >\t\t\t<div class=\"textwidget\"><p class=\"cita_right_green\">Format<\/p>\n<p class=\"texto_right\" style=\"    font-size: 20px;\n    line-height: 30px !important;\n    font-weight: 100;\">Refleksjon individuelt, i par og\/eller i sm\u00e5 grupper, gruppediskusjoner, slides fra kurset samt verkt\u00f8y<\/p>\n\n<\/div>\n\t\t<\/div><\/div><div id=\"pgc-51073-15-1\"  class=\"panel-grid-cell\" ><div id=\"panel-51073-15-1-0\" class=\"so-panel widget widget_text panel-first-child panel-last-child\" data-index=\"10\" >\t\t\t<div class=\"textwidget\"><span class=\"texto_center\"><img decoding=\"async\" class=\"bola_naranaja\" src=\"https:\/\/coachingpartner.net\/cp\/wp-content\/uploads\/2015\/08\/bola_naranja_03.png\" width=\"11px\">\n<img decoding=\"async\" class=\"raya\" src=\"https:\/\/coachingpartner.net\/cp\/wp-content\/uploads\/2015\/08\/ralla_pixel_07.png\" height=\"83px\" width=\"9px\">\n<img decoding=\"async\" class=\"bola_naranaja\" src=\"https:\/\/coachingpartner.net\/cp\/wp-content\/uploads\/2015\/08\/bola_naranja_03.png\" width=\"11px\">\n<img decoding=\"async\" class=\"raya\" src=\"https:\/\/coachingpartner.net\/cp\/wp-content\/uploads\/2015\/08\/ralla_pixel_07.png\" height=\"50px\" width=\"9px\">\n<\/span><\/div>\n\t\t<\/div><\/div><div id=\"pgc-51073-15-2\"  class=\"panel-grid-cell\" ><div id=\"panel-51073-15-2-0\" class=\"so-panel widget widget_text panel-first-child panel-last-child\" data-index=\"11\" ><div class=\"panel-widget-style panel-widget-style-for-51073-15-2-0\" >\t\t\t<div class=\"textwidget\"><p class=\"cita_left_green\">Tid<\/p>\n<p class=\"texto_justificado\" style=\"    font-size: 20px;\n    line-height: 30px !important;\n    font-weight: 100;\n    text-align: left !important;\">2 timer, men kan tilpasses til 1 time eller halvdags kurs\/workshop<\/p>\n<\/div>\n\t\t<\/div><\/div><\/div><\/div><div id=\"pg-51073-16\"  class=\"panel-grid panel-no-style\" ><div id=\"pgc-51073-16-0\"  class=\"panel-grid-cell\" ><div id=\"panel-51073-16-0-0\" class=\"so-panel widget widget_text panel-first-child panel-last-child\" data-index=\"12\" >\t\t\t<div class=\"textwidget\"><center><a class=\"vinculo_center_big_green\" href=\"https:\/\/coachingpartner.net\/cp\/nb\/kontakt\/\">Ta kontakt med oss for mer informasjon<\/a><\/center><\/div>\n\t\t<\/div><\/div><\/div><div id=\"pg-51073-17\"  class=\"panel-grid panel-no-style\" ><div id=\"pgc-51073-17-0\"  class=\"panel-grid-cell panel-grid-cell-empty\" ><\/div><div id=\"pgc-51073-17-1\"  class=\"panel-grid-cell panel-grid-cell-empty panel-grid-cell-mobile-last\" ><\/div><div id=\"pgc-51073-17-2\"  class=\"panel-grid-cell panel-grid-cell-empty\" ><\/div><\/div><div id=\"pg-51073-18\"  class=\"panel-grid panel-no-style\" ><div id=\"pgc-51073-18-0\"  class=\"panel-grid-cell panel-grid-cell-empty\" ><\/div><div id=\"pgc-51073-18-1\"  class=\"panel-grid-cell panel-grid-cell-empty panel-grid-cell-mobile-last\" ><\/div><div id=\"pgc-51073-18-2\"  class=\"panel-grid-cell panel-grid-cell-empty\" ><\/div><\/div><div id=\"pg-51073-19\"  class=\"panel-grid panel-no-style\" ><div id=\"pgc-51073-19-0\"  class=\"panel-grid-cell panel-grid-cell-empty\" ><\/div><div id=\"pgc-51073-19-1\"  class=\"panel-grid-cell panel-grid-cell-mobile-last\" ><div id=\"panel-51073-19-1-0\" class=\"so-panel widget widget_text panel-first-child panel-last-child\" data-index=\"13\" >\t\t\t<div class=\"textwidget\"><p class=\"titles_center_orange\">Hva sier tidligere kunder?<\/p><\/div>\n\t\t<\/div><\/div><div id=\"pgc-51073-19-2\"  class=\"panel-grid-cell panel-grid-cell-empty\" ><\/div><\/div><div id=\"pg-51073-20\"  class=\"panel-grid panel-no-style\" ><div id=\"pgc-51073-20-0\"  class=\"panel-grid-cell\" ><div id=\"panel-51073-20-0-0\" class=\"so-panel widget widget_text panel-first-child panel-last-child\" data-index=\"14\" >\t\t\t<div class=\"textwidget\"><right>\n<p  style=\"font-size:20px; line-height: 30px !important; font-weight: 100; text-align: right !important;\">81% av tidligere deltagere vurderer v\u00e5re kurs som \"str\u00e5lende\" eller \"veldig bra\"\n<br>\n<span style=\"font-size:14px; text-align: right !important;\">* basert p\u00e5 markedsunders\u00f8kelse av 8 tidligere kurs<\/span>\n <\/p>\n<\/right>\n<\/div>\n\t\t<\/div><\/div><div id=\"pgc-51073-20-1\"  class=\"panel-grid-cell\" ><div id=\"panel-51073-20-1-0\" class=\"so-panel widget widget_text panel-first-child panel-last-child\" data-index=\"15\" >\t\t\t<div class=\"textwidget\"><span class=\"texto_center\">\n<div class=\"espacio_bola2\"><\/div>\n<img decoding=\"async\" class=\"raya\" src=\"https:\/\/coachingpartner.net\/cp\/wp-content\/uploads\/2015\/08\/ralla_pixel_07.png\" height=\"310px\" width=\"9px\">\n<\/span>\n<\/div>\n\t\t<\/div><\/div><div id=\"pgc-51073-20-2\"  class=\"panel-grid-cell\" ><div id=\"panel-51073-20-2-0\" class=\"so-panel widget widget_text panel-first-child panel-last-child\" data-index=\"16\" ><div class=\"panel-widget-style panel-widget-style-for-51073-20-2-0\" >\t\t\t<div class=\"textwidget\"><left>\n<p class=\"cita_left_green\">Slik beskriver tidligere deltagere v\u00e5re kurs:<\/p>\n<p style=\"text-align: left !important;\">\n<span style=\"font-size:20px; line-height: 30px !important; font-weight: 100; text-align: left  !important;\">\u201cTankevekkende, veldig engasjerende, unikt innhold, god atmosf\u00e6re, rom til \u00e5 tenke, gode verkt\u00f8y og \u00f8velser som skaper innsikt, gode eksempler, interaktivt, godt organisert, kreative elementer, str\u00e5lende fasilitering\u201d <\/span>\n<br>\n<span style=\"font-size:14px; font-weight: 100;\">* basert p\u00e5 markedsunders\u00f8kelse av 8 tidligere kurs<\/span>\n <\/p>\n<\/left>\n  <\/div>\n\t\t<\/div><\/div><\/div><\/div><div id=\"pg-51073-21\"  class=\"panel-grid panel-no-style\" ><div id=\"pgc-51073-21-0\"  class=\"panel-grid-cell panel-grid-cell-empty\" ><\/div><div id=\"pgc-51073-21-1\"  class=\"panel-grid-cell panel-grid-cell-empty panel-grid-cell-mobile-last\" ><\/div><div id=\"pgc-51073-21-2\"  class=\"panel-grid-cell panel-grid-cell-empty\" ><\/div><\/div><div id=\"pg-51073-22\"  class=\"panel-grid panel-no-style\" ><div id=\"pgc-51073-22-0\"  class=\"panel-grid-cell panel-grid-cell-empty\" ><\/div><div id=\"pgc-51073-22-1\"  class=\"panel-grid-cell panel-grid-cell-mobile-last\" ><div id=\"panel-51073-22-1-0\" class=\"so-panel widget widget_text panel-first-child panel-last-child\" data-index=\"17\" >\t\t\t<div class=\"textwidget\"><p>&nbsp;<\/p>\n<center> <img decoding=\"async\" src=\"https:\/\/coachingpartner.net\/cp\/wp-content\/uploads\/2018\/03\/andre.jpg\"><\/center> \n<p style=\"font-size:20px; line-height: 30px !important; font-weight: 100; text-align: center !important; margin-bottom: -20px;\">\n\u201cWe had the pleasure of hiring Coachingpartner to do 2 courses as part of our \"Global Accelerator\" for social entrepreneurs in 2017.Coachingpartner delivered high quality courses within leadership and personal development. Our group of global entrepreneurs gained a clear understanding of their unique leadership style and learned valuable tools to help manage themselves in order to make their ambitions become reality. We highly recommend Coachingpartner to companies wanting to invest in personal and professional development.\u201d <\/p>\n<p class=\"author_right_green\" style=\"margin-bottom: -20px;\">Andre Damian <\/br>Director of The Collective Foundation<\/p>\n<\/div>\n\t\t<\/div><\/div><div id=\"pgc-51073-22-2\"  class=\"panel-grid-cell panel-grid-cell-empty\" ><\/div><\/div><div id=\"pg-51073-23\"  class=\"panel-grid panel-no-style\" ><div id=\"pgc-51073-23-0\"  class=\"panel-grid-cell panel-grid-cell-empty\" ><\/div><div id=\"pgc-51073-23-1\"  class=\"panel-grid-cell panel-grid-cell-empty panel-grid-cell-mobile-last\" ><\/div><div id=\"pgc-51073-23-2\"  class=\"panel-grid-cell panel-grid-cell-empty\" ><\/div><\/div><div id=\"pg-51073-24\"  class=\"panel-grid panel-no-style\" ><div id=\"pgc-51073-24-0\"  class=\"panel-grid-cell panel-grid-cell-empty\" ><\/div><div id=\"pgc-51073-24-1\"  class=\"panel-grid-cell panel-grid-cell-empty panel-grid-cell-mobile-last\" ><\/div><div id=\"pgc-51073-24-2\"  class=\"panel-grid-cell panel-grid-cell-empty\" ><\/div><\/div><div id=\"pg-51073-25\"  class=\"panel-grid panel-no-style\" ><div id=\"pgc-51073-25-0\"  class=\"panel-grid-cell panel-grid-cell-empty\" ><\/div><div id=\"pgc-51073-25-1\"  class=\"panel-grid-cell panel-grid-cell-empty panel-grid-cell-mobile-last\" ><\/div><div id=\"pgc-51073-25-2\"  class=\"panel-grid-cell panel-grid-cell-empty\" ><\/div><\/div><div id=\"pg-51073-26\"  class=\"panel-grid panel-no-style\" ><div id=\"pgc-51073-26-0\"  class=\"panel-grid-cell\" ><div id=\"panel-51073-26-0-0\" class=\"so-panel widget widget_text panel-first-child panel-last-child\" data-index=\"18\" >\t\t\t<div class=\"textwidget\"><p class=\"titles_center_orange\" style=\"margin-bottom: 40px;\">Bilde fra tidligere kurs<\/p>\n<center>\n<img decoding=\"async\" src=\"https:\/\/coachingpartner.net\/cp\/wp-content\/uploads\/2018\/01\/Coachingpartner_team_development.jpg\" style=\"width: 80%;\"\/>\n<\/center>\n<\/div>\n\t\t<\/div><\/div><\/div><div id=\"pg-51073-27\"  class=\"panel-grid panel-no-style\" ><div id=\"pgc-51073-27-0\"  class=\"panel-grid-cell panel-grid-cell-empty\" ><\/div><div id=\"pgc-51073-27-1\"  class=\"panel-grid-cell panel-grid-cell-empty panel-grid-cell-mobile-last\" ><\/div><div id=\"pgc-51073-27-2\"  class=\"panel-grid-cell panel-grid-cell-empty\" ><\/div><\/div><div id=\"pg-51073-28\"  class=\"panel-grid panel-no-style\" ><div id=\"pgc-51073-28-0\"  class=\"panel-grid-cell panel-grid-cell-empty\" ><\/div><div id=\"pgc-51073-28-1\"  class=\"panel-grid-cell panel-grid-cell-empty panel-grid-cell-mobile-last\" ><\/div><div id=\"pgc-51073-28-2\"  class=\"panel-grid-cell panel-grid-cell-empty\" ><\/div><\/div><div id=\"pg-51073-29\"  class=\"panel-grid panel-no-style\" ><div id=\"pgc-51073-29-0\"  class=\"panel-grid-cell\" ><div id=\"panel-51073-29-0-0\" class=\"so-panel widget widget_text panel-first-child panel-last-child\" data-index=\"19\" >\t\t\t<div class=\"textwidget\"><p class=\"titles_center_orange\">Bilder fra tidligere kurs<\/p><\/div>\n\t\t<\/div><\/div><\/div><div id=\"pg-51073-30\"  class=\"panel-grid panel-no-style\" ><div id=\"pgc-51073-30-0\"  class=\"panel-grid-cell\" ><div id=\"panel-51073-30-0-0\" class=\"so-panel widget widget_text panel-first-child panel-last-child\" data-index=\"20\" >\t\t\t<div class=\"textwidget\"><center> <a href=\"https:\/\/coachingpartner.net\/cp\/wp-content\/uploads\/2018\/01\/DSC_0015.jpg\"><img decoding=\"async\" src=\"https:\/\/coachingpartner.net\/cp\/wp-content\/uploads\/2018\/01\/DSC_0015.jpg\"><\/a><\/center> <\/div>\n\t\t<\/div><\/div><div id=\"pgc-51073-30-1\"  class=\"panel-grid-cell\" ><div id=\"panel-51073-30-1-0\" class=\"so-panel widget widget_text panel-first-child panel-last-child\" data-index=\"21\" >\t\t\t<div class=\"textwidget\"><center> <a href=\"https:\/\/coachingpartner.net\/cp\/wp-content\/uploads\/2018\/01\/IMG_0759.jpg\"><img decoding=\"async\" src=\"https:\/\/coachingpartner.net\/cp\/wp-content\/uploads\/2018\/01\/IMG_0759.jpg\"><\/a><\/center> <\/div>\n\t\t<\/div><\/div><div id=\"pgc-51073-30-2\"  class=\"panel-grid-cell\" ><div id=\"panel-51073-30-2-0\" class=\"so-panel widget widget_text panel-first-child panel-last-child\" data-index=\"22\" >\t\t\t<div class=\"textwidget\"><center><a href=\"https:\/\/coachingpartner.net\/cp\/wp-content\/uploads\/2018\/01\/DSC_0027.jpg\"><img decoding=\"async\" src=\"https:\/\/coachingpartner.net\/cp\/wp-content\/uploads\/2018\/01\/DSC_0027.jpg\"><\/a><\/center> <\/div>\n\t\t<\/div><\/div><\/div><div id=\"pg-51073-31\"  class=\"panel-grid panel-no-style\" ><div id=\"pgc-51073-31-0\"  class=\"panel-grid-cell panel-grid-cell-empty\" ><\/div><div id=\"pgc-51073-31-1\"  class=\"panel-grid-cell panel-grid-cell-empty panel-grid-cell-mobile-last\" ><\/div><div id=\"pgc-51073-31-2\"  class=\"panel-grid-cell panel-grid-cell-empty\" ><\/div><\/div><div id=\"pg-51073-32\"  class=\"panel-grid panel-no-style\" ><div id=\"pgc-51073-32-0\"  class=\"panel-grid-cell\" ><div id=\"panel-51073-32-0-0\" class=\"so-panel widget widget_text panel-first-child panel-last-child\" data-index=\"23\" >\t\t\t<div class=\"textwidget\"><p class=\"titles_center_green\" style=\"line-height: 43px; margin-top: 58px;\">\u00d8nsker du mer informasjon?<\/p>\n<center><a class=\"vinculo_center_big_green\" href=\"https:\/\/coachingpartner.net\/cp\/nb\/kontakt\/\">Ta gjerne kontakt med oss!\n<\/a><\/center>\n\n<\/div>\n\t\t<\/div><\/div><\/div><div id=\"pg-51073-33\"  class=\"panel-grid panel-no-style\" ><div id=\"pgc-51073-33-0\"  class=\"panel-grid-cell panel-grid-cell-empty\" ><\/div><div id=\"pgc-51073-33-1\"  class=\"panel-grid-cell panel-grid-cell-empty panel-grid-cell-mobile-last\" ><\/div><div id=\"pgc-51073-33-2\"  class=\"panel-grid-cell panel-grid-cell-empty\" ><\/div><\/div><\/div><!-- AddThis Advanced Settings generic via filter on the_content --><!-- AddThis Share Buttons generic via filter on the_content -->","protected":false},"excerpt":{"rendered":"<p>Integrer dine skyggesider<!-- AddThis Advanced Settings generic via filter on get_the_excerpt --><!-- AddThis Share Buttons generic via filter on get_the_excerpt --><\/p>\n","protected":false},"author":1,"featured_media":0,"parent":0,"menu_order":0,"comment_status":"closed","ping_status":"closed","template":"page-templates\/full-width.php","meta":{"_exactmetrics_skip_tracking":false,"_exactmetrics_sitenote_active":false,"_exactmetrics_sitenote_note":"","_exactmetrics_sitenote_category":0,"footnotes":""},"class_list":["post-51073","page","type-page","status-publish","hentry"],"wps_subtitle":"","_links":{"self":[{"href":"https:\/\/coachingpartner.net\/cp\/wp-json\/wp\/v2\/pages\/51073","targetHints":{"allow":["GET"]}}],"collection":[{"href":"https:\/\/coachingpartner.net\/cp\/wp-json\/wp\/v2\/pages"}],"about":[{"href":"https:\/\/coachingpartner.net\/cp\/wp-json\/wp\/v2\/types\/page"}],"author":[{"embeddable":true,"href":"https:\/\/coachingpartner.net\/cp\/wp-json\/wp\/v2\/users\/1"}],"replies":[{"embeddable":true,"href":"https:\/\/coachingpartner.net\/cp\/wp-json\/wp\/v2\/comments?post=51073"}],"version-history":[{"count":5,"href":"https:\/\/coachingpartner.net\/cp\/wp-json\/wp\/v2\/pages\/51073\/revisions"}],"predecessor-version":[{"id":53430,"href":"https:\/\/coachingpartner.net\/cp\/wp-json\/wp\/v2\/pages\/51073\/revisions\/53430"}],"wp:attachment":[{"href":"https:\/\/coachingpartner.net\/cp\/wp-json\/wp\/v2\/media?parent=51073"}],"curies":[{"name":"wp","href":"https:\/\/api.w.org\/{rel}","templated":true}]}}