{"id":2872,"date":"2014-03-09T20:33:37","date_gmt":"2014-03-09T19:33:37","guid":{"rendered":"http:\/\/69.195.124.250\/~coachja3\/?page_id=2872"},"modified":"2022-12-22T15:12:24","modified_gmt":"2022-12-22T15:12:24","slug":"lederutvikling","status":"publish","type":"page","link":"https:\/\/coachingpartner.net\/cp\/nb\/lederutvikling\/","title":{"rendered":"Lederutvikling"},"content":{"rendered":"<div id=\"pl-2872\"  class=\"panel-layout\" ><div id=\"pg-2872-0\"  class=\"panel-grid panel-no-style\" ><div id=\"pgc-2872-0-0\"  class=\"panel-grid-cell\" ><div id=\"panel-2872-0-0-0\" class=\"so-panel widget widget_metaslider_widget panel-first-child panel-last-child\" data-index=\"0\" ><div id=\"metaslider-id-6187\" style=\"max-width: 977px;\" class=\"ml-slider-3-99-0 metaslider metaslider-flex metaslider-6187 ml-slider ms-theme-default\" role=\"region\" aria-label=\"LEADER NO\" data-width=\"977\">\n    <div id=\"metaslider_container_6187\">\n        <div id=\"metaslider_6187\">\n            <ul class='slides'>\n                <li style=\"display: block; width: 100%;\" class=\"slide-52461 ms-image \" aria-roledescription=\"slide\" data-date=\"2023-01-05 12:37:50\"><a href=\"#leader\" target=\"_self\" aria-label=\"View Slide Details\" class=\"metaslider_image_link\"><img fetchpriority=\"high\" decoding=\"async\" src=\"https:\/\/coachingpartner.net\/cp\/wp-content\/uploads\/2023\/01\/leader_no_2023b.jpg\" height=\"418\" width=\"977\" alt=\"\" class=\"slider-6187 slide-52461 msDefaultImage\" title=\"leader_no_2023b\" \/><\/a><div class=\"caption-wrap\"><div class=\"caption\"><a href=\"https:\/\/coachingpartner.net\/cp\/nb\/meld-deg-pa-en-gratis-lederstrategitime\/\" style=\"color:#fff;\"><img decoding=\"async\" style=\"width:31px;margin:10px;vertical-align:middle;\" src=\"https:\/\/coachingpartner.net\/cp\/wp-content\/uploads\/2015\/10\/file1.png\" alt=\"file1.png\" \/>Book en gratis lederkonsultasjon<\/a><\/div><\/div><\/li>\n            <\/ul>\n        <\/div>\n        \n    <\/div>\n<\/div><\/div><\/div><\/div><div id=\"pg-2872-1\"  class=\"panel-grid panel-no-style\" ><div id=\"pgc-2872-1-0\"  class=\"panel-grid-cell\" ><div id=\"panel-2872-1-0-0\" class=\"so-panel widget widget_text panel-first-child panel-last-child\" data-index=\"1\" >\t\t\t<div class=\"textwidget\"><a name=\"team\" id=\"leader\"><\/a>\n<p class=\"intro_right_plomo\">\n<span style=\"font-size:28px;\">Ambisi\u00f8se ledere er alltid p\u00e5 jakt etter kunnskap og investeringer som hjelper dem \u00e5 oppn\u00e5 ambisi\u00f8se m\u00e5l. Den st\u00f8rste konkurransefordelen f\u00e5r de gjennom \u00e5 investere i seg selv og sitt lederskap. Ved \u00e5 forst\u00e5 og bruke sine unike styrker, styrke sin balanse og integrere sine skyggesider transformerer de sitt lederskap og tar sine resultater til neste niv\u00e5.<\/span>\n <\/p><\/div>\n\t\t<\/div><\/div><div id=\"pgc-2872-1-1\"  class=\"panel-grid-cell\" ><div id=\"panel-2872-1-1-0\" class=\"so-panel widget widget_text panel-first-child panel-last-child\" data-index=\"2\" >\t\t\t<div class=\"textwidget\"><span class=\"texto_center\">\n<div class=\"espacio_bola2\"><\/div>\n<img decoding=\"async\" class=\"raya\" src=\"https:\/\/coachingpartner.net\/cp\/wp-content\/uploads\/2015\/08\/ralla_pixel_07.png\" height=\"680px\" width=\"9px\">\n<\/span>\n<\/div>\n\t\t<\/div><\/div><div id=\"pgc-2872-1-2\"  class=\"panel-grid-cell\" ><div id=\"panel-2872-1-2-0\" class=\"so-panel widget widget_text panel-first-child panel-last-child\" data-index=\"3\" >\t\t\t<div class=\"textwidget\"><p>&nbsp;<\/p>\n<center> <img decoding=\"async\" style=\"margin-top:5px; border-radius: 100px;\" src=\"https:\/\/coachingpartner.net\/cp\/wp-content\/uploads\/2018\/11\/rita.jpg\"><\/center> \n<p class=\"cita_center_orange\" style=\"margin-bottom: -20px;\">\n\u201cJeg kan med h\u00e5nden p\u00e5 hjerte si at Rita Jacqueline AS nok ikke hadde blitt en realitet dersom Vegard ikke hadde bist\u00e5tt meg med coaching underveis i prosessen. Han har bidratt til at jeg har kartlagt egne ressurser, akseptert og omfavnet skygger jeg tidligere s\u00e5 p\u00e5 som lite sjarmerende egenskaper, men som jeg n\u00e5 ser som n\u00f8dvendige ressurser for \u00e5 n\u00e5 mitt m\u00e5l.  Det har v\u00e6rt tider hvor jeg har hatt lyst til \u00e5 gi opp, hvor Vegard har bidratt til at jeg klarer \u00e5 se min faglige kompetanse, min dugelighet og den entusiasmen jeg har for faget mitt og menneskene jeg m\u00f8ter underveis\u201d<\/p><p>&nbsp;<\/p>\n<p class=\"author_right_green\">Rita Van Ingelgem Monsen<\/p>\n<p class=\"texto_right\" style=\"    line-height: 17px;  margin-top: -20px; text-transform: uppercase;\">Foredragsholder og storyteller<br>Rita Jacqueline AS<\/p>\n\n\n\n<\/div>\n\t\t<\/div><\/div><\/div><div id=\"pg-2872-2\"  class=\"panel-grid panel-no-style\" ><div id=\"pgc-2872-2-0\"  class=\"panel-grid-cell panel-grid-cell-empty\" ><\/div><div id=\"pgc-2872-2-1\"  class=\"panel-grid-cell panel-grid-cell-empty panel-grid-cell-mobile-last\" ><\/div><div id=\"pgc-2872-2-2\"  class=\"panel-grid-cell panel-grid-cell-empty\" ><\/div><\/div><div id=\"pg-2872-3\"  class=\"panel-grid panel-no-style\" ><div id=\"pgc-2872-3-0\"  class=\"panel-grid-cell\" ><div id=\"panel-2872-3-0-0\" class=\"so-panel widget widget_text panel-first-child panel-last-child\" data-index=\"4\" >\t\t\t<div class=\"textwidget\"><p class=\"titles_center_green\">\"For \u00e5 n\u00e5 ambisi\u00f8se m\u00e5l er det avgj\u00f8rende \u00e5 forst\u00e5 og bruke din unike lederstil samt utvikle et tankesett som matcher det du aller mest \u00f8nsker \u00e5 oppn\u00e5\"<br>- Vegard Olsen<\/p>\n<\/div>\n\t\t<\/div><\/div><\/div><div id=\"pg-2872-4\"  class=\"panel-grid panel-no-style\" ><div id=\"pgc-2872-4-0\"  class=\"panel-grid-cell panel-grid-cell-empty\" ><\/div><div id=\"pgc-2872-4-1\"  class=\"panel-grid-cell panel-grid-cell-empty panel-grid-cell-mobile-last\" ><\/div><div id=\"pgc-2872-4-2\"  class=\"panel-grid-cell panel-grid-cell-empty\" ><\/div><\/div><div id=\"pg-2872-5\"  class=\"panel-grid panel-no-style\" ><div id=\"pgc-2872-5-0\"  class=\"panel-grid-cell\" ><div id=\"panel-2872-5-0-0\" class=\"so-panel widget widget_text panel-first-child panel-last-child\" data-index=\"5\" >\t\t\t<div class=\"textwidget\"><p class=\"titles_right_orange\">Begynn med din unikhet!<\/p>\n<p class=\"text_left\">Hver eneste leder har en unik lederstil med h\u00f8yst ulike og unike m\u00e5ter \u00e5 lede seg selv og andre p\u00e5. Jo dypere du forst\u00e5r dine unike lederferdigheter, erfaringer og evner, jo mer kan du bruke ditt potensial til det fulle og maksimere din p\u00e5virkning innenfor det som er viktigst.\n<br><br>\nHos coachingpartner bruker vi internasjonalt forskningsverkt\u00f8y i kombinasjon med kreative \u00f8velser for \u00e5 hjelpe deg \u00e5 forst\u00e5 din unike lederstil samt f\u00e5 klarhet om hvordan du best mulig kan bruke din unike styrker for \u00e5 oppn\u00e5 dine viktigste m\u00e5l som leder.\n<\/p>\n<\/div>\n\t\t<\/div><\/div><div id=\"pgc-2872-5-1\"  class=\"panel-grid-cell panel-grid-cell-empty\" ><\/div><div id=\"pgc-2872-5-2\"  class=\"panel-grid-cell\" ><div id=\"panel-2872-5-2-0\" class=\"so-panel widget widget_text panel-first-child panel-last-child\" data-index=\"6\" >\t\t\t<div class=\"textwidget\"><center>\n<img decoding=\"async\" style=\"margin: 21px 0px 0px 0px;\" src=\"https:\/\/coachingpartner.net\/cp\/wp-content\/uploads\/2018\/11\/Coachingpartner_02.jpg\" \/>\n<\/center><\/div>\n\t\t<\/div><\/div><\/div><div id=\"pg-2872-6\"  class=\"panel-grid panel-no-style\" ><div id=\"pgc-2872-6-0\"  class=\"panel-grid-cell panel-grid-cell-empty\" ><\/div><div id=\"pgc-2872-6-1\"  class=\"panel-grid-cell panel-grid-cell-empty panel-grid-cell-mobile-last\" ><\/div><div id=\"pgc-2872-6-2\"  class=\"panel-grid-cell panel-grid-cell-empty\" ><\/div><\/div><div id=\"pg-2872-7\"  class=\"panel-grid panel-no-style\" ><div id=\"pgc-2872-7-0\"  class=\"panel-grid-cell panel-grid-cell-empty\" ><\/div><div id=\"pgc-2872-7-1\"  class=\"panel-grid-cell panel-grid-cell-mobile-last\" ><div id=\"panel-2872-7-1-0\" class=\"so-panel widget widget_text panel-first-child panel-last-child\" data-index=\"7\" >\t\t\t<div class=\"textwidget\"><p>&nbsp;<\/p>\n<p class=\"titles_center_orange\">Integrer dine skyggesider<\/p>\n<p class=\"texto_center\">For \u00e5 maksimere ditt potensial er det viktig at du er bevisst p\u00e5 dine skyggesider som leder. Dine skyggesider hjelper deg \u00e5 bruke dine st\u00f8rste styrker i praksis.\n<br><br>\nHver av dine unike styrker som leder har en unik skyggestyrke som enten hjelper deg eller hindrer deg i \u00e5 v\u00e6re p\u00e5 ditt beste som leder.\n\nDet er derfor avgj\u00f8rende \u00e5 forst\u00e5 dine skyggesider samt \u00e5 l\u00e6re hvordan du kan integrere disse slik at de jobber med deg og ikke mot deg.<\/p>\n<br><br>\n<p class=\"titles_center_orange\">Styrk din balanse<\/p>\n<\/p>\n<p class=\"texto_center\">Godt lederskap handler i stor grad om balanse. Lederne som oppn\u00e5r mest har evnen til \u00e5 kombinere fleksibilitet med tydelighet, visjon med pragmatisme og genuin lytting med \u00e5 gi klare instruksjoner.\n<br><br>\nGjennom v\u00e5re utviklingsprosesser blir du bevisst p\u00e5 hvilke deler av ditt lederskap hvor balansen kan styrkes samt hvilke handlinger du kan iverksette for \u00e5 oppn\u00e5 \u00f8kt innflytelse og bedre resultater som leder.<\/p>\n<br>\n<br>\n<center><a class=\"vinculo_center_big_green\" href=\"https:\/\/coachingpartner.net\/cp\/nb\/meld-deg-pa-en-gratis-lederstrategitime\/\">Book en gratis Lederkonsultasjon med oss<\/a><\/center>\n<\/div>\n\t\t<\/div><\/div><div id=\"pgc-2872-7-2\"  class=\"panel-grid-cell panel-grid-cell-empty\" ><\/div><\/div><div id=\"pg-2872-8\"  class=\"panel-grid panel-no-style\" ><div id=\"pgc-2872-8-0\"  class=\"panel-grid-cell panel-grid-cell-empty\" ><\/div><div id=\"pgc-2872-8-1\"  class=\"panel-grid-cell panel-grid-cell-empty panel-grid-cell-mobile-last\" ><\/div><div id=\"pgc-2872-8-2\"  class=\"panel-grid-cell panel-grid-cell-empty\" ><\/div><\/div><div id=\"pg-2872-9\"  class=\"panel-grid panel-no-style\" ><div id=\"pgc-2872-9-0\"  class=\"panel-grid-cell\" ><div id=\"panel-2872-9-0-0\" class=\"so-panel widget widget_text panel-first-child panel-last-child\" data-index=\"8\" >\t\t\t<div class=\"textwidget\"><p class=\"titles_right_orange\">Verdien av \u00e5 jobbe med oss:<\/p>\n<p style=\"text-align: right !important;\"><img decoding=\"async\" id=\"flechanaranja\" src=\"https:\/\/coachingpartner.net\/cp\/wp-content\/uploads\/2015\/10\/flecha1.jpg\" \/><\/div>\n\t\t<\/div><\/div><div id=\"pgc-2872-9-1\"  class=\"panel-grid-cell panel-grid-cell-empty\" ><\/div><div id=\"pgc-2872-9-2\"  class=\"panel-grid-cell\" ><div id=\"panel-2872-9-2-0\" class=\"so-panel widget widget_text panel-first-child panel-last-child\" data-index=\"9\" >\t\t\t<div class=\"textwidget\"><p>Dette sier v\u00e5re kunder de f\u00e5r ut av \u00e5 jobbe med oss fra f\u00f8r til etter utviklingsprosess:<\/p>\n<p class=\"bullets_left_green\" style=\"text-indent: -11px;\">\u2022 Selvtillit som leder+ 82%<\/p>\n<p class=\"bullets_left_green\" style=\"text-indent: -11px;\">\u2022 Forst\u00e5 og implementere din unike lederstil + 54%<\/p>\n<p class=\"bullets_left_green\" style=\"text-indent: -11px;\">\u2022 Involvere og delegere til andre + 43%<\/p>\n<p class=\"bullets_left_green\" style=\"text-indent: -11px;\">\u2022 Klarhet om bedriftens vision og m\u00e5lsetninger + 37%<\/p>\n<p class=\"bullets_left_green\" style=\"text-indent: -11px;\">\u2022 Forbedret finansiell situasjon + 33%<\/p>\n<p class=\"bullets_left_green\" style=\"text-indent: -11px;\">\u2022 Designe tydelige teamroller og strukturer + 30%<\/p><\/div>\n\t\t<\/div><\/div><\/div><div id=\"pg-2872-10\"  class=\"panel-grid panel-no-style\" ><div id=\"pgc-2872-10-0\"  class=\"panel-grid-cell panel-grid-cell-empty\" ><\/div><div id=\"pgc-2872-10-1\"  class=\"panel-grid-cell panel-grid-cell-empty panel-grid-cell-mobile-last\" ><\/div><div id=\"pgc-2872-10-2\"  class=\"panel-grid-cell panel-grid-cell-empty\" ><\/div><\/div><div id=\"pg-2872-11\"  class=\"panel-grid panel-no-style\" ><div id=\"pgc-2872-11-0\"  class=\"panel-grid-cell panel-grid-cell-empty\" ><\/div><div id=\"pgc-2872-11-1\"  class=\"panel-grid-cell panel-grid-cell-mobile-last\" ><div id=\"panel-2872-11-1-0\" class=\"so-panel widget widget_text panel-first-child panel-last-child\" data-index=\"10\" >\t\t\t<div class=\"textwidget\"><p class=\"titles_center_orange\">Transformerende lederutvikling<\/p><\/div>\n\t\t<\/div><\/div><div id=\"pgc-2872-11-2\"  class=\"panel-grid-cell panel-grid-cell-empty\" ><\/div><\/div><div id=\"pg-2872-12\"  class=\"panel-grid panel-no-style\" ><div id=\"pgc-2872-12-0\"  class=\"panel-grid-cell\" ><div id=\"panel-2872-12-0-0\" class=\"so-panel widget widget_text panel-first-child\" data-index=\"11\" >\t\t\t<div class=\"textwidget\"><p class=\"cita_right_green\">Lederkonsultasjon<br>1 time<\/p>\n<p class=\"texto_right\" style=\"text-indent: -11px;\">\u2022 Kartlegge hvor du er per i dag som leder og hva du \u00f8nsker \u00e5 oppn\u00e5<\/p>\n<p class=\"texto_right\" style=\"text-indent: -11px;\">\u2022 Barrierer til vekst og hvordan du kan h\u00e5ndtere disse best mulig<\/p>\n<p class=\"texto_right\" style=\"text-indent: -11px;\">\u2022 Utforske hva som vil ta deg i retning av dine m\u00e5lsetninger<\/p>\n\n<center><a class=\"vinculo_center_big_green\" href=\"https:\/\/coachingpartner.net\/cp\/nb\/meld-deg-pa-en-gratis-lederstrategitime\/\">Meld deg p\u00e5 en gratis Lederkonsultasjon<\/a><\/center><\/div>\n\t\t<\/div><div id=\"panel-2872-12-0-1\" class=\"so-panel widget widget_text panel-last-child\" data-index=\"12\" ><div class=\"panel-widget-style panel-widget-style-for-2872-12-0-1\" >\t\t\t<div class=\"textwidget\"><p class=\"cita_right_green\">Transformerende lederutvikling<br>12 coachingtimer + m\u00e5ling av effekter over tid<\/p>\n<p class=\"texto_right\" style=\"text-indent: -11px;\">\u2022 Sette tydelige m\u00e5l p\u00e5 kort og lang sikt<\/p>\n<p class=\"texto_right\" style=\"text-indent: -11px;\">\u2022 Forst\u00e5 din unike lederstil og hvordan kan bruke dine styrker for \u00e5 n\u00e5 dine m\u00e5l<\/p>\n<p class=\"texto_right\" style=\"text-indent: -11px;\">\u2022 Integrere dine skyggesider<\/p>\n<p class=\"texto_right\" style=\"text-indent: -11px;\">\u2022 Styrke din balanse som leder<\/p>\n<p class=\"texto_right\" style=\"text-indent: -11px;\">\u2022 L\u00e6re kraftfulle verkt\u00f8y som hjelper deg \u00e5 utvikle tankesett, holdning og fokus som matcher dine mest ambisi\u00f8se m\u00e5l<\/p><\/div>\n\t\t<\/div><\/div><\/div><div id=\"pgc-2872-12-1\"  class=\"panel-grid-cell\" ><div id=\"panel-2872-12-1-0\" class=\"so-panel widget widget_text panel-first-child panel-last-child\" data-index=\"13\" >\t\t\t<div class=\"textwidget\"><span class=\"texto_center\"><img decoding=\"async\" class=\"bola_naranaja\" src=\"https:\/\/coachingpartner.net\/cp\/wp-content\/uploads\/2015\/08\/bola_naranja_03.png\" width=\"11px\">\n<img decoding=\"async\" class=\"raya\" src=\"https:\/\/coachingpartner.net\/cp\/wp-content\/uploads\/2015\/08\/ralla_pixel_07.png\" height=\"177px\" width=\"9px\">\n<img decoding=\"async\" class=\"bola_naranaja\" src=\"https:\/\/coachingpartner.net\/cp\/wp-content\/uploads\/2015\/08\/bola_naranja_03.png\" width=\"11px\">\n<img decoding=\"async\" class=\"raya\" src=\"https:\/\/coachingpartner.net\/cp\/wp-content\/uploads\/2015\/08\/ralla_pixel_07.png\" height=\"215px\" width=\"9px\">\n<img decoding=\"async\" class=\"bola_naranaja\" src=\"https:\/\/coachingpartner.net\/cp\/wp-content\/uploads\/2015\/08\/bola_naranja_03.png\" width=\"11px\">\n<img decoding=\"async\" class=\"raya\" src=\"https:\/\/coachingpartner.net\/cp\/wp-content\/uploads\/2015\/08\/ralla_pixel_07.png\" height=\"302px\" width=\"9px\">\n<img decoding=\"async\" class=\"bola_naranaja\" src=\"https:\/\/coachingpartner.net\/cp\/wp-content\/uploads\/2015\/08\/bola_naranja_03.png\" width=\"11px\">\n<img decoding=\"async\" class=\"raya\" src=\"https:\/\/coachingpartner.net\/cp\/wp-content\/uploads\/2015\/08\/ralla_pixel_07.png\" height=\"160px\" width=\"9px\">\n<\/span><\/div>\n\t\t<\/div><\/div><div id=\"pgc-2872-12-2\"  class=\"panel-grid-cell\" ><div id=\"panel-2872-12-2-0\" class=\"so-panel widget widget_text panel-first-child\" data-index=\"14\" ><div class=\"panel-widget-style panel-widget-style-for-2872-12-2-0\" >\t\t\t<div class=\"textwidget\"><p class=\"cita_left_green\">Ledelse 2.0<br>8 coachingtimer + m\u00e5ling av effekter over tid<\/p>\n<p class=\"texto_justificado\" style=\"text-indent: -11px;\">\u2022 Sette tydelige m\u00e5l p\u00e5 kort og lang sikt<\/p>\n<p class=\"texto_justificado\" style=\"text-indent: -11px;\">\u2022 Forst\u00e5 din unike lederstil og hvordan kan bruke dine styrker for \u00e5 n\u00e5 dine m\u00e5l<\/p>\n<p class=\"texto_justificado\" style=\"text-indent: -11px;\">\u2022  Integrere dine skyggesider<\/p>\n<p class=\"texto_justificado\" style=\"text-indent: -11px;\">\u2022 Styrke din balanse som leder<\/p><\/div>\n\t\t<\/div><\/div><div id=\"panel-2872-12-2-1\" class=\"so-panel widget widget_text panel-last-child\" data-index=\"15\" ><div class=\"panel-widget-style panel-widget-style-for-2872-12-2-1\" >\t\t\t<div class=\"textwidget\"><p class=\"cita_left_green\">360 prosess med <br>internasjonalt anerkjent verkt\u00f8y<\/p>\n<p class=\"texto_justificado\">Vi gjennomf\u00f8rer 360 prosesser hvor hver enkelt leder kan innhente tilbakemeldinger fra opp til 15 kolleger. Ta kontakt med oss for \u00e5 h\u00f8re mer om verkt\u00f8yet samt gjennomf\u00f8ring av 360 lederutvikling. Vi tilpasser etter deres behov<\/p><\/div>\n\t\t<\/div><\/div><\/div><\/div><div id=\"pg-2872-13\"  class=\"panel-grid panel-no-style\" ><div id=\"pgc-2872-13-0\"  class=\"panel-grid-cell panel-grid-cell-empty\" ><\/div><\/div><\/div><!-- AddThis Advanced Settings generic via filter on the_content --><!-- AddThis Share Buttons generic via filter on the_content -->","protected":false},"excerpt":{"rendered":"<p>Ambisi\u00f8se ledere er alltid p\u00e5 jakt etter kunnskap og investeringer som hjelper dem \u00e5 oppn\u00e5 ambisi\u00f8se m\u00e5l. Den st\u00f8rste konkurransefordelen f\u00e5r de gjennom \u00e5 investere i seg selv og sitt lederskap. Ved \u00e5 forst\u00e5 og bruke sine unike styrker, styrke sin balanse og integrere sine skyggesider transformerer de sitt lederskap og tar sine resultater til [&hellip;]<!-- AddThis Advanced Settings generic via filter on get_the_excerpt --><!-- AddThis Share Buttons generic via filter on get_the_excerpt --><\/p>\n","protected":false},"author":1,"featured_media":0,"parent":0,"menu_order":0,"comment_status":"closed","ping_status":"closed","template":"page-templates\/full-width_principal.php","meta":{"_exactmetrics_skip_tracking":false,"_exactmetrics_sitenote_active":false,"_exactmetrics_sitenote_note":"","_exactmetrics_sitenote_category":0,"footnotes":""},"class_list":["post-2872","page","type-page","status-publish","hentry"],"wps_subtitle":"","_links":{"self":[{"href":"https:\/\/coachingpartner.net\/cp\/wp-json\/wp\/v2\/pages\/2872","targetHints":{"allow":["GET"]}}],"collection":[{"href":"https:\/\/coachingpartner.net\/cp\/wp-json\/wp\/v2\/pages"}],"about":[{"href":"https:\/\/coachingpartner.net\/cp\/wp-json\/wp\/v2\/types\/page"}],"author":[{"embeddable":true,"href":"https:\/\/coachingpartner.net\/cp\/wp-json\/wp\/v2\/users\/1"}],"replies":[{"embeddable":true,"href":"https:\/\/coachingpartner.net\/cp\/wp-json\/wp\/v2\/comments?post=2872"}],"version-history":[{"count":8,"href":"https:\/\/coachingpartner.net\/cp\/wp-json\/wp\/v2\/pages\/2872\/revisions"}],"predecessor-version":[{"id":52438,"href":"https:\/\/coachingpartner.net\/cp\/wp-json\/wp\/v2\/pages\/2872\/revisions\/52438"}],"wp:attachment":[{"href":"https:\/\/coachingpartner.net\/cp\/wp-json\/wp\/v2\/media?parent=2872"}],"curies":[{"name":"wp","href":"https:\/\/api.w.org\/{rel}","templated":true}]}}