{"id":2870,"date":"2014-03-09T20:32:55","date_gmt":"2014-03-09T19:32:55","guid":{"rendered":"http:\/\/69.195.124.250\/~coachja3\/?page_id=2870"},"modified":"2022-12-22T15:15:09","modified_gmt":"2022-12-22T15:15:09","slug":"teamutvikling","status":"publish","type":"page","link":"https:\/\/coachingpartner.net\/cp\/nb\/teamutvikling\/","title":{"rendered":"Teamutvikling"},"content":{"rendered":"<div id=\"pl-2870\"  class=\"panel-layout\" ><div id=\"pg-2870-0\"  class=\"panel-grid panel-no-style\" ><div id=\"pgc-2870-0-0\"  class=\"panel-grid-cell\" ><div id=\"panel-2870-0-0-0\" class=\"so-panel widget widget_metaslider_widget panel-first-child panel-last-child\" data-index=\"0\" ><div id=\"metaslider-id-6186\" style=\"max-width: 977px;\" class=\"ml-slider-3-99-0 metaslider metaslider-flex metaslider-6186 ml-slider ms-theme-default\" role=\"region\" aria-label=\"TEAM NO\" data-width=\"977\">\n    <div id=\"metaslider_container_6186\">\n        <div id=\"metaslider_6186\">\n            <ul class='slides'>\n                <li style=\"display: block; width: 100%;\" class=\"slide-52456 ms-image \" aria-roledescription=\"slide\" data-date=\"2023-01-05 12:34:22\"><a href=\"#team\" target=\"_self\" aria-label=\"View Slide Details\" class=\"metaslider_image_link\"><img fetchpriority=\"high\" decoding=\"async\" src=\"https:\/\/coachingpartner.net\/cp\/wp-content\/uploads\/2023\/01\/team_no_2023b.jpg\" height=\"418\" width=\"977\" alt=\"\" class=\"slider-6186 slide-52456 msDefaultImage\" title=\"team_no_2023b\" \/><\/a><div class=\"caption-wrap\"><div class=\"caption\"><a href=\"https:\/\/coachingpartner.net\/cp\/nb\/gratis-teamlederkonsultasjon\/\" style=\"color:#fff;\"><img decoding=\"async\" style=\"width:31px;margin:10px;vertical-align:middle;\" src=\"https:\/\/coachingpartner.net\/cp\/wp-content\/uploads\/2015\/10\/file1.png\" alt=\"file1.png\" \/>Book en gratis teamlederkonsultasjon<\/a><\/div><\/div><\/li>\n            <\/ul>\n        <\/div>\n        \n    <\/div>\n<\/div><\/div><\/div><\/div><div id=\"pg-2870-1\"  class=\"panel-grid panel-no-style\" ><div id=\"pgc-2870-1-0\"  class=\"panel-grid-cell\" ><div id=\"panel-2870-1-0-0\" class=\"so-panel widget widget_text panel-first-child panel-last-child\" data-index=\"1\" >\t\t\t<div class=\"textwidget\"><a name=\"team\" id=\"team\"><\/a>\n<p class=\"intro_right_plomo\" style=\"margin: 16px 0 7px 0 !important;\">\n<span style=\"font-size:28px;\">N\u00e5r ulikheter i team ikke forst\u00e5s f\u00f8rer det ofte til misforst\u00e5elser, d\u00e5rlig kommunikasjon og i verste fall konflikter. N\u00e5r teamet forst\u00e5r hver enkelt teammedlems unike lederstil, blir det tydelig hvordan dere kan kommunisere og samarbeide bedre slik at dere kan ha st\u00f8rre innflytelse og oppn\u00e5 mer av det som er viktigst for teamet.<\/span> \n <\/p><\/div>\n\t\t<\/div><\/div><div id=\"pgc-2870-1-1\"  class=\"panel-grid-cell\" ><div id=\"panel-2870-1-1-0\" class=\"so-panel widget widget_text panel-first-child panel-last-child\" data-index=\"2\" >\t\t\t<div class=\"textwidget\"><span class=\"texto_center\">\n<div class=\"espacio_bola2\"><\/div>\n<img decoding=\"async\" class=\"raya\" src=\"https:\/\/coachingpartner.net\/cp\/wp-content\/uploads\/2015\/08\/ralla_pixel_07.png\" height=\"570px\" width=\"9px\">\n<\/span>\n<\/div>\n\t\t<\/div><\/div><div id=\"pgc-2870-1-2\"  class=\"panel-grid-cell\" ><div id=\"panel-2870-1-2-0\" class=\"so-panel widget widget_text panel-first-child panel-last-child\" data-index=\"3\" >\t\t\t<div class=\"textwidget\"><p>&nbsp;<\/p>\n<center> <img decoding=\"async\" src=\"https:\/\/coachingpartner.net\/cp\/wp-content\/uploads\/2015\/11\/teamd_2_1.jpg\"><\/center> \n<p class=\"cita_center_orange\" style=\"margin-bottom: -20px;\">\n\u201cGjennom teamworkshops og coaching fikk vi satt ord p\u00e5 utfordringer og det som bandt oss sammen. Dette hjalp oss til \u00e5 huske hvorfor vi har valgt \u00e5 jobbe her og hva som inspirerer og engasjerer oss. Det har v\u00e6rt en morsom, utfordrende og l\u00e6rerik prosess og vi anbefaler coachingpartner p\u00e5 det varmeste til andre bedrifter som vil jobbe med teamutvikling\".<\/p>\n<p>&nbsp;<\/p>\n<p class=\"author_right_green\" style=\"margin-bottom: -20px;\">Ingeborg Dahl-Hilstad<\/p>\n<table width=\"100%\" border=\"0\" style=\"border-bottom: none !important;  line-height: 1.5em !important; font-size: 15px !important;\">\n<tbody><tr>\n<td width=\"88%\" valign=\"middle\" style=\"border-top: none !important; padding: 0px !important;\">\n<p class=\"texto_right\" style=\"margin: 0px;\">Daglig leder, <br>Personskadeforbundet<\/p>\n<\/td><td width=\"12%\" valign=\"middle\" style=\"border-top: none !important;\">\n<img decoding=\"async\" src=\"https:\/\/coachingpartner.net\/cp\/wp-content\/uploads\/2015\/11\/logo2.jpg\" style=\"margin-left:10px; margin-top: 18px; vertical-align: middle; text-align:right;\">\n<\/td><\/tr><\/tbody><\/table>\n\n<\/div>\n\t\t<\/div><\/div><\/div><div id=\"pg-2870-2\"  class=\"panel-grid panel-no-style\" ><div id=\"pgc-2870-2-0\"  class=\"panel-grid-cell panel-grid-cell-empty\" ><\/div><div id=\"pgc-2870-2-1\"  class=\"panel-grid-cell panel-grid-cell-empty panel-grid-cell-mobile-last\" ><\/div><div id=\"pgc-2870-2-2\"  class=\"panel-grid-cell panel-grid-cell-empty\" ><\/div><\/div><div id=\"pg-2870-3\"  class=\"panel-grid panel-no-style\" ><div id=\"pgc-2870-3-0\"  class=\"panel-grid-cell panel-grid-cell-empty\" ><\/div><div id=\"pgc-2870-3-1\"  class=\"panel-grid-cell panel-grid-cell-mobile-last\" ><div id=\"panel-2870-3-1-0\" class=\"so-panel widget widget_text panel-first-child panel-last-child\" data-index=\"4\" >\t\t\t<div class=\"textwidget\"><p class=\"titles_center_orange\">Forst\u00e5 hverandres unike lederstil<\/p>\n<p class=\"text_center\">N\u00e5r dere forst\u00e5r hverandres unike forskjeller, blir disse til fantastiske muligheter til \u00e5 forbedre kommunikasjon og samarbeid i teamet og transformere teamets m\u00e5loppn\u00e5else.\n\nV\u00e5re internasjonalt anerkjente forskningsverkt\u00f8y er engasjerende, gj\u00f8r det lett \u00e5 dele med hverandre og gj\u00f8r at teammedlemmene forst\u00e5r hverandres unike lederstiler. \n<\/p>\n<center>\n<img decoding=\"async\" src=\"https:\/\/coachingpartner.net\/cp\/wp-content\/uploads\/2018\/12\/team-1.jpg\" width=\"100%\" height=\"auto\" style=\"max-width:480px;text-align:  center;\"><\/center>\n<br>\n<br>\n<br>\n<p class=\"titles_center_orange\">Forbedre kommunikasjon i teamet<\/p>\n<p class=\"text_center\">Jo mer dere forst\u00e5r individuelle forskjeller, jo enklere blir det \u00e5 kommunisere bedre i teamet.\n\nVi tilbyr workshop og verkt\u00f8y som hjelper dere \u00e5 forst\u00e5 ulike preferanser for kommunikasjon og samarbeid i teamet, hvordan dere kan tilpasse dere til hverandres kommunikasjonsstil og identifiserer nye handlinger som gj\u00f8r at teamet kommuniserer bedre og jobber mer effektivt.\n<br>\n<br>\n<center><a class=\"vinculo_center_big_green\" href=\"https:\/\/coachingpartner.net\/cp\/nb\/gratis-teamlederkonsultasjon\/\">Book en gratis Teamlederkonsultasjon<\/a><\/center>\n<\/p>\n\n\n<\/div>\n\t\t<\/div><\/div><div id=\"pgc-2870-3-2\"  class=\"panel-grid-cell panel-grid-cell-empty\" ><\/div><\/div><div id=\"pg-2870-4\"  class=\"panel-grid panel-no-style\" ><div id=\"pgc-2870-4-0\"  class=\"panel-grid-cell panel-grid-cell-empty\" ><\/div><div id=\"pgc-2870-4-1\"  class=\"panel-grid-cell panel-grid-cell-empty panel-grid-cell-mobile-last\" ><\/div><div id=\"pgc-2870-4-2\"  class=\"panel-grid-cell panel-grid-cell-empty\" ><\/div><\/div><div id=\"pg-2870-5\"  class=\"panel-grid panel-no-style\" ><div id=\"pgc-2870-5-0\"  class=\"panel-grid-cell\" ><div id=\"panel-2870-5-0-0\" class=\"so-panel widget widget_text panel-first-child panel-last-child\" data-index=\"5\" >\t\t\t<div class=\"textwidget\"><p class=\"titles_right_orange\">Verdien av \u00e5 jobbe med oss:<\/p>\n<p style=\"text-align: right !important;\"><img decoding=\"async\" id=\"flechanaranja\" src=\"https:\/\/coachingpartner.net\/cp\/wp-content\/uploads\/2015\/10\/flecha1.jpg\" \/><\/div>\n\t\t<\/div><\/div><div id=\"pgc-2870-5-1\"  class=\"panel-grid-cell panel-grid-cell-empty\" ><\/div><div id=\"pgc-2870-5-2\"  class=\"panel-grid-cell\" ><div id=\"panel-2870-5-2-0\" class=\"so-panel widget widget_text panel-first-child panel-last-child\" data-index=\"6\" >\t\t\t<div class=\"textwidget\"><p class=\"bullets_left_green\">\u2022 Felles forst\u00e5else av hverandres unike lederstiler og hvordan dere alle kan bidra til \u00e5 kommunisere og jobbe bedre som team<\/p>\n<p class=\"bullets_left_green\">\u2022 Forst\u00e5 hverandres ulike preferanser for kommunikasjon og samarbeid<\/p>\n<p class=\"bullets_left_green\">\u2022 Etablere klare rutiner for kommunikasjon og samarbeid i teamet<\/p>\n<p class=\"bullets_left_green\">\u2022 Sikre felles forst\u00e5else av teamets m\u00e5l og retning<\/p>\n<p class=\"bullets_left_green\">\u2022 Sikre felles klarhet i roller og ansvarsomr\u00e5der i teamet<\/p><\/div>\n\t\t<\/div><\/div><\/div><div id=\"pg-2870-6\"  class=\"panel-grid panel-no-style\" ><div id=\"pgc-2870-6-0\"  class=\"panel-grid-cell panel-grid-cell-empty\" ><\/div><div id=\"pgc-2870-6-1\"  class=\"panel-grid-cell panel-grid-cell-empty panel-grid-cell-mobile-last\" ><\/div><div id=\"pgc-2870-6-2\"  class=\"panel-grid-cell panel-grid-cell-empty\" ><\/div><\/div><div id=\"pg-2870-7\"  class=\"panel-grid panel-no-style\" ><div id=\"pgc-2870-7-0\"  class=\"panel-grid-cell\" ><div id=\"panel-2870-7-0-0\" class=\"so-panel widget widget_text panel-first-child panel-last-child\" data-index=\"7\" >\t\t\t<div class=\"textwidget\"><p class=\"titles_right_orange\">Engasjerende teamworkshops<\/p>\n<p class=\"texto_left\">Vi fasiliterer \u00e5pne samtaler hvor alle i teamet deltar aktivt. Gjennom kombinasjonen av forskningsverkt\u00f8y, kreative \u00f8velser og engasjerende dialog hjelper vi teamet \u00e5 forst\u00e5 deres unikhet samt f\u00e5 klarhet om hvilke endringer som kan implementeres for \u00e5 transformere teamets evne til \u00e5 kommunisere og samarbeide best mulig.<\/p>\n<\/div>\n\t\t<\/div><\/div><div id=\"pgc-2870-7-1\"  class=\"panel-grid-cell panel-grid-cell-empty\" ><\/div><div id=\"pgc-2870-7-2\"  class=\"panel-grid-cell\" ><div id=\"panel-2870-7-2-0\" class=\"so-panel widget widget_text panel-first-child panel-last-child\" data-index=\"8\" >\t\t\t<div class=\"textwidget\"><center>\n<img decoding=\"async\" style=\"margin: 21px 0px 0px 0px;\" src=\"https:\/\/coachingpartner.net\/cp\/wp-content\/uploads\/2020\/05\/you-x-ventures-Oalh2MojUuk-unsplash.jpg\" \/>\n<\/center><\/div>\n\t\t<\/div><\/div><\/div><div id=\"pg-2870-8\"  class=\"panel-grid panel-no-style\" ><div id=\"pgc-2870-8-0\"  class=\"panel-grid-cell panel-grid-cell-empty\" ><\/div><div id=\"pgc-2870-8-1\"  class=\"panel-grid-cell panel-grid-cell-empty panel-grid-cell-mobile-last\" ><\/div><div id=\"pgc-2870-8-2\"  class=\"panel-grid-cell panel-grid-cell-empty\" ><\/div><\/div><div id=\"pg-2870-9\"  class=\"panel-grid panel-no-style\" ><div id=\"pgc-2870-9-0\"  class=\"panel-grid-cell\" ><div id=\"panel-2870-9-0-0\" class=\"so-panel widget widget_text panel-first-child panel-last-child\" data-index=\"9\" >\t\t\t<div class=\"textwidget\"><p class=\"titles_center_orange\">Transformerende teamutvikling<\/p><\/div>\n\t\t<\/div><\/div><\/div><div id=\"pg-2870-10\"  class=\"panel-grid panel-no-style\" ><div id=\"pgc-2870-10-0\"  class=\"panel-grid-cell\" ><div id=\"panel-2870-10-0-0\" class=\"so-panel widget widget_text panel-first-child\" data-index=\"10\" >\t\t\t<div class=\"textwidget\"><p class=\"cita_right_green\">Kommuniser bedre i teamet<\/p>\n<p class=\"texto_right\">Forst\u00e5 unike forskjeller i teamet og l\u00e6r hvordan dere kan bruke disse innsiktene til \u00e5 kommunisere og samarbeide bedre som team<\/p><\/div>\n\t\t<\/div><div id=\"panel-2870-10-0-1\" class=\"so-panel widget widget_text panel-last-child\" data-index=\"11\" ><div class=\"panel-widget-style panel-widget-style-for-2870-10-0-1\" >\t\t\t<div class=\"textwidget\"><p class=\"cita_right_green\">Forst\u00e5 teamets verdier, motivasjon og retning<\/p>\n<p class=\"texto_right\">I denne workshopen utforsker vi grunnverdier og kjernemotivasjon i teamet og ser p\u00e5 hvilken overordnet retning teamet \u00f8nsker for fremtiden<\/p>\n<\/div>\n\t\t<\/div><\/div><\/div><div id=\"pgc-2870-10-1\"  class=\"panel-grid-cell\" ><div id=\"panel-2870-10-1-0\" class=\"so-panel widget widget_text panel-first-child panel-last-child\" data-index=\"12\" >\t\t\t<div class=\"textwidget\"><span class=\"texto_center\"><img decoding=\"async\" class=\"bola_naranaja\" src=\"https:\/\/coachingpartner.net\/cp\/wp-content\/uploads\/2015\/08\/bola_naranja_03.png\" width=\"11px\">\n<img decoding=\"async\" class=\"raya\" src=\"https:\/\/coachingpartner.net\/cp\/wp-content\/uploads\/2015\/08\/ralla_pixel_07.png\" height=\"102px\" width=\"9px\">\n<img decoding=\"async\" class=\"bola_naranaja\" src=\"https:\/\/coachingpartner.net\/cp\/wp-content\/uploads\/2015\/08\/bola_naranja_03.png\" width=\"11px\">\n<img decoding=\"async\" class=\"raya\" src=\"https:\/\/coachingpartner.net\/cp\/wp-content\/uploads\/2015\/08\/ralla_pixel_07.png\" height=\"160px\" width=\"9px\">\n<img decoding=\"async\" class=\"bola_naranaja\" src=\"https:\/\/coachingpartner.net\/cp\/wp-content\/uploads\/2015\/08\/bola_naranja_03.png\" width=\"11px\">\n<img decoding=\"async\" class=\"raya\" src=\"https:\/\/coachingpartner.net\/cp\/wp-content\/uploads\/2015\/08\/ralla_pixel_07.png\" height=\"130px\" width=\"9px\">\n<\/span><\/div>\n\t\t<\/div><\/div><div id=\"pgc-2870-10-2\"  class=\"panel-grid-cell\" ><div id=\"panel-2870-10-2-0\" class=\"so-panel widget widget_text panel-first-child panel-last-child\" data-index=\"13\" ><div class=\"panel-widget-style panel-widget-style-for-2870-10-2-0\" >\t\t\t<div class=\"textwidget\"><p class=\"cita_left_green\">Oppn\u00e5 bedre resultater ved \u00e5 jobbe styrkebasert<\/p>\n<p class=\"texto_justificado\">I denne engasjerende workshopen f\u00e5r alle teammedlemmer utforske sine styrker gjennom en kombinasjon av forskningsbaserte verkt\u00f8y og kreative \u00f8velser<\/p><\/div>\n\t\t<\/div><\/div><\/div><\/div><div id=\"pg-2870-11\"  class=\"panel-grid panel-no-style\" ><div id=\"pgc-2870-11-0\"  class=\"panel-grid-cell\" ><div id=\"panel-2870-11-0-0\" class=\"so-panel widget widget_text panel-first-child panel-last-child\" data-index=\"14\" >\t\t\t<div class=\"textwidget\"><center><a class=\"vinculo_center_big_green\" href=\"https:\/\/coachingpartner.net\/cp\/nb\/gratis-teamlederkonsultasjon\/\">Usikker p\u00e5 hvor dere skal starte?<br>Book en gratis Teamlederkonsultasjon med oss!<\/a><\/center>\n<\/div>\n\t\t<\/div><\/div><\/div><div id=\"pg-2870-12\"  class=\"panel-grid panel-no-style\" ><div id=\"pgc-2870-12-0\"  class=\"panel-grid-cell panel-grid-cell-empty\" ><\/div><div id=\"pgc-2870-12-1\"  class=\"panel-grid-cell panel-grid-cell-empty panel-grid-cell-mobile-last\" ><\/div><div id=\"pgc-2870-12-2\"  class=\"panel-grid-cell panel-grid-cell-empty\" ><\/div><\/div><\/div><!-- AddThis Advanced Settings generic via filter on the_content --><!-- AddThis Share Buttons generic via filter on the_content -->","protected":false},"excerpt":{"rendered":"<p>N\u00e5r ulikheter i team ikke forst\u00e5s f\u00f8rer det ofte til misforst\u00e5elser, d\u00e5rlig kommunikasjon og i verste fall konflikter. N\u00e5r teamet forst\u00e5r hver enkelt teammedlems unike lederstil, blir det tydelig hvordan dere kan kommunisere og samarbeide bedre slik at dere kan ha st\u00f8rre innflytelse og oppn\u00e5 mer av det som er viktigst for teamet. &nbsp; \u201cGjennom [&hellip;]<!-- AddThis Advanced Settings generic via filter on get_the_excerpt --><!-- AddThis Share Buttons generic via filter on get_the_excerpt --><\/p>\n","protected":false},"author":1,"featured_media":0,"parent":0,"menu_order":0,"comment_status":"closed","ping_status":"closed","template":"page-templates\/full-width_principal.php","meta":{"_exactmetrics_skip_tracking":false,"_exactmetrics_sitenote_active":false,"_exactmetrics_sitenote_note":"","_exactmetrics_sitenote_category":0,"footnotes":""},"class_list":["post-2870","page","type-page","status-publish","hentry"],"wps_subtitle":"","_links":{"self":[{"href":"https:\/\/coachingpartner.net\/cp\/wp-json\/wp\/v2\/pages\/2870","targetHints":{"allow":["GET"]}}],"collection":[{"href":"https:\/\/coachingpartner.net\/cp\/wp-json\/wp\/v2\/pages"}],"about":[{"href":"https:\/\/coachingpartner.net\/cp\/wp-json\/wp\/v2\/types\/page"}],"author":[{"embeddable":true,"href":"https:\/\/coachingpartner.net\/cp\/wp-json\/wp\/v2\/users\/1"}],"replies":[{"embeddable":true,"href":"https:\/\/coachingpartner.net\/cp\/wp-json\/wp\/v2\/comments?post=2870"}],"version-history":[{"count":7,"href":"https:\/\/coachingpartner.net\/cp\/wp-json\/wp\/v2\/pages\/2870\/revisions"}],"predecessor-version":[{"id":52440,"href":"https:\/\/coachingpartner.net\/cp\/wp-json\/wp\/v2\/pages\/2870\/revisions\/52440"}],"wp:attachment":[{"href":"https:\/\/coachingpartner.net\/cp\/wp-json\/wp\/v2\/media?parent=2870"}],"curies":[{"name":"wp","href":"https:\/\/api.w.org\/{rel}","templated":true}]}}