{"id":2765,"date":"2013-02-15T14:41:35","date_gmt":"2013-02-15T14:41:35","guid":{"rendered":"http:\/\/69.195.124.250\/~coachja3\/?page_id=2765"},"modified":"2026-01-01T22:27:40","modified_gmt":"2026-01-01T22:27:40","slug":"kontakt","status":"publish","type":"page","link":"https:\/\/coachingpartner.net\/cp\/nb\/kontakt\/","title":{"rendered":"Kontakt oss"},"content":{"rendered":"<div id=\"pl-2765\"  class=\"panel-layout\" ><div id=\"pg-2765-0\"  class=\"panel-grid panel-no-style\" ><div id=\"pgc-2765-0-0\"  class=\"panel-grid-cell\" ><div id=\"panel-2765-0-0-0\" class=\"so-panel widget widget_black-studio-tinymce widget_black_studio_tinymce panel-first-child panel-last-child\" data-index=\"0\" ><div class=\"textwidget\"><p class=\"titles_center_orange\">Kontakt oss<\/p>\n<\/div><\/div><\/div><\/div><div id=\"pg-2765-1\"  class=\"panel-grid panel-no-style\" ><div id=\"pgc-2765-1-0\"  class=\"panel-grid-cell\" ><div id=\"panel-2765-1-0-0\" class=\"so-panel widget widget_black-studio-tinymce widget_black_studio_tinymce panel-first-child panel-last-child\" data-index=\"1\" ><div class=\"textwidget\"><p><span class=\"vinculo_left_green\">Epost:<a class=\"vinculo_left_green\" style=\"color: #444;\" href=\"mailto:info@coachingpartner.net\"> info@coachingpartner.net<\/a><\/span><\/p>\n<p><span class=\"vinculo_left_green\">Tel: <span class=\"vinculo_left_green\" style=\"color: #444;\">(+47) 992 38 329<\/span><\/span><\/p>\n<\/div><\/div><\/div><div id=\"pgc-2765-1-1\"  class=\"panel-grid-cell\" ><div id=\"panel-2765-1-1-0\" class=\"so-panel widget widget_black-studio-tinymce widget_black_studio_tinymce panel-first-child panel-last-child\" data-index=\"2\" ><div class=\"textwidget\"><p><\/span><span class=\"vinculo_left_green\" style=\"color: #444;\">\u00d8nsker du mer informasjon om v\u00e5re tjenester?<br \/>\nFyll ut skjemaet nedenfor s\u00e5 tar vi kontakt med deg s\u00e5 snart vi kan.<br \/>\n&nbsp<br \/>\nVed fylle ut skjemaet nedenfor gir du coachingpartner tillatelse til \u00e5 sende deg e-post. Vi tar personvern p\u00e5 alvor. Vennligst se v\u00e5r <a href=\"https:\/\/coachingpartner.net\/cp\/nb\/personvernerklaering-2\/\" style=\"font-size: 20px;\" target=\"_self\">Personvernerkl\u00e6ring<\/a> for mer informasjon.<br \/>\n<\/span><\/p>\n<p><center>\n<div class=\"wpcf7 no-js\" id=\"wpcf7-f6764-o1\" lang=\"en-US\" dir=\"ltr\" data-wpcf7-id=\"6764\">\n<div class=\"screen-reader-response\"><p role=\"status\" aria-live=\"polite\" aria-atomic=\"true\"><\/p> <ul><\/ul><\/div>\n<form action=\"\/cp\/wp-json\/wp\/v2\/pages\/2765#wpcf7-f6764-o1\" method=\"post\" class=\"wpcf7-form init\" aria-label=\"Contact form\" novalidate=\"novalidate\" data-status=\"init\">\n<div style=\"display: none;\">\n<input type=\"hidden\" name=\"_wpcf7\" value=\"6764\" \/>\n<input type=\"hidden\" name=\"_wpcf7_version\" value=\"6.0.6\" \/>\n<input type=\"hidden\" name=\"_wpcf7_locale\" value=\"en_US\" \/>\n<input type=\"hidden\" name=\"_wpcf7_unit_tag\" value=\"wpcf7-f6764-o1\" \/>\n<input type=\"hidden\" name=\"_wpcf7_container_post\" value=\"0\" \/>\n<input type=\"hidden\" name=\"_wpcf7_posted_data_hash\" value=\"\" \/>\n<\/div>\n<div class=\"coso_formularios\">\n\t<p><span class=\"wpcf7-form-control-wrap\" data-name=\"your-name\"><input size=\"40\" maxlength=\"400\" class=\"wpcf7-form-control wpcf7-text wpcf7-validates-as-required\" aria-required=\"true\" aria-invalid=\"false\" placeholder=\"Navn*\" value=\"\" type=\"text\" name=\"your-name\" \/><\/span>\n\t<\/p>\n\t<p><span class=\"wpcf7-form-control-wrap\" data-name=\"your-email\"><input size=\"40\" maxlength=\"400\" class=\"wpcf7-form-control wpcf7-email wpcf7-validates-as-required wpcf7-text wpcf7-validates-as-email\" aria-required=\"true\" aria-invalid=\"false\" placeholder=\"Epost*\" value=\"\" type=\"email\" name=\"your-email\" \/><\/span>\n\t<\/p>\n\t<p><span class=\"wpcf7-form-control-wrap\" data-name=\"tel-666\"><input size=\"40\" maxlength=\"400\" class=\"wpcf7-form-control wpcf7-tel wpcf7-text wpcf7-validates-as-tel\" aria-invalid=\"false\" placeholder=\"Telefon\" value=\"\" type=\"tel\" name=\"tel-666\" \/><\/span>\n\t<\/p>\n\t<p><span class=\"wpcf7-form-control-wrap\" data-name=\"company\"><input size=\"40\" maxlength=\"400\" class=\"wpcf7-form-control wpcf7-text\" aria-invalid=\"false\" placeholder=\"Bedrift\" value=\"\" type=\"text\" name=\"company\" \/><\/span>\n\t<\/p>\n\t<p><span class=\"wpcf7-form-control-wrap\" data-name=\"your-subject\"><input size=\"40\" maxlength=\"400\" class=\"wpcf7-form-control wpcf7-text\" aria-invalid=\"false\" placeholder=\"Tema\" value=\"\" type=\"text\" name=\"your-subject\" \/><\/span>\n\t<\/p>\n\t<p><span class=\"wpcf7-form-control-wrap\" data-name=\"your-message\"><textarea cols=\"40\" rows=\"10\" maxlength=\"2000\" class=\"wpcf7-form-control wpcf7-textarea\" aria-invalid=\"false\" placeholder=\"Din melding*\" name=\"your-message\"><\/textarea><\/span>\n\t<\/p>\n\t<p>Hvor fikk du f\u00f8rst h\u00f8re om oss?<br \/>\n<span class=\"wpcf7-form-control-wrap\" data-name=\"menu-219\"><select class=\"wpcf7-form-control wpcf7-select wpcf7-validates-as-required\" aria-required=\"true\" aria-invalid=\"false\" name=\"menu-219\"><option value=\"\">&#8212;Please choose an option&#8212;<\/option><option value=\"Hjemmesiden v\u00e5r\">Hjemmesiden v\u00e5r<\/option><option value=\"Google\">Google<\/option><option value=\"Nyhetsbrev\">Nyhetsbrev<\/option><option value=\"Linkedin\">Linkedin<\/option><option value=\"Twitter\">Twitter<\/option><option value=\"Instagram\">Instagram<\/option><option value=\"Anbefalt av en venn\">Anbefalt av en venn<\/option><option value=\"Annet\">Annet<\/option><\/select><\/span>\n\t<\/p>\n\t<p style=\"tet-align:left !important\"><input type=\"hidden\" name=\"_wpcf7_captcha_challenge_captcha-723\" value=\"3300525295\" \/><img decoding=\"async\" class=\"wpcf7-form-control wpcf7-captchac wpcf7-captcha-captcha-723\" width=\"72\" height=\"24\" alt=\"captcha\" src=\"https:\/\/coachingpartner.net\/cp\/wp-content\/uploads\/wpcf7_captcha\/3300525295.png\" \/>\n\t<\/p>\n\t<p><span class=\"wpcf7-form-control-wrap\" data-name=\"captcha-723\"><input size=\"40\" class=\"wpcf7-form-control wpcf7-captchar\" autocomplete=\"off\" aria-invalid=\"false\" placeholder=\"Vennligst fyll inn teksten du ser ovenfor*\" value=\"\" type=\"text\" name=\"captcha-723\" \/><\/span>\n\t<\/p>\n\t<center>\n\t\t<p><span><input class=\"wpcf7-form-control wpcf7-submit has-spinner\" type=\"submit\" value=\"Send\" \/><\/span>\n\t\t<\/p>\n\t<\/center>\n\t<left>\n\t\t<p><span class=\"vinculo_left_green\" style=\"font-size:13px\">*Felter som m\u00e5 fylles ut<\/span>\n\t\t<\/p>\n\t<\/left>\n<\/div><div class=\"wpcf7-response-output\" aria-hidden=\"true\"><\/div>\n<\/form>\n<\/div>\n<\/center><\/p>\n<\/div><\/div><\/div><\/div><\/div>","protected":false},"excerpt":{"rendered":"<p>Kontakt oss Epost: info@coachingpartner.net Tel: (+47) 992 38 329 \u00d8nsker du mer informasjon om v\u00e5re tjenester? Fyll ut skjemaet nedenfor s\u00e5 tar vi kontakt med deg s\u00e5 snart vi kan. &#038;nbsp Ved fylle ut skjemaet nedenfor gir du coachingpartner tillatelse til \u00e5 sende deg e-post. Vi tar personvern p\u00e5 alvor. Vennligst se v\u00e5r Personvernerkl\u00e6ring for [&hellip;]<\/p>\n","protected":false},"author":1,"featured_media":0,"parent":0,"menu_order":0,"comment_status":"closed","ping_status":"closed","template":"page-templates\/full-width.php","meta":{"_exactmetrics_skip_tracking":false,"_exactmetrics_sitenote_active":false,"_exactmetrics_sitenote_note":"","_exactmetrics_sitenote_category":0,"footnotes":""},"class_list":["post-2765","page","type-page","status-publish","hentry"],"wps_subtitle":"","_links":{"self":[{"href":"https:\/\/coachingpartner.net\/cp\/wp-json\/wp\/v2\/pages\/2765","targetHints":{"allow":["GET"]}}],"collection":[{"href":"https:\/\/coachingpartner.net\/cp\/wp-json\/wp\/v2\/pages"}],"about":[{"href":"https:\/\/coachingpartner.net\/cp\/wp-json\/wp\/v2\/types\/page"}],"author":[{"embeddable":true,"href":"https:\/\/coachingpartner.net\/cp\/wp-json\/wp\/v2\/users\/1"}],"replies":[{"embeddable":true,"href":"https:\/\/coachingpartner.net\/cp\/wp-json\/wp\/v2\/comments?post=2765"}],"version-history":[{"count":7,"href":"https:\/\/coachingpartner.net\/cp\/wp-json\/wp\/v2\/pages\/2765\/revisions"}],"predecessor-version":[{"id":53625,"href":"https:\/\/coachingpartner.net\/cp\/wp-json\/wp\/v2\/pages\/2765\/revisions\/53625"}],"wp:attachment":[{"href":"https:\/\/coachingpartner.net\/cp\/wp-json\/wp\/v2\/media?parent=2765"}],"curies":[{"name":"wp","href":"https:\/\/api.w.org\/{rel}","templated":true}]}}