{"id":10316,"date":"2018-05-17T12:05:11","date_gmt":"2018-05-17T11:05:11","guid":{"rendered":"http:\/\/coachingpartner.net\/cp\/?page_id=10316"},"modified":"2018-05-17T12:15:11","modified_gmt":"2018-05-17T11:15:11","slug":"personvernerklaering-2","status":"publish","type":"page","link":"https:\/\/coachingpartner.net\/cp\/nb\/personvernerklaering-2\/","title":{"rendered":"PERSONVERNERKL\u00c6RING"},"content":{"rendered":"<div id=\"pl-10316\"  class=\"panel-layout\" ><div id=\"pg-10316-0\"  class=\"panel-grid panel-no-style\" ><div id=\"pgc-10316-0-0\"  class=\"panel-grid-cell panel-grid-cell-empty\" ><\/div><div id=\"pgc-10316-0-1\"  class=\"panel-grid-cell panel-grid-cell-mobile-last\" ><div id=\"panel-10316-0-1-0\" class=\"so-panel widget widget_black-studio-tinymce widget_black_studio_tinymce panel-first-child\" data-index=\"0\" ><div class=\"textwidget\"><p class=\"titles_center_orange\">COACHINGPARTNER PERSONVERNERKL\u00c6RING<\/p>\n<p class=\"titles_center_orange\">(inkludert vilk\u00e5r og betingelser)<\/p>\n<\/div><\/div><div id=\"panel-10316-0-1-1\" class=\"so-panel widget widget_black-studio-tinymce widget_black_studio_tinymce panel-last-child\" data-index=\"1\" ><div class=\"textwidget\"><p><span style=\"font-weight: 400;\">Denne personvernerkl\u00e6ringen beskriver Coachingpartner Ltds praksis for informasjonsinnsamling og bruk av innsamlet informasjon. Denne personvernerkl\u00e6ringen referer til Coachingpartner som \u201cvi\u201d, \u201coss\u201d eller \u201cv\u00e5r\/v\u00e5re\u201d og refererer til leseren som \u201cdu\/deg\u201d eller \u201cbruker\u201d. Om du bruker v\u00e5r hjemmeside, coachingpartner.net, og\/eller noen av v\u00e5re produkter eller tjenester som er relatert til denne Personvernerkl\u00e6ringen (\u201cTjenester\/Tjenestene\u201d), samtykker du til v\u00e5r innsamling og bruk av din informasjon slik det er beskrevet i denne Personvernerkl\u00e6ringen, inkludert at informasjon kan overf\u00f8res til eller lagres utenfor Norge. <\/span><\/p>\n<p><strong>OM DU IKKE ER ENIG I DENNE PERSONVERNERKL\u00c6RINGEN, VENNLIGST IKKE BRUK V\u00c5RE TJENESTER.<\/strong><\/p>\n<p>Denne personvernerkl\u00e6ringen forklarer:<\/p>\n<ol>\n<li>Informasjonen vi samler inn<\/li>\n<li>Hvordan vi bruker informasjonen vi samler inn og hvordan vi samler inn denne informasjonen<\/li>\n<li>Hvordan vi deler informasjon<\/li>\n<li>Online analyser<\/li>\n<li>Data lagring, tilgang til din informasjon og sletting av din informasjon<\/li>\n<li>E-post og direktemarkedsf\u00f8ringsvalg<\/li>\n<li>Hvordan vi beskytter din informasjon<\/li>\n<li>Linker til tredjeparts hjemmesider og tjenester<\/li>\n<li>Endringer p\u00e5 denne Personvernerkl\u00e6ringen<\/li>\n<li>Hvordan kontakte oss<\/li>\n<\/ol>\n<p class=\"cita_left_green\">1-Informasjonen vi samler inn<\/p>\n<p>For \u00e5 tilby Tjenester trenger vi \u00e5 vite enkelte typer informasjon om deg. Hvilken type informasjon vi samler inn avhenger av hvordan du bruker Tjenestene.<br \/>\nFlere kategorier av informasjon blir innsamlet fra deg, slik som beskrevet nedenfor.<\/p>\n<p><strong>A-Informasjon gitt av deg<\/strong><\/p>\n<p>Informasjon du kan gi til oss inkluderer men er ikke begrenset til::<\/p>\n<ul>\n<li>navn<\/li>\n<li>e-post adresse<\/li>\n<li>fakturainformasjon<\/li>\n<li>selskapsnavn\/navn p\u00e5 bedrift<\/li>\n<li>telefonnummer<\/li>\n<li>signatur<\/li>\n<li>bilde<\/li>\n<\/ul>\n<p>For eksempel, kan vi samle inn informasjon n\u00e5r du:<\/p>\n<ul>\n<li>Fyller ut et online skjema<\/li>\n<li>Melder deg p\u00e5 v\u00e5rt nyhetsbrev<\/li>\n<li>Kontakter oss direkte via e-post eller via hjemmesiden<\/li>\n<li>Melder deg p\u00e5 en av v\u00e5re online tjenester<\/li>\n<li>Gir oss en referanse<\/li>\n<\/ul>\n<p>Du kan ogs\u00e5 velge \u00e5 gi f\u00f8lgende informasjon:<\/p>\n<ul>\n<li><strong>Sosiale Mediers kontoinformasjon<\/strong>: N\u00e5r du bruker en konto tilknyttet et sosiale medier, gir du oss din bruker ID tilknyttet en eller flere av dine kontoer som er tilknyttet de sosiale medier (for eksempel Facebook, Twitter, Instagram, Linkedin) som du bruker. Om du registrerer deg eller p\u00e5 andre m\u00e5ter tilknytter deg v\u00e5re Tjenester via sosiale medier, gir du oss autorisasjon til \u00e5 samle, lagre og bruke i tr\u00e5d med denne Personvernerkl\u00e6ringen de data som er tilgjengelig for oss via brukergrensesnittet for sosiale medier, inkludert og uten begrensninger informasjon som du kan ha gjort offentlig tilgjengelig tilknyttet dine sosiale medier kontoer, informasjon som sosiale medier deler med oss eller informasjon som blir delt gjennom registreringsprosessen. VENNLIGST sjekk dine sosiale medier ansvarlige\/tilbydere om deres personvernerkl\u00e6ringer for mer informasjon om hvordan de deler informasjon n\u00e5r du \u00e5 oppretter din konto hos dem.<\/li>\n<li><strong>Brukergenerert innhold<\/strong>: Dersom du velger \u00e5 kommentere p\u00e5 v\u00e5re blogger eller i noen av v\u00e5re forum eller p\u00e5 andre m\u00e5ter valgfritt deler informasjon, gir du oss denne informasjonen og den kan bli tilgjengelig for andre brukere og den kan ogs\u00e5 bli offentlig tilgjengelig. Dette betyr at den kan bli lest, samlet inn og brukt av andre brukere uten kjennskap, inkludert at de kan sende uoppfordret kommunikasjon.<\/li>\n<\/ul>\n<p><strong>B-Informasjon som blir automatisk samlet inn<\/strong><\/p>\n<p>Vi kan komme til \u00e5 automatisk samle inn enkelte type informasjon knyttet til bruk av v\u00e5re Tjenester.<\/p>\n<p>IT enheter og brukerinformasjon: Vi kan komme til \u00e5 samle inn informasjon om (i) PC og andre IT enheter (inkluderte mobile enheter) du bruker for \u00e5 ha tilgang til v\u00e5re Tjenester; og (ii) hvordan du bruker Tjenestene v\u00e5re, som for eksempel din IP adresse. En IP adresse kan avdekke en nettbrukers lokasjon.<\/p>\n<p>Som beskrevet nedenfor, kan vi komme til \u00e5 bruke tredjeparts analyse (\u201dthird-party analytics\u201d) tilbydere og teknologier, inkludert informasjonskapsler eller \u201ccookies\u201d eller lignende verkt\u00f8y for \u00e5 assistere innsamlingen av denne typen informasjon.<\/p>\n<p><strong>Informasjonskapsler eller \u201ccookies\u201d og relaterte teknologier:<\/strong> Vi bruker \u201ccookies\u201d og andre sporingsteknologier for ulike typer form\u00e5l. Teknologiene vi kan komme til \u00e5 bruke inkluderer, men er ikke begrenset til (i) nettlesers informasjonskapsler eller \u201ccookies\u201d; (ii) \u201ctracking pixels\u201d.<\/p>\n<p>\u201cCookies\u201d er en standard teknologi som brukes i kommersielle webtjenester for \u00e5 lagre sm\u00e5 mengder informasjon p\u00e5 din harddisk ved \u00e5 sende en liten tekst til din nettleser. \u201cCookies\u201d eller informasjonskapsler bidrar til at du kan bruke v\u00e5r hjemmeside p\u00e5 en mer tilfredsstillende og effektiv m\u00e5te, for eksempel ved \u00e5 gj\u00f8re brukergrensesnittet p\u00e5 hjemmesiden mer \u201cpersonlig\u201d for deg og identifisere hvilke deler av siden du tidligere har bes\u00f8kt.<\/p>\n<p>De fleste nettlesere aksepterer automatisk \u201ccookies\u201d med mindre du har konfigurert din nettleser til \u00e5 ikke akseptere dem. For at vi skal kunne tilby deg v\u00e5re tjenester p\u00e5 nett, m\u00e5 din nettleser akseptere cookies, da disse er essensielle for hjemmesideadministrasjon og sikkerhet. Vi bruker ogs\u00e5 cookies for \u00e5 skreddersy informasjonen du mottar og for andre form\u00e5l.<\/p>\n<p class=\"cita_left_green\">2-Hvordan vi bruker informasjonen vi samler inn og hvordan vi samler inn denne informasjonen<\/p>\n<p>Vi bruker informasjonen vi samler inn for \u00e5 tilby og administrere Tjenestene. Mer spesifikt kan vi komme til \u00e5 bruke informasjonen vi samler inn for \u00e5:<\/p>\n<ul>\n<li>Tilby deg de tjenester og produkter du har etterspurt<\/li>\n<li>Gj\u00f8re deg oppmerksom p\u00e5 nye kurs og spesielle arrangementer<\/li>\n<li>Tilby deg nyhetsbrev og markedskommunikasjon om v\u00e5re produkter og tjenester<\/li>\n<li>Generere og gjennomg\u00e5 data og rapporter som beskriver v\u00e5r brukerdatabase og brukertrender<\/li>\n<li>Analysere presisjon, effektivitet, brukervennlighet og populariteten til Tjenestene og gjennomf\u00f8re forskning<\/li>\n<li>Bekrefte din identitet og forhindre bedrageri<\/li>\n<li>L\u00f8se tvister og feils\u00f8ke Tjenestene<\/li>\n<\/ul>\n<p>Vi kan komme til \u00e5 kombinere informasjon som vi samler inn eller mottar via Tjenestene med informasjon som vi samler inn fra andre kilder og bruke denne som beskrevet i denne Personvernerkl\u00e6ringen.<\/p>\n<p class=\"cita_left_green\">3-Hvordan vi deler informasjon<\/p>\n<p>Vi leier ikke ut, selger eller deler informasjon med tredjepersoner eller tredjeparter unntatt slik det er beskrevet i denne Personvernerkl\u00e6ringen.<\/p>\n<ul>\n<li><strong>Sosiale mediers tjenester<\/strong>.\u00a0Dersom du tilknytter deg til en tredjeparts tjenester (som for eksempel Facebook eller Twitter) via et ikon eller en link tilknyttet v\u00e5re Tjenester, kan vi komme til \u00e5 dele innholdet i ditt innlegg samt tilknyttet informasjon (som for eksempel brukernavn, informasjon om at din tilknytning opprinnelig kom fra v\u00e5re Tjenester, og annen relevant brukerinformasjon og diagnostisk informasjon) med slike tredjeparter. N\u00e5r slik informasjon blir delt blir bruken av din informasjon underlagt denne tjenestens personvernerkl\u00e6ring og v\u00e5r Personvernerkl\u00e6ring vil da ikke gjelde.<\/li>\n<li><strong>Samtykke<\/strong>.\u00a0Vi kan komme til \u00e5 dele din informasjon p\u00e5 andre m\u00e5ter og for nye form\u00e5l hvis du har bedt oss om \u00e5 gj\u00f8re det eller har samtykket til denne typen informasjonsdeling. For eksempel deler vi kundereferanser tilknyttet v\u00e5re Tjenester som kan identifisere deg, n\u00e5r du har gitt oss samtykke til deling av denne.<\/li>\n<\/ul>\n<p class=\"cita_left_green\">4-Online analyser<\/p>\n<p>Vi kan komme til \u00e5 bruke tredjeparts webanalysetjenester tilknyttet v\u00e5re Tjenester, som for eksempel Google Analytics. Denne leverand\u00f8ren bruker \u201ccookie\u201d-relaterte teknologier (beskrevet i \u201cInformasjon som blir automatisk samlet inn\u201d ovenfor) for \u00e5 hjelpe oss \u00e5 analysere hvordan brukere av Tjenestene og dette inkluderer informasjon om hvilken tredjeparts hjemmeside du kommer fra. Informasjonen som blir samlet inn blir delt med eller samlet inn direkte av disse tjenestetilbyderne, som bruker denne informasjonen til \u00e5 analysere din bruk av Tjenestene. For \u00e5 hinder Google Analytics fra innhente din informasjon til analyseform\u00e5l kan du installere \u201cGoogle Analytics Opt-Out Browser\u201d ved \u00e5 klikke her.<\/p>\n<p class=\"cita_left_green\">5-Data lagring, tilgang til din informasjon og sletting av din informasjon<\/p>\n<p>Vi vil lagre din informasjon slik vi ser det n\u00f8dvendig til bruk relatert til lovlige bedriftsform\u00e5l.<br \/>\nDu kan be om \u00e5 gjennomg\u00e5, endre eller slette din informasjon n\u00e5r du \u00f8nsker det ved \u00e5 bruke kontaktinformasjonen du finner del 10. Vi vil gj\u00f8re n\u00f8dvendige grep for \u00e5 la deg endre eller slette informasjon som ikke stemmer, er un\u00f8yaktig eller ufullstendig, i samsvar med gjeldende lover.<\/p>\n<p class=\"cita_left_green\">6-E-post og direktemarkedsf\u00f8ringsvalg<\/p>\n<p>For \u00e5 etterkomme europeiske lover tilbyr vi et p\u00e5meldingsalternativ (opt-in) n\u00e5r du melder deg p\u00e5 v\u00e5re nyhetsbrev eller andre online Tjenester.<br \/>\nDu kan melde deg av (opt-out) v\u00e5re tjenester ved \u00e5 kontakte oss via e-posten oppgitt i del 10.<\/p>\n<p class=\"cita_left_green\">7-Hvordan vi beskytter din informasjon<\/p>\n<p>Vi anvender fysiske, elektroniske prosedyrer samt og ledelsesprosedyrer for \u00e5 ivareta og unng\u00e5 uautorisert tilgang til din informasjon. Vi velger disse prosedyrene basert p\u00e5 sensitiviteten til informasjonen vi samler inn, prosesserer og lagrer og samt basert p\u00e5 n\u00e5v\u00e6rende tilgjengelig teknologi. Selv om vi gj\u00f8r tiltak for \u00e5 beskytte mot uautorisert deling eller tilgang til informasjon, er ikke internett og Tjenestene 100% sikre, s\u00e5 vi kan ikke forsikre deg om at informasjonen vi samler inn eller lagrer blir beskyttet fra all uautorisert tilgang og dermed brukt p\u00e5 en m\u00e5te som ikke i samsvar med denne Personvernerkl\u00e6ringen.<\/p>\n<p class=\"cita_left_green\">8-Linker til tredjeparts hjemmesider og tjenester<\/p>\n<p>V\u00e5re Tjenester kan inneholde linker til tredjeparts hjemmesider eller applikasjoner. Din bruk av en tredjeparts hjemmeside eller applikasjon kan f\u00f8re til innsamling, prosessering og deling av informasjon om deg, avhengig av hjemmesiden eller applikasjonen. Vi er ikke ansvarlige for innhold eller personvernstandarder hos andre hjemmesider eller tjenester som er linket til v\u00e5re tjenester. Vi p\u00e5tegner oss ikke ansvar for eller representerer tredjeparts hjemmesider eller tjenester. Informasjonen du velger \u00e5 dele med, eller som er samlet inn fra disse tredjepartene er ikke dekket av v\u00e5r Personvernerkl\u00e6ring. Vi anbefaler p\u00e5 det sterkeste at du leser slike tredjeparters egne personvernerkl\u00e6ringer.<\/p>\n<p class=\"cita_left_green\">9-Endringer p\u00e5 denne Personvernerkl\u00e6ringen<\/p>\n<p>Vi forbeholder oss retten til \u00e5 endre denne Personvernerkl\u00e6ringen fra tid til annen for \u00e5 tilpasse til endringer i lover, v\u00e5r egen datainnsamling og praksis for bruk av data, egenskaper ved v\u00e5re Tjenester eller utvikling i teknologi. Vennligst sjekk denne siden med jevne mellomrom for oppdateringer. V\u00e5r bruk av informasjonen vi samler inn er underlagt Personvernerkl\u00e6ringen som er gjeldende p\u00e5 det tidspunktet denne informasjonen blir benyttet. Dersom vi gj\u00f8r endringer p\u00e5 denne Personvernerkl\u00e6ringen vil vi tydeliggj\u00f8re disse endringene her og kan ogs\u00e5 komme til \u00e5 gj\u00f8re deg oppmerksom p\u00e5 endringene per e-post eller via andre m\u00e5ter \u00e5 kommunisere endringene f\u00f8r de trer i kraft. Vennligst gjennomg\u00e5 nye endringer n\u00f8ye. Din fortsatt bruk av v\u00e5re Tjenester etter at vi har oppdatert med nye endringer til denne Personvernerkl\u00e6ringen betyr at du samtykker til og aksepter disse endringene.<\/p>\n<p class=\"cita_left_green\">10-Hvordan kontakt oss<\/p>\n<p>Om du har sp\u00f8rsm\u00e5l eller forslag relatert til v\u00e5r Personvernerkl\u00e6ring,<br \/>\nkan du kontakte oss ved \u00e5 sende en mail til <a href=\"mailto:info@coachingpartner.net\">info@coachingpartner.net<\/a><\/p>\n<\/div><\/div><\/div><div id=\"pgc-10316-0-2\"  class=\"panel-grid-cell panel-grid-cell-empty\" ><\/div><\/div><\/div><!-- AddThis Advanced Settings generic via filter on the_content --><!-- AddThis Share Buttons generic via filter on the_content -->","protected":false},"excerpt":{"rendered":"<p>COACHINGPARTNER PERSONVERNERKL\u00c6RING (inkludert vilk\u00e5r og betingelser) Denne personvernerkl\u00e6ringen beskriver Coachingpartner Ltds praksis for informasjonsinnsamling og bruk av innsamlet informasjon. Denne personvernerkl\u00e6ringen referer til Coachingpartner som \u201cvi\u201d, \u201coss\u201d eller \u201cv\u00e5r\/v\u00e5re\u201d og refererer til leseren som \u201cdu\/deg\u201d eller \u201cbruker\u201d. Om du bruker v\u00e5r hjemmeside, coachingpartner.net, og\/eller noen av v\u00e5re produkter eller tjenester som er relatert til denne [&hellip;]<!-- AddThis Advanced Settings generic via filter on get_the_excerpt --><!-- AddThis Share Buttons generic via filter on get_the_excerpt --><\/p>\n","protected":false},"author":1,"featured_media":0,"parent":0,"menu_order":0,"comment_status":"closed","ping_status":"closed","template":"page-templates\/full-width.php","meta":{"_exactmetrics_skip_tracking":false,"_exactmetrics_sitenote_active":false,"_exactmetrics_sitenote_note":"","_exactmetrics_sitenote_category":0,"footnotes":""},"class_list":["post-10316","page","type-page","status-publish","hentry"],"wps_subtitle":"","_links":{"self":[{"href":"https:\/\/coachingpartner.net\/cp\/wp-json\/wp\/v2\/pages\/10316","targetHints":{"allow":["GET"]}}],"collection":[{"href":"https:\/\/coachingpartner.net\/cp\/wp-json\/wp\/v2\/pages"}],"about":[{"href":"https:\/\/coachingpartner.net\/cp\/wp-json\/wp\/v2\/types\/page"}],"author":[{"embeddable":true,"href":"https:\/\/coachingpartner.net\/cp\/wp-json\/wp\/v2\/users\/1"}],"replies":[{"embeddable":true,"href":"https:\/\/coachingpartner.net\/cp\/wp-json\/wp\/v2\/comments?post=10316"}],"version-history":[{"count":4,"href":"https:\/\/coachingpartner.net\/cp\/wp-json\/wp\/v2\/pages\/10316\/revisions"}],"predecessor-version":[{"id":10327,"href":"https:\/\/coachingpartner.net\/cp\/wp-json\/wp\/v2\/pages\/10316\/revisions\/10327"}],"wp:attachment":[{"href":"https:\/\/coachingpartner.net\/cp\/wp-json\/wp\/v2\/media?parent=10316"}],"curies":[{"name":"wp","href":"https:\/\/api.w.org\/{rel}","templated":true}]}}